{"id":369461,"date":"2026-04-15T12:32:58","date_gmt":"2026-04-15T10:32:58","guid":{"rendered":"https:\/\/medivon.net\/produkt\/anti-cellulitis-massageapparaat-medivon-celestine\/"},"modified":"2026-04-28T12:22:39","modified_gmt":"2026-04-28T10:22:39","slug":"anti-cellulitis-massageapparaat-medivon-celestine","status":"publish","type":"product","link":"https:\/\/medivon.net\/nl\/produkt\/anti-cellulitis-massageapparaat-medivon-celestine\/","title":{"rendered":"Anti-cellulitis massageapparaat MEDIVON Celestine"},"content":{"rendered":"\n\t<section class=\"section\" id=\"section_993102025\">\n\t\t<div class=\"section-bg fill\" >\n\t\t\t\t\t\t\t\t\t\n\t\t\t\n\n\t\t<\/div>\n\n\t\t\n\n\t\t<div class=\"section-content relative\">\n\t\t\t\n<div class=\"row\"  id=\"row-227365322\">\n\n\t<div id=\"col-702951025\" class=\"col small-12 large-12\"  >\n\t\t\t\t<div class=\"col-inner\"  >\n\t\t\t\n\t\t\t\n<div class=\"video video-fit mb\" style=\"padding-top:56.25%;\"><p><iframe loading=\"lazy\" title=\"Medivon Celestine - Vakuum-Massageger\u00e4t mit 12 Intensit\u00e4tsstufen | W\u00e4rmefunktion, Beauty-Licht\" width=\"1020\" height=\"574\" src=\"https:\/\/www.youtube.com\/embed\/on-5ilub_oc?feature=oembed\" frameborder=\"0\" allow=\"accelerometer; autoplay; clipboard-write; encrypted-media; gyroscope; picture-in-picture; web-share\" referrerpolicy=\"strict-origin-when-cross-origin\" allowfullscreen><\/iframe><\/p>\n<\/div>\n\t\t<\/div>\n\t\t\t\t\t<\/div>\n\n\t\n\n\t<div id=\"col-624413151\" class=\"col small-12 large-12\"  >\n\t\t\t\t<div class=\"col-inner\"  >\n\t\t\t\n\t\t\t\n\n  <div class=\"banner has-hover\" id=\"banner-836925562\">\n          <div class=\"banner-inner fill\">\n        <div class=\"banner-bg fill\" >\n            <img loading=\"lazy\" decoding=\"async\" width=\"2133\" height=\"776\" src=\"https:\/\/medivon.net\/wp-content\/uploads\/2026\/04\/celestine-opis-5-2.jpg\" class=\"bg attachment-original size-original\" alt=\"\" \/>                                    \n                    <\/div>\n\t\t\n        <div class=\"banner-layers container\">\n            <div class=\"fill banner-link\"><\/div>            \n   <div id=\"text-box-1125630393\" class=\"text-box banner-layer x5 md-x5 lg-x5 y80 md-y80 lg-y80 res-text\">\n                                <div class=\"text-box-content text \">\n              \n              <div class=\"text-inner text-center\">\n                  \n<p><span style=\"color: #ffffff;\"><strong><span style=\"font-size: 200%;\">Medivon Celestine<\/span><\/strong><\/span><\/p>\n              <\/div>\n           <\/div>\n                            \n<style>\n#text-box-1125630393 {\n  width: 60%;\n}\n#text-box-1125630393 .text-box-content {\n  font-size: 100%;\n}\n<\/style>\n    <\/div>\n \n        <\/div>\n      <\/div>\n\n            \n<style>\n#banner-836925562 {\n  padding-top: 182px;\n}\n@media (min-width:550px) {\n  #banner-836925562 {\n    padding-top: 500px;\n  }\n}\n<\/style>\n  <\/div>\n\n\n\t\t<\/div>\n\t\t\t\t\t<\/div>\n\n\t\n\n\t<div id=\"col-508479232\" class=\"col small-12 large-12\"  >\n\t\t\t\t<div class=\"col-inner\"  >\n\t\t\t\n\t\t\t\n<p><strong><span style=\"font-size: 140%;\">Twee massagemodi met DualComfort Mode\u2122 <\/span><\/strong><\/p>\n<p>Het apparaat biedt twee werkingsmodi en maar liefst twaalf intensiteitsniveaus, zodat de kracht van de behandeling kan worden aangepast aan de eigen voorkeuren. De gebruiker kan kiezen tussen een zachte, drainerende massage of een intensieve, figuurvormende behandeling. Dit brede instelbereik zorgt ervoor dat het apparaat eenvoudig kan worden afgestemd op verschillende behoeften en de gevoeligheid van de huid.<\/p>\n\t\t<\/div>\n\t\t\t\t\t<\/div>\n\n\t\n\n\t<div id=\"col-2032864932\" class=\"col small-12 large-12\"  >\n\t\t\t\t<div class=\"col-inner\"  >\n\t\t\t\n\t\t\t\n\n  <div class=\"banner has-hover\" id=\"banner-146848833\">\n          <div class=\"banner-inner fill\">\n        <div class=\"banner-bg fill\" >\n            <img loading=\"lazy\" decoding=\"async\" width=\"2133\" height=\"776\" src=\"https:\/\/medivon.net\/wp-content\/uploads\/2026\/04\/celestine-opis-1-1.jpg\" class=\"bg attachment-original size-original\" alt=\"\" \/>                                    \n                    <\/div>\n\t\t\n        <div class=\"banner-layers container\">\n            <div class=\"fill banner-link\"><\/div>            \n        <\/div>\n      <\/div>\n\n            \n<style>\n#banner-146848833 {\n  padding-top: 132px;\n}\n@media (min-width:550px) {\n  #banner-146848833 {\n    padding-top: 500px;\n  }\n}\n<\/style>\n  <\/div>\n\n\n\t\t<\/div>\n\t\t\t\t\t<\/div>\n\n\t\n\n\t<div id=\"col-624259803\" class=\"col small-12 large-12\"  >\n\t\t\t\t<div class=\"col-inner\"  >\n\t\t\t\n\t\t\t\n<p><strong><span style=\"font-size: 140%;\">Veelzijdige toepassing met BodyContour Cup System\u2122<\/span><\/strong><\/p>\n<p>Het BodyContour Cup System\u2122 met 6 cupping-opzetstukken in verschillende maten maakt het eenvoudiger om de massage individueel aan te passen. De elektrische cupping-opzetstukken van Celestine zijn geschikt voor gebruik op verschillende lichaamszones &#8211; schouders, nek, rug, buik, billen en benen. De vacu\u00fcmfunctie, waarbij de huid wordt aangezogen, ondersteunt de microcirculatie en kan helpen om het weefsel losser te maken. Zo vormt de massage een praktische aanvulling op de dagelijkse routine voor meer welzijn.<\/p>\n\t\t<\/div>\n\t\t\t\t\t<\/div>\n\n\t\n\n\t<div id=\"col-15856085\" class=\"col small-12 large-12\"  >\n\t\t\t\t<div class=\"col-inner\"  >\n\t\t\t\n\t\t\t\n\n  <div class=\"banner has-hover\" id=\"banner-1983908415\">\n          <div class=\"banner-inner fill\">\n        <div class=\"banner-bg fill\" >\n            <img loading=\"lazy\" decoding=\"async\" width=\"2133\" height=\"776\" src=\"https:\/\/medivon.net\/wp-content\/uploads\/2026\/04\/celestine-opis-2.jpg\" class=\"bg attachment-original size-original\" alt=\"\" \/>                                    \n                    <\/div>\n\t\t\n        <div class=\"banner-layers container\">\n            <div class=\"fill banner-link\"><\/div>            \n        <\/div>\n      <\/div>\n\n            \n<style>\n#banner-1983908415 {\n  padding-top: 130px;\n}\n@media (min-width:550px) {\n  #banner-1983908415 {\n    padding-top: 500px;\n  }\n}\n<\/style>\n  <\/div>\n\n\n\t\t<\/div>\n\t\t\t\t\t<\/div>\n\n\t\n\n\t<div id=\"col-906040706\" class=\"col small-12 large-12\"  >\n\t\t\t\t<div class=\"col-inner\"  >\n\t\t\t\n\t\t\t\n<p><strong><span style=\"font-size: 140%;\">Doordachte constructie<\/span><\/strong><\/p>\n<p>Elke set bevat zes cupping-opzetstukken in verschillende maten, een beschermhoes en een USB-A\/USB-C-kabel. De behuizing van robuust ABS-kunststof is duurzaam en eenvoudig schoon te maken. Het LCD-display en de timerfunctie zorgen voor een intu\u00eftieve bediening en betere controle over het verloop van de massage.<\/p>\n\t\t<\/div>\n\t\t\t\t\t<\/div>\n\n\t\n\n\t<div id=\"col-1453136598\" class=\"col small-12 large-12\"  >\n\t\t\t\t<div class=\"col-inner\"  >\n\t\t\t\n\t\t\t\n\n  <div class=\"banner has-hover\" id=\"banner-329178529\">\n          <div class=\"banner-inner fill\">\n        <div class=\"banner-bg fill\" >\n            <img loading=\"lazy\" decoding=\"async\" width=\"2133\" height=\"776\" src=\"https:\/\/medivon.net\/wp-content\/uploads\/2026\/04\/celestine-opis-3.jpg\" class=\"bg attachment-original size-original\" alt=\"\" \/>                                    \n                    <\/div>\n\t\t\n        <div class=\"banner-layers container\">\n            <div class=\"fill banner-link\"><\/div>            \n        <\/div>\n      <\/div>\n\n            \n<style>\n#banner-329178529 {\n  padding-top: 129px;\n}\n@media (min-width:550px) {\n  #banner-329178529 {\n    padding-top: 500px;\n  }\n}\n<\/style>\n  <\/div>\n\n\n\t\t<\/div>\n\t\t\t\t\t<\/div>\n\n\t\n\n\t<div id=\"col-1877968274\" class=\"col small-12 large-12\"  >\n\t\t\t\t<div class=\"col-inner\"  >\n\t\t\t\n\t\t\t\n<p><strong><span style=\"font-size: 140%;\">Esthetiek en functionaliteit<\/span><\/strong><\/p>\n<p>Het model Celestine onderscheidt zich door zijn donkerblauw-gouden afwerking, die het esthetische karakter benadrukt. De krachtige 1800 mAh-accu zorgt voor een lange gebruiksduur zonder vaak opladen, en de USB-C-aansluiting maakt opladen via vrijwel elke stroombron eenvoudig. Het is een elegant en functioneel apparaat dat op natuurlijke wijze past binnen de dagelijkse lichaamsverzorging.<\/p>\n\t\t<\/div>\n\t\t\t\t\t<\/div>\n\n\t\n\n\t<div id=\"col-1843245815\" class=\"col small-12 large-12\"  >\n\t\t\t\t<div class=\"col-inner\"  >\n\t\t\t\n\t\t\t\n\n  <div class=\"banner has-hover\" id=\"banner-1341027214\">\n          <div class=\"banner-inner fill\">\n        <div class=\"banner-bg fill\" >\n            <img loading=\"lazy\" decoding=\"async\" width=\"2133\" height=\"776\" src=\"https:\/\/medivon.net\/wp-content\/uploads\/2026\/04\/celestine-opis-4.jpg\" class=\"bg attachment-original size-original\" alt=\"\" \/>                                    \n                    <\/div>\n\t\t\n        <div class=\"banner-layers container\">\n            <div class=\"fill banner-link\"><\/div>            \n        <\/div>\n      <\/div>\n\n            \n<style>\n#banner-1341027214 {\n  padding-top: 125px;\n}\n@media (min-width:550px) {\n  #banner-1341027214 {\n    padding-top: 500px;\n  }\n}\n<\/style>\n  <\/div>\n\n\n\t\t<\/div>\n\t\t\t\t\t<\/div>\n\n\t\n<\/div>\n\t\t<\/div>\n\n\t\t\n<style>\n#section_993102025 {\n  padding-top: 30px;\n  padding-bottom: 30px;\n}\n<\/style>\n\t<\/section>\n\t\n","protected":false},"excerpt":{"rendered":"<ul>\n<li><strong>Toepassingsgebied<\/strong>: Voor de benen<\/li>\n<li><strong>Aantal massagemodi:<\/strong> 2<\/li>\n<li><strong>Aantal opzetstukken in de set:<\/strong> 6<\/li>\n<li><strong>Opzetstukken:<\/strong> 6 cupping-opzetstukken<\/li>\n<li><strong>Materiaal:<\/strong> ABS<\/li>\n<li>Extra functies: Timer<\/li>\n<\/ul>\n<p>2 massagemodi en 12 intensiteitsniveaus<br \/>\nVacu\u00fcmmassage: drainage en vermindering van cellulitis<\/p>\n","protected":false},"featured_media":369451,"comment_status":"open","ping_status":"closed","template":"","meta":{"_acf_changed":false,"_glsr_average":0,"_glsr_ranking":0,"_glsr_reviews":0,"footnotes":""},"product_brand":[],"product_cat":[960,1204,807,1241],"product_tag":[],"class_list":{"0":"post-369461","1":"product","2":"type-product","3":"status-publish","4":"has-post-thumbnail","6":"product_cat-fitness","7":"product_cat-lichaamsmassageapparaten","8":"product_cat-massage-nl","9":"product_cat-xt","11":"first","12":"instock","13":"taxable","14":"shipping-taxable","15":"purchasable","16":"product-type-simple"},"acf":[],"yoast_head":"<!-- This site is optimized with the Yoast SEO plugin v27.5 - https:\/\/yoast.com\/product\/yoast-seo-wordpress\/ -->\n<title>Anti-cellulitis massageapparaat MEDIVON Celestine - Medivon<\/title>\n<meta name=\"robots\" content=\"index, follow, max-snippet:-1, max-image-preview:large, max-video-preview:-1\" \/>\n<link rel=\"canonical\" href=\"https:\/\/medivon.net\/nl\/produkt\/anti-cellulitis-massageapparaat-medivon-celestine\/\" \/>\n<meta property=\"og:locale\" content=\"nl_NL\" \/>\n<meta property=\"og:type\" content=\"article\" \/>\n<meta property=\"og:title\" content=\"Anti-cellulitis massageapparaat MEDIVON Celestine - Medivon\" \/>\n<meta property=\"og:description\" content=\"Toepassingsgebied: Voor de benen  Aantal massagemodi: 2  Aantal opzetstukken in de set: 6  Opzetstukken: 6 cupping-opzetstukken  Materiaal: ABS  Extra functies: Timer  2 massagemodi en 12 intensiteitsniveaus Vacu\u00fcmmassage: drainage en vermindering van cellulitis\" \/>\n<meta property=\"og:url\" content=\"https:\/\/medivon.net\/nl\/produkt\/anti-cellulitis-massageapparaat-medivon-celestine\/\" \/>\n<meta property=\"og:site_name\" content=\"Medivon\" \/>\n<meta property=\"article:modified_time\" content=\"2026-04-28T10:22:39+00:00\" \/>\n<meta property=\"og:image\" content=\"https:\/\/medivon.net\/wp-content\/uploads\/2026\/04\/celestine-slider-main-1.jpg\" \/>\n\t<meta property=\"og:image:width\" content=\"1200\" \/>\n\t<meta property=\"og:image:height\" content=\"1200\" \/>\n\t<meta property=\"og:image:type\" content=\"image\/jpeg\" \/>\n<meta name=\"twitter:card\" content=\"summary_large_image\" \/>\n<meta name=\"twitter:label1\" content=\"Geschatte leestijd\" \/>\n\t<meta name=\"twitter:data1\" content=\"2 minuten\" \/>\n<script type=\"application\/ld+json\" class=\"yoast-schema-graph\">{\"@context\":\"https:\\\/\\\/schema.org\",\"@graph\":[{\"@type\":\"WebPage\",\"@id\":\"https:\\\/\\\/medivon.net\\\/nl\\\/produkt\\\/anti-cellulitis-massageapparaat-medivon-celestine\\\/\",\"url\":\"https:\\\/\\\/medivon.net\\\/nl\\\/produkt\\\/anti-cellulitis-massageapparaat-medivon-celestine\\\/\",\"name\":\"Anti-cellulitis massageapparaat MEDIVON Celestine - Medivon\",\"isPartOf\":{\"@id\":\"https:\\\/\\\/medivon.net\\\/nl\\\/#website\"},\"primaryImageOfPage\":{\"@id\":\"https:\\\/\\\/medivon.net\\\/nl\\\/produkt\\\/anti-cellulitis-massageapparaat-medivon-celestine\\\/#primaryimage\"},\"image\":{\"@id\":\"https:\\\/\\\/medivon.net\\\/nl\\\/produkt\\\/anti-cellulitis-massageapparaat-medivon-celestine\\\/#primaryimage\"},\"thumbnailUrl\":\"https:\\\/\\\/medivon.net\\\/wp-content\\\/uploads\\\/2026\\\/04\\\/celestine-slider-main-1.jpg\",\"datePublished\":\"2026-04-15T10:32:58+00:00\",\"dateModified\":\"2026-04-28T10:22:39+00:00\",\"breadcrumb\":{\"@id\":\"https:\\\/\\\/medivon.net\\\/nl\\\/produkt\\\/anti-cellulitis-massageapparaat-medivon-celestine\\\/#breadcrumb\"},\"inLanguage\":\"nl-NL\",\"potentialAction\":[{\"@type\":\"ReadAction\",\"target\":[\"https:\\\/\\\/medivon.net\\\/nl\\\/produkt\\\/anti-cellulitis-massageapparaat-medivon-celestine\\\/\"]}]},{\"@type\":\"ImageObject\",\"inLanguage\":\"nl-NL\",\"@id\":\"https:\\\/\\\/medivon.net\\\/nl\\\/produkt\\\/anti-cellulitis-massageapparaat-medivon-celestine\\\/#primaryimage\",\"url\":\"https:\\\/\\\/medivon.net\\\/wp-content\\\/uploads\\\/2026\\\/04\\\/celestine-slider-main-1.jpg\",\"contentUrl\":\"https:\\\/\\\/medivon.net\\\/wp-content\\\/uploads\\\/2026\\\/04\\\/celestine-slider-main-1.jpg\",\"width\":1200,\"height\":1200},{\"@type\":\"BreadcrumbList\",\"@id\":\"https:\\\/\\\/medivon.net\\\/nl\\\/produkt\\\/anti-cellulitis-massageapparaat-medivon-celestine\\\/#breadcrumb\",\"itemListElement\":[{\"@type\":\"ListItem\",\"position\":1,\"name\":\"Speichern\",\"item\":\"https:\\\/\\\/medivon.net\\\/speichern\\\/\"},{\"@type\":\"ListItem\",\"position\":2,\"name\":\"Anti-cellulitis massageapparaat MEDIVON Celestine\"}]},{\"@type\":\"WebSite\",\"@id\":\"https:\\\/\\\/medivon.net\\\/nl\\\/#website\",\"url\":\"https:\\\/\\\/medivon.net\\\/nl\\\/\",\"name\":\"Medivon\",\"description\":\"\",\"potentialAction\":[{\"@type\":\"SearchAction\",\"target\":{\"@type\":\"EntryPoint\",\"urlTemplate\":\"https:\\\/\\\/medivon.net\\\/nl\\\/?s={search_term_string}\"},\"query-input\":{\"@type\":\"PropertyValueSpecification\",\"valueRequired\":true,\"valueName\":\"search_term_string\"}}],\"inLanguage\":\"nl-NL\"}]}<\/script>\n<!-- \/ Yoast SEO plugin. -->","yoast_head_json":{"title":"Anti-cellulitis massageapparaat MEDIVON Celestine - Medivon","robots":{"index":"index","follow":"follow","max-snippet":"max-snippet:-1","max-image-preview":"max-image-preview:large","max-video-preview":"max-video-preview:-1"},"canonical":"https:\/\/medivon.net\/nl\/produkt\/anti-cellulitis-massageapparaat-medivon-celestine\/","og_locale":"nl_NL","og_type":"article","og_title":"Anti-cellulitis massageapparaat MEDIVON Celestine - Medivon","og_description":"Toepassingsgebied: Voor de benen  Aantal massagemodi: 2  Aantal opzetstukken in de set: 6  Opzetstukken: 6 cupping-opzetstukken  Materiaal: ABS  Extra functies: Timer  2 massagemodi en 12 intensiteitsniveaus Vacu\u00fcmmassage: drainage en vermindering van cellulitis","og_url":"https:\/\/medivon.net\/nl\/produkt\/anti-cellulitis-massageapparaat-medivon-celestine\/","og_site_name":"Medivon","article_modified_time":"2026-04-28T10:22:39+00:00","og_image":[{"width":1200,"height":1200,"url":"https:\/\/medivon.net\/wp-content\/uploads\/2026\/04\/celestine-slider-main-1.jpg","type":"image\/jpeg"}],"twitter_card":"summary_large_image","twitter_misc":{"Geschatte leestijd":"2 minuten"},"schema":{"@context":"https:\/\/schema.org","@graph":[{"@type":"WebPage","@id":"https:\/\/medivon.net\/nl\/produkt\/anti-cellulitis-massageapparaat-medivon-celestine\/","url":"https:\/\/medivon.net\/nl\/produkt\/anti-cellulitis-massageapparaat-medivon-celestine\/","name":"Anti-cellulitis massageapparaat MEDIVON Celestine - Medivon","isPartOf":{"@id":"https:\/\/medivon.net\/nl\/#website"},"primaryImageOfPage":{"@id":"https:\/\/medivon.net\/nl\/produkt\/anti-cellulitis-massageapparaat-medivon-celestine\/#primaryimage"},"image":{"@id":"https:\/\/medivon.net\/nl\/produkt\/anti-cellulitis-massageapparaat-medivon-celestine\/#primaryimage"},"thumbnailUrl":"https:\/\/medivon.net\/wp-content\/uploads\/2026\/04\/celestine-slider-main-1.jpg","datePublished":"2026-04-15T10:32:58+00:00","dateModified":"2026-04-28T10:22:39+00:00","breadcrumb":{"@id":"https:\/\/medivon.net\/nl\/produkt\/anti-cellulitis-massageapparaat-medivon-celestine\/#breadcrumb"},"inLanguage":"nl-NL","potentialAction":[{"@type":"ReadAction","target":["https:\/\/medivon.net\/nl\/produkt\/anti-cellulitis-massageapparaat-medivon-celestine\/"]}]},{"@type":"ImageObject","inLanguage":"nl-NL","@id":"https:\/\/medivon.net\/nl\/produkt\/anti-cellulitis-massageapparaat-medivon-celestine\/#primaryimage","url":"https:\/\/medivon.net\/wp-content\/uploads\/2026\/04\/celestine-slider-main-1.jpg","contentUrl":"https:\/\/medivon.net\/wp-content\/uploads\/2026\/04\/celestine-slider-main-1.jpg","width":1200,"height":1200},{"@type":"BreadcrumbList","@id":"https:\/\/medivon.net\/nl\/produkt\/anti-cellulitis-massageapparaat-medivon-celestine\/#breadcrumb","itemListElement":[{"@type":"ListItem","position":1,"name":"Speichern","item":"https:\/\/medivon.net\/speichern\/"},{"@type":"ListItem","position":2,"name":"Anti-cellulitis massageapparaat MEDIVON Celestine"}]},{"@type":"WebSite","@id":"https:\/\/medivon.net\/nl\/#website","url":"https:\/\/medivon.net\/nl\/","name":"Medivon","description":"","potentialAction":[{"@type":"SearchAction","target":{"@type":"EntryPoint","urlTemplate":"https:\/\/medivon.net\/nl\/?s={search_term_string}"},"query-input":{"@type":"PropertyValueSpecification","valueRequired":true,"valueName":"search_term_string"}}],"inLanguage":"nl-NL"}]}},"_links":{"self":[{"href":"https:\/\/medivon.net\/nl\/wp-json\/wp\/v2\/product\/369461","targetHints":{"allow":["GET"]}}],"collection":[{"href":"https:\/\/medivon.net\/nl\/wp-json\/wp\/v2\/product"}],"about":[{"href":"https:\/\/medivon.net\/nl\/wp-json\/wp\/v2\/types\/product"}],"replies":[{"embeddable":true,"href":"https:\/\/medivon.net\/nl\/wp-json\/wp\/v2\/comments?post=369461"}],"version-history":[{"count":4,"href":"https:\/\/medivon.net\/nl\/wp-json\/wp\/v2\/product\/369461\/revisions"}],"predecessor-version":[{"id":369465,"href":"https:\/\/medivon.net\/nl\/wp-json\/wp\/v2\/product\/369461\/revisions\/369465"}],"wp:featuredmedia":[{"embeddable":true,"href":"https:\/\/medivon.net\/nl\/wp-json\/wp\/v2\/media\/369451"}],"wp:attachment":[{"href":"https:\/\/medivon.net\/nl\/wp-json\/wp\/v2\/media?parent=369461"}],"wp:term":[{"taxonomy":"product_brand","embeddable":true,"href":"https:\/\/medivon.net\/nl\/wp-json\/wp\/v2\/product_brand?post=369461"},{"taxonomy":"product_cat","embeddable":true,"href":"https:\/\/medivon.net\/nl\/wp-json\/wp\/v2\/product_cat?post=369461"},{"taxonomy":"product_tag","embeddable":true,"href":"https:\/\/medivon.net\/nl\/wp-json\/wp\/v2\/product_tag?post=369461"}],"curies":[{"name":"wp","href":"https:\/\/api.w.org\/{rel}","templated":true}]}}