{"id":368554,"date":"2023-01-09T12:17:58","date_gmt":"2023-01-09T11:17:58","guid":{"rendered":"https:\/\/medivon.net\/produkt\/medivon-aqua-spa-voetmassageapparaat-compacte-voetmassage\/"},"modified":"2026-01-13T13:57:45","modified_gmt":"2026-01-13T12:57:45","slug":"medivon-aqua-spa-voetmassageapparaat-compacte-voetmassage","status":"publish","type":"product","link":"https:\/\/medivon.net\/nl\/produkt\/medivon-aqua-spa-voetmassageapparaat-compacte-voetmassage\/","title":{"rendered":"Medivon Aqua Spa voetmassageapparaat \u2013 compacte voetmassage"},"content":{"rendered":"<div class=\"row align-middle align-center\"  id=\"row-2087892755\"> \n\t<div id=\"col-2048431870\" class=\"col medium-11 small-12 large-11\"  >\n\t\t\t\t<div class=\"col-inner\"  >\n\t\t\t\n\t\t\t <div class=\"video video-fit mb\" style=\"padding-top:56.25%;\"><p><iframe loading=\"lazy\" title=\"Aqua Spa Kompaktowy Wodny masa\u017cer st\u00f3p Medivon\" width=\"1020\" height=\"574\" src=\"https:\/\/www.youtube.com\/embed\/DqEkSE3zbfM?feature=oembed\" frameborder=\"0\" allow=\"accelerometer; autoplay; clipboard-write; encrypted-media; gyroscope; picture-in-picture; web-share\" referrerpolicy=\"strict-origin-when-cross-origin\" allowfullscreen><\/iframe><\/p>\n<\/div> \t\t<\/div>\n\t\t\t\t\t<\/div>\n\n\t <\/div> <div class=\"row align-middle\"  id=\"row-46394601\"> \n\t<div id=\"col-1080364919\" class=\"col medium-6 small-12 large-6\"  >\n\t\t\t\t<div class=\"col-inner text-center\"  >\n\t\t\t\n\t\t\t \t<div class=\"img has-hover x md-x lg-x y md-y lg-y\" id=\"image_1287560077\">\n\t\t\t\t\t\t\t\t<div class=\"img-inner dark\" >\n\t\t\t<img loading=\"lazy\" decoding=\"async\" width=\"420\" height=\"420\" src=\"https:\/\/medivon.net\/wp-content\/uploads\/2023\/01\/aqua-spa-blue-4.jpg\" class=\"attachment-large size-large\" alt=\"\" srcset=\"https:\/\/medivon.net\/wp-content\/uploads\/2023\/01\/aqua-spa-blue-4.jpg 420w, https:\/\/medivon.net\/wp-content\/uploads\/2023\/01\/aqua-spa-blue-4-320x320.jpg 320w, https:\/\/medivon.net\/wp-content\/uploads\/2023\/01\/aqua-spa-blue-4-247x247.jpg 247w, https:\/\/medivon.net\/wp-content\/uploads\/2023\/01\/aqua-spa-blue-4-100x100.jpg 100w\" sizes=\"auto, (max-width: 420px) 100vw, 420px\" \/>\t\t\t\t\t\t\n\t\t\t\t\t<\/div>\n\t\t\t\t\t\t\t\t\n<style>\n#image_1287560077 {\n  width: 100%;\n}\n@media (min-width:550px) {\n  #image_1287560077 {\n    width: 80%;\n  }\n}\n<\/style>\n\t<\/div>\n\t \t\t<\/div>\n\t\t\t\t\t<\/div>\n\n\t \n\t<div id=\"col-615086524\" class=\"col medium-6 small-12 large-6\"  >\n\t\t\t\t<div class=\"col-inner\"  >\n\t\t\t\n\t\t\t\n<h3><span class=\"HwtZe\" lang=\"de\"><span class=\"jCAhz ChMk0b\"><span class=\"ryNqvb\">Verlichting<\/span><\/span><\/span><\/h3>\n<h1><span class=\"HwtZe\" lang=\"de\"><span class=\"jCAhz ChMk0b\"><span class=\"ryNqvb\">Een moment voor uw voeten<\/span><\/span><\/span><\/h1>\n<p><span class=\"HwtZe\" lang=\"de\"><span class=\"jCAhz ChMk0b\"><span class=\"ryNqvb\">Heeft u het gevoel dat u de hele dag een pauze nodig heeft?<\/span><\/span> <span class=\"jCAhz ChMk0b\"><span class=\"ryNqvb\">Zijn uw voeten moe en zwaar en verergeren oncomfortabele schoenen dit gevoel nog?<\/span><\/span> <span class=\"jCAhz ChMk0b\"><span class=\"ryNqvb\">Het duurt maar even voordat het Medivon voetmassageapparaat na een lange dag op kantoor uw favoriete gadget wordt.<\/span><\/span><\/span><\/p>\n\t\t<\/div>\n\t\t\t\t\t<\/div>\n\n\t <\/div> <div class=\"row align-middle\"  id=\"row-646645025\"> \n\t<div id=\"col-1692621873\" class=\"col medium-6 small-12 large-6\"  >\n\t\t\t\t<div class=\"col-inner text-center\"  >\n\t\t\t\n\t\t\t \t<div class=\"img has-hover x md-x lg-x y md-y lg-y\" id=\"image_882804723\">\n\t\t\t\t\t\t\t\t<div class=\"img-inner dark\" >\n\t\t\t<img loading=\"lazy\" decoding=\"async\" width=\"420\" height=\"420\" src=\"https:\/\/medivon.net\/wp-content\/uploads\/2023\/01\/aqua-spa-blue-5.jpg\" class=\"attachment-large size-large\" alt=\"\" srcset=\"https:\/\/medivon.net\/wp-content\/uploads\/2023\/01\/aqua-spa-blue-5.jpg 420w, https:\/\/medivon.net\/wp-content\/uploads\/2023\/01\/aqua-spa-blue-5-320x320.jpg 320w, https:\/\/medivon.net\/wp-content\/uploads\/2023\/01\/aqua-spa-blue-5-247x247.jpg 247w, https:\/\/medivon.net\/wp-content\/uploads\/2023\/01\/aqua-spa-blue-5-100x100.jpg 100w\" sizes=\"auto, (max-width: 420px) 100vw, 420px\" \/>\t\t\t\t\t\t\n\t\t\t\t\t<\/div>\n\t\t\t\t\t\t\t\t\n<style>\n#image_882804723 {\n  width: 100%;\n}\n@media (min-width:550px) {\n  #image_882804723 {\n    width: 80%;\n  }\n}\n<\/style>\n\t<\/div>\n\t \t\t<\/div>\n\t\t\t\t\t<\/div>\n\n\t \n\t<div id=\"col-543930989\" class=\"col medium-6 small-12 large-6\"  >\n\t\t\t\t<div class=\"col-inner\"  >\n\t\t\t\n\t\t\t\n<h3>Diepemassage<\/h3>\n<h1>Aan het lichaam aangepaste massagekoppen<\/h1>\n<div class=\"d-item-1\">\n<div class=\"d-t3\">Onze massagekoppen zijn onder strikte supervisie van specialisten ontwikkeld voor alle soorten massages. Hun vorm en ontwerp bootsen een knedende of rollende massage na. Voeg eenvoudig een paar druppels van uw favoriete olie of kruiden toe aan het water en laat u verwennen door ontspannende aromatherapie.<\/div>\n<\/div>\n<p>&nbsp;<\/p>\n\t\t<\/div>\n\t\t\t\t\t<\/div>\n\n\t <\/div> <div class=\"row align-middle\"  id=\"row-762315451\"> \n\t<div id=\"col-305137150\" class=\"col medium-6 small-12 large-6\"  >\n\t\t\t\t<div class=\"col-inner text-center\"  >\n\t\t\t\n\t\t\t \t<div class=\"img has-hover x md-x lg-x y md-y lg-y\" id=\"image_524684838\">\n\t\t\t\t\t\t\t\t<div class=\"img-inner dark\" >\n\t\t\t<img loading=\"lazy\" decoding=\"async\" width=\"420\" height=\"420\" src=\"https:\/\/medivon.net\/wp-content\/uploads\/2023\/01\/aqua-spa-blue-6.jpg\" class=\"attachment-large size-large\" alt=\"\" srcset=\"https:\/\/medivon.net\/wp-content\/uploads\/2023\/01\/aqua-spa-blue-6.jpg 420w, https:\/\/medivon.net\/wp-content\/uploads\/2023\/01\/aqua-spa-blue-6-320x320.jpg 320w, https:\/\/medivon.net\/wp-content\/uploads\/2023\/01\/aqua-spa-blue-6-247x247.jpg 247w, https:\/\/medivon.net\/wp-content\/uploads\/2023\/01\/aqua-spa-blue-6-100x100.jpg 100w\" sizes=\"auto, (max-width: 420px) 100vw, 420px\" \/>\t\t\t\t\t\t\n\t\t\t\t\t<\/div>\n\t\t\t\t\t\t\t\t\n<style>\n#image_524684838 {\n  width: 100%;\n}\n@media (min-width:550px) {\n  #image_524684838 {\n    width: 80%;\n  }\n}\n<\/style>\n\t<\/div>\n\t \t\t<\/div>\n\t\t\t\t\t<\/div>\n\n\t \n\t<div id=\"col-749396822\" class=\"col medium-6 small-12 large-6\"  >\n\t\t\t\t<div class=\"col-inner\"  >\n\t\t\t\n\t\t\t\n<h1>Simply Perfect<\/h1>\n<p>De Medivon-voetmassageapparaten zijn ongelooflijk intu\u00eftief in gebruik. Met \u00e9\u00e9n handeling brengt u zichzelf in een ontspanningszone en laat u uw voeten masseren. Het apparaat wordt voortdurend streng getest om maximale veiligheid voor de gebruiker te garanderen.<\/p>\n\t\t<\/div>\n\t\t\t\t\t<\/div>\n\n\t <\/div> <div class=\"row align-middle\"  id=\"row-1051257126\"> \n\t<div id=\"col-39945520\" class=\"col medium-6 small-12 large-6\"  >\n\t\t\t\t<div class=\"col-inner text-center\"  >\n\t\t\t\n\t\t\t \t<div class=\"img has-hover x md-x lg-x y md-y lg-y\" id=\"image_1586962425\">\n\t\t\t\t\t\t\t\t<div class=\"img-inner dark\" >\n\t\t\t<img loading=\"lazy\" decoding=\"async\" width=\"420\" height=\"420\" src=\"https:\/\/medivon.net\/wp-content\/uploads\/2023\/01\/aqua-spa-blue-7.jpg\" class=\"attachment-large size-large\" alt=\"\" srcset=\"https:\/\/medivon.net\/wp-content\/uploads\/2023\/01\/aqua-spa-blue-7.jpg 420w, https:\/\/medivon.net\/wp-content\/uploads\/2023\/01\/aqua-spa-blue-7-320x320.jpg 320w, https:\/\/medivon.net\/wp-content\/uploads\/2023\/01\/aqua-spa-blue-7-247x247.jpg 247w, https:\/\/medivon.net\/wp-content\/uploads\/2023\/01\/aqua-spa-blue-7-100x100.jpg 100w\" sizes=\"auto, (max-width: 420px) 100vw, 420px\" \/>\t\t\t\t\t\t\n\t\t\t\t\t<\/div>\n\t\t\t\t\t\t\t\t\n<style>\n#image_1586962425 {\n  width: 100%;\n}\n@media (min-width:550px) {\n  #image_1586962425 {\n    width: 80%;\n  }\n}\n<\/style>\n\t<\/div>\n\t \t\t<\/div>\n\t\t\t\t\t<\/div>\n\n\t \n\t<div id=\"col-1406010056\" class=\"col medium-6 small-12 large-6\"  >\n\t\t\t\t<div class=\"col-inner\"  >\n\t\t\t\n\t\t\t\n<div class=\"d-item-1\">\n<h1>Een manier om stress en vermoeidheid te verminderen<\/h1>\n<div class=\"d-t3\">Zoals u al weet, heeft stress een negatieve invloed op ons welzijn en moet het daarom zo snel mogelijk worden verminderd. Waterbaden in ons apparaat stellen u in staat om in enkele ogenblikken een staat van lichte gelukzaligheid en ontspanning te bereiken. Bij regelmatig gebruik merkt u het effect vrijwel direct.<\/div>\n<\/div>\n<p>&nbsp;<\/p>\n\t\t<\/div>\n\t\t\t\t\t<\/div>\n\n\t <\/div> <div class=\"row align-middle\"  id=\"row-1843405801\"> \n\t<div id=\"col-1613965357\" class=\"col medium-6 small-12 large-6\"  >\n\t\t\t\t<div class=\"col-inner text-center\"  >\n\t\t\t\n\t\t\t \t<div class=\"img has-hover x md-x lg-x y md-y lg-y\" id=\"image_608439973\">\n\t\t\t\t\t\t\t\t<div class=\"img-inner dark\" >\n\t\t\t<img loading=\"lazy\" decoding=\"async\" width=\"420\" height=\"420\" src=\"https:\/\/medivon.net\/wp-content\/uploads\/2023\/01\/aqua-spa-blue-8.jpg\" class=\"attachment-large size-large\" alt=\"\" srcset=\"https:\/\/medivon.net\/wp-content\/uploads\/2023\/01\/aqua-spa-blue-8.jpg 420w, https:\/\/medivon.net\/wp-content\/uploads\/2023\/01\/aqua-spa-blue-8-320x320.jpg 320w, https:\/\/medivon.net\/wp-content\/uploads\/2023\/01\/aqua-spa-blue-8-247x247.jpg 247w, https:\/\/medivon.net\/wp-content\/uploads\/2023\/01\/aqua-spa-blue-8-100x100.jpg 100w\" sizes=\"auto, (max-width: 420px) 100vw, 420px\" \/>\t\t\t\t\t\t\n\t\t\t\t\t<\/div>\n\t\t\t\t\t\t\t\t\n<style>\n#image_608439973 {\n  width: 100%;\n}\n@media (min-width:550px) {\n  #image_608439973 {\n    width: 80%;\n  }\n}\n<\/style>\n\t<\/div>\n\t \t\t<\/div>\n\t\t\t\t\t<\/div>\n\n\t \n\t<div id=\"col-277780333\" class=\"col medium-6 small-12 large-6\"  >\n\t\t\t\t<div class=\"col-inner\"  >\n\t\t\t\n\t\t\t\n<h1>Gebruiksergonomie<\/h1>\n<div class=\"d-item-1\">\n<div class=\"d-t3\">Elegant design is niet het enige voordeel van ons massageapparaat. Het apparaat is volledig functioneel en ergonomisch. Het heeft een ge\u00efntegreerde handgreep om het overal mee naartoe te nemen en de siliconen rand maakt het mogelijk het apparaat tot een zeer compact formaat op te vouwen en letterlijk overal op te bergen<\/div>\n<\/div>\n<p>&nbsp;<\/p>\n\t\t<\/div>\n\t\t\t\t\t<\/div>\n\n\t <\/div> <div class=\"row align-middle\"  id=\"row-1529800139\"> \n\t<div id=\"col-357607466\" class=\"col medium-6 small-12 large-6\"  >\n\t\t\t\t<div class=\"col-inner\"  >\n\t\t\t\n\t\t\t\n<h1><strong>\u2b50 WAAROM MEDIVON?<\/strong><\/h1>\n<ul>\n<li>Onze apparaten worden niet alleen thuis gebruikt, maar ook in professionele schoonheidssalons,<\/li>\n<li>ze zijn vervaardigd uit zeer hoogwaardige materialen, waardoor ze veel duurzamer zijn, minder snel beschadigd raken en er zeer solide en uniek uitzien,<\/li>\n<li>de apparaten zijn gecertificeerd, wat ze veilig maakt voor uw gezondheid,<\/li>\n<li>een elegante premium box met modern design. Verwen uzelf of geef het cadeau aan een dierbare,<\/li>\n<li>dankzij het gebruik van de modernste technologie en verbeterde componenten tot een veelvoud hogere verzorgingswerking dan bij conventionele, vergelijkbaar uitziende apparaten.<\/li>\n<\/ul>\n\t\t<\/div>\n\t\t\t\t\t<\/div>\n\n\t \n\t<div id=\"col-1705062870\" class=\"col medium-6 small-12 large-6\"  >\n\t\t\t\t<div class=\"col-inner\"  >\n\t\t\t\n\t\t\t \t<div class=\"img has-hover x md-x lg-x y md-y lg-y\" id=\"image_578595521\">\n\t\t\t\t\t\t\t\t<div class=\"img-inner dark\" >\n\t\t\t<img loading=\"lazy\" decoding=\"async\" width=\"600\" height=\"532\" src=\"https:\/\/medivon.net\/wp-content\/uploads\/2023\/01\/aqua-spa-blue-2.jpg\" class=\"attachment-large size-large\" alt=\"\" srcset=\"https:\/\/medivon.net\/wp-content\/uploads\/2023\/01\/aqua-spa-blue-2.jpg 600w, https:\/\/medivon.net\/wp-content\/uploads\/2023\/01\/aqua-spa-blue-2-510x452.jpg 510w\" sizes=\"auto, (max-width: 600px) 100vw, 600px\" \/>\t\t\t\t\t\t\n\t\t\t\t\t<\/div>\n\t\t\t\t\t\t\t\t\n<style>\n#image_578595521 {\n  width: 100%;\n}\n<\/style>\n\t<\/div>\n\t \t\t<\/div>\n\t\t\t\t\t<\/div>\n\n\t <\/div>\n","protected":false},"excerpt":{"rendered":"<ul>\n<li>Inhoud 6 liter<\/li>\n<li>Type massage: compressie, rol<\/li>\n<li><strong>Afmetingen 38,5 \u00d7 45 \u00d7 20,5 centimeter<\/strong><\/li>\n<li>Gewicht met verpakking 0,50 kg<\/li>\n<li><strong>Afmetingen van de verpakking 43 \u00d7 40 \u00d7 12 centimeter<\/strong><\/li>\n<\/ul>\n","protected":false},"featured_media":353807,"comment_status":"open","ping_status":"closed","template":"","meta":{"_acf_changed":false,"_glsr_average":0,"_glsr_ranking":0,"_glsr_reviews":0,"footnotes":""},"product_brand":[],"product_cat":[807,806],"product_tag":[],"class_list":{"0":"post-368554","1":"product","2":"type-product","3":"status-publish","4":"has-post-thumbnail","6":"product_cat-massage-nl","7":"product_cat-fussmassagegeraete","9":"first","10":"instock","11":"taxable","12":"shipping-taxable","13":"purchasable","14":"product-type-simple"},"acf":[],"yoast_head":"<!-- This site is optimized with the Yoast SEO plugin v27.5 - https:\/\/yoast.com\/product\/yoast-seo-wordpress\/ -->\n<title>Medivon Aqua Spa voetmassageapparaat \u2013 compacte voetmassage - Medivon<\/title>\n<meta name=\"robots\" content=\"index, follow, max-snippet:-1, max-image-preview:large, max-video-preview:-1\" \/>\n<link rel=\"canonical\" href=\"https:\/\/medivon.net\/nl\/produkt\/medivon-aqua-spa-voetmassageapparaat-compacte-voetmassage\/\" \/>\n<meta property=\"og:locale\" content=\"nl_NL\" \/>\n<meta property=\"og:type\" content=\"article\" \/>\n<meta property=\"og:title\" content=\"Medivon Aqua Spa voetmassageapparaat \u2013 compacte voetmassage - Medivon\" \/>\n<meta property=\"og:description\" content=\"Inhoud 6 liter  Type massage: compressie, rol  Afmetingen 38,5 \u00d7 45 \u00d7 20,5 centimeter  Gewicht met verpakking 0,50 kg  Afmetingen van de verpakking 43 \u00d7 40 \u00d7 12 centimeter\" \/>\n<meta property=\"og:url\" content=\"https:\/\/medivon.net\/nl\/produkt\/medivon-aqua-spa-voetmassageapparaat-compacte-voetmassage\/\" \/>\n<meta property=\"og:site_name\" content=\"Medivon\" \/>\n<meta property=\"article:modified_time\" content=\"2026-01-13T12:57:45+00:00\" \/>\n<meta property=\"og:image\" content=\"https:\/\/medivon.net\/wp-content\/uploads\/2023\/01\/masazer-stop-hydromasaz-aqua-spa-blue-niebieski-002.jpg\" \/>\n\t<meta property=\"og:image:width\" content=\"1200\" \/>\n\t<meta property=\"og:image:height\" content=\"800\" \/>\n\t<meta property=\"og:image:type\" content=\"image\/jpeg\" \/>\n<meta name=\"twitter:card\" content=\"summary_large_image\" \/>\n<meta name=\"twitter:label1\" content=\"Geschatte leestijd\" \/>\n\t<meta name=\"twitter:data1\" content=\"3 minuten\" \/>\n<script type=\"application\/ld+json\" class=\"yoast-schema-graph\">{\"@context\":\"https:\\\/\\\/schema.org\",\"@graph\":[{\"@type\":\"WebPage\",\"@id\":\"https:\\\/\\\/medivon.net\\\/nl\\\/produkt\\\/medivon-aqua-spa-voetmassageapparaat-compacte-voetmassage\\\/\",\"url\":\"https:\\\/\\\/medivon.net\\\/nl\\\/produkt\\\/medivon-aqua-spa-voetmassageapparaat-compacte-voetmassage\\\/\",\"name\":\"Medivon Aqua Spa voetmassageapparaat \u2013 compacte voetmassage - Medivon\",\"isPartOf\":{\"@id\":\"https:\\\/\\\/medivon.net\\\/nl\\\/#website\"},\"primaryImageOfPage\":{\"@id\":\"https:\\\/\\\/medivon.net\\\/nl\\\/produkt\\\/medivon-aqua-spa-voetmassageapparaat-compacte-voetmassage\\\/#primaryimage\"},\"image\":{\"@id\":\"https:\\\/\\\/medivon.net\\\/nl\\\/produkt\\\/medivon-aqua-spa-voetmassageapparaat-compacte-voetmassage\\\/#primaryimage\"},\"thumbnailUrl\":\"https:\\\/\\\/medivon.net\\\/wp-content\\\/uploads\\\/2023\\\/01\\\/masazer-stop-hydromasaz-aqua-spa-blue-niebieski-002.jpg\",\"datePublished\":\"2023-01-09T11:17:58+00:00\",\"dateModified\":\"2026-01-13T12:57:45+00:00\",\"breadcrumb\":{\"@id\":\"https:\\\/\\\/medivon.net\\\/nl\\\/produkt\\\/medivon-aqua-spa-voetmassageapparaat-compacte-voetmassage\\\/#breadcrumb\"},\"inLanguage\":\"nl-NL\",\"potentialAction\":[{\"@type\":\"ReadAction\",\"target\":[\"https:\\\/\\\/medivon.net\\\/nl\\\/produkt\\\/medivon-aqua-spa-voetmassageapparaat-compacte-voetmassage\\\/\"]}]},{\"@type\":\"ImageObject\",\"inLanguage\":\"nl-NL\",\"@id\":\"https:\\\/\\\/medivon.net\\\/nl\\\/produkt\\\/medivon-aqua-spa-voetmassageapparaat-compacte-voetmassage\\\/#primaryimage\",\"url\":\"https:\\\/\\\/medivon.net\\\/wp-content\\\/uploads\\\/2023\\\/01\\\/masazer-stop-hydromasaz-aqua-spa-blue-niebieski-002.jpg\",\"contentUrl\":\"https:\\\/\\\/medivon.net\\\/wp-content\\\/uploads\\\/2023\\\/01\\\/masazer-stop-hydromasaz-aqua-spa-blue-niebieski-002.jpg\",\"width\":1200,\"height\":800},{\"@type\":\"BreadcrumbList\",\"@id\":\"https:\\\/\\\/medivon.net\\\/nl\\\/produkt\\\/medivon-aqua-spa-voetmassageapparaat-compacte-voetmassage\\\/#breadcrumb\",\"itemListElement\":[{\"@type\":\"ListItem\",\"position\":1,\"name\":\"Speichern\",\"item\":\"https:\\\/\\\/medivon.net\\\/speichern\\\/\"},{\"@type\":\"ListItem\",\"position\":2,\"name\":\"Medivon Aqua Spa voetmassageapparaat \u2013 compacte voetmassage\"}]},{\"@type\":\"WebSite\",\"@id\":\"https:\\\/\\\/medivon.net\\\/nl\\\/#website\",\"url\":\"https:\\\/\\\/medivon.net\\\/nl\\\/\",\"name\":\"Medivon\",\"description\":\"\",\"potentialAction\":[{\"@type\":\"SearchAction\",\"target\":{\"@type\":\"EntryPoint\",\"urlTemplate\":\"https:\\\/\\\/medivon.net\\\/nl\\\/?s={search_term_string}\"},\"query-input\":{\"@type\":\"PropertyValueSpecification\",\"valueRequired\":true,\"valueName\":\"search_term_string\"}}],\"inLanguage\":\"nl-NL\"}]}<\/script>\n<!-- \/ Yoast SEO plugin. -->","yoast_head_json":{"title":"Medivon Aqua Spa voetmassageapparaat \u2013 compacte voetmassage - Medivon","robots":{"index":"index","follow":"follow","max-snippet":"max-snippet:-1","max-image-preview":"max-image-preview:large","max-video-preview":"max-video-preview:-1"},"canonical":"https:\/\/medivon.net\/nl\/produkt\/medivon-aqua-spa-voetmassageapparaat-compacte-voetmassage\/","og_locale":"nl_NL","og_type":"article","og_title":"Medivon Aqua Spa voetmassageapparaat \u2013 compacte voetmassage - Medivon","og_description":"Inhoud 6 liter  Type massage: compressie, rol  Afmetingen 38,5 \u00d7 45 \u00d7 20,5 centimeter  Gewicht met verpakking 0,50 kg  Afmetingen van de verpakking 43 \u00d7 40 \u00d7 12 centimeter","og_url":"https:\/\/medivon.net\/nl\/produkt\/medivon-aqua-spa-voetmassageapparaat-compacte-voetmassage\/","og_site_name":"Medivon","article_modified_time":"2026-01-13T12:57:45+00:00","og_image":[{"width":1200,"height":800,"url":"https:\/\/medivon.net\/wp-content\/uploads\/2023\/01\/masazer-stop-hydromasaz-aqua-spa-blue-niebieski-002.jpg","type":"image\/jpeg"}],"twitter_card":"summary_large_image","twitter_misc":{"Geschatte leestijd":"3 minuten"},"schema":{"@context":"https:\/\/schema.org","@graph":[{"@type":"WebPage","@id":"https:\/\/medivon.net\/nl\/produkt\/medivon-aqua-spa-voetmassageapparaat-compacte-voetmassage\/","url":"https:\/\/medivon.net\/nl\/produkt\/medivon-aqua-spa-voetmassageapparaat-compacte-voetmassage\/","name":"Medivon Aqua Spa voetmassageapparaat \u2013 compacte voetmassage - Medivon","isPartOf":{"@id":"https:\/\/medivon.net\/nl\/#website"},"primaryImageOfPage":{"@id":"https:\/\/medivon.net\/nl\/produkt\/medivon-aqua-spa-voetmassageapparaat-compacte-voetmassage\/#primaryimage"},"image":{"@id":"https:\/\/medivon.net\/nl\/produkt\/medivon-aqua-spa-voetmassageapparaat-compacte-voetmassage\/#primaryimage"},"thumbnailUrl":"https:\/\/medivon.net\/wp-content\/uploads\/2023\/01\/masazer-stop-hydromasaz-aqua-spa-blue-niebieski-002.jpg","datePublished":"2023-01-09T11:17:58+00:00","dateModified":"2026-01-13T12:57:45+00:00","breadcrumb":{"@id":"https:\/\/medivon.net\/nl\/produkt\/medivon-aqua-spa-voetmassageapparaat-compacte-voetmassage\/#breadcrumb"},"inLanguage":"nl-NL","potentialAction":[{"@type":"ReadAction","target":["https:\/\/medivon.net\/nl\/produkt\/medivon-aqua-spa-voetmassageapparaat-compacte-voetmassage\/"]}]},{"@type":"ImageObject","inLanguage":"nl-NL","@id":"https:\/\/medivon.net\/nl\/produkt\/medivon-aqua-spa-voetmassageapparaat-compacte-voetmassage\/#primaryimage","url":"https:\/\/medivon.net\/wp-content\/uploads\/2023\/01\/masazer-stop-hydromasaz-aqua-spa-blue-niebieski-002.jpg","contentUrl":"https:\/\/medivon.net\/wp-content\/uploads\/2023\/01\/masazer-stop-hydromasaz-aqua-spa-blue-niebieski-002.jpg","width":1200,"height":800},{"@type":"BreadcrumbList","@id":"https:\/\/medivon.net\/nl\/produkt\/medivon-aqua-spa-voetmassageapparaat-compacte-voetmassage\/#breadcrumb","itemListElement":[{"@type":"ListItem","position":1,"name":"Speichern","item":"https:\/\/medivon.net\/speichern\/"},{"@type":"ListItem","position":2,"name":"Medivon Aqua Spa voetmassageapparaat \u2013 compacte voetmassage"}]},{"@type":"WebSite","@id":"https:\/\/medivon.net\/nl\/#website","url":"https:\/\/medivon.net\/nl\/","name":"Medivon","description":"","potentialAction":[{"@type":"SearchAction","target":{"@type":"EntryPoint","urlTemplate":"https:\/\/medivon.net\/nl\/?s={search_term_string}"},"query-input":{"@type":"PropertyValueSpecification","valueRequired":true,"valueName":"search_term_string"}}],"inLanguage":"nl-NL"}]}},"_links":{"self":[{"href":"https:\/\/medivon.net\/nl\/wp-json\/wp\/v2\/product\/368554","targetHints":{"allow":["GET"]}}],"collection":[{"href":"https:\/\/medivon.net\/nl\/wp-json\/wp\/v2\/product"}],"about":[{"href":"https:\/\/medivon.net\/nl\/wp-json\/wp\/v2\/types\/product"}],"replies":[{"embeddable":true,"href":"https:\/\/medivon.net\/nl\/wp-json\/wp\/v2\/comments?post=368554"}],"version-history":[{"count":4,"href":"https:\/\/medivon.net\/nl\/wp-json\/wp\/v2\/product\/368554\/revisions"}],"predecessor-version":[{"id":368558,"href":"https:\/\/medivon.net\/nl\/wp-json\/wp\/v2\/product\/368554\/revisions\/368558"}],"wp:featuredmedia":[{"embeddable":true,"href":"https:\/\/medivon.net\/nl\/wp-json\/wp\/v2\/media\/353807"}],"wp:attachment":[{"href":"https:\/\/medivon.net\/nl\/wp-json\/wp\/v2\/media?parent=368554"}],"wp:term":[{"taxonomy":"product_brand","embeddable":true,"href":"https:\/\/medivon.net\/nl\/wp-json\/wp\/v2\/product_brand?post=368554"},{"taxonomy":"product_cat","embeddable":true,"href":"https:\/\/medivon.net\/nl\/wp-json\/wp\/v2\/product_cat?post=368554"},{"taxonomy":"product_tag","embeddable":true,"href":"https:\/\/medivon.net\/nl\/wp-json\/wp\/v2\/product_tag?post=368554"}],"curies":[{"name":"wp","href":"https:\/\/api.w.org\/{rel}","templated":true}]}}