{"id":368440,"date":"2024-09-05T10:20:05","date_gmt":"2024-09-05T08:20:05","guid":{"rendered":"https:\/\/medivon.net\/produkt\/medivon-gun-vital-handmassageapparaat\/"},"modified":"2026-01-13T11:42:25","modified_gmt":"2026-01-13T10:42:25","slug":"medivon-gun-vital-handmassageapparaat","status":"publish","type":"product","link":"https:\/\/medivon.net\/nl\/produkt\/medivon-gun-vital-handmassageapparaat\/","title":{"rendered":"Medivon Gun Vital &#8211; handmassageapparaat"},"content":{"rendered":"\n  <div class=\"banner has-hover\" id=\"banner-656740371\">\n          <div class=\"banner-inner fill\">\n        <div class=\"banner-bg fill\" >\n            <img loading=\"lazy\" decoding=\"async\" width=\"1280\" height=\"639\" src=\"https:\/\/medivon.net\/wp-content\/uploads\/2024\/09\/pistol_fixed.jpg\" class=\"bg attachment-original size-original\" alt=\"\" \/>                                    \n                    <\/div>\n\t\t\n        <div class=\"banner-layers container\">\n            <div class=\"fill banner-link\"><\/div>            \n        <\/div>\n      <\/div>\n\n              <div class=\"height-fix is-invisible\"><img loading=\"lazy\" decoding=\"async\" width=\"1280\" height=\"639\" src=\"https:\/\/medivon.net\/wp-content\/uploads\/2024\/09\/pistol_fixed.jpg\" class=\"attachment-original size-original\" alt=\"\" srcset=\"https:\/\/medivon.net\/wp-content\/uploads\/2024\/09\/pistol_fixed.jpg 1280w, https:\/\/medivon.net\/wp-content\/uploads\/2024\/09\/pistol_fixed-640x320.jpg 640w, https:\/\/medivon.net\/wp-content\/uploads\/2024\/09\/pistol_fixed-768x383.jpg 768w, https:\/\/medivon.net\/wp-content\/uploads\/2024\/09\/pistol_fixed-510x255.jpg 510w\" sizes=\"auto, (max-width: 1280px) 100vw, 1280px\" \/><\/div>\n              <\/div>\n\n\n\t<div id=\"gap-1842502945\" class=\"gap-element clearfix\" style=\"display:block; height:auto;\">\n\t\t\n<style>\n#gap-1842502945 {\n  padding-top: 10px;\n}\n@media (min-width:550px) {\n  #gap-1842502945 {\n    padding-top: 50px;\n  }\n}\n<\/style>\n\t<\/div>\n\t\n\t<div id=\"text-1702271957\" class=\"text\">\n\t\t\n<p style=\"text-align: center;\">Luxe binnen handbereik in uw eigen huis<\/p>\n\t\t\n<style>\n#text-1702271957 {\n  font-size: 1.5rem;\n}\n<\/style>\n\t<\/div>\n\t\n<p>Gun Vital von Medivon ist eine echte Revolution im Bereich der luxuri\u00f6sen Physiotherapie und h\u00e4uslichen Entspannung. Inspiriert von traditionellen Massagetechniken wie Balinesisch, Thail\u00e4ndisch, Kobido und Shiatsu kombiniert dieses Ger\u00e4t Raffinesse und Moderne, sodass Sie tiefste Entspannung erleben k\u00f6nnen, ohne Ihr Zuhause zu verlassen.<\/p>\n\t<div id=\"gap-1090839942\" class=\"gap-element clearfix\" style=\"display:block; height:auto;\">\n\t\t\n<style>\n#gap-1090839942 {\n  padding-top: 10px;\n}\n@media (min-width:550px) {\n  #gap-1090839942 {\n    padding-top: 50px;\n  }\n}\n<\/style>\n\t<\/div>\n\t\n\n  <div class=\"banner has-hover\" id=\"banner-57868317\">\n          <div class=\"banner-inner fill\">\n        <div class=\"banner-bg fill\" >\n            <img loading=\"lazy\" decoding=\"async\" width=\"1020\" height=\"527\" src=\"https:\/\/medivon.net\/wp-content\/uploads\/2024\/09\/baner-2-1.jpg\" class=\"bg attachment-large size-large\" alt=\"\" \/>                                    \n                    <\/div>\n\t\t\n        <div class=\"banner-layers container\">\n            <div class=\"fill banner-link\"><\/div>            \n        <\/div>\n      <\/div>\n\n              <div class=\"height-fix is-invisible\"><img loading=\"lazy\" decoding=\"async\" width=\"1020\" height=\"527\" src=\"https:\/\/medivon.net\/wp-content\/uploads\/2024\/09\/baner-2-1.jpg\" class=\"attachment-large size-large\" alt=\"\" srcset=\"https:\/\/medivon.net\/wp-content\/uploads\/2024\/09\/baner-2-1.jpg 1100w, https:\/\/medivon.net\/wp-content\/uploads\/2024\/09\/baner-2-1-640x330.jpg 640w, https:\/\/medivon.net\/wp-content\/uploads\/2024\/09\/baner-2-1-768x397.jpg 768w, https:\/\/medivon.net\/wp-content\/uploads\/2024\/09\/baner-2-1-500x258.jpg 500w, https:\/\/medivon.net\/wp-content\/uploads\/2024\/09\/baner-2-1-510x263.jpg 510w\" sizes=\"auto, (max-width: 1020px) 100vw, 1020px\" \/><\/div>\n              <\/div>\n\n\n\t<div id=\"gap-670246678\" class=\"gap-element clearfix\" style=\"display:block; height:auto;\">\n\t\t\n<style>\n#gap-670246678 {\n  padding-top: 10px;\n}\n@media (min-width:550px) {\n  #gap-670246678 {\n    padding-top: 50px;\n  }\n}\n<\/style>\n\t<\/div>\n\t\n\t<div id=\"text-2780849263\" class=\"text\">\n\t\t\n<p style=\"text-align: center;\">Uitgebreide therapie voor uw lichaam<\/p>\n\t\t\n<style>\n#text-2780849263 {\n  font-size: 1.5rem;\n}\n<\/style>\n\t<\/div>\n\t\n<p style=\"text-align: center;\">Leiden Sie unter Muskelschmerzen, Beschwerden im Nacken, R\u00fccken oder Beinen? Dank der perkussiven Therapie und Vibrationsmassage entspannt Gun Vital Ihre Muskeln, unterst\u00fctzt die Regeneration nach dem Training und beschleunigt die Heilung von Verletzungen.<\/p>\n\t<div id=\"gap-1955359878\" class=\"gap-element clearfix\" style=\"display:block; height:auto;\">\n\t\t\n<style>\n#gap-1955359878 {\n  padding-top: 10px;\n}\n@media (min-width:550px) {\n  #gap-1955359878 {\n    padding-top: 50px;\n  }\n}\n<\/style>\n\t<\/div>\n\t\n\n  <div class=\"banner has-hover\" id=\"banner-697337691\">\n          <div class=\"banner-inner fill\">\n        <div class=\"banner-bg fill\" >\n            <img loading=\"lazy\" decoding=\"async\" width=\"1020\" height=\"371\" src=\"https:\/\/medivon.net\/wp-content\/uploads\/2024\/09\/baner-3-4.jpg\" class=\"bg attachment-large size-large\" alt=\"\" \/>                                    \n                    <\/div>\n\t\t\n        <div class=\"banner-layers container\">\n            <div class=\"fill banner-link\"><\/div>            \n        <\/div>\n      <\/div>\n\n              <div class=\"height-fix is-invisible\"><img loading=\"lazy\" decoding=\"async\" width=\"1020\" height=\"371\" src=\"https:\/\/medivon.net\/wp-content\/uploads\/2024\/09\/baner-3-4.jpg\" class=\"attachment-large size-large\" alt=\"\" srcset=\"https:\/\/medivon.net\/wp-content\/uploads\/2024\/09\/baner-3-4.jpg 1100w, https:\/\/medivon.net\/wp-content\/uploads\/2024\/09\/baner-3-4-640x233.jpg 640w, https:\/\/medivon.net\/wp-content\/uploads\/2024\/09\/baner-3-4-768x279.jpg 768w, https:\/\/medivon.net\/wp-content\/uploads\/2024\/09\/baner-3-4-500x182.jpg 500w, https:\/\/medivon.net\/wp-content\/uploads\/2024\/09\/baner-3-4-510x185.jpg 510w\" sizes=\"auto, (max-width: 1020px) 100vw, 1020px\" \/><\/div>\n              <\/div>\n\n\n\t<div id=\"gap-892028051\" class=\"gap-element clearfix\" style=\"display:block; height:auto;\">\n\t\t\n<style>\n#gap-892028051 {\n  padding-top: 10px;\n}\n@media (min-width:550px) {\n  #gap-892028051 {\n    padding-top: 50px;\n  }\n}\n<\/style>\n\t<\/div>\n\t\n\t<div id=\"text-2269560250\" class=\"text\">\n\t\t\n<p style=\"text-align: center;\">Perfecte huidverzorging<\/p>\n\t\t\n<style>\n#text-2269560250 {\n  font-size: 1.5rem;\n}\n<\/style>\n\t<\/div>\n\t\n<p style=\"text-align: center;\">Dank der Funktionen zur Hautstraffung, Cellulitereduktion und Lymphdrainage wird Ihre Haut glatter und straffer als je zuvor. Die einzigartigen Massagek\u00f6pfe und die Heizfunktion reduzieren zudem Schwellungen und verbessern die Durchblutung.<\/p>\n\t<div id=\"gap-496406373\" class=\"gap-element clearfix\" style=\"display:block; height:auto;\">\n\t\t\n<style>\n#gap-496406373 {\n  padding-top: 10px;\n}\n@media (min-width:550px) {\n  #gap-496406373 {\n    padding-top: 50px;\n  }\n}\n<\/style>\n\t<\/div>\n\t\n\n  <div class=\"banner has-hover\" id=\"banner-1642312197\">\n          <div class=\"banner-inner fill\">\n        <div class=\"banner-bg fill\" >\n            <img loading=\"lazy\" decoding=\"async\" width=\"1100\" height=\"400\" src=\"https:\/\/medivon.net\/wp-content\/uploads\/2024\/09\/baner-4-4.jpg\" class=\"bg attachment-original size-original\" alt=\"\" \/>                                    \n                    <\/div>\n\t\t\n        <div class=\"banner-layers container\">\n            <div class=\"fill banner-link\"><\/div>            \n        <\/div>\n      <\/div>\n\n              <div class=\"height-fix is-invisible\"><img loading=\"lazy\" decoding=\"async\" width=\"1100\" height=\"400\" src=\"https:\/\/medivon.net\/wp-content\/uploads\/2024\/09\/baner-4-4.jpg\" class=\"attachment-original size-original\" alt=\"\" srcset=\"https:\/\/medivon.net\/wp-content\/uploads\/2024\/09\/baner-4-4.jpg 1100w, https:\/\/medivon.net\/wp-content\/uploads\/2024\/09\/baner-4-4-640x233.jpg 640w, https:\/\/medivon.net\/wp-content\/uploads\/2024\/09\/baner-4-4-768x279.jpg 768w, https:\/\/medivon.net\/wp-content\/uploads\/2024\/09\/baner-4-4-500x182.jpg 500w, https:\/\/medivon.net\/wp-content\/uploads\/2024\/09\/baner-4-4-510x185.jpg 510w\" sizes=\"auto, (max-width: 1100px) 100vw, 1100px\" \/><\/div>\n              <\/div>\n\n\n\t<div id=\"gap-710527007\" class=\"gap-element clearfix\" style=\"display:block; height:auto;\">\n\t\t\n<style>\n#gap-710527007 {\n  padding-top: 10px;\n}\n@media (min-width:550px) {\n  #gap-710527007 {\n    padding-top: 50px;\n  }\n}\n<\/style>\n\t<\/div>\n\t\n\t<div id=\"text-899417710\" class=\"text\">\n\t\t\n<p style=\"text-align: center;\">Een veelzijdige set<\/p>\n\t\t\n<style>\n#text-899417710 {\n  font-size: 1.5rem;\n}\n<\/style>\n\t<\/div>\n\t\n<p style=\"text-align: center;\">Die Gun Vital ist mit 6 austauschbaren Massagek\u00f6pfen ausgestattet, sodass Sie die Therapie an Ihre individuellen Bed\u00fcrfnisse anpassen k\u00f6nnen. Ob Sie eine tiefe Shiatsu-Massage, sanfte Gesichtsmassage oder eine kr\u00e4ftige Anti-Cellulite-Behandlung ben\u00f6tigen, dieses Set hat alles, was Sie brauchen.<\/p>\n\t<div id=\"gap-1745411844\" class=\"gap-element clearfix\" style=\"display:block; height:auto;\">\n\t\t\n<style>\n#gap-1745411844 {\n  padding-top: 10px;\n}\n@media (min-width:550px) {\n  #gap-1745411844 {\n    padding-top: 30px;\n  }\n}\n<\/style>\n\t<\/div>\n\t\n\n  <div class=\"banner has-hover\" id=\"banner-558015253\">\n          <div class=\"banner-inner fill\">\n        <div class=\"banner-bg fill\" >\n            <img loading=\"lazy\" decoding=\"async\" width=\"1100\" height=\"400\" src=\"https:\/\/medivon.net\/wp-content\/uploads\/2024\/09\/baner-5-4.jpg\" class=\"bg attachment-original size-original\" alt=\"\" \/>                                    \n                    <\/div>\n\t\t\n        <div class=\"banner-layers container\">\n            <div class=\"fill banner-link\"><\/div>            \n        <\/div>\n      <\/div>\n\n              <div class=\"height-fix is-invisible\"><img loading=\"lazy\" decoding=\"async\" width=\"1100\" height=\"400\" src=\"https:\/\/medivon.net\/wp-content\/uploads\/2024\/09\/baner-5-4.jpg\" class=\"attachment-original size-original\" alt=\"\" srcset=\"https:\/\/medivon.net\/wp-content\/uploads\/2024\/09\/baner-5-4.jpg 1100w, https:\/\/medivon.net\/wp-content\/uploads\/2024\/09\/baner-5-4-640x233.jpg 640w, https:\/\/medivon.net\/wp-content\/uploads\/2024\/09\/baner-5-4-768x279.jpg 768w, https:\/\/medivon.net\/wp-content\/uploads\/2024\/09\/baner-5-4-500x182.jpg 500w, https:\/\/medivon.net\/wp-content\/uploads\/2024\/09\/baner-5-4-510x185.jpg 510w\" sizes=\"auto, (max-width: 1100px) 100vw, 1100px\" \/><\/div>\n              <\/div>\n\n\n\t<div id=\"gap-199163036\" class=\"gap-element clearfix\" style=\"display:block; height:auto;\">\n\t\t\n<style>\n#gap-199163036 {\n  padding-top: 10px;\n}\n@media (min-width:550px) {\n  #gap-199163036 {\n    padding-top: 50px;\n  }\n}\n<\/style>\n\t<\/div>\n\t\n\t<div id=\"text-2158716753\" class=\"text\">\n\t\t\n<p style=\"text-align: center;\">Mobiliteit en comfort<\/p>\n\t\t\n<style>\n#text-2158716753 {\n  font-size: 1.5rem;\n}\n<\/style>\n\t<\/div>\n\t\n<p style=\"text-align: center;\">Dank des kabellosen Designs und des robusten Etuis im Set k\u00f6nnen Sie Gun Vital \u00fcberall verwenden \u2013 zu Hause, im Fitnessstudio oder unterwegs. Die hohe Amplitude und eine Leistung von 18W garantieren eine effektive Therapie auf h\u00f6chstem Niveau.<\/p>\n\t<div id=\"gap-1845843148\" class=\"gap-element clearfix\" style=\"display:block; height:auto;\">\n\t\t\n<style>\n#gap-1845843148 {\n  padding-top: 10px;\n}\n@media (min-width:550px) {\n  #gap-1845843148 {\n    padding-top: 50px;\n  }\n}\n<\/style>\n\t<\/div>\n\t\n\n  <div class=\"banner has-hover\" id=\"banner-467127383\">\n          <div class=\"banner-inner fill\">\n        <div class=\"banner-bg fill\" >\n            <img loading=\"lazy\" decoding=\"async\" width=\"1100\" height=\"400\" src=\"https:\/\/medivon.net\/wp-content\/uploads\/2024\/09\/baner-6-1.jpg\" class=\"bg attachment-original size-original\" alt=\"\" \/>                                    \n                    <\/div>\n\t\t\n        <div class=\"banner-layers container\">\n            <div class=\"fill banner-link\"><\/div>            \n        <\/div>\n      <\/div>\n\n              <div class=\"height-fix is-invisible\"><img loading=\"lazy\" decoding=\"async\" width=\"1100\" height=\"400\" src=\"https:\/\/medivon.net\/wp-content\/uploads\/2024\/09\/baner-6-1.jpg\" class=\"attachment-original size-original\" alt=\"\" srcset=\"https:\/\/medivon.net\/wp-content\/uploads\/2024\/09\/baner-6-1.jpg 1100w, https:\/\/medivon.net\/wp-content\/uploads\/2024\/09\/baner-6-1-640x233.jpg 640w, https:\/\/medivon.net\/wp-content\/uploads\/2024\/09\/baner-6-1-768x279.jpg 768w, https:\/\/medivon.net\/wp-content\/uploads\/2024\/09\/baner-6-1-500x182.jpg 500w, https:\/\/medivon.net\/wp-content\/uploads\/2024\/09\/baner-6-1-510x185.jpg 510w\" sizes=\"auto, (max-width: 1100px) 100vw, 1100px\" \/><\/div>\n              <\/div>\n\n\n\t<div id=\"gap-1297046864\" class=\"gap-element clearfix\" style=\"display:block; height:auto;\">\n\t\t\n<style>\n#gap-1297046864 {\n  padding-top: 10px;\n}\n@media (min-width:550px) {\n  #gap-1297046864 {\n    padding-top: 50px;\n  }\n}\n<\/style>\n\t<\/div>\n\t\n","protected":false},"excerpt":{"rendered":"<ul>\n<li>Perkussionstherapie | Vibrationsmassage<\/li>\n<li>Verstevigt de huid<\/li>\n<li>Vermindert zwellingen<\/li>\n<li>Vermindert cellulite<\/li>\n<li>Ondersteunt herstel na de training en bij blessures<\/li>\n<li>Verbetert de doorbloeding<\/li>\n<li>Robuuste etui inbegrepen in de set<\/li>\n<li>Ideaal voor sporters<\/li>\n<li>Ontspant de spieren na de training<\/li>\n<li>Draadloos<\/li>\n<li>Verwisselbare massagekoppen<\/li>\n<li>Hoge amplitude \u2013 diepe massage<\/li>\n<li>Warmtefunctie<\/li>\n<li>6 massagekoppen in de set<\/li>\n<li>Vermogen 18 W<\/li>\n<\/ul>\n","protected":false},"featured_media":358967,"comment_status":"open","ping_status":"closed","template":"","meta":{"_acf_changed":false,"_glsr_average":0,"_glsr_ranking":0,"_glsr_reviews":0,"footnotes":""},"product_brand":[],"product_cat":[1200],"product_tag":[],"class_list":{"0":"post-368440","1":"product","2":"type-product","3":"status-publish","4":"has-post-thumbnail","6":"product_cat-massagepistolen-guns","8":"first","9":"instock","10":"taxable","11":"shipping-taxable","12":"purchasable","13":"product-type-simple"},"acf":[],"yoast_head":"<!-- This site is optimized with the Yoast SEO plugin v27.4 - https:\/\/yoast.com\/product\/yoast-seo-wordpress\/ -->\n<title>Medivon Gun Vital - handmassageapparaat - Medivon<\/title>\n<meta name=\"robots\" content=\"index, follow, max-snippet:-1, max-image-preview:large, max-video-preview:-1\" \/>\n<link rel=\"canonical\" href=\"https:\/\/medivon.net\/nl\/produkt\/medivon-gun-vital-handmassageapparaat\/\" \/>\n<meta property=\"og:locale\" content=\"nl_NL\" \/>\n<meta property=\"og:type\" content=\"article\" \/>\n<meta property=\"og:title\" content=\"Medivon Gun Vital - handmassageapparaat - Medivon\" \/>\n<meta property=\"og:description\" content=\"Perkussionstherapie | Vibrationsmassage  Verstevigt de huid  Vermindert zwellingen  Vermindert cellulite  Ondersteunt herstel na de training en bij blessures  Verbetert de doorbloeding  Robuuste etui inbegrepen in de set  Ideaal voor sporters  Ontspant de spieren na de training  Draadloos  Verwisselbare massagekoppen  Hoge amplitude \u2013 diepe massage  Warmtefunctie  6 massagekoppen in de set  Vermogen 18 W\" \/>\n<meta property=\"og:url\" content=\"https:\/\/medivon.net\/nl\/produkt\/medivon-gun-vital-handmassageapparaat\/\" \/>\n<meta property=\"og:site_name\" content=\"Medivon\" \/>\n<meta property=\"article:modified_time\" content=\"2026-01-13T10:42:25+00:00\" \/>\n<meta property=\"og:image\" content=\"https:\/\/medivon.net\/wp-content\/uploads\/2024\/09\/1main_Gun-Vital-510x565-1.jpg\" \/>\n\t<meta property=\"og:image:width\" content=\"510\" \/>\n\t<meta property=\"og:image:height\" content=\"565\" \/>\n\t<meta property=\"og:image:type\" content=\"image\/jpeg\" \/>\n<meta name=\"twitter:card\" content=\"summary_large_image\" \/>\n<meta name=\"twitter:label1\" content=\"Geschatte leestijd\" \/>\n\t<meta name=\"twitter:data1\" content=\"2 minuten\" \/>\n<script type=\"application\/ld+json\" class=\"yoast-schema-graph\">{\"@context\":\"https:\\\/\\\/schema.org\",\"@graph\":[{\"@type\":\"WebPage\",\"@id\":\"https:\\\/\\\/medivon.net\\\/nl\\\/produkt\\\/medivon-gun-vital-handmassageapparaat\\\/\",\"url\":\"https:\\\/\\\/medivon.net\\\/nl\\\/produkt\\\/medivon-gun-vital-handmassageapparaat\\\/\",\"name\":\"Medivon Gun Vital - handmassageapparaat - Medivon\",\"isPartOf\":{\"@id\":\"https:\\\/\\\/medivon.net\\\/nl\\\/#website\"},\"primaryImageOfPage\":{\"@id\":\"https:\\\/\\\/medivon.net\\\/nl\\\/produkt\\\/medivon-gun-vital-handmassageapparaat\\\/#primaryimage\"},\"image\":{\"@id\":\"https:\\\/\\\/medivon.net\\\/nl\\\/produkt\\\/medivon-gun-vital-handmassageapparaat\\\/#primaryimage\"},\"thumbnailUrl\":\"https:\\\/\\\/medivon.net\\\/wp-content\\\/uploads\\\/2024\\\/09\\\/1main_Gun-Vital-510x565-1.jpg\",\"datePublished\":\"2024-09-05T08:20:05+00:00\",\"dateModified\":\"2026-01-13T10:42:25+00:00\",\"breadcrumb\":{\"@id\":\"https:\\\/\\\/medivon.net\\\/nl\\\/produkt\\\/medivon-gun-vital-handmassageapparaat\\\/#breadcrumb\"},\"inLanguage\":\"nl-NL\",\"potentialAction\":[{\"@type\":\"ReadAction\",\"target\":[\"https:\\\/\\\/medivon.net\\\/nl\\\/produkt\\\/medivon-gun-vital-handmassageapparaat\\\/\"]}]},{\"@type\":\"ImageObject\",\"inLanguage\":\"nl-NL\",\"@id\":\"https:\\\/\\\/medivon.net\\\/nl\\\/produkt\\\/medivon-gun-vital-handmassageapparaat\\\/#primaryimage\",\"url\":\"https:\\\/\\\/medivon.net\\\/wp-content\\\/uploads\\\/2024\\\/09\\\/1main_Gun-Vital-510x565-1.jpg\",\"contentUrl\":\"https:\\\/\\\/medivon.net\\\/wp-content\\\/uploads\\\/2024\\\/09\\\/1main_Gun-Vital-510x565-1.jpg\",\"width\":510,\"height\":565},{\"@type\":\"BreadcrumbList\",\"@id\":\"https:\\\/\\\/medivon.net\\\/nl\\\/produkt\\\/medivon-gun-vital-handmassageapparaat\\\/#breadcrumb\",\"itemListElement\":[{\"@type\":\"ListItem\",\"position\":1,\"name\":\"Speichern\",\"item\":\"https:\\\/\\\/medivon.net\\\/speichern\\\/\"},{\"@type\":\"ListItem\",\"position\":2,\"name\":\"Medivon Gun Vital &#8211; handmassageapparaat\"}]},{\"@type\":\"WebSite\",\"@id\":\"https:\\\/\\\/medivon.net\\\/nl\\\/#website\",\"url\":\"https:\\\/\\\/medivon.net\\\/nl\\\/\",\"name\":\"Medivon\",\"description\":\"\",\"potentialAction\":[{\"@type\":\"SearchAction\",\"target\":{\"@type\":\"EntryPoint\",\"urlTemplate\":\"https:\\\/\\\/medivon.net\\\/nl\\\/?s={search_term_string}\"},\"query-input\":{\"@type\":\"PropertyValueSpecification\",\"valueRequired\":true,\"valueName\":\"search_term_string\"}}],\"inLanguage\":\"nl-NL\"}]}<\/script>\n<!-- \/ Yoast SEO plugin. -->","yoast_head_json":{"title":"Medivon Gun Vital - handmassageapparaat - Medivon","robots":{"index":"index","follow":"follow","max-snippet":"max-snippet:-1","max-image-preview":"max-image-preview:large","max-video-preview":"max-video-preview:-1"},"canonical":"https:\/\/medivon.net\/nl\/produkt\/medivon-gun-vital-handmassageapparaat\/","og_locale":"nl_NL","og_type":"article","og_title":"Medivon Gun Vital - handmassageapparaat - Medivon","og_description":"Perkussionstherapie | Vibrationsmassage  Verstevigt de huid  Vermindert zwellingen  Vermindert cellulite  Ondersteunt herstel na de training en bij blessures  Verbetert de doorbloeding  Robuuste etui inbegrepen in de set  Ideaal voor sporters  Ontspant de spieren na de training  Draadloos  Verwisselbare massagekoppen  Hoge amplitude \u2013 diepe massage  Warmtefunctie  6 massagekoppen in de set  Vermogen 18 W","og_url":"https:\/\/medivon.net\/nl\/produkt\/medivon-gun-vital-handmassageapparaat\/","og_site_name":"Medivon","article_modified_time":"2026-01-13T10:42:25+00:00","og_image":[{"width":510,"height":565,"url":"https:\/\/medivon.net\/wp-content\/uploads\/2024\/09\/1main_Gun-Vital-510x565-1.jpg","type":"image\/jpeg"}],"twitter_card":"summary_large_image","twitter_misc":{"Geschatte leestijd":"2 minuten"},"schema":{"@context":"https:\/\/schema.org","@graph":[{"@type":"WebPage","@id":"https:\/\/medivon.net\/nl\/produkt\/medivon-gun-vital-handmassageapparaat\/","url":"https:\/\/medivon.net\/nl\/produkt\/medivon-gun-vital-handmassageapparaat\/","name":"Medivon Gun Vital - handmassageapparaat - Medivon","isPartOf":{"@id":"https:\/\/medivon.net\/nl\/#website"},"primaryImageOfPage":{"@id":"https:\/\/medivon.net\/nl\/produkt\/medivon-gun-vital-handmassageapparaat\/#primaryimage"},"image":{"@id":"https:\/\/medivon.net\/nl\/produkt\/medivon-gun-vital-handmassageapparaat\/#primaryimage"},"thumbnailUrl":"https:\/\/medivon.net\/wp-content\/uploads\/2024\/09\/1main_Gun-Vital-510x565-1.jpg","datePublished":"2024-09-05T08:20:05+00:00","dateModified":"2026-01-13T10:42:25+00:00","breadcrumb":{"@id":"https:\/\/medivon.net\/nl\/produkt\/medivon-gun-vital-handmassageapparaat\/#breadcrumb"},"inLanguage":"nl-NL","potentialAction":[{"@type":"ReadAction","target":["https:\/\/medivon.net\/nl\/produkt\/medivon-gun-vital-handmassageapparaat\/"]}]},{"@type":"ImageObject","inLanguage":"nl-NL","@id":"https:\/\/medivon.net\/nl\/produkt\/medivon-gun-vital-handmassageapparaat\/#primaryimage","url":"https:\/\/medivon.net\/wp-content\/uploads\/2024\/09\/1main_Gun-Vital-510x565-1.jpg","contentUrl":"https:\/\/medivon.net\/wp-content\/uploads\/2024\/09\/1main_Gun-Vital-510x565-1.jpg","width":510,"height":565},{"@type":"BreadcrumbList","@id":"https:\/\/medivon.net\/nl\/produkt\/medivon-gun-vital-handmassageapparaat\/#breadcrumb","itemListElement":[{"@type":"ListItem","position":1,"name":"Speichern","item":"https:\/\/medivon.net\/speichern\/"},{"@type":"ListItem","position":2,"name":"Medivon Gun Vital &#8211; handmassageapparaat"}]},{"@type":"WebSite","@id":"https:\/\/medivon.net\/nl\/#website","url":"https:\/\/medivon.net\/nl\/","name":"Medivon","description":"","potentialAction":[{"@type":"SearchAction","target":{"@type":"EntryPoint","urlTemplate":"https:\/\/medivon.net\/nl\/?s={search_term_string}"},"query-input":{"@type":"PropertyValueSpecification","valueRequired":true,"valueName":"search_term_string"}}],"inLanguage":"nl-NL"}]}},"_links":{"self":[{"href":"https:\/\/medivon.net\/nl\/wp-json\/wp\/v2\/product\/368440","targetHints":{"allow":["GET"]}}],"collection":[{"href":"https:\/\/medivon.net\/nl\/wp-json\/wp\/v2\/product"}],"about":[{"href":"https:\/\/medivon.net\/nl\/wp-json\/wp\/v2\/types\/product"}],"replies":[{"embeddable":true,"href":"https:\/\/medivon.net\/nl\/wp-json\/wp\/v2\/comments?post=368440"}],"version-history":[{"count":4,"href":"https:\/\/medivon.net\/nl\/wp-json\/wp\/v2\/product\/368440\/revisions"}],"predecessor-version":[{"id":368450,"href":"https:\/\/medivon.net\/nl\/wp-json\/wp\/v2\/product\/368440\/revisions\/368450"}],"wp:featuredmedia":[{"embeddable":true,"href":"https:\/\/medivon.net\/nl\/wp-json\/wp\/v2\/media\/358967"}],"wp:attachment":[{"href":"https:\/\/medivon.net\/nl\/wp-json\/wp\/v2\/media?parent=368440"}],"wp:term":[{"taxonomy":"product_brand","embeddable":true,"href":"https:\/\/medivon.net\/nl\/wp-json\/wp\/v2\/product_brand?post=368440"},{"taxonomy":"product_cat","embeddable":true,"href":"https:\/\/medivon.net\/nl\/wp-json\/wp\/v2\/product_cat?post=368440"},{"taxonomy":"product_tag","embeddable":true,"href":"https:\/\/medivon.net\/nl\/wp-json\/wp\/v2\/product_tag?post=368440"}],"curies":[{"name":"wp","href":"https:\/\/api.w.org\/{rel}","templated":true}]}}