{"id":368366,"date":"2025-12-09T09:10:56","date_gmt":"2025-12-09T08:10:56","guid":{"rendered":"https:\/\/medivon.net\/produkt\/medivon-cushy-2-elektrisch-anti-cellulite-massageapparaat-handmassageapparaat-voor-het-lichaam-elektrische-cuppingbal\/"},"modified":"2026-01-13T10:47:32","modified_gmt":"2026-01-13T09:47:32","slug":"medivon-cushy-2-elektrisch-anti-cellulite-massageapparaat-handmassageapparaat-voor-het-lichaam-elektrische-cuppingbal","status":"publish","type":"product","link":"https:\/\/medivon.net\/nl\/produkt\/medivon-cushy-2-elektrisch-anti-cellulite-massageapparaat-handmassageapparaat-voor-het-lichaam-elektrische-cuppingbal\/","title":{"rendered":"Medivon Cushy 2, elektrisch anti-cellulite massageapparaat, handmassageapparaat voor het lichaam, elektrische cuppingbal"},"content":{"rendered":"<p data-start=\"271\" data-end=\"280\">\n\t<section class=\"section\" id=\"section_231101381\">\n\t\t<div class=\"section-bg fill\" >\n\t\t\t\t\t\t\t\t\t\n\t\t\t\n\n\t\t<\/div>\n\n\t\t\n\n\t\t<div class=\"section-content relative\">\n\t\t\t\n<p data-start=\"282\" data-end=\"287\"><div class=\"row\"  id=\"row-1946285517\">\n<p data-start=\"289\" data-end=\"308\">\n<\/div>\n<div class=\"row\"  id=\"row-1012680308\">\n<p data-start=\"422\" data-end=\"441\">\n\t<div id=\"col-956440000\" class=\"col small-12 large-12\"  >\n\t\t\t\t<div class=\"col-inner\"  >\n\t\t\t\n\t\t\t\n<p data-start=\"443\" data-end=\"517\"><span style=\"font-size: 150%;\"><strong>Vermoeid lichaam na een lange dag? Breng lichtheid en comfort terug <\/strong><\/span><\/p>\n<p data-start=\"519\" data-end=\"1066\">Lange werkuren, een voornamelijk zittende levensstijl of juist een intensieve dagelijkse routine kunnen het lichaam merkbaar belasten. Zware benen, gespannen spieren, zwellingen of een gebrek aan ontspanning in de dijen, rug of armen zijn duidelijke signalen dat het lichaam herstel nodig heeft. Medivon Cushy 2 maakt gebruik van de kracht van vacu\u00fcmmassage om de microcirculatie te stimuleren en de lymfedrainage te ondersteunen \u2013 voor merkbare lichtheid en ontspanning al in de eerste minuten van gebruik.<\/p>\n\t\t<\/div>\n\t\t\t\t\t<\/div>\n\n\t\n<\/div>\n<div class=\"row\"  id=\"row-537588668\">\n<p data-start=\"1090\" data-end=\"1109\">\n\t<div id=\"col-1814657333\" class=\"col small-12 large-12\"  >\n\t\t\t\t<div class=\"col-inner\"  >\n\t\t\t\n\t\t\t\n<p data-start=\"1111\" data-end=\"1133\">\t<div class=\"img has-hover x md-x lg-x y md-y lg-y\" id=\"image_829415398\">\n\t\t\t\t\t\t\t\t<div class=\"img-inner dark\" >\n\t\t\t<img loading=\"lazy\" decoding=\"async\" width=\"1020\" height=\"467\" src=\"https:\/\/medivon.net\/wp-content\/uploads\/2025\/12\/img1-3.jpg\" class=\"attachment-large size-large\" alt=\"\" srcset=\"https:\/\/medivon.net\/wp-content\/uploads\/2025\/12\/img1-3.jpg 1100w, https:\/\/medivon.net\/wp-content\/uploads\/2025\/12\/img1-3-640x293.jpg 640w, https:\/\/medivon.net\/wp-content\/uploads\/2025\/12\/img1-3-768x352.jpg 768w, https:\/\/medivon.net\/wp-content\/uploads\/2025\/12\/img1-3-510x234.jpg 510w\" sizes=\"auto, (max-width: 1020px) 100vw, 1020px\" \/>\t\t\t\t\t\t\n\t\t\t\t\t<\/div>\n\t\t\t\t\t\t\t\t\n<style>\n#image_829415398 {\n  width: 100%;\n}\n<\/style>\n\t<\/div>\n\t\n\t\t<\/div>\n\t\t\t\t\t<\/div>\n\n\t\n<\/div>\n<div class=\"row align-middle\"  id=\"row-2054168883\">\n<p data-start=\"1157\" data-end=\"1185\">\n\t<div id=\"col-960957307\" class=\"col medium-6 small-12 large-6\"  >\n\t\t\t\t<div class=\"col-inner\"  >\n\t\t\t\n\t\t\t\n<p data-start=\"1187\" data-end=\"1209\">\t<div class=\"img has-hover x md-x lg-x y md-y lg-y\" id=\"image_1573778467\">\n\t\t\t\t\t\t\t\t<div class=\"img-inner dark\" >\n\t\t\t<img loading=\"lazy\" decoding=\"async\" width=\"1020\" height=\"745\" src=\"https:\/\/medivon.net\/wp-content\/uploads\/2025\/12\/img2-3.jpg\" class=\"attachment-large size-large\" alt=\"\" srcset=\"https:\/\/medivon.net\/wp-content\/uploads\/2025\/12\/img2-3.jpg 1100w, https:\/\/medivon.net\/wp-content\/uploads\/2025\/12\/img2-3-640x467.jpg 640w, https:\/\/medivon.net\/wp-content\/uploads\/2025\/12\/img2-3-768x561.jpg 768w, https:\/\/medivon.net\/wp-content\/uploads\/2025\/12\/img2-3-510x372.jpg 510w\" sizes=\"auto, (max-width: 1020px) 100vw, 1020px\" \/>\t\t\t\t\t\t\n\t\t\t\t\t<\/div>\n\t\t\t\t\t\t\t\t\n<style>\n#image_1573778467 {\n  width: 100%;\n}\n<\/style>\n\t<\/div>\n\t\n\t\t<\/div>\n\t\t\t\t\t<\/div>\n\n\t\n\n\t<div id=\"col-883699643\" class=\"col medium-6 small-12 large-6\"  >\n\t\t\t\t<div class=\"col-inner\"  >\n\t\t\t\n\t\t\t\n<p data-start=\"1248\" data-end=\"1320\"><span style=\"font-size: 150%;\"><strong>Spierherstel na het sporten \u2013 een effectieve weg terug naar vorm<\/strong><\/span><\/p>\n<p data-start=\"1322\" data-end=\"1797\">Spierspanning na het sporten, spierpijn of rugspanning kunnen de activiteit de volgende dag bemoeilijken. Met 3 massageprogramma&#8217;s (Vitality, Soothing, Depth) en 4 intensiteitsniveaus past het apparaat zich zowel aan voor zachte ontspanning als diep spierherstel. De extra verwarmingsfunctie ontspant het weefsel, verbetert de doorbloeding en verhoogt de effectiviteit van de massage \u2013 voor sneller herstel na inspanning.<\/p>\n\t\t<\/div>\n\t\t\t\t\t<\/div>\n\n\t\n<\/div>\n<div class=\"row\"  id=\"row-1750359755\">\n<p data-start=\"1821\" data-end=\"1840\">\n\t<div id=\"col-583526893\" class=\"col small-12 large-12\"  >\n\t\t\t\t<div class=\"col-inner\"  >\n\t\t\t\n\t\t\t\n<p data-start=\"1842\" data-end=\"1924\"><span style=\"font-size: 150%;\"><strong>Strakkere, gladdere huid \u2013 ondersteuning in de strijd tegen zwellingen en cellulitis<\/strong><\/span><\/p>\n<p data-start=\"1926\" data-end=\"2374\">Onregelmatige verzorging, langdurig zitten of vochtophoping kunnen de huidelasticiteit verminderen. De vacu\u00fcmmassage stimuleert de collageenproductie, verbetert de doorbloeding en vermindert zichtbaar het \u201csinaasappelhuid\u201d-effect. Bij regelmatig gebruik kan Cushy 2 helpen de huid van dijen, buik, billen of armen te verstevigen en te egaliseren \u2013 voor een mooiere lichaamscontour zonder uitgebreide behandelingen in het schoonheidsinstituut.<\/p>\n\t\t<\/div>\n\t\t\t\t\t<\/div>\n\n\t\n<\/div>\n<div class=\"row\"  id=\"row-1513640585\">\n<p data-start=\"2398\" data-end=\"2417\">\n\t<div id=\"col-755094270\" class=\"col small-12 large-12\"  >\n\t\t\t\t<div class=\"col-inner\"  >\n\t\t\t\n\t\t\t\n<p data-start=\"2419\" data-end=\"2441\">\t<div class=\"img has-hover x md-x lg-x y md-y lg-y\" id=\"image_2081765631\">\n\t\t\t\t\t\t\t\t<div class=\"img-inner dark\" >\n\t\t\t<img loading=\"lazy\" decoding=\"async\" width=\"1020\" height=\"539\" src=\"https:\/\/medivon.net\/wp-content\/uploads\/2025\/12\/img3-3.jpg\" class=\"attachment-large size-large\" alt=\"\" srcset=\"https:\/\/medivon.net\/wp-content\/uploads\/2025\/12\/img3-3.jpg 1100w, https:\/\/medivon.net\/wp-content\/uploads\/2025\/12\/img3-3-640x338.jpg 640w, https:\/\/medivon.net\/wp-content\/uploads\/2025\/12\/img3-3-768x406.jpg 768w, https:\/\/medivon.net\/wp-content\/uploads\/2025\/12\/img3-3-510x269.jpg 510w\" sizes=\"auto, (max-width: 1020px) 100vw, 1020px\" \/>\t\t\t\t\t\t\n\t\t\t\t\t<\/div>\n\t\t\t\t\t\t\t\t\n<style>\n#image_2081765631 {\n  width: 100%;\n}\n<\/style>\n\t<\/div>\n\t\n\t\t<\/div>\n\t\t\t\t\t<\/div>\n\n\t\n<\/div>\n<div class=\"row\"  id=\"row-73550312\">\n<p data-start=\"2465\" data-end=\"2484\">\n\t<div id=\"col-854138331\" class=\"col small-12 large-12\"  >\n\t\t\t\t<div class=\"col-inner\"  >\n\t\t\t\n\t\t\t\n<p data-start=\"2486\" data-end=\"2548\"><span style=\"font-size: 150%;\"><strong>Maximaal comfort \u2013 jij kiest modus, intensiteit en warmtelevel<\/strong><\/span><\/p>\n<p data-start=\"2550\" data-end=\"3015\">De bediening is intu\u00eftief en snel \u2013 elke massage-instelling kan met \u00e9\u00e9n knop worden aangepast. Je kunt kiezen tussen 3 massageprogramma\u2019s, 4 intensiteitsniveaus en 4 warmtelevels, zodat elke toepassing optimaal is afgestemd op jouw behoeften: zachte lymfedrainage \u2019s avonds, diepere massage na het sporten of aangename warmte na het werk. Een automatische 15-minuten-timer zorgt voor veiligheid en comfortabel gebruik.<\/p>\n\t\t<\/div>\n\t\t\t\t\t<\/div>\n\n\t\n<\/div>\n<div class=\"row\"  id=\"row-113207684\">\n<p data-start=\"3039\" data-end=\"3058\">\n\t<div id=\"col-1926580606\" class=\"col small-12 large-12\"  >\n\t\t\t\t<div class=\"col-inner\"  >\n\t\t\t\n\t\t\t\n<p data-start=\"3060\" data-end=\"3082\">\t<div class=\"img has-hover x md-x lg-x y md-y lg-y\" id=\"image_1340828519\">\n\t\t\t\t\t\t\t\t<div class=\"img-inner dark\" >\n\t\t\t<img loading=\"lazy\" decoding=\"async\" width=\"1020\" height=\"539\" src=\"https:\/\/medivon.net\/wp-content\/uploads\/2025\/12\/img4-3.jpg\" class=\"attachment-large size-large\" alt=\"\" srcset=\"https:\/\/medivon.net\/wp-content\/uploads\/2025\/12\/img4-3.jpg 1100w, https:\/\/medivon.net\/wp-content\/uploads\/2025\/12\/img4-3-640x338.jpg 640w, https:\/\/medivon.net\/wp-content\/uploads\/2025\/12\/img4-3-768x406.jpg 768w, https:\/\/medivon.net\/wp-content\/uploads\/2025\/12\/img4-3-510x269.jpg 510w\" sizes=\"auto, (max-width: 1020px) 100vw, 1020px\" \/>\t\t\t\t\t\t\n\t\t\t\t\t<\/div>\n\t\t\t\t\t\t\t\t\n<style>\n#image_1340828519 {\n  width: 100%;\n}\n<\/style>\n\t<\/div>\n\t\n\t\t<\/div>\n\t\t\t\t\t<\/div>\n\n\t\n<\/div>\n<div class=\"row\"  id=\"row-1156171104\">\n<p data-start=\"3106\" data-end=\"3125\">\n\t<div id=\"col-41107898\" class=\"col small-12 large-12\"  >\n\t\t\t\t<div class=\"col-inner\"  >\n\t\t\t\n\t\t\t\n<p data-start=\"3127\" data-end=\"3189\"><span style=\"font-size: 150%;\"><strong>Altijd binnen handbereik \u2013 elegant, draadloos en direct klaar voor gebruik<\/strong><\/span><\/p>\n<p data-start=\"3191\" data-end=\"3696\">Het lichte ontwerp, de ergonomische vorm en het draadloze gebruik maken Cushy 2 tot een ideale metgezel voor dagelijks herstel. Je kunt het thuis gebruiken, meenemen naar de sportschool of in de reistas stoppen. Het opladen via USB-C en de krachtige lithium-ion accu zorgen voor hoog gebruiksgemak, terwijl het blauw-gouden design het apparaat een moderne, elegante uitstraling geeft. Een persoonlijke masseur die je helpt om lichaam, huid en welzijn te verzorgen \u2013 op elk moment.<\/p>\n\t\t<\/div>\n\t\t\t\t\t<\/div>\n\n\t\n<\/div>\n<div class=\"row\"  id=\"row-903661982\">\n<p data-start=\"3720\" data-end=\"3739\">\n\t<div id=\"col-1317733117\" class=\"col small-12 large-12\"  >\n\t\t\t\t<div class=\"col-inner\"  >\n\t\t\t\n\t\t\t\n<p data-start=\"3741\" data-end=\"3763\">\t<div class=\"img has-hover x md-x lg-x y md-y lg-y\" id=\"image_1933049869\">\n\t\t\t\t\t\t\t\t<div class=\"img-inner dark\" >\n\t\t\t<img loading=\"lazy\" decoding=\"async\" width=\"1020\" height=\"539\" src=\"https:\/\/medivon.net\/wp-content\/uploads\/2025\/12\/img5-3.jpg\" class=\"attachment-large size-large\" alt=\"\" srcset=\"https:\/\/medivon.net\/wp-content\/uploads\/2025\/12\/img5-3.jpg 1100w, https:\/\/medivon.net\/wp-content\/uploads\/2025\/12\/img5-3-640x338.jpg 640w, https:\/\/medivon.net\/wp-content\/uploads\/2025\/12\/img5-3-768x406.jpg 768w, https:\/\/medivon.net\/wp-content\/uploads\/2025\/12\/img5-3-510x269.jpg 510w\" sizes=\"auto, (max-width: 1020px) 100vw, 1020px\" \/>\t\t\t\t\t\t\n\t\t\t\t\t<\/div>\n\t\t\t\t\t\t\t\t\n<style>\n#image_1933049869 {\n  width: 100%;\n}\n<\/style>\n\t<\/div>\n\t\n\t\t<\/div>\n\t\t\t\t\t<\/div>\n\n\t\n<\/div>\n\t\t<\/div>\n\n\t\t\n<style>\n#section_231101381 {\n  padding-top: 30px;\n  padding-bottom: 30px;\n}\n<\/style>\n\t<\/section>\n\t\n","protected":false},"excerpt":{"rendered":"<p>De moderne elektrische cuppingbal combineert de traditionele vacu\u00fcmtherapie met innovatieve massage- en warmtetechnologie..<\/p>\n<ul data-start=\"323\" data-end=\"581\">\n<li data-start=\"323\" data-end=\"349\">4 vacu\u00fcmniveaus<\/li>\n<li data-start=\"350\" data-end=\"372\">3 bedieningsmodi<\/li>\n<li data-start=\"373\" data-end=\"404\">4-traps verwarmingsfunctie<\/li>\n<li data-start=\"405\" data-end=\"499\">De combinatie van vacu\u00fcmmassage en warmte ontspant de spieren en verbetert het huidgevoel<\/li>\n<li data-start=\"500\" data-end=\"540\">Compact, draadloos ontwerp<\/li>\n<li data-start=\"541\" data-end=\"581\">Ge\u00efntegreerde accu en USB-C-oplading<\/li>\n<\/ul>\n","protected":false},"featured_media":368350,"comment_status":"open","ping_status":"closed","template":"","meta":{"_acf_changed":false,"_glsr_average":0,"_glsr_ranking":0,"_glsr_reviews":0,"footnotes":""},"product_brand":[],"product_cat":[1204],"product_tag":[],"class_list":{"0":"post-368366","1":"product","2":"type-product","3":"status-publish","4":"has-post-thumbnail","6":"product_cat-lichaamsmassageapparaten","8":"first","9":"instock","10":"taxable","11":"shipping-taxable","12":"purchasable","13":"product-type-simple"},"acf":[],"yoast_head":"<!-- This site is optimized with the Yoast SEO plugin v27.4 - https:\/\/yoast.com\/product\/yoast-seo-wordpress\/ -->\n<title>Medivon Cushy 2, elektrisch anti-cellulite massageapparaat, handmassageapparaat voor het lichaam, elektrische cuppingbal - Medivon<\/title>\n<meta name=\"robots\" content=\"index, follow, max-snippet:-1, max-image-preview:large, max-video-preview:-1\" \/>\n<link rel=\"canonical\" href=\"https:\/\/medivon.net\/nl\/produkt\/medivon-cushy-2-elektrisch-anti-cellulite-massageapparaat-handmassageapparaat-voor-het-lichaam-elektrische-cuppingbal\/\" \/>\n<meta property=\"og:locale\" content=\"nl_NL\" \/>\n<meta property=\"og:type\" content=\"article\" \/>\n<meta property=\"og:title\" content=\"Medivon Cushy 2, elektrisch anti-cellulite massageapparaat, handmassageapparaat voor het lichaam, elektrische cuppingbal - Medivon\" \/>\n<meta property=\"og:description\" content=\"De moderne elektrische cuppingbal combineert de traditionele vacu\u00fcmtherapie met innovatieve massage- en warmtetechnologie..   4 vacu\u00fcmniveaus  3 bedieningsmodi  4-traps verwarmingsfunctie  De combinatie van vacu\u00fcmmassage en warmte ontspant de spieren en verbetert het huidgevoel  Compact, draadloos ontwerp  Ge\u00efntegreerde accu en USB-C-oplading\" \/>\n<meta property=\"og:url\" content=\"https:\/\/medivon.net\/nl\/produkt\/medivon-cushy-2-elektrisch-anti-cellulite-massageapparaat-handmassageapparaat-voor-het-lichaam-elektrische-cuppingbal\/\" \/>\n<meta property=\"og:site_name\" content=\"Medivon\" \/>\n<meta property=\"article:modified_time\" content=\"2026-01-13T09:47:32+00:00\" \/>\n<meta property=\"og:image\" content=\"https:\/\/medivon.net\/wp-content\/uploads\/2025\/12\/Cushy2_main.jpg\" \/>\n\t<meta property=\"og:image:width\" content=\"1200\" \/>\n\t<meta property=\"og:image:height\" content=\"1200\" \/>\n\t<meta property=\"og:image:type\" content=\"image\/jpeg\" \/>\n<meta name=\"twitter:card\" content=\"summary_large_image\" \/>\n<meta name=\"twitter:label1\" content=\"Geschatte leestijd\" \/>\n\t<meta name=\"twitter:data1\" content=\"3 minuten\" \/>\n<script type=\"application\/ld+json\" class=\"yoast-schema-graph\">{\"@context\":\"https:\\\/\\\/schema.org\",\"@graph\":[{\"@type\":\"WebPage\",\"@id\":\"https:\\\/\\\/medivon.net\\\/nl\\\/produkt\\\/medivon-cushy-2-elektrisch-anti-cellulite-massageapparaat-handmassageapparaat-voor-het-lichaam-elektrische-cuppingbal\\\/\",\"url\":\"https:\\\/\\\/medivon.net\\\/nl\\\/produkt\\\/medivon-cushy-2-elektrisch-anti-cellulite-massageapparaat-handmassageapparaat-voor-het-lichaam-elektrische-cuppingbal\\\/\",\"name\":\"Medivon Cushy 2, elektrisch anti-cellulite massageapparaat, handmassageapparaat voor het lichaam, elektrische cuppingbal - Medivon\",\"isPartOf\":{\"@id\":\"https:\\\/\\\/medivon.net\\\/nl\\\/#website\"},\"primaryImageOfPage\":{\"@id\":\"https:\\\/\\\/medivon.net\\\/nl\\\/produkt\\\/medivon-cushy-2-elektrisch-anti-cellulite-massageapparaat-handmassageapparaat-voor-het-lichaam-elektrische-cuppingbal\\\/#primaryimage\"},\"image\":{\"@id\":\"https:\\\/\\\/medivon.net\\\/nl\\\/produkt\\\/medivon-cushy-2-elektrisch-anti-cellulite-massageapparaat-handmassageapparaat-voor-het-lichaam-elektrische-cuppingbal\\\/#primaryimage\"},\"thumbnailUrl\":\"https:\\\/\\\/medivon.net\\\/wp-content\\\/uploads\\\/2025\\\/12\\\/Cushy2_main.jpg\",\"datePublished\":\"2025-12-09T08:10:56+00:00\",\"dateModified\":\"2026-01-13T09:47:32+00:00\",\"breadcrumb\":{\"@id\":\"https:\\\/\\\/medivon.net\\\/nl\\\/produkt\\\/medivon-cushy-2-elektrisch-anti-cellulite-massageapparaat-handmassageapparaat-voor-het-lichaam-elektrische-cuppingbal\\\/#breadcrumb\"},\"inLanguage\":\"nl-NL\",\"potentialAction\":[{\"@type\":\"ReadAction\",\"target\":[\"https:\\\/\\\/medivon.net\\\/nl\\\/produkt\\\/medivon-cushy-2-elektrisch-anti-cellulite-massageapparaat-handmassageapparaat-voor-het-lichaam-elektrische-cuppingbal\\\/\"]}]},{\"@type\":\"ImageObject\",\"inLanguage\":\"nl-NL\",\"@id\":\"https:\\\/\\\/medivon.net\\\/nl\\\/produkt\\\/medivon-cushy-2-elektrisch-anti-cellulite-massageapparaat-handmassageapparaat-voor-het-lichaam-elektrische-cuppingbal\\\/#primaryimage\",\"url\":\"https:\\\/\\\/medivon.net\\\/wp-content\\\/uploads\\\/2025\\\/12\\\/Cushy2_main.jpg\",\"contentUrl\":\"https:\\\/\\\/medivon.net\\\/wp-content\\\/uploads\\\/2025\\\/12\\\/Cushy2_main.jpg\",\"width\":1200,\"height\":1200},{\"@type\":\"BreadcrumbList\",\"@id\":\"https:\\\/\\\/medivon.net\\\/nl\\\/produkt\\\/medivon-cushy-2-elektrisch-anti-cellulite-massageapparaat-handmassageapparaat-voor-het-lichaam-elektrische-cuppingbal\\\/#breadcrumb\",\"itemListElement\":[{\"@type\":\"ListItem\",\"position\":1,\"name\":\"Speichern\",\"item\":\"https:\\\/\\\/medivon.net\\\/speichern\\\/\"},{\"@type\":\"ListItem\",\"position\":2,\"name\":\"Medivon Cushy 2, elektrisch anti-cellulite massageapparaat, handmassageapparaat voor het lichaam, elektrische cuppingbal\"}]},{\"@type\":\"WebSite\",\"@id\":\"https:\\\/\\\/medivon.net\\\/nl\\\/#website\",\"url\":\"https:\\\/\\\/medivon.net\\\/nl\\\/\",\"name\":\"Medivon\",\"description\":\"\",\"potentialAction\":[{\"@type\":\"SearchAction\",\"target\":{\"@type\":\"EntryPoint\",\"urlTemplate\":\"https:\\\/\\\/medivon.net\\\/nl\\\/?s={search_term_string}\"},\"query-input\":{\"@type\":\"PropertyValueSpecification\",\"valueRequired\":true,\"valueName\":\"search_term_string\"}}],\"inLanguage\":\"nl-NL\"}]}<\/script>\n<!-- \/ Yoast SEO plugin. -->","yoast_head_json":{"title":"Medivon Cushy 2, elektrisch anti-cellulite massageapparaat, handmassageapparaat voor het lichaam, elektrische cuppingbal - Medivon","robots":{"index":"index","follow":"follow","max-snippet":"max-snippet:-1","max-image-preview":"max-image-preview:large","max-video-preview":"max-video-preview:-1"},"canonical":"https:\/\/medivon.net\/nl\/produkt\/medivon-cushy-2-elektrisch-anti-cellulite-massageapparaat-handmassageapparaat-voor-het-lichaam-elektrische-cuppingbal\/","og_locale":"nl_NL","og_type":"article","og_title":"Medivon Cushy 2, elektrisch anti-cellulite massageapparaat, handmassageapparaat voor het lichaam, elektrische cuppingbal - Medivon","og_description":"De moderne elektrische cuppingbal combineert de traditionele vacu\u00fcmtherapie met innovatieve massage- en warmtetechnologie..   4 vacu\u00fcmniveaus  3 bedieningsmodi  4-traps verwarmingsfunctie  De combinatie van vacu\u00fcmmassage en warmte ontspant de spieren en verbetert het huidgevoel  Compact, draadloos ontwerp  Ge\u00efntegreerde accu en USB-C-oplading","og_url":"https:\/\/medivon.net\/nl\/produkt\/medivon-cushy-2-elektrisch-anti-cellulite-massageapparaat-handmassageapparaat-voor-het-lichaam-elektrische-cuppingbal\/","og_site_name":"Medivon","article_modified_time":"2026-01-13T09:47:32+00:00","og_image":[{"width":1200,"height":1200,"url":"https:\/\/medivon.net\/wp-content\/uploads\/2025\/12\/Cushy2_main.jpg","type":"image\/jpeg"}],"twitter_card":"summary_large_image","twitter_misc":{"Geschatte leestijd":"3 minuten"},"schema":{"@context":"https:\/\/schema.org","@graph":[{"@type":"WebPage","@id":"https:\/\/medivon.net\/nl\/produkt\/medivon-cushy-2-elektrisch-anti-cellulite-massageapparaat-handmassageapparaat-voor-het-lichaam-elektrische-cuppingbal\/","url":"https:\/\/medivon.net\/nl\/produkt\/medivon-cushy-2-elektrisch-anti-cellulite-massageapparaat-handmassageapparaat-voor-het-lichaam-elektrische-cuppingbal\/","name":"Medivon Cushy 2, elektrisch anti-cellulite massageapparaat, handmassageapparaat voor het lichaam, elektrische cuppingbal - Medivon","isPartOf":{"@id":"https:\/\/medivon.net\/nl\/#website"},"primaryImageOfPage":{"@id":"https:\/\/medivon.net\/nl\/produkt\/medivon-cushy-2-elektrisch-anti-cellulite-massageapparaat-handmassageapparaat-voor-het-lichaam-elektrische-cuppingbal\/#primaryimage"},"image":{"@id":"https:\/\/medivon.net\/nl\/produkt\/medivon-cushy-2-elektrisch-anti-cellulite-massageapparaat-handmassageapparaat-voor-het-lichaam-elektrische-cuppingbal\/#primaryimage"},"thumbnailUrl":"https:\/\/medivon.net\/wp-content\/uploads\/2025\/12\/Cushy2_main.jpg","datePublished":"2025-12-09T08:10:56+00:00","dateModified":"2026-01-13T09:47:32+00:00","breadcrumb":{"@id":"https:\/\/medivon.net\/nl\/produkt\/medivon-cushy-2-elektrisch-anti-cellulite-massageapparaat-handmassageapparaat-voor-het-lichaam-elektrische-cuppingbal\/#breadcrumb"},"inLanguage":"nl-NL","potentialAction":[{"@type":"ReadAction","target":["https:\/\/medivon.net\/nl\/produkt\/medivon-cushy-2-elektrisch-anti-cellulite-massageapparaat-handmassageapparaat-voor-het-lichaam-elektrische-cuppingbal\/"]}]},{"@type":"ImageObject","inLanguage":"nl-NL","@id":"https:\/\/medivon.net\/nl\/produkt\/medivon-cushy-2-elektrisch-anti-cellulite-massageapparaat-handmassageapparaat-voor-het-lichaam-elektrische-cuppingbal\/#primaryimage","url":"https:\/\/medivon.net\/wp-content\/uploads\/2025\/12\/Cushy2_main.jpg","contentUrl":"https:\/\/medivon.net\/wp-content\/uploads\/2025\/12\/Cushy2_main.jpg","width":1200,"height":1200},{"@type":"BreadcrumbList","@id":"https:\/\/medivon.net\/nl\/produkt\/medivon-cushy-2-elektrisch-anti-cellulite-massageapparaat-handmassageapparaat-voor-het-lichaam-elektrische-cuppingbal\/#breadcrumb","itemListElement":[{"@type":"ListItem","position":1,"name":"Speichern","item":"https:\/\/medivon.net\/speichern\/"},{"@type":"ListItem","position":2,"name":"Medivon Cushy 2, elektrisch anti-cellulite massageapparaat, handmassageapparaat voor het lichaam, elektrische cuppingbal"}]},{"@type":"WebSite","@id":"https:\/\/medivon.net\/nl\/#website","url":"https:\/\/medivon.net\/nl\/","name":"Medivon","description":"","potentialAction":[{"@type":"SearchAction","target":{"@type":"EntryPoint","urlTemplate":"https:\/\/medivon.net\/nl\/?s={search_term_string}"},"query-input":{"@type":"PropertyValueSpecification","valueRequired":true,"valueName":"search_term_string"}}],"inLanguage":"nl-NL"}]}},"_links":{"self":[{"href":"https:\/\/medivon.net\/nl\/wp-json\/wp\/v2\/product\/368366","targetHints":{"allow":["GET"]}}],"collection":[{"href":"https:\/\/medivon.net\/nl\/wp-json\/wp\/v2\/product"}],"about":[{"href":"https:\/\/medivon.net\/nl\/wp-json\/wp\/v2\/types\/product"}],"replies":[{"embeddable":true,"href":"https:\/\/medivon.net\/nl\/wp-json\/wp\/v2\/comments?post=368366"}],"version-history":[{"count":4,"href":"https:\/\/medivon.net\/nl\/wp-json\/wp\/v2\/product\/368366\/revisions"}],"predecessor-version":[{"id":368370,"href":"https:\/\/medivon.net\/nl\/wp-json\/wp\/v2\/product\/368366\/revisions\/368370"}],"wp:featuredmedia":[{"embeddable":true,"href":"https:\/\/medivon.net\/nl\/wp-json\/wp\/v2\/media\/368350"}],"wp:attachment":[{"href":"https:\/\/medivon.net\/nl\/wp-json\/wp\/v2\/media?parent=368366"}],"wp:term":[{"taxonomy":"product_brand","embeddable":true,"href":"https:\/\/medivon.net\/nl\/wp-json\/wp\/v2\/product_brand?post=368366"},{"taxonomy":"product_cat","embeddable":true,"href":"https:\/\/medivon.net\/nl\/wp-json\/wp\/v2\/product_cat?post=368366"},{"taxonomy":"product_tag","embeddable":true,"href":"https:\/\/medivon.net\/nl\/wp-json\/wp\/v2\/product_tag?post=368366"}],"curies":[{"name":"wp","href":"https:\/\/api.w.org\/{rel}","templated":true}]}}