{"id":368267,"date":"2025-12-09T09:10:41","date_gmt":"2025-12-09T08:10:41","guid":{"rendered":"https:\/\/medivon.net\/produkt\/medivon-drift-flexibel-lichaamsmassageapparaat\/"},"modified":"2026-01-13T11:08:58","modified_gmt":"2026-01-13T10:08:58","slug":"medivon-drift-flexibel-lichaamsmassageapparaat","status":"publish","type":"product","link":"https:\/\/medivon.net\/nl\/produkt\/medivon-drift-flexibel-lichaamsmassageapparaat\/","title":{"rendered":"Medivon Drift, flexibel lichaamsmassageapparaat"},"content":{"rendered":"\n\t<section class=\"section\" id=\"section_947494588\">\n\t\t<div class=\"section-bg fill\" >\n\t\t\t\t\t\t\t\t\t\n\t\t\t\n\n\t\t<\/div>\n\n\t\t\n\n\t\t<div class=\"section-content relative\">\n\t\t\t\n<div class=\"row\"  id=\"row-2081966615\">\n\n<\/div>\n<div class=\"row\"  id=\"row-781237762\">\n<p data-start=\"522\" data-end=\"541\">\n\n\t<div id=\"col-742616951\" class=\"col small-12 large-12\"  >\n\t\t\t\t<div class=\"col-inner\"  >\n\t\t\t\n\t\t\t\n<p data-start=\"543\" data-end=\"625\"><strong><span style=\"font-size: 150%;\">Ontspanning na een lange dag &#8211; massage precies daar waar spanning ontstaat<\/span><\/strong><\/p>\n<p data-start=\"627\" data-end=\"1076\">Voel je na het werk een stijve nek of een overbelaste rug? Het Medivon Drift massageapparaat is ontwikkeld om dagelijkse spierspanning te verlichten \u2013 of het nu na vele uren achter het bureau is, achter het stuur of na een intensieve training. Dankzij de gebogen, flexibele arm bereik je moeiteloos moeilijk toegankelijke zones zoals de schouderbladen of de kuiten, waarbij de spieren al na enkele minuten merkbaar ontspannen.<\/p>\n\t\t<\/div>\n\t\t\t\t\t<\/div>\n\n\t\n<\/div>\n<div class=\"row\"  id=\"row-1680732391\">\n\n\t<div id=\"col-979318448\" class=\"col small-12 large-12\"  >\n\t\t\t\t<div class=\"col-inner\"  >\n\t\t\t\n\t\t\t\n\t<div class=\"img has-hover x md-x lg-x y md-y lg-y\" id=\"image_212208795\">\n\t\t\t\t\t\t\t\t<div class=\"img-inner dark\" >\n\t\t\t<img loading=\"lazy\" decoding=\"async\" width=\"1100\" height=\"450\" src=\"https:\/\/medivon.net\/wp-content\/uploads\/2025\/12\/1-8.jpg\" class=\"attachment-original size-original\" alt=\"\" srcset=\"https:\/\/medivon.net\/wp-content\/uploads\/2025\/12\/1-8.jpg 1100w, https:\/\/medivon.net\/wp-content\/uploads\/2025\/12\/1-8-640x262.jpg 640w, https:\/\/medivon.net\/wp-content\/uploads\/2025\/12\/1-8-768x314.jpg 768w, https:\/\/medivon.net\/wp-content\/uploads\/2025\/12\/1-8-510x209.jpg 510w\" sizes=\"auto, (max-width: 1100px) 100vw, 1100px\" \/>\t\t\t\t\t\t\n\t\t\t\t\t<\/div>\n\t\t\t\t\t\t\t\t\n<style>\n#image_212208795 {\n  width: 100%;\n}\n<\/style>\n\t<\/div>\n\t\n\t\t<\/div>\n\t\t\t\t\t<\/div>\n\n\t\n<\/div>\n<div class=\"row\"  id=\"row-876146981\">\n<p data-start=\"1189\" data-end=\"1208\">\n\n\t<div id=\"col-1412088053\" class=\"col small-12 large-12\"  >\n\t\t\t\t<div class=\"col-inner\"  >\n\t\t\t\n\t\t\t\n<p data-start=\"1210\" data-end=\"1274\"><span style=\"font-size: 150%;\"><strong>E\u00e9n massage &#8211; vele effecten dankzij gepersonaliseerde instellingen<\/strong><\/span><\/p>\n<p data-start=\"1276\" data-end=\"1713\">Medivon Drift maakt gebruik van percussietechnologie, die \u2013 afhankelijk van het gekozen intensiteitsniveau en opzetstuk \u2013 een ontspannend effect kan hebben, de doorbloeding ter ondersteuning van cellulitereductie kan stimuleren of het diepe weefsel kan activeren voor lichaamsvorming. Vier verschillende massagekoppen passen zich aan diverse lichaamsdelen aan en zijn geschikt voor zowel gespannen schouders als vermoeide benen of de dagelijkse lichaamsverzorging.<\/p>\n\t\t<\/div>\n\t\t\t\t\t<\/div>\n\n\t\n<\/div>\n<div class=\"row\"  id=\"row-1223682487\">\n<p data-start=\"1737\" data-end=\"1756\">\n\n\t<div id=\"col-1595132636\" class=\"col small-12 large-12\"  >\n\t\t\t\t<div class=\"col-inner\"  >\n\t\t\t\n\t\t\t\n<p data-start=\"1758\" data-end=\"1802\">\n\t<div class=\"img has-hover x md-x lg-x y md-y lg-y\" id=\"image_937481029\">\n\t\t\t\t\t\t\t\t<div class=\"img-inner dark\" >\n\t\t\t<img loading=\"lazy\" decoding=\"async\" width=\"1100\" height=\"450\" src=\"https:\/\/medivon.net\/wp-content\/uploads\/2025\/12\/2-14.jpg\" class=\"attachment-original size-original\" alt=\"\" srcset=\"https:\/\/medivon.net\/wp-content\/uploads\/2025\/12\/2-14.jpg 1100w, https:\/\/medivon.net\/wp-content\/uploads\/2025\/12\/2-14-640x262.jpg 640w, https:\/\/medivon.net\/wp-content\/uploads\/2025\/12\/2-14-768x314.jpg 768w, https:\/\/medivon.net\/wp-content\/uploads\/2025\/12\/2-14-510x209.jpg 510w\" sizes=\"auto, (max-width: 1100px) 100vw, 1100px\" \/>\t\t\t\t\t\t\n\t\t\t\t\t<\/div>\n\t\t\t\t\t\t\t\t\n<style>\n#image_937481029 {\n  width: 100%;\n}\n<\/style>\n\t<\/div>\n\t\n\t\t<\/div>\n\t\t\t\t\t<\/div>\n\n\t\n<\/div>\n<div class=\"row\"  id=\"row-147066542\">\n<p data-start=\"1826\" data-end=\"1845\">\n\n\t<div id=\"col-1995787079\" class=\"col small-12 large-12\"  >\n\t\t\t\t<div class=\"col-inner\"  >\n\t\t\t\n\t\t\t\n<p data-start=\"1847\" data-end=\"1918\"><span style=\"font-size: 150%;\"><strong>Ontwerp dat voor jou werkt \u2013 ergonomisch, comfortabel en doordacht<\/strong><\/span><\/p>\n<p data-start=\"1920\" data-end=\"2297\">Drift combineert zacht siliconen met robuust kunststof \u2013 daardoor ligt het apparaat veilig in de hand en glijdt het zelfs bij intensief gebruik niet weg. De ergonomisch gebogen vorm maakt het makkelijker om gespannen plekken te bereiken zonder dat je je hoeft te forceren \u2013 het apparaat leidt je hand op een natuurlijke manier en ondersteunt een ontspannen lichaamshouding tijdens de massage.<\/p>\n\t\t<\/div>\n\t\t\t\t\t<\/div>\n\n\t\n<\/div>\n<div class=\"row\"  id=\"row-1573094365\">\n<p data-start=\"2321\" data-end=\"2340\">\n\n\t<div id=\"col-1988784836\" class=\"col small-12 large-12\"  >\n\t\t\t\t<div class=\"col-inner\"  >\n\t\t\t\n\t\t\t\n<p data-start=\"2342\" data-end=\"2386\">\n\t<div class=\"img has-hover x md-x lg-x y md-y lg-y\" id=\"image_737245541\">\n\t\t\t\t\t\t\t\t<div class=\"img-inner dark\" >\n\t\t\t<img loading=\"lazy\" decoding=\"async\" width=\"1100\" height=\"450\" src=\"https:\/\/medivon.net\/wp-content\/uploads\/2025\/12\/3-14.jpg\" class=\"attachment-original size-original\" alt=\"\" srcset=\"https:\/\/medivon.net\/wp-content\/uploads\/2025\/12\/3-14.jpg 1100w, https:\/\/medivon.net\/wp-content\/uploads\/2025\/12\/3-14-640x262.jpg 640w, https:\/\/medivon.net\/wp-content\/uploads\/2025\/12\/3-14-768x314.jpg 768w, https:\/\/medivon.net\/wp-content\/uploads\/2025\/12\/3-14-510x209.jpg 510w\" sizes=\"auto, (max-width: 1100px) 100vw, 1100px\" \/>\t\t\t\t\t\t\n\t\t\t\t\t<\/div>\n\t\t\t\t\t\t\t\t\n<style>\n#image_737245541 {\n  width: 100%;\n}\n<\/style>\n\t<\/div>\n\t\n\t\t<\/div>\n\t\t\t\t\t<\/div>\n\n\t\n<\/div>\n<div class=\"row\"  id=\"row-1338358006\">\n<p data-start=\"2410\" data-end=\"2429\">\n\n\t<div id=\"col-87505563\" class=\"col small-12 large-12\"  >\n\t\t\t\t<div class=\"col-inner\"  >\n\t\t\t\n\t\t\t\n<p data-start=\"2431\" data-end=\"2491\"><span style=\"font-size: 150%;\"><strong>Draadloze ontspanning &#8211; altijd klaar voor gebruik wanneer je het nodig hebt<\/strong><\/span><\/p>\n<p data-start=\"2493\" data-end=\"2896\">Vaak is een korte pauze al voldoende om nieuwe energie op te doen \u2013 daarom werkt het massageapparaat tot wel 120 minuten draadloos met \u00e9\u00e9n enkele lading. De ge\u00efntegreerde 1800 mAh-accu en het USB-C-opladen maken gebruik mogelijk met elke gangbare telefoonlader of een powerbank. Of het nu thuis, op kantoor of onderweg is \u2013 Drift gaat met je mee overal waar spiervermoeidheid je verrast.<\/p>\n\t\t<\/div>\n\t\t\t\t\t<\/div>\n\n\t\n\t<div id=\"text-4209222126\" class=\"text hidden\">\n\t\t\n<p data-start=\"2906\" data-end=\"2918\">\n\t\t\t<\/div>\n\t\n<\/p>\n<\/div>\n<div class=\"row\"  id=\"row-1294814016\">\n\n\t<div id=\"col-564438233\" class=\"col small-12 large-12\"  >\n\t\t\t\t<div class=\"col-inner\"  >\n\t\t\t\n\t\t\t\n<div class=\"row\"  id=\"row-750130347\">\n\t<div id=\"text-508414135\" class=\"text hidden\">\n\t\t\n<p data-start=\"2954\" data-end=\"2979\">\n\t\t\t<\/div>\n\t\n\n\t<div id=\"col-1926594870\" class=\"col small-12 large-12\"  >\n\t\t\t\t<div class=\"col-inner\"  >\n\t\t\t\n\t<div class=\"is-border\"\n\t\tstyle=\"border-width:0px 0px 0px 0px;\">\n\t<\/div>\n\t\t\t\n\t<div id=\"text-2706141751\" class=\"text hidden\">\n\t\t\n<p data-start=\"2981\" data-end=\"2994\">\n\t\t\t<\/div>\n\t\n<div class=\"row\"  id=\"row-975554450\">\n\t<div id=\"text-386521814\" class=\"text hidden\">\n\t\t\n<p data-start=\"2996\" data-end=\"3023\">\n\t\t\t<\/div>\n\t\n\n\t<div id=\"col-1724075428\" class=\"col small-12 large-12\"  >\n\t\t\t\t<div class=\"col-inner\"  >\n\t\t\t\n\t\t\t\n<div class=\"row\"  id=\"row-318615787\">\n\n\t<div id=\"col-598724801\" class=\"col small-12 large-12\"  >\n\t\t\t\t<div class=\"col-inner\"  >\n\t\t\t\n\t\t\t\n\t<div class=\"img has-hover x md-x lg-x y md-y lg-y\" id=\"image_611968796\">\n\t\t\t\t\t\t\t\t<div class=\"img-inner dark\" >\n\t\t\t<img loading=\"lazy\" decoding=\"async\" width=\"1100\" height=\"450\" src=\"https:\/\/medivon.net\/wp-content\/uploads\/2025\/12\/4-14.jpg\" class=\"attachment-original size-original\" alt=\"\" srcset=\"https:\/\/medivon.net\/wp-content\/uploads\/2025\/12\/4-14.jpg 1100w, https:\/\/medivon.net\/wp-content\/uploads\/2025\/12\/4-14-640x262.jpg 640w, https:\/\/medivon.net\/wp-content\/uploads\/2025\/12\/4-14-768x314.jpg 768w, https:\/\/medivon.net\/wp-content\/uploads\/2025\/12\/4-14-510x209.jpg 510w\" sizes=\"auto, (max-width: 1100px) 100vw, 1100px\" \/>\t\t\t\t\t\t\n\t\t\t\t\t<\/div>\n\t\t\t\t\t\t\t\t\n<style>\n#image_611968796 {\n  width: 100%;\n}\n<\/style>\n\t<\/div>\n\t\n\t<div id=\"text-4210767910\" class=\"text hidden\">\n\t\t\n<p data-start=\"3115\" data-end=\"3129\">\n\t\t\t<\/div>\n\t\n<p data-start=\"3207\" data-end=\"3248\"><span style=\"font-size: 150%;\"><strong>Veilige regeneratie met volledige controle<\/strong><\/span><\/p>\n<p data-start=\"3250\" data-end=\"3672\">De 15W-motor biedt een intensieve en tegelijkertijd stille massage die de doorbloeding bevordert en het herstel ondersteunt. Een ge\u00efntegreerde timer zorgt ervoor dat de massage niet te lang duurt en beschermt de spieren tegen overbelasting. Medivon Drift is meer dan alleen een massageapparaat &#8211; het is jouw persoonlijke ontspanningsritueel dat helpt nieuwe energie op te doen en het dagelijks welzijn te verbeteren.<\/p>\n<\/p>\n\t\t<\/div>\n\t\t\t\t\t<\/div>\n\n\t\n\t<div id=\"text-2795590403\" class=\"text hidden\">\n\t\t\n<p data-start=\"3131\" data-end=\"3145\">\n\t\t\t<\/div>\n\t\n<\/p>\n<\/div>\n\t<div class=\"img has-hover x md-x lg-x y md-y lg-y\" id=\"image_42833862\">\n\t\t\t\t\t\t\t\t<div class=\"img-inner dark\" >\n\t\t\t<img loading=\"lazy\" decoding=\"async\" width=\"1100\" height=\"450\" src=\"https:\/\/medivon.net\/wp-content\/uploads\/2025\/12\/5-14.jpg\" class=\"attachment-original size-original\" alt=\"\" srcset=\"https:\/\/medivon.net\/wp-content\/uploads\/2025\/12\/5-14.jpg 1100w, https:\/\/medivon.net\/wp-content\/uploads\/2025\/12\/5-14-640x262.jpg 640w, https:\/\/medivon.net\/wp-content\/uploads\/2025\/12\/5-14-768x314.jpg 768w, https:\/\/medivon.net\/wp-content\/uploads\/2025\/12\/5-14-510x209.jpg 510w\" sizes=\"auto, (max-width: 1100px) 100vw, 1100px\" \/>\t\t\t\t\t\t\n\t\t\t\t\t<\/div>\n\t\t\t\t\t\t\t\t\n<style>\n#image_42833862 {\n  width: 100%;\n}\n<\/style>\n\t<\/div>\n\t\n\t<div id=\"text-1229975436\" class=\"text hidden\">\n\t\t\n<p data-start=\"3147\" data-end=\"3161\">\n\t\t\t<\/div>\n\t\n<\/p>\n\t\t<\/div>\n\t\t\t\t\t<\/div>\n\n\t\n\t<div id=\"text-2227455373\" class=\"text hidden\">\n\t\t\n<p data-start=\"3163\" data-end=\"3177\">\n\t\t\t<\/div>\n\t\n<\/p>\n<\/div>\n\t<div id=\"text-1753452076\" class=\"text hidden\">\n\t\t\n<p data-start=\"3179\" data-end=\"3191\">\n\t\t\t<\/div>\n\t\n<\/p>\n\t\t<\/div>\n\t\t\t\t\t<\/div>\n\n\t\n<\/div>\n\t\t<\/div>\n\t\t\t\t\t<\/div>\n\n\t\n<\/div>\n\t\t<\/div>\n\n\t\t\n<style>\n#section_947494588 {\n  padding-top: 0px;\n  padding-bottom: 0px;\n}\n<\/style>\n\t<\/section>\n\t\n","protected":false},"excerpt":{"rendered":"<ul>\n<li data-start=\"106\" data-end=\"177\">4 verwisselbare massage-opzetstukken voor verschillende lichaamsdelen<\/li>\n<li data-start=\"178\" data-end=\"210\">5 trillingsintensiteiten<\/li>\n<li data-start=\"211\" data-end=\"279\">Krachtige motor voor een diepwerkende spiermassage<\/li>\n<li data-start=\"280\" data-end=\"343\">Ergonomisch ontwerp, ideaal voor rug- en beenmassage<\/li>\n<li data-start=\"344\" data-end=\"366\">Stille werking<\/li>\n<li data-start=\"367\" data-end=\"409\">Ge\u00efntegreerde accu met USB-C-opladen<\/li>\n<li data-start=\"410\" data-end=\"442\">Automatische uitschakeling<\/li>\n<li data-start=\"443\" data-end=\"515\">Helpt gespannen spieren te ontspannen, thuis en onderweg<\/li>\n<li data-start=\"516\" data-end=\"541\">Licht en handzaam<\/li>\n<\/ul>\n","protected":false},"featured_media":368257,"comment_status":"open","ping_status":"closed","template":"","meta":{"_acf_changed":false,"_glsr_average":0,"_glsr_ranking":0,"_glsr_reviews":0,"footnotes":""},"product_brand":[],"product_cat":[955],"product_tag":[],"class_list":{"0":"post-368267","1":"product","2":"type-product","3":"status-publish","4":"has-post-thumbnail","6":"product_cat-massagepistolen","8":"first","9":"instock","10":"taxable","11":"shipping-taxable","12":"purchasable","13":"product-type-simple"},"acf":[],"yoast_head":"<!-- This site is optimized with the Yoast SEO plugin v27.4 - https:\/\/yoast.com\/product\/yoast-seo-wordpress\/ -->\n<title>Medivon Drift, flexibel lichaamsmassageapparaat - Medivon<\/title>\n<meta name=\"robots\" content=\"index, follow, max-snippet:-1, max-image-preview:large, max-video-preview:-1\" \/>\n<link rel=\"canonical\" href=\"https:\/\/medivon.net\/nl\/produkt\/medivon-drift-flexibel-lichaamsmassageapparaat\/\" \/>\n<meta property=\"og:locale\" content=\"nl_NL\" \/>\n<meta property=\"og:type\" content=\"article\" \/>\n<meta property=\"og:title\" content=\"Medivon Drift, flexibel lichaamsmassageapparaat - Medivon\" \/>\n<meta property=\"og:description\" content=\"4 verwisselbare massage-opzetstukken voor verschillende lichaamsdelen  5 trillingsintensiteiten  Krachtige motor voor een diepwerkende spiermassage  Ergonomisch ontwerp, ideaal voor rug- en beenmassage  Stille werking  Ge\u00efntegreerde accu met USB-C-opladen  Automatische uitschakeling  Helpt gespannen spieren te ontspannen, thuis en onderweg  Licht en handzaam\" \/>\n<meta property=\"og:url\" content=\"https:\/\/medivon.net\/nl\/produkt\/medivon-drift-flexibel-lichaamsmassageapparaat\/\" \/>\n<meta property=\"og:site_name\" content=\"Medivon\" \/>\n<meta property=\"article:modified_time\" content=\"2026-01-13T10:08:58+00:00\" \/>\n<meta property=\"og:image\" content=\"https:\/\/medivon.net\/wp-content\/uploads\/2025\/12\/drift-slider_main.jpg\" \/>\n\t<meta property=\"og:image:width\" content=\"1200\" \/>\n\t<meta property=\"og:image:height\" content=\"1200\" \/>\n\t<meta property=\"og:image:type\" content=\"image\/jpeg\" \/>\n<meta name=\"twitter:card\" content=\"summary_large_image\" \/>\n<meta name=\"twitter:label1\" content=\"Geschatte leestijd\" \/>\n\t<meta name=\"twitter:data1\" content=\"3 minuten\" \/>\n<script type=\"application\/ld+json\" class=\"yoast-schema-graph\">{\"@context\":\"https:\\\/\\\/schema.org\",\"@graph\":[{\"@type\":\"WebPage\",\"@id\":\"https:\\\/\\\/medivon.net\\\/nl\\\/produkt\\\/medivon-drift-flexibel-lichaamsmassageapparaat\\\/\",\"url\":\"https:\\\/\\\/medivon.net\\\/nl\\\/produkt\\\/medivon-drift-flexibel-lichaamsmassageapparaat\\\/\",\"name\":\"Medivon Drift, flexibel lichaamsmassageapparaat - Medivon\",\"isPartOf\":{\"@id\":\"https:\\\/\\\/medivon.net\\\/nl\\\/#website\"},\"primaryImageOfPage\":{\"@id\":\"https:\\\/\\\/medivon.net\\\/nl\\\/produkt\\\/medivon-drift-flexibel-lichaamsmassageapparaat\\\/#primaryimage\"},\"image\":{\"@id\":\"https:\\\/\\\/medivon.net\\\/nl\\\/produkt\\\/medivon-drift-flexibel-lichaamsmassageapparaat\\\/#primaryimage\"},\"thumbnailUrl\":\"https:\\\/\\\/medivon.net\\\/wp-content\\\/uploads\\\/2025\\\/12\\\/drift-slider_main.jpg\",\"datePublished\":\"2025-12-09T08:10:41+00:00\",\"dateModified\":\"2026-01-13T10:08:58+00:00\",\"breadcrumb\":{\"@id\":\"https:\\\/\\\/medivon.net\\\/nl\\\/produkt\\\/medivon-drift-flexibel-lichaamsmassageapparaat\\\/#breadcrumb\"},\"inLanguage\":\"nl-NL\",\"potentialAction\":[{\"@type\":\"ReadAction\",\"target\":[\"https:\\\/\\\/medivon.net\\\/nl\\\/produkt\\\/medivon-drift-flexibel-lichaamsmassageapparaat\\\/\"]}]},{\"@type\":\"ImageObject\",\"inLanguage\":\"nl-NL\",\"@id\":\"https:\\\/\\\/medivon.net\\\/nl\\\/produkt\\\/medivon-drift-flexibel-lichaamsmassageapparaat\\\/#primaryimage\",\"url\":\"https:\\\/\\\/medivon.net\\\/wp-content\\\/uploads\\\/2025\\\/12\\\/drift-slider_main.jpg\",\"contentUrl\":\"https:\\\/\\\/medivon.net\\\/wp-content\\\/uploads\\\/2025\\\/12\\\/drift-slider_main.jpg\",\"width\":1200,\"height\":1200},{\"@type\":\"BreadcrumbList\",\"@id\":\"https:\\\/\\\/medivon.net\\\/nl\\\/produkt\\\/medivon-drift-flexibel-lichaamsmassageapparaat\\\/#breadcrumb\",\"itemListElement\":[{\"@type\":\"ListItem\",\"position\":1,\"name\":\"Speichern\",\"item\":\"https:\\\/\\\/medivon.net\\\/speichern\\\/\"},{\"@type\":\"ListItem\",\"position\":2,\"name\":\"Medivon Drift, flexibel lichaamsmassageapparaat\"}]},{\"@type\":\"WebSite\",\"@id\":\"https:\\\/\\\/medivon.net\\\/nl\\\/#website\",\"url\":\"https:\\\/\\\/medivon.net\\\/nl\\\/\",\"name\":\"Medivon\",\"description\":\"\",\"potentialAction\":[{\"@type\":\"SearchAction\",\"target\":{\"@type\":\"EntryPoint\",\"urlTemplate\":\"https:\\\/\\\/medivon.net\\\/nl\\\/?s={search_term_string}\"},\"query-input\":{\"@type\":\"PropertyValueSpecification\",\"valueRequired\":true,\"valueName\":\"search_term_string\"}}],\"inLanguage\":\"nl-NL\"}]}<\/script>\n<!-- \/ Yoast SEO plugin. -->","yoast_head_json":{"title":"Medivon Drift, flexibel lichaamsmassageapparaat - Medivon","robots":{"index":"index","follow":"follow","max-snippet":"max-snippet:-1","max-image-preview":"max-image-preview:large","max-video-preview":"max-video-preview:-1"},"canonical":"https:\/\/medivon.net\/nl\/produkt\/medivon-drift-flexibel-lichaamsmassageapparaat\/","og_locale":"nl_NL","og_type":"article","og_title":"Medivon Drift, flexibel lichaamsmassageapparaat - Medivon","og_description":"4 verwisselbare massage-opzetstukken voor verschillende lichaamsdelen  5 trillingsintensiteiten  Krachtige motor voor een diepwerkende spiermassage  Ergonomisch ontwerp, ideaal voor rug- en beenmassage  Stille werking  Ge\u00efntegreerde accu met USB-C-opladen  Automatische uitschakeling  Helpt gespannen spieren te ontspannen, thuis en onderweg  Licht en handzaam","og_url":"https:\/\/medivon.net\/nl\/produkt\/medivon-drift-flexibel-lichaamsmassageapparaat\/","og_site_name":"Medivon","article_modified_time":"2026-01-13T10:08:58+00:00","og_image":[{"width":1200,"height":1200,"url":"https:\/\/medivon.net\/wp-content\/uploads\/2025\/12\/drift-slider_main.jpg","type":"image\/jpeg"}],"twitter_card":"summary_large_image","twitter_misc":{"Geschatte leestijd":"3 minuten"},"schema":{"@context":"https:\/\/schema.org","@graph":[{"@type":"WebPage","@id":"https:\/\/medivon.net\/nl\/produkt\/medivon-drift-flexibel-lichaamsmassageapparaat\/","url":"https:\/\/medivon.net\/nl\/produkt\/medivon-drift-flexibel-lichaamsmassageapparaat\/","name":"Medivon Drift, flexibel lichaamsmassageapparaat - Medivon","isPartOf":{"@id":"https:\/\/medivon.net\/nl\/#website"},"primaryImageOfPage":{"@id":"https:\/\/medivon.net\/nl\/produkt\/medivon-drift-flexibel-lichaamsmassageapparaat\/#primaryimage"},"image":{"@id":"https:\/\/medivon.net\/nl\/produkt\/medivon-drift-flexibel-lichaamsmassageapparaat\/#primaryimage"},"thumbnailUrl":"https:\/\/medivon.net\/wp-content\/uploads\/2025\/12\/drift-slider_main.jpg","datePublished":"2025-12-09T08:10:41+00:00","dateModified":"2026-01-13T10:08:58+00:00","breadcrumb":{"@id":"https:\/\/medivon.net\/nl\/produkt\/medivon-drift-flexibel-lichaamsmassageapparaat\/#breadcrumb"},"inLanguage":"nl-NL","potentialAction":[{"@type":"ReadAction","target":["https:\/\/medivon.net\/nl\/produkt\/medivon-drift-flexibel-lichaamsmassageapparaat\/"]}]},{"@type":"ImageObject","inLanguage":"nl-NL","@id":"https:\/\/medivon.net\/nl\/produkt\/medivon-drift-flexibel-lichaamsmassageapparaat\/#primaryimage","url":"https:\/\/medivon.net\/wp-content\/uploads\/2025\/12\/drift-slider_main.jpg","contentUrl":"https:\/\/medivon.net\/wp-content\/uploads\/2025\/12\/drift-slider_main.jpg","width":1200,"height":1200},{"@type":"BreadcrumbList","@id":"https:\/\/medivon.net\/nl\/produkt\/medivon-drift-flexibel-lichaamsmassageapparaat\/#breadcrumb","itemListElement":[{"@type":"ListItem","position":1,"name":"Speichern","item":"https:\/\/medivon.net\/speichern\/"},{"@type":"ListItem","position":2,"name":"Medivon Drift, flexibel lichaamsmassageapparaat"}]},{"@type":"WebSite","@id":"https:\/\/medivon.net\/nl\/#website","url":"https:\/\/medivon.net\/nl\/","name":"Medivon","description":"","potentialAction":[{"@type":"SearchAction","target":{"@type":"EntryPoint","urlTemplate":"https:\/\/medivon.net\/nl\/?s={search_term_string}"},"query-input":{"@type":"PropertyValueSpecification","valueRequired":true,"valueName":"search_term_string"}}],"inLanguage":"nl-NL"}]}},"_links":{"self":[{"href":"https:\/\/medivon.net\/nl\/wp-json\/wp\/v2\/product\/368267","targetHints":{"allow":["GET"]}}],"collection":[{"href":"https:\/\/medivon.net\/nl\/wp-json\/wp\/v2\/product"}],"about":[{"href":"https:\/\/medivon.net\/nl\/wp-json\/wp\/v2\/types\/product"}],"replies":[{"embeddable":true,"href":"https:\/\/medivon.net\/nl\/wp-json\/wp\/v2\/comments?post=368267"}],"version-history":[{"count":6,"href":"https:\/\/medivon.net\/nl\/wp-json\/wp\/v2\/product\/368267\/revisions"}],"predecessor-version":[{"id":368304,"href":"https:\/\/medivon.net\/nl\/wp-json\/wp\/v2\/product\/368267\/revisions\/368304"}],"wp:featuredmedia":[{"embeddable":true,"href":"https:\/\/medivon.net\/nl\/wp-json\/wp\/v2\/media\/368257"}],"wp:attachment":[{"href":"https:\/\/medivon.net\/nl\/wp-json\/wp\/v2\/media?parent=368267"}],"wp:term":[{"taxonomy":"product_brand","embeddable":true,"href":"https:\/\/medivon.net\/nl\/wp-json\/wp\/v2\/product_brand?post=368267"},{"taxonomy":"product_cat","embeddable":true,"href":"https:\/\/medivon.net\/nl\/wp-json\/wp\/v2\/product_cat?post=368267"},{"taxonomy":"product_tag","embeddable":true,"href":"https:\/\/medivon.net\/nl\/wp-json\/wp\/v2\/product_tag?post=368267"}],"curies":[{"name":"wp","href":"https:\/\/api.w.org\/{rel}","templated":true}]}}