{"id":365878,"date":"2024-09-06T11:11:35","date_gmt":"2024-09-06T09:11:35","guid":{"rendered":"https:\/\/medivon.net\/produkt\/medivon-hestia-cuscino-massaggiante\/"},"modified":"2025-11-24T11:01:03","modified_gmt":"2025-11-24T10:01:03","slug":"medivon-hestia-cuscino-massaggiante","status":"publish","type":"product","link":"https:\/\/medivon.net\/it\/produkt\/medivon-hestia-cuscino-massaggiante\/","title":{"rendered":"Medivon Hestia &#8211; Cuscino massaggiante"},"content":{"rendered":"\n\t<section class=\"section\" id=\"section_637737364\">\n\t\t<div class=\"section-bg fill\" >\n\t\t\t\t\t\t\t\t\t\n\t\t\t\n\n\t\t<\/div>\n\n\t\t\n\n\t\t<div class=\"section-content relative\">\n\t\t\t\n<div class=\"row\"  id=\"row-108176753\">\n\n\t<div id=\"col-880069373\" class=\"col small-12 large-12\"  >\n\t\t\t\t<div class=\"col-inner\"  >\n\t\t\t\n\t\t\t\n<div class=\"video video-fit mb hidden\" style=\"padding-top:56.25%;\"><p><iframe loading=\"lazy\" title=\"Medivon Hestia \u2013 Massagekissen\" width=\"1020\" height=\"574\" src=\"https:\/\/www.youtube.com\/embed\/qg8mPMv9NwU?feature=oembed\" frameborder=\"0\" allow=\"accelerometer; autoplay; clipboard-write; encrypted-media; gyroscope; picture-in-picture; web-share\" referrerpolicy=\"strict-origin-when-cross-origin\" allowfullscreen><\/iframe><\/p>\n<\/div>\n\t\t<\/div>\n\t\t\t\t\t<\/div>\n\n\t\n<\/div>\n\t\t<\/div>\n\n\t\t\n<style>\n#section_637737364 {\n  padding-top: 30px;\n  padding-bottom: 30px;\n}\n<\/style>\n\t<\/section>\n\t\n\n  <div class=\"banner has-hover\" id=\"banner-138289410\">\n          <div class=\"banner-inner fill\">\n        <div class=\"banner-bg fill\" >\n            <img loading=\"lazy\" decoding=\"async\" width=\"1100\" height=\"400\" src=\"https:\/\/medivon.net\/wp-content\/uploads\/2024\/09\/medivon-hestia-1-it.jpg\" class=\"bg attachment-original size-original\" alt=\"\" \/>                                    \n                    <\/div>\n\t\t\n        <div class=\"banner-layers container\">\n            <div class=\"fill banner-link\"><\/div>            \n        <\/div>\n      <\/div>\n\n              <div class=\"height-fix is-invisible\"><img loading=\"lazy\" decoding=\"async\" width=\"1100\" height=\"400\" src=\"https:\/\/medivon.net\/wp-content\/uploads\/2024\/09\/medivon-hestia-1-it.jpg\" class=\"attachment-original size-original\" alt=\"\" srcset=\"https:\/\/medivon.net\/wp-content\/uploads\/2024\/09\/medivon-hestia-1-it.jpg 1100w, https:\/\/medivon.net\/wp-content\/uploads\/2024\/09\/medivon-hestia-1-it-640x233.jpg 640w, https:\/\/medivon.net\/wp-content\/uploads\/2024\/09\/medivon-hestia-1-it-768x279.jpg 768w, https:\/\/medivon.net\/wp-content\/uploads\/2024\/09\/medivon-hestia-1-it-510x185.jpg 510w\" sizes=\"auto, (max-width: 1100px) 100vw, 1100px\" \/><\/div>\n              <\/div>\n\n\n\t<div id=\"gap-1954942015\" class=\"gap-element clearfix\" style=\"display:block; height:auto;\">\n\t\t\n<style>\n#gap-1954942015 {\n  padding-top: 10px;\n}\n@media (min-width:550px) {\n  #gap-1954942015 {\n    padding-top: 50px;\n  }\n}\n<\/style>\n\t<\/div>\n\t\n\t<div id=\"text-3515106132\" class=\"text\">\n\t\t\n<p style=\"text-align: center;\">Tecnologia innovativa Force Control e massaggio Shiatsu<\/p>\n\t\t\n<style>\n#text-3515106132 {\n  font-size: 1.5rem;\n}\n<\/style>\n\t<\/div>\n\t\n<p style=\"text-align: center;\">Force Control, combinato con il massaggio Shiatsu, garantisce un adattamento personalizzato alle esigenze del corpo dell&#8217;utente. Quattro testine di massaggio che lavorano in due direzioni imitano le tecniche dei massaggiatori professionisti, offrendo un&#8217;esperienza terapeutica completa che non solo rilassa, ma rigenera anche. Il Medivon Hestia \u00e8 stato progettato per offrire una terapia completa per diverse parti del corpo, rendendolo lo strumento ideale per un massaggio versatile. Grazie alla possibilit\u00e0 di regolare la modalit\u00e0 di lavoro e l&#8217;intensit\u00e0, il dispositivo si adatta efficacemente alle preferenze personali degli utenti, offrendo sollievo e migliorando la salute generale.<\/p>\n\t<div id=\"gap-1131319002\" class=\"gap-element clearfix\" style=\"display:block; height:auto;\">\n\t\t\n<style>\n#gap-1131319002 {\n  padding-top: 30px;\n}\n<\/style>\n\t<\/div>\n\t\n\n  <div class=\"banner has-hover\" id=\"banner-821484409\">\n          <div class=\"banner-inner fill\">\n        <div class=\"banner-bg fill\" >\n            <img loading=\"lazy\" decoding=\"async\" width=\"1100\" height=\"400\" src=\"https:\/\/medivon.net\/wp-content\/uploads\/2024\/09\/medivon-hestia-2-it.jpg\" class=\"bg attachment-original size-original\" alt=\"\" \/>                                    \n                    <\/div>\n\t\t\n        <div class=\"banner-layers container\">\n            <div class=\"fill banner-link\"><\/div>            \n        <\/div>\n      <\/div>\n\n              <div class=\"height-fix is-invisible\"><img loading=\"lazy\" decoding=\"async\" width=\"1100\" height=\"400\" src=\"https:\/\/medivon.net\/wp-content\/uploads\/2024\/09\/medivon-hestia-2-it.jpg\" class=\"attachment-original size-original\" alt=\"\" srcset=\"https:\/\/medivon.net\/wp-content\/uploads\/2024\/09\/medivon-hestia-2-it.jpg 1100w, https:\/\/medivon.net\/wp-content\/uploads\/2024\/09\/medivon-hestia-2-it-640x233.jpg 640w, https:\/\/medivon.net\/wp-content\/uploads\/2024\/09\/medivon-hestia-2-it-768x279.jpg 768w, https:\/\/medivon.net\/wp-content\/uploads\/2024\/09\/medivon-hestia-2-it-510x185.jpg 510w\" sizes=\"auto, (max-width: 1100px) 100vw, 1100px\" \/><\/div>\n            \n<style>\n#banner-821484409 .banner-bg img {\n  object-position: 30% 57%;\n}\n<\/style>\n  <\/div>\n\n\n\t<div id=\"gap-380226571\" class=\"gap-element clearfix\" style=\"display:block; height:auto;\">\n\t\t\n<style>\n#gap-380226571 {\n  padding-top: 10px;\n}\n@media (min-width:550px) {\n  #gap-380226571 {\n    padding-top: 50px;\n  }\n}\n<\/style>\n\t<\/div>\n\t\n\t<div id=\"text-3392024421\" class=\"text\">\n\t\t\n<p style=\"text-align: center;\">Benefici per la salute, effetto globale sul corpo<\/p>\n\t\t\n<style>\n#text-3392024421 {\n  font-size: 1.5rem;\n}\n<\/style>\n\t<\/div>\n\t\n<p style=\"text-align: center;\">L&#8217;applicazione regolare dei massaggi contribuisce a un miglioramento significativo della circolazione sanguigna e alla riduzione delle tensioni muscolari, elementi cruciali per il miglioramento della salute generale e del benessere. Questi benefici portano a una migliore ossigenazione del corpo, a una pi\u00f9 rapida eliminazione delle tossine e a un miglioramento della condizione fisica e mentale, riducendo cos\u00ec lo stress dopo una giornata di lavoro intensa.<\/p>\n\t<div id=\"gap-276896393\" class=\"gap-element clearfix\" style=\"display:block; height:auto;\">\n\t\t\n<style>\n#gap-276896393 {\n  padding-top: 30px;\n}\n<\/style>\n\t<\/div>\n\t\n\n  <div class=\"banner has-hover\" id=\"banner-2006086444\">\n          <div class=\"banner-inner fill\">\n        <div class=\"banner-bg fill\" >\n            <img loading=\"lazy\" decoding=\"async\" width=\"1100\" height=\"400\" src=\"https:\/\/medivon.net\/wp-content\/uploads\/2024\/09\/img3-1.jpg\" class=\"bg attachment-original size-original\" alt=\"\" \/>                                    \n                    <\/div>\n\t\t\n        <div class=\"banner-layers container\">\n            <div class=\"fill banner-link\"><\/div>            \n        <\/div>\n      <\/div>\n\n              <div class=\"height-fix is-invisible\"><img loading=\"lazy\" decoding=\"async\" width=\"1100\" height=\"400\" src=\"https:\/\/medivon.net\/wp-content\/uploads\/2024\/09\/img3-1.jpg\" class=\"attachment-original size-original\" alt=\"\" srcset=\"https:\/\/medivon.net\/wp-content\/uploads\/2024\/09\/img3-1.jpg 1100w, https:\/\/medivon.net\/wp-content\/uploads\/2024\/09\/img3-1-640x233.jpg 640w, https:\/\/medivon.net\/wp-content\/uploads\/2024\/09\/img3-1-768x279.jpg 768w, https:\/\/medivon.net\/wp-content\/uploads\/2024\/09\/img3-1-510x185.jpg 510w\" sizes=\"auto, (max-width: 1100px) 100vw, 1100px\" \/><\/div>\n            \n<style>\n#banner-2006086444 .banner-bg img {\n  object-position: 2% 27%;\n}\n<\/style>\n  <\/div>\n\n\n\t<div id=\"gap-766903593\" class=\"gap-element clearfix\" style=\"display:block; height:auto;\">\n\t\t\n<style>\n#gap-766903593 {\n  padding-top: 10px;\n}\n@media (min-width:550px) {\n  #gap-766903593 {\n    padding-top: 50px;\n  }\n}\n<\/style>\n\t<\/div>\n\t\n\t<div id=\"text-3457734525\" class=\"text\">\n\t\t\n<p style=\"text-align: center;\">Funzionamento intuitivo, mobilit\u00e0 e versatilit\u00e0 di applicazione<\/p>\n\t\t\n<style>\n#text-3457734525 {\n  font-size: 1.5rem;\n}\n<\/style>\n\t<\/div>\n\t\n<p style=\"text-align: center;\">Il funzionamento semplice e veloce, supportato dal design senza fili, consente un uso comodo del dispositivo in qualsiasi momento e ovunque. Questo rende il massaggiatore un compagno indispensabile a casa, al lavoro o in viaggio, offrendo un accesso illimitato al relax e alla terapia. Ovunque tu vada, puoi portarlo con te.<\/p>\n\t<div id=\"gap-2033120968\" class=\"gap-element clearfix\" style=\"display:block; height:auto;\">\n\t\t\n<style>\n#gap-2033120968 {\n  padding-top: 50px;\n}\n<\/style>\n\t<\/div>\n\t\n\n  <div class=\"banner has-hover\" id=\"banner-2147355427\">\n          <div class=\"banner-inner fill\">\n        <div class=\"banner-bg fill\" >\n            <img loading=\"lazy\" decoding=\"async\" width=\"1100\" height=\"400\" src=\"https:\/\/medivon.net\/wp-content\/uploads\/2024\/09\/medivon-hestia-3-it.jpg\" class=\"bg attachment-original size-original\" alt=\"\" \/>                                    \n                    <\/div>\n\t\t\n        <div class=\"banner-layers container\">\n            <div class=\"fill banner-link\"><\/div>            \n        <\/div>\n      <\/div>\n\n              <div class=\"height-fix is-invisible\"><img loading=\"lazy\" decoding=\"async\" width=\"1100\" height=\"400\" src=\"https:\/\/medivon.net\/wp-content\/uploads\/2024\/09\/medivon-hestia-3-it.jpg\" class=\"attachment-original size-original\" alt=\"\" srcset=\"https:\/\/medivon.net\/wp-content\/uploads\/2024\/09\/medivon-hestia-3-it.jpg 1100w, https:\/\/medivon.net\/wp-content\/uploads\/2024\/09\/medivon-hestia-3-it-640x233.jpg 640w, https:\/\/medivon.net\/wp-content\/uploads\/2024\/09\/medivon-hestia-3-it-768x279.jpg 768w, https:\/\/medivon.net\/wp-content\/uploads\/2024\/09\/medivon-hestia-3-it-510x185.jpg 510w\" sizes=\"auto, (max-width: 1100px) 100vw, 1100px\" \/><\/div>\n            \n<style>\n#banner-2147355427 .banner-bg img {\n  object-position: 0% 88%;\n}\n<\/style>\n  <\/div>\n\n\n\t<div id=\"gap-1341979823\" class=\"gap-element clearfix\" style=\"display:block; height:auto;\">\n\t\t\n<style>\n#gap-1341979823 {\n  padding-top: 10px;\n}\n@media (min-width:550px) {\n  #gap-1341979823 {\n    padding-top: 50px;\n  }\n}\n<\/style>\n\t<\/div>\n\t\n\t<div id=\"text-1688092824\" class=\"text\">\n\t\t\n<p style=\"text-align: center;\">Comfort e piacere: funzione riscaldante e materiali di alta qualit\u00e0<\/p>\n\t\t\n<style>\n#text-1688092824 {\n  font-size: 1.5rem;\n}\n<\/style>\n\t<\/div>\n\t\n<p style=\"text-align: center;\">La funzione riscaldante, combinata con materiali piacevoli, aumenta il comfort e offre non solo sollievo da dolori e affaticamento, ma anche una sensazione di calore e sicurezza. Questo \u00e8 particolarmente vantaggioso nei giorni pi\u00f9 freddi, quando il bisogno di calore \u00e8 ancora pi\u00f9 percepibile.<\/p>\n\t<div id=\"gap-1475514294\" class=\"gap-element clearfix\" style=\"display:block; height:auto;\">\n\t\t\n<style>\n#gap-1475514294 {\n  padding-top: 50px;\n}\n<\/style>\n\t<\/div>\n\t\n\n  <div class=\"banner has-hover\" id=\"banner-1780475649\">\n          <div class=\"banner-inner fill\">\n        <div class=\"banner-bg fill\" >\n            <img loading=\"lazy\" decoding=\"async\" width=\"1020\" height=\"371\" src=\"https:\/\/medivon.net\/wp-content\/uploads\/2024\/09\/img5-1.jpg\" class=\"bg attachment-large size-large\" alt=\"\" \/>                                    \n                    <\/div>\n\t\t\n        <div class=\"banner-layers container\">\n            <div class=\"fill banner-link\"><\/div>            \n        <\/div>\n      <\/div>\n\n              <div class=\"height-fix is-invisible\"><img loading=\"lazy\" decoding=\"async\" width=\"1020\" height=\"371\" src=\"https:\/\/medivon.net\/wp-content\/uploads\/2024\/09\/img5-1.jpg\" class=\"attachment-large size-large\" alt=\"\" srcset=\"https:\/\/medivon.net\/wp-content\/uploads\/2024\/09\/img5-1.jpg 1100w, https:\/\/medivon.net\/wp-content\/uploads\/2024\/09\/img5-1-640x233.jpg 640w, https:\/\/medivon.net\/wp-content\/uploads\/2024\/09\/img5-1-768x279.jpg 768w, https:\/\/medivon.net\/wp-content\/uploads\/2024\/09\/img5-1-510x185.jpg 510w\" sizes=\"auto, (max-width: 1020px) 100vw, 1020px\" \/><\/div>\n            \n<style>\n#banner-1780475649 .banner-bg img {\n  object-position: 2% 42%;\n}\n<\/style>\n  <\/div>\n\n\n\t<div id=\"gap-90384978\" class=\"gap-element clearfix\" style=\"display:block; height:auto;\">\n\t\t\n<style>\n#gap-90384978 {\n  padding-top: 50px;\n}\n<\/style>\n\t<\/div>\n\t\n\t<div id=\"text-1722149409\" class=\"text\">\n\t\t\n<p style=\"text-align: center;\">Affidabilit\u00e0 e prestazioni: motore robusto<\/p>\n\t\t\n<style>\n#text-1722149409 {\n  font-size: 1.5rem;\n}\n<\/style>\n\t<\/div>\n\t\n<p style=\"text-align: center;\">La base per un uso prolungato e l&#8217;efficacia \u00e8 un motore robusto. Questo \u00e8 fondamentale per garantire un trattamento massaggiante continuo ed efficace. Grazie alla costruzione solida, gli utenti possono godere di un massaggio profondo senza preoccuparsi di guasti o perdite di prestazioni, rendendo ogni sessione altrettanto intensa ed efficace.<\/p>\n\t<div id=\"gap-1174815994\" class=\"gap-element clearfix\" style=\"display:block; height:auto;\">\n\t\t\n<style>\n#gap-1174815994 {\n  padding-top: 50px;\n}\n<\/style>\n\t<\/div>\n\t\n\n  <div class=\"banner has-hover\" id=\"banner-1583842027\">\n          <div class=\"banner-inner fill\">\n        <div class=\"banner-bg fill\" >\n            <img loading=\"lazy\" decoding=\"async\" width=\"1020\" height=\"371\" src=\"https:\/\/medivon.net\/wp-content\/uploads\/2024\/09\/img6.jpg\" class=\"bg attachment-large size-large\" alt=\"\" \/>                                    \n                    <\/div>\n\t\t\n        <div class=\"banner-layers container\">\n            <div class=\"fill banner-link\"><\/div>            \n        <\/div>\n      <\/div>\n\n              <div class=\"height-fix is-invisible\"><img loading=\"lazy\" decoding=\"async\" width=\"1020\" height=\"371\" src=\"https:\/\/medivon.net\/wp-content\/uploads\/2024\/09\/img6.jpg\" class=\"attachment-large size-large\" alt=\"\" srcset=\"https:\/\/medivon.net\/wp-content\/uploads\/2024\/09\/img6.jpg 1100w, https:\/\/medivon.net\/wp-content\/uploads\/2024\/09\/img6-640x233.jpg 640w, https:\/\/medivon.net\/wp-content\/uploads\/2024\/09\/img6-768x279.jpg 768w, https:\/\/medivon.net\/wp-content\/uploads\/2024\/09\/img6-510x185.jpg 510w\" sizes=\"auto, (max-width: 1020px) 100vw, 1020px\" \/><\/div>\n            \n<style>\n#banner-1583842027 .banner-bg img {\n  object-position: 23% 100%;\n}\n<\/style>\n  <\/div>\n\n\n\t<div id=\"gap-41148800\" class=\"gap-element clearfix\" style=\"display:block; height:auto;\">\n\t\t\n<style>\n#gap-41148800 {\n  padding-top: 50px;\n}\n<\/style>\n\t<\/div>\n\t\n<div class=\"row align-middle align-center\"  id=\"row-1315321862\">\n\n\t<div id=\"col-1222631791\" class=\"col medium-6 small-12 large-6\"  >\n\t\t\t\t<div class=\"col-inner\"  >\n\t\t\t\n\t\t\t\n<h1><strong>\u2b50 PERCH\u00c9 MEDIVON?<\/strong><\/h1>\n<ul>\n<li>I nostri dispositivi non vengono utilizzati solo a casa, ma anche nei saloni di bellezza professionali.<\/li>\n<li>Sono realizzati con materiali di altissima qualit\u00e0, che li rendono pi\u00f9 resistenti, non si danneggiano facilmente e hanno un aspetto solido ed elegante.<\/li>\n<li>i dispositivi sono certificati, garantendo sicurezza per la tua salute,<\/li>\n<li>Ogni prodotto \u00e8 confezionato in un\u2019elegante scatola premium <strong>dal design moderno<\/strong> \u2013 regalati una sensazione speciale o donala a una persona cara.<\/li>\n<li>Grazie all\u2019impiego delle pi\u00f9 moderne tecnologie e <span data-text-color=\"success\">di componenti migliorati, i dispositivi offrono un\u2019efficacia fino a<\/span> <span data-text-color=\"success\">diverse volte superiore rispetto ad altri prodotti simili.<\/span><\/li>\n<\/ul>\n\t\t<\/div>\n\t\t\t\t\n<style>\n#col-1222631791 > .col-inner {\n  padding: 5% 5% 5% 5%;\n}\n<\/style>\n\t<\/div>\n\n\t\n\n\t<div id=\"col-1386668403\" class=\"col medium-6 small-12 large-6\"  >\n\t\t\t\t<div class=\"col-inner text-center\"  >\n\t\t\t\n\t\t\t\n\t<div class=\"img has-hover x md-x lg-x y md-y lg-y\" id=\"image_1659239056\">\n\t\t\t\t\t\t\t\t<div class=\"img-inner dark\" >\n\t\t\t<img loading=\"lazy\" decoding=\"async\" width=\"725\" height=\"624\" src=\"https:\/\/medivon.net\/wp-content\/uploads\/2024\/09\/2-5.jpg\" class=\"attachment-large size-large\" alt=\"\" srcset=\"https:\/\/medivon.net\/wp-content\/uploads\/2024\/09\/2-5.jpg 725w, https:\/\/medivon.net\/wp-content\/uploads\/2024\/09\/2-5-640x551.jpg 640w, https:\/\/medivon.net\/wp-content\/uploads\/2024\/09\/2-5-510x439.jpg 510w\" sizes=\"auto, (max-width: 725px) 100vw, 725px\" \/>\t\t\t\t\t\t\n\t\t\t\t\t<\/div>\n\t\t\t\t\t\t\t\t\n<style>\n#image_1659239056 {\n  width: 96%;\n}\n<\/style>\n\t<\/div>\n\t\n\t\t<\/div>\n\t\t\t\t\t<\/div>\n\n\t\n<\/div>\n","protected":false},"excerpt":{"rendered":"<ul>\n<li>Senza fili<\/li>\n<li>Funzione di riscaldamento<\/li>\n<li>Tecnologia Force-Control<\/li>\n<li>Massaggio Shiatsu<\/li>\n<li>4 testine di massaggio<\/li>\n<li>Motore robusto<\/li>\n<li>2 direzioni di lavoro<\/li>\n<li>Riduce le tensioni muscolari<\/li>\n<li>Materiale piacevole<\/li>\n<li>Facile e rapida gestione<\/li>\n<li>Migliora la circolazione sanguigna<\/li>\n<li>Ideale per un massaggio completo di diverse parti del corpo<\/li>\n<\/ul>\n","protected":false},"featured_media":365871,"comment_status":"open","ping_status":"closed","template":"","meta":{"_acf_changed":false,"_glsr_average":0,"_glsr_ranking":0,"_glsr_reviews":0,"footnotes":""},"product_brand":[],"product_cat":[1069],"product_tag":[],"class_list":{"0":"post-365878","1":"product","2":"type-product","3":"status-publish","4":"has-post-thumbnail","6":"product_cat-poduszka-masujaca","8":"first","9":"instock","10":"taxable","11":"shipping-taxable","12":"purchasable","13":"product-type-simple"},"acf":[],"yoast_head":"<!-- This site is optimized with the Yoast SEO plugin v27.4 - https:\/\/yoast.com\/product\/yoast-seo-wordpress\/ -->\n<title>Medivon Hestia - Cuscino massaggiante - Medivon<\/title>\n<meta name=\"robots\" content=\"index, follow, max-snippet:-1, max-image-preview:large, max-video-preview:-1\" \/>\n<link rel=\"canonical\" href=\"https:\/\/medivon.net\/it\/produkt\/medivon-hestia-cuscino-massaggiante\/\" \/>\n<meta property=\"og:locale\" content=\"it_IT\" \/>\n<meta property=\"og:type\" content=\"article\" \/>\n<meta property=\"og:title\" content=\"Medivon Hestia - Cuscino massaggiante - Medivon\" \/>\n<meta property=\"og:description\" content=\"Senza fili  Funzione di riscaldamento  Tecnologia Force-Control  Massaggio Shiatsu  4 testine di massaggio  Motore robusto  2 direzioni di lavoro  Riduce le tensioni muscolari  Materiale piacevole  Facile e rapida gestione  Migliora la circolazione sanguigna  Ideale per un massaggio completo di diverse parti del corpo\" \/>\n<meta property=\"og:url\" content=\"https:\/\/medivon.net\/it\/produkt\/medivon-hestia-cuscino-massaggiante\/\" \/>\n<meta property=\"og:site_name\" content=\"Medivon\" \/>\n<meta property=\"article:modified_time\" content=\"2025-11-24T10:01:03+00:00\" \/>\n<meta property=\"og:image\" content=\"https:\/\/medivon.net\/wp-content\/uploads\/2024\/09\/2-5.jpg\" \/>\n\t<meta property=\"og:image:width\" content=\"725\" \/>\n\t<meta property=\"og:image:height\" content=\"624\" \/>\n\t<meta property=\"og:image:type\" content=\"image\/jpeg\" \/>\n<meta name=\"twitter:card\" content=\"summary_large_image\" \/>\n<meta name=\"twitter:label1\" content=\"Tempo di lettura stimato\" \/>\n\t<meta name=\"twitter:data1\" content=\"4 minuti\" \/>\n<script type=\"application\/ld+json\" class=\"yoast-schema-graph\">{\"@context\":\"https:\\\/\\\/schema.org\",\"@graph\":[{\"@type\":\"WebPage\",\"@id\":\"https:\\\/\\\/medivon.net\\\/it\\\/produkt\\\/medivon-hestia-cuscino-massaggiante\\\/\",\"url\":\"https:\\\/\\\/medivon.net\\\/it\\\/produkt\\\/medivon-hestia-cuscino-massaggiante\\\/\",\"name\":\"Medivon Hestia - Cuscino massaggiante - Medivon\",\"isPartOf\":{\"@id\":\"https:\\\/\\\/medivon.net\\\/it\\\/#website\"},\"primaryImageOfPage\":{\"@id\":\"https:\\\/\\\/medivon.net\\\/it\\\/produkt\\\/medivon-hestia-cuscino-massaggiante\\\/#primaryimage\"},\"image\":{\"@id\":\"https:\\\/\\\/medivon.net\\\/it\\\/produkt\\\/medivon-hestia-cuscino-massaggiante\\\/#primaryimage\"},\"thumbnailUrl\":\"https:\\\/\\\/medivon.net\\\/wp-content\\\/uploads\\\/2024\\\/09\\\/2-5.jpg\",\"datePublished\":\"2024-09-06T09:11:35+00:00\",\"dateModified\":\"2025-11-24T10:01:03+00:00\",\"breadcrumb\":{\"@id\":\"https:\\\/\\\/medivon.net\\\/it\\\/produkt\\\/medivon-hestia-cuscino-massaggiante\\\/#breadcrumb\"},\"inLanguage\":\"it-IT\",\"potentialAction\":[{\"@type\":\"ReadAction\",\"target\":[\"https:\\\/\\\/medivon.net\\\/it\\\/produkt\\\/medivon-hestia-cuscino-massaggiante\\\/\"]}]},{\"@type\":\"ImageObject\",\"inLanguage\":\"it-IT\",\"@id\":\"https:\\\/\\\/medivon.net\\\/it\\\/produkt\\\/medivon-hestia-cuscino-massaggiante\\\/#primaryimage\",\"url\":\"https:\\\/\\\/medivon.net\\\/wp-content\\\/uploads\\\/2024\\\/09\\\/2-5.jpg\",\"contentUrl\":\"https:\\\/\\\/medivon.net\\\/wp-content\\\/uploads\\\/2024\\\/09\\\/2-5.jpg\",\"width\":725,\"height\":624},{\"@type\":\"BreadcrumbList\",\"@id\":\"https:\\\/\\\/medivon.net\\\/it\\\/produkt\\\/medivon-hestia-cuscino-massaggiante\\\/#breadcrumb\",\"itemListElement\":[{\"@type\":\"ListItem\",\"position\":1,\"name\":\"Speichern\",\"item\":\"https:\\\/\\\/medivon.net\\\/speichern\\\/\"},{\"@type\":\"ListItem\",\"position\":2,\"name\":\"Medivon Hestia &#8211; Cuscino massaggiante\"}]},{\"@type\":\"WebSite\",\"@id\":\"https:\\\/\\\/medivon.net\\\/it\\\/#website\",\"url\":\"https:\\\/\\\/medivon.net\\\/it\\\/\",\"name\":\"Medivon\",\"description\":\"\",\"potentialAction\":[{\"@type\":\"SearchAction\",\"target\":{\"@type\":\"EntryPoint\",\"urlTemplate\":\"https:\\\/\\\/medivon.net\\\/it\\\/?s={search_term_string}\"},\"query-input\":{\"@type\":\"PropertyValueSpecification\",\"valueRequired\":true,\"valueName\":\"search_term_string\"}}],\"inLanguage\":\"it-IT\"}]}<\/script>\n<!-- \/ Yoast SEO plugin. -->","yoast_head_json":{"title":"Medivon Hestia - Cuscino massaggiante - Medivon","robots":{"index":"index","follow":"follow","max-snippet":"max-snippet:-1","max-image-preview":"max-image-preview:large","max-video-preview":"max-video-preview:-1"},"canonical":"https:\/\/medivon.net\/it\/produkt\/medivon-hestia-cuscino-massaggiante\/","og_locale":"it_IT","og_type":"article","og_title":"Medivon Hestia - Cuscino massaggiante - Medivon","og_description":"Senza fili  Funzione di riscaldamento  Tecnologia Force-Control  Massaggio Shiatsu  4 testine di massaggio  Motore robusto  2 direzioni di lavoro  Riduce le tensioni muscolari  Materiale piacevole  Facile e rapida gestione  Migliora la circolazione sanguigna  Ideale per un massaggio completo di diverse parti del corpo","og_url":"https:\/\/medivon.net\/it\/produkt\/medivon-hestia-cuscino-massaggiante\/","og_site_name":"Medivon","article_modified_time":"2025-11-24T10:01:03+00:00","og_image":[{"width":725,"height":624,"url":"https:\/\/medivon.net\/wp-content\/uploads\/2024\/09\/2-5.jpg","type":"image\/jpeg"}],"twitter_card":"summary_large_image","twitter_misc":{"Tempo di lettura stimato":"4 minuti"},"schema":{"@context":"https:\/\/schema.org","@graph":[{"@type":"WebPage","@id":"https:\/\/medivon.net\/it\/produkt\/medivon-hestia-cuscino-massaggiante\/","url":"https:\/\/medivon.net\/it\/produkt\/medivon-hestia-cuscino-massaggiante\/","name":"Medivon Hestia - Cuscino massaggiante - Medivon","isPartOf":{"@id":"https:\/\/medivon.net\/it\/#website"},"primaryImageOfPage":{"@id":"https:\/\/medivon.net\/it\/produkt\/medivon-hestia-cuscino-massaggiante\/#primaryimage"},"image":{"@id":"https:\/\/medivon.net\/it\/produkt\/medivon-hestia-cuscino-massaggiante\/#primaryimage"},"thumbnailUrl":"https:\/\/medivon.net\/wp-content\/uploads\/2024\/09\/2-5.jpg","datePublished":"2024-09-06T09:11:35+00:00","dateModified":"2025-11-24T10:01:03+00:00","breadcrumb":{"@id":"https:\/\/medivon.net\/it\/produkt\/medivon-hestia-cuscino-massaggiante\/#breadcrumb"},"inLanguage":"it-IT","potentialAction":[{"@type":"ReadAction","target":["https:\/\/medivon.net\/it\/produkt\/medivon-hestia-cuscino-massaggiante\/"]}]},{"@type":"ImageObject","inLanguage":"it-IT","@id":"https:\/\/medivon.net\/it\/produkt\/medivon-hestia-cuscino-massaggiante\/#primaryimage","url":"https:\/\/medivon.net\/wp-content\/uploads\/2024\/09\/2-5.jpg","contentUrl":"https:\/\/medivon.net\/wp-content\/uploads\/2024\/09\/2-5.jpg","width":725,"height":624},{"@type":"BreadcrumbList","@id":"https:\/\/medivon.net\/it\/produkt\/medivon-hestia-cuscino-massaggiante\/#breadcrumb","itemListElement":[{"@type":"ListItem","position":1,"name":"Speichern","item":"https:\/\/medivon.net\/speichern\/"},{"@type":"ListItem","position":2,"name":"Medivon Hestia &#8211; Cuscino massaggiante"}]},{"@type":"WebSite","@id":"https:\/\/medivon.net\/it\/#website","url":"https:\/\/medivon.net\/it\/","name":"Medivon","description":"","potentialAction":[{"@type":"SearchAction","target":{"@type":"EntryPoint","urlTemplate":"https:\/\/medivon.net\/it\/?s={search_term_string}"},"query-input":{"@type":"PropertyValueSpecification","valueRequired":true,"valueName":"search_term_string"}}],"inLanguage":"it-IT"}]}},"_links":{"self":[{"href":"https:\/\/medivon.net\/it\/wp-json\/wp\/v2\/product\/365878","targetHints":{"allow":["GET"]}}],"collection":[{"href":"https:\/\/medivon.net\/it\/wp-json\/wp\/v2\/product"}],"about":[{"href":"https:\/\/medivon.net\/it\/wp-json\/wp\/v2\/types\/product"}],"replies":[{"embeddable":true,"href":"https:\/\/medivon.net\/it\/wp-json\/wp\/v2\/comments?post=365878"}],"version-history":[{"count":5,"href":"https:\/\/medivon.net\/it\/wp-json\/wp\/v2\/product\/365878\/revisions"}],"predecessor-version":[{"id":365889,"href":"https:\/\/medivon.net\/it\/wp-json\/wp\/v2\/product\/365878\/revisions\/365889"}],"wp:featuredmedia":[{"embeddable":true,"href":"https:\/\/medivon.net\/it\/wp-json\/wp\/v2\/media\/365871"}],"wp:attachment":[{"href":"https:\/\/medivon.net\/it\/wp-json\/wp\/v2\/media?parent=365878"}],"wp:term":[{"taxonomy":"product_brand","embeddable":true,"href":"https:\/\/medivon.net\/it\/wp-json\/wp\/v2\/product_brand?post=365878"},{"taxonomy":"product_cat","embeddable":true,"href":"https:\/\/medivon.net\/it\/wp-json\/wp\/v2\/product_cat?post=365878"},{"taxonomy":"product_tag","embeddable":true,"href":"https:\/\/medivon.net\/it\/wp-json\/wp\/v2\/product_tag?post=365878"}],"curies":[{"name":"wp","href":"https:\/\/api.w.org\/{rel}","templated":true}]}}