{"id":365561,"date":"2024-09-06T11:11:35","date_gmt":"2024-09-06T09:11:35","guid":{"rendered":"https:\/\/medivon.net\/produkt\/medivon-hestia-cojin-de-masaje\/"},"modified":"2025-11-20T14:34:42","modified_gmt":"2025-11-20T13:34:42","slug":"medivon-hestia-cojin-de-masaje","status":"publish","type":"product","link":"https:\/\/medivon.net\/es\/produkt\/medivon-hestia-cojin-de-masaje\/","title":{"rendered":"Medivon Hestia &#8211; Coj\u00edn de masaje"},"content":{"rendered":"\n\t<section class=\"section\" id=\"section_1245421971\">\n\t\t<div class=\"section-bg fill\" >\n\t\t\t\t\t\t\t\t\t\n\t\t\t\n\n\t\t<\/div>\n\n\t\t\n\n\t\t<div class=\"section-content relative\">\n\t\t\t\n<div class=\"row\"  id=\"row-1414308764\">\n\n\t<div id=\"col-1946009970\" class=\"col small-12 large-12\"  >\n\t\t\t\t<div class=\"col-inner\"  >\n\t\t\t\n\t\t\t\n<div class=\"video video-fit mb\" style=\"padding-top:56.25%;\"><p><iframe loading=\"lazy\" title=\"Medivon Hestia \u2013 Coj\u00edn de masaje\" width=\"1020\" height=\"574\" src=\"https:\/\/www.youtube.com\/embed\/aoxQloJnpNc?feature=oembed\" frameborder=\"0\" allow=\"accelerometer; autoplay; clipboard-write; encrypted-media; gyroscope; picture-in-picture; web-share\" referrerpolicy=\"strict-origin-when-cross-origin\" allowfullscreen><\/iframe><\/p>\n<\/div>\n\t\t<\/div>\n\t\t\t\t\t<\/div>\n\n\t\n<\/div>\n\t\t<\/div>\n\n\t\t\n<style>\n#section_1245421971 {\n  padding-top: 30px;\n  padding-bottom: 30px;\n}\n<\/style>\n\t<\/section>\n\t\n\n  <div class=\"banner has-hover\" id=\"banner-1972734750\">\n          <div class=\"banner-inner fill\">\n        <div class=\"banner-bg fill\" >\n                                                \n                    <\/div>\n\t\t\n        <div class=\"banner-layers container\">\n            <div class=\"fill banner-link\"><\/div>            \n        <\/div>\n      <\/div>\n\n              <div class=\"height-fix is-invisible\"><\/div>\n              <\/div>\n\n\n\t<div id=\"gap-998767480\" class=\"gap-element clearfix\" style=\"display:block; height:auto;\">\n\t\t\n<style>\n#gap-998767480 {\n  padding-top: 10px;\n}\n@media (min-width:550px) {\n  #gap-998767480 {\n    padding-top: 50px;\n  }\n}\n<\/style>\n\t<\/div>\n\t\n\t<div id=\"text-655581314\" class=\"text\">\n\t\t\n<p style=\"text-align: center;\">Innovadora tecnolog\u00eda Force Control y masaje Shiatsu.<\/p>\n\t\t\n<style>\n#text-655581314 {\n  font-size: 1.5rem;\n}\n<\/style>\n\t<\/div>\n\t\n<p style=\"text-align: center;\">La tecnolog\u00eda Force Control, combinada con el masaje Shiatsu, garantiza una adaptaci\u00f3n individual a las necesidades del cuerpo del usuario. Cuatro cabezales de masaje, que funcionan en dos direcciones, imitan las t\u00e9cnicas de los masajistas profesionales y ofrecen una experiencia terap\u00e9utica integral que no solo relaja, sino que tambi\u00e9n regenera. El Medivon Hestia ha sido dise\u00f1ado para ofrecer una terapia completa para diferentes partes del cuerpo, convirti\u00e9ndolo en la herramienta ideal para un masaje vers\u00e1til. Gracias a la posibilidad de ajustar el modo de funcionamiento y la intensidad, el dispositivo se adapta eficazmente a las preferencias personales de los usuarios, proporcionando alivio y mejorando la salud general.<\/p>\n\t<div id=\"gap-1516544229\" class=\"gap-element clearfix\" style=\"display:block; height:auto;\">\n\t\t\n<style>\n#gap-1516544229 {\n  padding-top: 30px;\n}\n<\/style>\n\t<\/div>\n\t\n\n  <div class=\"banner has-hover\" id=\"banner-1479541032\">\n          <div class=\"banner-inner fill\">\n        <div class=\"banner-bg fill\" >\n                                                \n                    <\/div>\n\t\t\n        <div class=\"banner-layers container\">\n            <div class=\"fill banner-link\"><\/div>            \n        <\/div>\n      <\/div>\n\n              <div class=\"height-fix is-invisible\"><\/div>\n            \n<style>\n#banner-1479541032 .banner-bg img {\n  object-position: 30% 57%;\n}\n<\/style>\n  <\/div>\n\n\n\t<div id=\"gap-1261322461\" class=\"gap-element clearfix\" style=\"display:block; height:auto;\">\n\t\t\n<style>\n#gap-1261322461 {\n  padding-top: 10px;\n}\n@media (min-width:550px) {\n  #gap-1261322461 {\n    padding-top: 50px;\n  }\n}\n<\/style>\n\t<\/div>\n\t\n\t<div id=\"text-2979958675\" class=\"text\">\n\t\t\n<p style=\"text-align: center;\">Beneficios para la salud, efecto hol\u00edstico en el cuerpo.<\/p>\n\t\t\n<style>\n#text-2979958675 {\n  font-size: 1.5rem;\n}\n<\/style>\n\t<\/div>\n\t\n<p style=\"text-align: center;\">El uso regular de los masajes contribuye a una mejora significativa de la circulaci\u00f3n sangu\u00ednea y a la reducci\u00f3n de la tensi\u00f3n muscular, lo cual es crucial para mejorar la salud general y el bienestar. Estos beneficios conducen a una mejor oxigenaci\u00f3n del cuerpo, una eliminaci\u00f3n m\u00e1s r\u00e1pida de toxinas y una mejora de la condici\u00f3n f\u00edsica y mental, reduciendo el estr\u00e9s despu\u00e9s de un d\u00eda de trabajo agotador.<\/p>\n\t<div id=\"gap-1636663018\" class=\"gap-element clearfix\" style=\"display:block; height:auto;\">\n\t\t\n<style>\n#gap-1636663018 {\n  padding-top: 30px;\n}\n<\/style>\n\t<\/div>\n\t\n\n  <div class=\"banner has-hover\" id=\"banner-390004334\">\n          <div class=\"banner-inner fill\">\n        <div class=\"banner-bg fill\" >\n            <img loading=\"lazy\" decoding=\"async\" width=\"1100\" height=\"400\" src=\"https:\/\/medivon.net\/wp-content\/uploads\/2024\/09\/img3-1.jpg\" class=\"bg attachment-original size-original\" alt=\"\" \/>                                    \n                    <\/div>\n\t\t\n        <div class=\"banner-layers container\">\n            <div class=\"fill banner-link\"><\/div>            \n        <\/div>\n      <\/div>\n\n              <div class=\"height-fix is-invisible\"><img loading=\"lazy\" decoding=\"async\" width=\"1100\" height=\"400\" src=\"https:\/\/medivon.net\/wp-content\/uploads\/2024\/09\/img3-1.jpg\" class=\"attachment-original size-original\" alt=\"\" srcset=\"https:\/\/medivon.net\/wp-content\/uploads\/2024\/09\/img3-1.jpg 1100w, https:\/\/medivon.net\/wp-content\/uploads\/2024\/09\/img3-1-640x233.jpg 640w, https:\/\/medivon.net\/wp-content\/uploads\/2024\/09\/img3-1-768x279.jpg 768w, https:\/\/medivon.net\/wp-content\/uploads\/2024\/09\/img3-1-510x185.jpg 510w\" sizes=\"auto, (max-width: 1100px) 100vw, 1100px\" \/><\/div>\n            \n<style>\n#banner-390004334 .banner-bg img {\n  object-position: 2% 27%;\n}\n<\/style>\n  <\/div>\n\n\n\t<div id=\"gap-1961953671\" class=\"gap-element clearfix\" style=\"display:block; height:auto;\">\n\t\t\n<style>\n#gap-1961953671 {\n  padding-top: 10px;\n}\n@media (min-width:550px) {\n  #gap-1961953671 {\n    padding-top: 50px;\n  }\n}\n<\/style>\n\t<\/div>\n\t\n\t<div id=\"text-2207037943\" class=\"text\">\n\t\t\n<p style=\"text-align: center;\">Manejo intuitivo, movilidad y aplicaci\u00f3n vers\u00e1til.<\/p>\n\t\t\n<style>\n#text-2207037943 {\n  font-size: 1.5rem;\n}\n<\/style>\n\t<\/div>\n\t\n<p style=\"text-align: center;\">El manejo sencillo y r\u00e1pido, apoyado por su dise\u00f1o inal\u00e1mbrico, permite un uso c\u00f3modo del dispositivo en cualquier momento y lugar. Esto convierte al masajeador en un compa\u00f1ero indispensable en casa, en el trabajo o de viaje, ofreciendo acceso ilimitado a la relajaci\u00f3n y la terapia. Vayas donde vayas, puedes llev\u00e1rtelo contigo.<\/p>\n\t<div id=\"gap-108121703\" class=\"gap-element clearfix\" style=\"display:block; height:auto;\">\n\t\t\n<style>\n#gap-108121703 {\n  padding-top: 50px;\n}\n<\/style>\n\t<\/div>\n\t\n\n  <div class=\"banner has-hover\" id=\"banner-1997262313\">\n          <div class=\"banner-inner fill\">\n        <div class=\"banner-bg fill\" >\n                                                \n                    <\/div>\n\t\t\n        <div class=\"banner-layers container\">\n            <div class=\"fill banner-link\"><\/div>            \n        <\/div>\n      <\/div>\n\n              <div class=\"height-fix is-invisible\"><\/div>\n            \n<style>\n#banner-1997262313 .banner-bg img {\n  object-position: 0% 88%;\n}\n<\/style>\n  <\/div>\n\n\n\t<div id=\"gap-1825478958\" class=\"gap-element clearfix\" style=\"display:block; height:auto;\">\n\t\t\n<style>\n#gap-1825478958 {\n  padding-top: 10px;\n}\n@media (min-width:550px) {\n  #gap-1825478958 {\n    padding-top: 50px;\n  }\n}\n<\/style>\n\t<\/div>\n\t\n\t<div id=\"text-1755080473\" class=\"text\">\n\t\t\n<p style=\"text-align: center;\">Comodidad y placer: funci\u00f3n de calor y materiales de alta calidad.<\/p>\n\t\t\n<style>\n#text-1755080473 {\n  font-size: 1.5rem;\n}\n<\/style>\n\t<\/div>\n\t\n<p style=\"text-align: center;\">La funci\u00f3n de calor, combinada con materiales agradables, eleva el est\u00e1ndar de confort y ofrece no solo alivio del dolor y la fatiga, sino tambi\u00e9n una sensaci\u00f3n de calidez y seguridad. Esto es especialmente beneficioso en los d\u00edas m\u00e1s frescos, cuando la necesidad de calor se hace a\u00fan m\u00e1s patente.<\/p>\n\t<div id=\"gap-161667630\" class=\"gap-element clearfix\" style=\"display:block; height:auto;\">\n\t\t\n<style>\n#gap-161667630 {\n  padding-top: 50px;\n}\n<\/style>\n\t<\/div>\n\t\n\n  <div class=\"banner has-hover\" id=\"banner-1922873988\">\n          <div class=\"banner-inner fill\">\n        <div class=\"banner-bg fill\" >\n            <img loading=\"lazy\" decoding=\"async\" width=\"1020\" height=\"371\" src=\"https:\/\/medivon.net\/wp-content\/uploads\/2024\/09\/img5-1.jpg\" class=\"bg attachment-large size-large\" alt=\"\" \/>                                    \n                    <\/div>\n\t\t\n        <div class=\"banner-layers container\">\n            <div class=\"fill banner-link\"><\/div>            \n        <\/div>\n      <\/div>\n\n              <div class=\"height-fix is-invisible\"><img loading=\"lazy\" decoding=\"async\" width=\"1020\" height=\"371\" src=\"https:\/\/medivon.net\/wp-content\/uploads\/2024\/09\/img5-1.jpg\" class=\"attachment-large size-large\" alt=\"\" srcset=\"https:\/\/medivon.net\/wp-content\/uploads\/2024\/09\/img5-1.jpg 1100w, https:\/\/medivon.net\/wp-content\/uploads\/2024\/09\/img5-1-640x233.jpg 640w, https:\/\/medivon.net\/wp-content\/uploads\/2024\/09\/img5-1-768x279.jpg 768w, https:\/\/medivon.net\/wp-content\/uploads\/2024\/09\/img5-1-510x185.jpg 510w\" sizes=\"auto, (max-width: 1020px) 100vw, 1020px\" \/><\/div>\n            \n<style>\n#banner-1922873988 .banner-bg img {\n  object-position: 2% 42%;\n}\n<\/style>\n  <\/div>\n\n\n\t<div id=\"gap-1055024271\" class=\"gap-element clearfix\" style=\"display:block; height:auto;\">\n\t\t\n<style>\n#gap-1055024271 {\n  padding-top: 50px;\n}\n<\/style>\n\t<\/div>\n\t\n\t<div id=\"text-2610077730\" class=\"text\">\n\t\t\n<p style=\"text-align: center;\">Fiabilidad y rendimiento: motor robusto.<\/p>\n\t\t\n<style>\n#text-2610077730 {\n  font-size: 1.5rem;\n}\n<\/style>\n\t<\/div>\n\t\n<p style=\"text-align: center;\">La base para un uso duradero y eficaz es un motor robusto. Esto es crucial para garantizar un tratamiento de masaje continuo y efectivo. Gracias a su s\u00f3lida construcci\u00f3n, los usuarios pueden disfrutar de un masaje profundo sin preocuparse por aver\u00edas o p\u00e9rdidas de potencia, haciendo que cada sesi\u00f3n sea igual de intensa y efectiva.<\/p>\n\t<div id=\"gap-2132182091\" class=\"gap-element clearfix\" style=\"display:block; height:auto;\">\n\t\t\n<style>\n#gap-2132182091 {\n  padding-top: 50px;\n}\n<\/style>\n\t<\/div>\n\t\n\n  <div class=\"banner has-hover\" id=\"banner-731204480\">\n          <div class=\"banner-inner fill\">\n        <div class=\"banner-bg fill\" >\n            <img loading=\"lazy\" decoding=\"async\" width=\"1020\" height=\"371\" src=\"https:\/\/medivon.net\/wp-content\/uploads\/2024\/09\/img6.jpg\" class=\"bg attachment-large size-large\" alt=\"\" \/>                                    \n                    <\/div>\n\t\t\n        <div class=\"banner-layers container\">\n            <div class=\"fill banner-link\"><\/div>            \n        <\/div>\n      <\/div>\n\n              <div class=\"height-fix is-invisible\"><img loading=\"lazy\" decoding=\"async\" width=\"1020\" height=\"371\" src=\"https:\/\/medivon.net\/wp-content\/uploads\/2024\/09\/img6.jpg\" class=\"attachment-large size-large\" alt=\"\" srcset=\"https:\/\/medivon.net\/wp-content\/uploads\/2024\/09\/img6.jpg 1100w, https:\/\/medivon.net\/wp-content\/uploads\/2024\/09\/img6-640x233.jpg 640w, https:\/\/medivon.net\/wp-content\/uploads\/2024\/09\/img6-768x279.jpg 768w, https:\/\/medivon.net\/wp-content\/uploads\/2024\/09\/img6-510x185.jpg 510w\" sizes=\"auto, (max-width: 1020px) 100vw, 1020px\" \/><\/div>\n            \n<style>\n#banner-731204480 .banner-bg img {\n  object-position: 23% 100%;\n}\n<\/style>\n  <\/div>\n\n\n\t<div id=\"gap-1196292776\" class=\"gap-element clearfix\" style=\"display:block; height:auto;\">\n\t\t\n<style>\n#gap-1196292776 {\n  padding-top: 50px;\n}\n<\/style>\n\t<\/div>\n\t\n<div class=\"row align-middle align-center\"  id=\"row-765798652\">\n\n\t<div id=\"col-569003511\" class=\"col medium-6 small-12 large-6\"  >\n\t\t\t\t<div class=\"col-inner\"  >\n\t\t\t\n\t\t\t\n<h1><strong>\u2b50\ufe0f \u00bfPOR QU\u00c9 MEDIVON?<\/strong><\/h1>\n<ul>\n<li>Nuestros aparatos se utilizan <strong>no solo en casa<\/strong>, sino tambi\u00e9n en<br \/>\nsalones de belleza profesionales,<\/li>\n<li>fabricados con <strong>materiales de muy alta calidad<\/strong>, lo que los hace mucho m\u00e1s duraderos, no se da\u00f1an y tienen un aspecto muy s\u00f3lido y \u00fanico,<\/li>\n<li>los dispositivos est\u00e1n certificados, lo que los hace seguros para su salud,<\/li>\n<li>una elegante caja de primera calidad<strong> con un dise\u00f1o moderno<\/strong>. Si\u00e9ntase especial o reg\u00e1leselo a un ser querido,<\/li>\n<li>gracias al uso de la tecnolog\u00eda m\u00e1s avanzada y a la mejora de sus <span data-text-color=\"success\">componentes, tiene un efecto de cuidado hasta varias veces superior al de los <\/span><span data-text-color=\"success\">aparatos convencionales de aspecto similar.<\/span><\/li>\n<\/ul>\n\t\t<\/div>\n\t\t\t\t\n<style>\n#col-569003511 > .col-inner {\n  padding: 5% 5% 5% 5%;\n}\n<\/style>\n\t<\/div>\n\n\t\n\n\t<div id=\"col-1830323264\" class=\"col medium-6 small-12 large-6\"  >\n\t\t\t\t<div class=\"col-inner text-center\"  >\n\t\t\t\n\t\t\t\n\t<div class=\"img has-hover x md-x lg-x y md-y lg-y\" id=\"image_1365021228\">\n\t\t\t\t\t\t\t\t<div class=\"img-inner dark\" >\n\t\t\t<img loading=\"lazy\" decoding=\"async\" width=\"725\" height=\"624\" src=\"https:\/\/medivon.net\/wp-content\/uploads\/2024\/09\/2-5.jpg\" class=\"attachment-large size-large\" alt=\"\" srcset=\"https:\/\/medivon.net\/wp-content\/uploads\/2024\/09\/2-5.jpg 725w, https:\/\/medivon.net\/wp-content\/uploads\/2024\/09\/2-5-640x551.jpg 640w, https:\/\/medivon.net\/wp-content\/uploads\/2024\/09\/2-5-510x439.jpg 510w\" sizes=\"auto, (max-width: 725px) 100vw, 725px\" \/>\t\t\t\t\t\t\n\t\t\t\t\t<\/div>\n\t\t\t\t\t\t\t\t\n<style>\n#image_1365021228 {\n  width: 96%;\n}\n<\/style>\n\t<\/div>\n\t\n\t\t<\/div>\n\t\t\t\t\t<\/div>\n\n\t\n<\/div>\n","protected":false},"excerpt":{"rendered":"<ul>\n<li>Inal\u00e1mbrico<\/li>\n<li>Funci\u00f3n de calor<\/li>\n<li>Tecnolog\u00eda Force-Control<\/li>\n<li>Masaje Shiatsu<\/li>\n<li>4 cabezales de masaje<\/li>\n<li>Motor robusto<\/li>\n<li>2 direcciones de funcionamiento<\/li>\n<li>Reduce las tensiones musculares<\/li>\n<li>Material agradable<\/li>\n<li>Manejo f\u00e1cil y r\u00e1pido<\/li>\n<li>Mejora la circulaci\u00f3n<\/li>\n<li>Ideal para un masaje completo de diferentes partes del cuerpo<\/li>\n<\/ul>\n","protected":false},"featured_media":365568,"comment_status":"open","ping_status":"closed","template":"","meta":{"_acf_changed":false,"_glsr_average":0,"_glsr_ranking":0,"_glsr_reviews":0,"footnotes":""},"product_brand":[],"product_cat":[1120,1012],"product_tag":[],"class_list":{"0":"post-365561","1":"product","2":"type-product","3":"status-publish","4":"has-post-thumbnail","6":"product_cat-cojines-de-masaje","7":"product_cat-masaje","9":"first","10":"outofstock","11":"taxable","12":"shipping-taxable","13":"purchasable","14":"product-type-simple"},"acf":[],"yoast_head":"<!-- This site is optimized with the Yoast SEO plugin v27.5 - https:\/\/yoast.com\/product\/yoast-seo-wordpress\/ -->\n<title>Medivon Hestia - Coj\u00edn de masaje - Medivon<\/title>\n<meta name=\"robots\" content=\"index, follow, max-snippet:-1, max-image-preview:large, max-video-preview:-1\" \/>\n<link rel=\"canonical\" href=\"https:\/\/medivon.net\/es\/produkt\/medivon-hestia-cojin-de-masaje\/\" \/>\n<meta property=\"og:locale\" content=\"es_ES\" \/>\n<meta property=\"og:type\" content=\"article\" \/>\n<meta property=\"og:title\" content=\"Medivon Hestia - Coj\u00edn de masaje - Medivon\" \/>\n<meta property=\"og:description\" content=\"Inal\u00e1mbrico  Funci\u00f3n de calor  Tecnolog\u00eda Force-Control  Masaje Shiatsu  4 cabezales de masaje  Motor robusto  2 direcciones de funcionamiento  Reduce las tensiones musculares  Material agradable  Manejo f\u00e1cil y r\u00e1pido  Mejora la circulaci\u00f3n  Ideal para un masaje completo de diferentes partes del cuerpo\" \/>\n<meta property=\"og:url\" content=\"https:\/\/medivon.net\/es\/produkt\/medivon-hestia-cojin-de-masaje\/\" \/>\n<meta property=\"og:site_name\" content=\"Medivon\" \/>\n<meta property=\"article:modified_time\" content=\"2025-11-20T13:34:42+00:00\" \/>\n<meta property=\"og:image\" content=\"https:\/\/medivon.net\/wp-content\/uploads\/2024\/09\/2-5.jpg\" \/>\n\t<meta property=\"og:image:width\" content=\"725\" \/>\n\t<meta property=\"og:image:height\" content=\"624\" \/>\n\t<meta property=\"og:image:type\" content=\"image\/jpeg\" \/>\n<meta name=\"twitter:card\" content=\"summary_large_image\" \/>\n<meta name=\"twitter:label1\" content=\"Tiempo de lectura\" \/>\n\t<meta name=\"twitter:data1\" content=\"3 minutos\" \/>\n<script type=\"application\/ld+json\" class=\"yoast-schema-graph\">{\"@context\":\"https:\\\/\\\/schema.org\",\"@graph\":[{\"@type\":\"WebPage\",\"@id\":\"https:\\\/\\\/medivon.net\\\/es\\\/produkt\\\/medivon-hestia-cojin-de-masaje\\\/\",\"url\":\"https:\\\/\\\/medivon.net\\\/es\\\/produkt\\\/medivon-hestia-cojin-de-masaje\\\/\",\"name\":\"Medivon Hestia - Coj\u00edn de masaje - Medivon\",\"isPartOf\":{\"@id\":\"https:\\\/\\\/medivon.net\\\/es\\\/#website\"},\"primaryImageOfPage\":{\"@id\":\"https:\\\/\\\/medivon.net\\\/es\\\/produkt\\\/medivon-hestia-cojin-de-masaje\\\/#primaryimage\"},\"image\":{\"@id\":\"https:\\\/\\\/medivon.net\\\/es\\\/produkt\\\/medivon-hestia-cojin-de-masaje\\\/#primaryimage\"},\"thumbnailUrl\":\"https:\\\/\\\/medivon.net\\\/wp-content\\\/uploads\\\/2024\\\/09\\\/2-5.jpg\",\"datePublished\":\"2024-09-06T09:11:35+00:00\",\"dateModified\":\"2025-11-20T13:34:42+00:00\",\"breadcrumb\":{\"@id\":\"https:\\\/\\\/medivon.net\\\/es\\\/produkt\\\/medivon-hestia-cojin-de-masaje\\\/#breadcrumb\"},\"inLanguage\":\"es\",\"potentialAction\":[{\"@type\":\"ReadAction\",\"target\":[\"https:\\\/\\\/medivon.net\\\/es\\\/produkt\\\/medivon-hestia-cojin-de-masaje\\\/\"]}]},{\"@type\":\"ImageObject\",\"inLanguage\":\"es\",\"@id\":\"https:\\\/\\\/medivon.net\\\/es\\\/produkt\\\/medivon-hestia-cojin-de-masaje\\\/#primaryimage\",\"url\":\"https:\\\/\\\/medivon.net\\\/wp-content\\\/uploads\\\/2024\\\/09\\\/2-5.jpg\",\"contentUrl\":\"https:\\\/\\\/medivon.net\\\/wp-content\\\/uploads\\\/2024\\\/09\\\/2-5.jpg\",\"width\":725,\"height\":624},{\"@type\":\"BreadcrumbList\",\"@id\":\"https:\\\/\\\/medivon.net\\\/es\\\/produkt\\\/medivon-hestia-cojin-de-masaje\\\/#breadcrumb\",\"itemListElement\":[{\"@type\":\"ListItem\",\"position\":1,\"name\":\"Speichern\",\"item\":\"https:\\\/\\\/medivon.net\\\/speichern\\\/\"},{\"@type\":\"ListItem\",\"position\":2,\"name\":\"Medivon Hestia &#8211; Coj\u00edn de masaje\"}]},{\"@type\":\"WebSite\",\"@id\":\"https:\\\/\\\/medivon.net\\\/es\\\/#website\",\"url\":\"https:\\\/\\\/medivon.net\\\/es\\\/\",\"name\":\"Medivon\",\"description\":\"\",\"potentialAction\":[{\"@type\":\"SearchAction\",\"target\":{\"@type\":\"EntryPoint\",\"urlTemplate\":\"https:\\\/\\\/medivon.net\\\/es\\\/?s={search_term_string}\"},\"query-input\":{\"@type\":\"PropertyValueSpecification\",\"valueRequired\":true,\"valueName\":\"search_term_string\"}}],\"inLanguage\":\"es\"}]}<\/script>\n<!-- \/ Yoast SEO plugin. -->","yoast_head_json":{"title":"Medivon Hestia - Coj\u00edn de masaje - Medivon","robots":{"index":"index","follow":"follow","max-snippet":"max-snippet:-1","max-image-preview":"max-image-preview:large","max-video-preview":"max-video-preview:-1"},"canonical":"https:\/\/medivon.net\/es\/produkt\/medivon-hestia-cojin-de-masaje\/","og_locale":"es_ES","og_type":"article","og_title":"Medivon Hestia - Coj\u00edn de masaje - Medivon","og_description":"Inal\u00e1mbrico  Funci\u00f3n de calor  Tecnolog\u00eda Force-Control  Masaje Shiatsu  4 cabezales de masaje  Motor robusto  2 direcciones de funcionamiento  Reduce las tensiones musculares  Material agradable  Manejo f\u00e1cil y r\u00e1pido  Mejora la circulaci\u00f3n  Ideal para un masaje completo de diferentes partes del cuerpo","og_url":"https:\/\/medivon.net\/es\/produkt\/medivon-hestia-cojin-de-masaje\/","og_site_name":"Medivon","article_modified_time":"2025-11-20T13:34:42+00:00","og_image":[{"width":725,"height":624,"url":"https:\/\/medivon.net\/wp-content\/uploads\/2024\/09\/2-5.jpg","type":"image\/jpeg"}],"twitter_card":"summary_large_image","twitter_misc":{"Tiempo de lectura":"3 minutos"},"schema":{"@context":"https:\/\/schema.org","@graph":[{"@type":"WebPage","@id":"https:\/\/medivon.net\/es\/produkt\/medivon-hestia-cojin-de-masaje\/","url":"https:\/\/medivon.net\/es\/produkt\/medivon-hestia-cojin-de-masaje\/","name":"Medivon Hestia - Coj\u00edn de masaje - Medivon","isPartOf":{"@id":"https:\/\/medivon.net\/es\/#website"},"primaryImageOfPage":{"@id":"https:\/\/medivon.net\/es\/produkt\/medivon-hestia-cojin-de-masaje\/#primaryimage"},"image":{"@id":"https:\/\/medivon.net\/es\/produkt\/medivon-hestia-cojin-de-masaje\/#primaryimage"},"thumbnailUrl":"https:\/\/medivon.net\/wp-content\/uploads\/2024\/09\/2-5.jpg","datePublished":"2024-09-06T09:11:35+00:00","dateModified":"2025-11-20T13:34:42+00:00","breadcrumb":{"@id":"https:\/\/medivon.net\/es\/produkt\/medivon-hestia-cojin-de-masaje\/#breadcrumb"},"inLanguage":"es","potentialAction":[{"@type":"ReadAction","target":["https:\/\/medivon.net\/es\/produkt\/medivon-hestia-cojin-de-masaje\/"]}]},{"@type":"ImageObject","inLanguage":"es","@id":"https:\/\/medivon.net\/es\/produkt\/medivon-hestia-cojin-de-masaje\/#primaryimage","url":"https:\/\/medivon.net\/wp-content\/uploads\/2024\/09\/2-5.jpg","contentUrl":"https:\/\/medivon.net\/wp-content\/uploads\/2024\/09\/2-5.jpg","width":725,"height":624},{"@type":"BreadcrumbList","@id":"https:\/\/medivon.net\/es\/produkt\/medivon-hestia-cojin-de-masaje\/#breadcrumb","itemListElement":[{"@type":"ListItem","position":1,"name":"Speichern","item":"https:\/\/medivon.net\/speichern\/"},{"@type":"ListItem","position":2,"name":"Medivon Hestia &#8211; Coj\u00edn de masaje"}]},{"@type":"WebSite","@id":"https:\/\/medivon.net\/es\/#website","url":"https:\/\/medivon.net\/es\/","name":"Medivon","description":"","potentialAction":[{"@type":"SearchAction","target":{"@type":"EntryPoint","urlTemplate":"https:\/\/medivon.net\/es\/?s={search_term_string}"},"query-input":{"@type":"PropertyValueSpecification","valueRequired":true,"valueName":"search_term_string"}}],"inLanguage":"es"}]}},"_links":{"self":[{"href":"https:\/\/medivon.net\/es\/wp-json\/wp\/v2\/product\/365561","targetHints":{"allow":["GET"]}}],"collection":[{"href":"https:\/\/medivon.net\/es\/wp-json\/wp\/v2\/product"}],"about":[{"href":"https:\/\/medivon.net\/es\/wp-json\/wp\/v2\/types\/product"}],"replies":[{"embeddable":true,"href":"https:\/\/medivon.net\/es\/wp-json\/wp\/v2\/comments?post=365561"}],"version-history":[{"count":2,"href":"https:\/\/medivon.net\/es\/wp-json\/wp\/v2\/product\/365561\/revisions"}],"predecessor-version":[{"id":366139,"href":"https:\/\/medivon.net\/es\/wp-json\/wp\/v2\/product\/365561\/revisions\/366139"}],"wp:featuredmedia":[{"embeddable":true,"href":"https:\/\/medivon.net\/es\/wp-json\/wp\/v2\/media\/365568"}],"wp:attachment":[{"href":"https:\/\/medivon.net\/es\/wp-json\/wp\/v2\/media?parent=365561"}],"wp:term":[{"taxonomy":"product_brand","embeddable":true,"href":"https:\/\/medivon.net\/es\/wp-json\/wp\/v2\/product_brand?post=365561"},{"taxonomy":"product_cat","embeddable":true,"href":"https:\/\/medivon.net\/es\/wp-json\/wp\/v2\/product_cat?post=365561"},{"taxonomy":"product_tag","embeddable":true,"href":"https:\/\/medivon.net\/es\/wp-json\/wp\/v2\/product_tag?post=365561"}],"curies":[{"name":"wp","href":"https:\/\/api.w.org\/{rel}","templated":true}]}}