{"id":365044,"date":"2023-06-15T08:58:27","date_gmt":"2023-06-15T06:58:27","guid":{"rendered":"https:\/\/medivon.net\/produkt\/medivon-luna-colchoneta-de-masaje-vibracion-y-masaje-shiatsu\/"},"modified":"2025-11-20T13:40:43","modified_gmt":"2025-11-20T12:40:43","slug":"medivon-luna-colchoneta-de-masaje-vibracion-y-masaje-shiatsu","status":"publish","type":"product","link":"https:\/\/medivon.net\/es\/produkt\/medivon-luna-colchoneta-de-masaje-vibracion-y-masaje-shiatsu\/","title":{"rendered":"Medivon Luna colchoneta de masaje, vibraci\u00f3n y masaje shiatsu"},"content":{"rendered":"<div class=\"row\"  id=\"row-172276841\">\n\n\t<div id=\"col-743964074\" class=\"col small-12 large-12\"  >\n\t\t\t\t<div class=\"col-inner\"  >\n\t\t\t\n\t\t\t\n<div class=\"video video-fit mb hidden\" style=\"padding-top:56.25%;\"><p><iframe loading=\"lazy\" title=\"Medivon Luna Massagematte, Vibration und Shiatsu-Massage\" width=\"1020\" height=\"574\" src=\"https:\/\/www.youtube.com\/embed\/HVkzdpomgj8?feature=oembed\" frameborder=\"0\" allow=\"accelerometer; autoplay; clipboard-write; encrypted-media; gyroscope; picture-in-picture; web-share\" referrerpolicy=\"strict-origin-when-cross-origin\" allowfullscreen><\/iframe><\/p>\n<\/div>\n\t\t<\/div>\n\t\t\t\t\t<\/div>\n\n\t\n<\/div>\n<div class=\"row\"  id=\"row-1617220378\">\n\n\t<div id=\"col-695749617\" class=\"col small-12 large-12\"  >\n\t\t\t\t<div class=\"col-inner\"  >\n\t\t\t\n\t\t\t\n\n\t\t<\/div>\n\t\t\t\t\t<\/div>\n\n\t\n<\/div>\n\n\t<section class=\"section\" id=\"section_413245233\">\n\t\t<div class=\"section-bg fill\" >\n\t\t\t\t\t\t\t\t\t\n\t\t\t\n\n\t\t<\/div>\n\n\t\t\n\n\t\t<div class=\"section-content relative\">\n\t\t\t\n<div class=\"row row-collapse align-middle align-center\"  id=\"row-1258608098\">\n\n\t<div id=\"col-760679784\" class=\"col small-12 large-12\"  >\n\t\t\t\t<div class=\"col-inner\"  >\n\t\t\t\n\t\t\t\n\t<div class=\"img has-hover x md-x lg-x y md-y lg-y\" id=\"image_1166805523\">\n\t\t\t\t\t\t\t\t<div class=\"img-inner dark\" >\n\t\t\t\t\t\t\t\t\t\n\t\t\t\t\t<\/div>\n\t\t\t\t\t\t\t\t\n<style>\n#image_1166805523 {\n  width: 100%;\n}\n<\/style>\n\t<\/div>\n\t\n\t\t<\/div>\n\t\t\t\t\t<\/div>\n\n\t\n\n\t<div id=\"col-1738187913\" class=\"col medium-8 small-12 large-8\"  >\n\t\t\t\t<div class=\"col-inner\"  >\n\t\t\t\n\t\t\t\n<h1 style=\"text-align: center;\">Masaje shiatsu y niveles de vibraci\u00f3n ajustables<\/h1>\n<p style=\"text-align: center;\"><strong>La colchoneta de masaje Medivon Luna dispone de una innovadora funci\u00f3n de masaje shiatsu que, gracias a las bolas giratorias, ofrece un masaje de amasamiento profundo similar a los dedos de un masajista profesional.<\/strong> Adem\u00e1s, la intensidad de la vibraci\u00f3n se puede ajustar f\u00e1cilmente desde el panel de control. Esta funci\u00f3n es especialmente \u00fatil para quienes prefieren un masaje m\u00e1s intenso o m\u00e1s suave. Cada sesi\u00f3n con Medivon Luna es una experiencia \u00fanica adaptada a sus necesidades.<\/p>\n<p>&nbsp;<\/p>\n\t\t<\/div>\n\t\t\t\t\n<style>\n#col-1738187913 > .col-inner {\n  padding: 10% 0px 10% 0px;\n  margin: 0px 0px 0px 0px;\n}\n<\/style>\n\t<\/div>\n\n\t\n<\/div>\n<div class=\"row row-collapse align-middle align-center\"  id=\"row-195908078\">\n\n\t<div id=\"col-560295856\" class=\"col small-12 large-12\"  >\n\t\t\t\t<div class=\"col-inner\"  >\n\t\t\t\n\t\t\t\n\t<div class=\"img has-hover x md-x lg-x y md-y lg-y\" id=\"image_1399004809\">\n\t\t\t\t\t\t\t\t<div class=\"img-inner dark\" >\n\t\t\t\t\t\t\t\t\t\n\t\t\t\t\t<\/div>\n\t\t\t\t\t\t\t\t\n<style>\n#image_1399004809 {\n  width: 100%;\n}\n<\/style>\n\t<\/div>\n\t\n\t\t<\/div>\n\t\t\t\t\t<\/div>\n\n\t\n\n\t<div id=\"col-2126545973\" class=\"col medium-8 small-12 large-8\"  >\n\t\t\t\t<div class=\"col-inner\"  >\n\t\t\t\n\t\t\t\n<h1 style=\"text-align: center;\">Control individual de cada zona de masaje<\/h1>\n<p style=\"text-align: center;\">La colchoneta de masaje Medivon Luna ofrece la posibilidad de <strong>controlar de forma individual cada zona de masaje.<\/strong> Puede decidir qu\u00e9 partes del cuerpo quiere masajear: espalda, cuello, piernas o pies. Tiene el control total sobre su experiencia de masaje. Gracias a esta funci\u00f3n puede actuar exactamente sobre los puntos doloridos y disfrutar de un masaje realmente personalizado.<\/p>\n<p>&nbsp;<\/p>\n\t\t<\/div>\n\t\t\t\t\n<style>\n#col-2126545973 > .col-inner {\n  padding: 10% 0px 10% 0px;\n  margin: 0px 0px 0px 0px;\n}\n<\/style>\n\t<\/div>\n\n\t\n<\/div>\n<div class=\"row row-collapse align-middle align-center\"  id=\"row-295325367\">\n\n\t<div id=\"col-1415299991\" class=\"col small-12 large-12\"  >\n\t\t\t\t<div class=\"col-inner\"  >\n\t\t\t\n\t\t\t\n\t<div class=\"img has-hover x md-x lg-x y md-y lg-y\" id=\"image_1420261977\">\n\t\t\t\t\t\t\t\t<div class=\"img-inner dark\" >\n\t\t\t\t\t\t\t\t\t\n\t\t\t\t\t<\/div>\n\t\t\t\t\t\t\t\t\n<style>\n#image_1420261977 {\n  width: 100%;\n}\n<\/style>\n\t<\/div>\n\t\n\t\t<\/div>\n\t\t\t\t\t<\/div>\n\n\t\n\n\t<div id=\"col-1833913018\" class=\"col medium-8 small-12 large-8\"  >\n\t\t\t\t<div class=\"col-inner\"  >\n\t\t\t\n\t\t\t\n<h1 style=\"text-align: center;\">Ajuste de altura para el masaje de cuello y cabeza<\/h1>\n<p style=\"text-align: center;\">El ajuste de altura para el masaje de cuello y cabeza es una de las funciones m\u00e1s destacadas de la colchoneta de masaje Medivon Luna. <strong>Independientemente de su estatura o de sus preferencias, puede ajustar la zona de masaje para el cuello y la cabeza para garantizar un masaje c\u00f3modo y eficaz.<\/strong> Esta funci\u00f3n \u00fanica le permite aliviar de forma precisa el estr\u00e9s y la tensi\u00f3n acumulados en estas zonas tan sensibles.<\/p>\n<p>&nbsp;<\/p>\n\t\t<\/div>\n\t\t\t\t\n<style>\n#col-1833913018 > .col-inner {\n  padding: 10% 0px 10% 0px;\n  margin: 0px 0px 0px 0px;\n}\n<\/style>\n\t<\/div>\n\n\t\n<\/div>\n<div class=\"row row-collapse align-middle align-center\"  id=\"row-776000843\">\n\n\t<div id=\"col-441469198\" class=\"col small-12 large-12\"  >\n\t\t\t\t<div class=\"col-inner\"  >\n\t\t\t\n\t\t\t\n<div class=\"row\"  id=\"row-245795818\">\n\n\t<div id=\"col-1632147605\" class=\"col small-12 large-12\"  >\n\t\t\t\t<div class=\"col-inner\"  >\n\t\t\t\n\t\t\t\n<div class=\"video video-fit mb\" style=\"padding-top:56.25%;\"><p><iframe loading=\"lazy\" title=\"Medivon Luna colchoneta de masaje, vibraci\u00f3n y masaje shiatsu\" width=\"1020\" height=\"574\" src=\"https:\/\/www.youtube.com\/embed\/qdHDMKqZtH4?feature=oembed\" frameborder=\"0\" allow=\"accelerometer; autoplay; clipboard-write; encrypted-media; gyroscope; picture-in-picture; web-share\" referrerpolicy=\"strict-origin-when-cross-origin\" allowfullscreen><\/iframe><\/p>\n<\/div>\n\t\t<\/div>\n\t\t\t\t\t<\/div>\n\n\t\n<\/div>\n\t<div class=\"img has-hover x md-x lg-x y md-y lg-y\" id=\"image_263536832\">\n\t\t\t\t\t\t\t\t<div class=\"img-inner dark\" >\n\t\t\t<img loading=\"lazy\" decoding=\"async\" width=\"1100\" height=\"400\" src=\"https:\/\/medivon.net\/wp-content\/uploads\/2023\/06\/medivon-luna-3es.jpg\" class=\"attachment-original size-original\" alt=\"\" srcset=\"https:\/\/medivon.net\/wp-content\/uploads\/2023\/06\/medivon-luna-3es.jpg 1100w, https:\/\/medivon.net\/wp-content\/uploads\/2023\/06\/medivon-luna-3es-640x233.jpg 640w, https:\/\/medivon.net\/wp-content\/uploads\/2023\/06\/medivon-luna-3es-768x279.jpg 768w, https:\/\/medivon.net\/wp-content\/uploads\/2023\/06\/medivon-luna-3es-510x185.jpg 510w\" sizes=\"auto, (max-width: 1100px) 100vw, 1100px\" \/>\t\t\t\t\t\t\n\t\t\t\t\t<\/div>\n\t\t\t\t\t\t\t\t\n<style>\n#image_263536832 {\n  width: 100%;\n}\n<\/style>\n\t<\/div>\n\t\n\t\t<\/div>\n\t\t\t\t\t<\/div>\n\n\t\n\n\t<div id=\"col-240268243\" class=\"col medium-8 small-12 large-8\"  >\n\t\t\t\t<div class=\"col-inner\"  >\n\t\t\t\n\t\t\t\n<h1 style=\"text-align: center;\">Funci\u00f3n de calentamiento<\/h1>\n<p style=\"text-align: center;\">La funci\u00f3n de calentamiento de la colchoneta de masaje Medivon Luna realza toda la experiencia de masaje.<strong> El agradable calor que se desprende durante el masaje no solo favorece la relajaci\u00f3n, sino que tambi\u00e9n estimula la circulaci\u00f3n sangu\u00ednea y ayuda a aflojar la musculatura.<\/strong> Es especialmente valiosa en los meses m\u00e1s fr\u00edos o despu\u00e9s de una larga jornada de trabajo. La funci\u00f3n de calefacci\u00f3n es un aut\u00e9ntico placer para el cuerpo y la mente.<\/p>\n<p>&nbsp;<\/p>\n\t\t<\/div>\n\t\t\t\t\n<style>\n#col-240268243 > .col-inner {\n  padding: 10% 0px 10% 0px;\n  margin: 0px 0px 0px 0px;\n}\n<\/style>\n\t<\/div>\n\n\t\n<\/div>\n<div class=\"row row-collapse align-middle align-center\"  id=\"row-913927537\">\n\n\t<div id=\"col-270767202\" class=\"col small-12 large-12\"  >\n\t\t\t\t<div class=\"col-inner\"  >\n\t\t\t\n\t\t\t\n\t<div class=\"img has-hover x md-x lg-x y md-y lg-y\" id=\"image_1347050934\">\n\t\t\t\t\t\t\t\t<div class=\"img-inner dark\" >\n\t\t\t\t\t\t\t\t\t\n\t\t\t\t\t<\/div>\n\t\t\t\t\t\t\t\t\n<style>\n#image_1347050934 {\n  width: 100%;\n}\n<\/style>\n\t<\/div>\n\t\n\t\t<\/div>\n\t\t\t\t\t<\/div>\n\n\t\n\n\t<div id=\"col-1692092724\" class=\"col medium-8 small-12 large-8\"  >\n\t\t\t\t<div class=\"col-inner\"  >\n\t\t\t\n\t\t\t\n<h1 style=\"text-align: center;\">Material agradable y elegante acolchado<\/h1>\n<p style=\"text-align: center;\">Adem\u00e1s de todas estas funciones, la colchoneta de masaje Medivon Luna destaca por su atractivo dise\u00f1o. La superficie est\u00e1 hecha de un material suave y agradable al tacto que hace el masaje a\u00fan m\u00e1s placentero.<strong> Adem\u00e1s, el elegante acolchado le confiere a la colchoneta un aspecto de alta calidad y muy estiloso<\/strong>. Medivon Luna no es solo un dispositivo de masaje, sino tambi\u00e9n un accesorio est\u00e9tico para su hogar.<\/p>\n<p>&nbsp;<\/p>\n\t\t<\/div>\n\t\t\t\t\n<style>\n#col-1692092724 > .col-inner {\n  padding: 10% 0px 10% 0px;\n  margin: 0px 0px 0px 0px;\n}\n<\/style>\n\t<\/div>\n\n\t\n\n\t<div id=\"col-1386847618\" class=\"col small-12 large-12\"  >\n\t\t\t\t<div class=\"col-inner\"  >\n\t\t\t\n\t\t\t\n\t<div class=\"img has-hover x md-x lg-x y md-y lg-y\" id=\"image_1989004690\">\n\t\t\t\t\t\t\t\t<div class=\"img-inner dark\" >\n\t\t\t\t\t\t\t\t\t\n\t\t\t\t\t<\/div>\n\t\t\t\t\t\t\t\t\n<style>\n#image_1989004690 {\n  width: 100%;\n}\n<\/style>\n\t<\/div>\n\t\n\t\t<\/div>\n\t\t\t\t\t<\/div>\n\n\t\n<\/div>\n\t\t<\/div>\n\n\t\t\n<style>\n#section_413245233 {\n  padding-top: 0px;\n  padding-bottom: 0px;\n}\n<\/style>\n\t<\/section>\n\t\n<div class=\"row align-middle align-right\"  id=\"row-1925576592\">\n\n\t<div id=\"col-1487172319\" class=\"col medium-6 small-12 large-6\"  >\n\t\t\t\t<div class=\"col-inner\"  >\n\t\t\t\n\t\t\t\n<h1><strong>\u2b50\ufe0f \u00bfPOR QU\u00c9 MEDIVON?<\/strong><\/h1>\n<ul>\n<li>Nuestros dispositivos se utilizan <strong>no solo en casa<\/strong>, sino tambi\u00e9n en salones de belleza profesionales.<\/li>\n<li>Est\u00e1n fabricados con materiales de <strong>muy alta calidad<\/strong>, lo que los hace mucho m\u00e1s duraderos, resistentes a los da\u00f1os y con un aspecto muy s\u00f3lido y \u00fanico.<\/li>\n<li>Los dispositivos cuentan con certificaciones, por lo que son seguros para su salud.<\/li>\n<li>Una elegante caja premium <strong>con un dise\u00f1o moderno<\/strong>. Si\u00e9ntase especial o reg\u00e1lela a una persona querida.<\/li>\n<li>Gracias al uso de la tecnolog\u00eda m\u00e1s moderna y de<br \/>\n<span data-text-color=\"success\">componentes mejorados, ofrecen un efecto de cuidado varias veces superior al de<\/span><br \/>\n<span data-text-color=\"success\">los dispositivos habituales de aspecto similar.<\/span><\/li>\n<\/ul>\n\t\t<\/div>\n\t\t\t\t\t<\/div>\n\n\t\n\n\t<div id=\"col-1952880808\" class=\"col medium-6 small-12 large-6\"  >\n\t\t\t\t<div class=\"col-inner\"  >\n\t\t\t\n\t\t\t\n\t<div class=\"img has-hover x md-x lg-x y md-y lg-y\" id=\"image_179836199\">\n\t\t\t\t\t\t\t\t<div class=\"img-inner dark\" >\n\t\t\t<img loading=\"lazy\" decoding=\"async\" width=\"1020\" height=\"1020\" src=\"https:\/\/medivon.net\/wp-content\/uploads\/2023\/06\/medivon-luna-white-mata-masujaca-shiatsu-prod-001.jpg\" class=\"attachment-large size-large\" alt=\"\" srcset=\"https:\/\/medivon.net\/wp-content\/uploads\/2023\/06\/medivon-luna-white-mata-masujaca-shiatsu-prod-001.jpg 1200w, https:\/\/medivon.net\/wp-content\/uploads\/2023\/06\/medivon-luna-white-mata-masujaca-shiatsu-prod-001-640x640.jpg 640w, https:\/\/medivon.net\/wp-content\/uploads\/2023\/06\/medivon-luna-white-mata-masujaca-shiatsu-prod-001-320x320.jpg 320w, https:\/\/medivon.net\/wp-content\/uploads\/2023\/06\/medivon-luna-white-mata-masujaca-shiatsu-prod-001-768x768.jpg 768w, https:\/\/medivon.net\/wp-content\/uploads\/2023\/06\/medivon-luna-white-mata-masujaca-shiatsu-prod-001-247x247.jpg 247w, https:\/\/medivon.net\/wp-content\/uploads\/2023\/06\/medivon-luna-white-mata-masujaca-shiatsu-prod-001-510x510.jpg 510w, https:\/\/medivon.net\/wp-content\/uploads\/2023\/06\/medivon-luna-white-mata-masujaca-shiatsu-prod-001-100x100.jpg 100w\" sizes=\"auto, (max-width: 1020px) 100vw, 1020px\" \/>\t\t\t\t\t\t\n\t\t\t\t\t<\/div>\n\t\t\t\t\t\t\t\t\n<style>\n#image_179836199 {\n  width: 90%;\n}\n<\/style>\n\t<\/div>\n\t\n\t\t<\/div>\n\t\t\t\t\t<\/div>\n\n\t\n<\/div>\n","protected":false},"excerpt":{"rendered":"<ul>\n<li>masaje shiatsu<\/li>\n<li>masaje por vibraci\u00f3n<\/li>\n<li>temporizador<\/li>\n<li>8 cabezales de masaje<\/li>\n<li>funci\u00f3n de calentamiento<\/li>\n<li>control de cualquier zona de masaje<\/li>\n<li>niveles de vibraci\u00f3n ajustables<\/li>\n<li>masaje de cuello y cabeza con altura regulable<\/li>\n<li>reduce la tensi\u00f3n muscular<\/li>\n<li>material agradable al tacto<\/li>\n<li>mando a distancia c\u00f3modo<\/li>\n<li>bolsa de viaje<\/li>\n<li>superficie acolchada elegante y f\u00e1cil de limpiar<\/li>\n<li>correas de sujeci\u00f3n<\/li>\n<\/ul>\n","protected":false},"featured_media":365045,"comment_status":"open","ping_status":"closed","template":"","meta":{"_acf_changed":false,"_glsr_average":0,"_glsr_ranking":0,"_glsr_reviews":0,"footnotes":""},"product_brand":[],"product_cat":[1084,1086,1085,1109,1012],"product_tag":[],"class_list":{"0":"post-365044","1":"product","2":"type-product","3":"status-publish","4":"has-post-thumbnail","6":"product_cat-colchonetas-curativas","7":"product_cat-colchonetas-de-masaje","8":"product_cat-colchonetas-de-rehabilitacion-shiatsu","9":"product_cat-esterillas-de-vibracion-relajacion-y-viaje","10":"product_cat-masaje","12":"first","13":"instock","14":"taxable","15":"shipping-taxable","16":"purchasable","17":"product-type-simple"},"acf":[],"yoast_head":"<!-- This site is optimized with the Yoast SEO plugin v27.4 - https:\/\/yoast.com\/product\/yoast-seo-wordpress\/ -->\n<title>Medivon Luna colchoneta de masaje, vibraci\u00f3n y masaje shiatsu - Medivon<\/title>\n<meta name=\"robots\" content=\"index, follow, max-snippet:-1, max-image-preview:large, max-video-preview:-1\" \/>\n<link rel=\"canonical\" href=\"https:\/\/medivon.net\/es\/produkt\/medivon-luna-colchoneta-de-masaje-vibracion-y-masaje-shiatsu\/\" \/>\n<meta property=\"og:locale\" content=\"es_ES\" \/>\n<meta property=\"og:type\" content=\"article\" \/>\n<meta property=\"og:title\" content=\"Medivon Luna colchoneta de masaje, vibraci\u00f3n y masaje shiatsu - Medivon\" \/>\n<meta property=\"og:description\" content=\"masaje shiatsu  masaje por vibraci\u00f3n  temporizador  8 cabezales de masaje  funci\u00f3n de calentamiento  control de cualquier zona de masaje  niveles de vibraci\u00f3n ajustables  masaje de cuello y cabeza con altura regulable  reduce la tensi\u00f3n muscular  material agradable al tacto  mando a distancia c\u00f3modo  bolsa de viaje  superficie acolchada elegante y f\u00e1cil de limpiar  correas de sujeci\u00f3n\" \/>\n<meta property=\"og:url\" content=\"https:\/\/medivon.net\/es\/produkt\/medivon-luna-colchoneta-de-masaje-vibracion-y-masaje-shiatsu\/\" \/>\n<meta property=\"og:site_name\" content=\"Medivon\" \/>\n<meta property=\"article:modified_time\" content=\"2025-11-20T12:40:43+00:00\" \/>\n<meta property=\"og:image\" content=\"https:\/\/medivon.net\/wp-content\/uploads\/2023\/06\/medivon-luna-white-mata-masujaca-shiatsu-prod-002.jpg\" \/>\n\t<meta property=\"og:image:width\" content=\"1200\" \/>\n\t<meta property=\"og:image:height\" content=\"1200\" \/>\n\t<meta property=\"og:image:type\" content=\"image\/jpeg\" \/>\n<meta name=\"twitter:card\" content=\"summary_large_image\" \/>\n<meta name=\"twitter:label1\" content=\"Tiempo de lectura\" \/>\n\t<meta name=\"twitter:data1\" content=\"4 minutos\" \/>\n<script type=\"application\/ld+json\" class=\"yoast-schema-graph\">{\"@context\":\"https:\\\/\\\/schema.org\",\"@graph\":[{\"@type\":\"WebPage\",\"@id\":\"https:\\\/\\\/medivon.net\\\/es\\\/produkt\\\/medivon-luna-colchoneta-de-masaje-vibracion-y-masaje-shiatsu\\\/\",\"url\":\"https:\\\/\\\/medivon.net\\\/es\\\/produkt\\\/medivon-luna-colchoneta-de-masaje-vibracion-y-masaje-shiatsu\\\/\",\"name\":\"Medivon Luna colchoneta de masaje, vibraci\u00f3n y masaje shiatsu - Medivon\",\"isPartOf\":{\"@id\":\"https:\\\/\\\/medivon.net\\\/es\\\/#website\"},\"primaryImageOfPage\":{\"@id\":\"https:\\\/\\\/medivon.net\\\/es\\\/produkt\\\/medivon-luna-colchoneta-de-masaje-vibracion-y-masaje-shiatsu\\\/#primaryimage\"},\"image\":{\"@id\":\"https:\\\/\\\/medivon.net\\\/es\\\/produkt\\\/medivon-luna-colchoneta-de-masaje-vibracion-y-masaje-shiatsu\\\/#primaryimage\"},\"thumbnailUrl\":\"https:\\\/\\\/medivon.net\\\/wp-content\\\/uploads\\\/2023\\\/06\\\/medivon-luna-white-mata-masujaca-shiatsu-prod-002.jpg\",\"datePublished\":\"2023-06-15T06:58:27+00:00\",\"dateModified\":\"2025-11-20T12:40:43+00:00\",\"breadcrumb\":{\"@id\":\"https:\\\/\\\/medivon.net\\\/es\\\/produkt\\\/medivon-luna-colchoneta-de-masaje-vibracion-y-masaje-shiatsu\\\/#breadcrumb\"},\"inLanguage\":\"es\",\"potentialAction\":[{\"@type\":\"ReadAction\",\"target\":[\"https:\\\/\\\/medivon.net\\\/es\\\/produkt\\\/medivon-luna-colchoneta-de-masaje-vibracion-y-masaje-shiatsu\\\/\"]}]},{\"@type\":\"ImageObject\",\"inLanguage\":\"es\",\"@id\":\"https:\\\/\\\/medivon.net\\\/es\\\/produkt\\\/medivon-luna-colchoneta-de-masaje-vibracion-y-masaje-shiatsu\\\/#primaryimage\",\"url\":\"https:\\\/\\\/medivon.net\\\/wp-content\\\/uploads\\\/2023\\\/06\\\/medivon-luna-white-mata-masujaca-shiatsu-prod-002.jpg\",\"contentUrl\":\"https:\\\/\\\/medivon.net\\\/wp-content\\\/uploads\\\/2023\\\/06\\\/medivon-luna-white-mata-masujaca-shiatsu-prod-002.jpg\",\"width\":1200,\"height\":1200},{\"@type\":\"BreadcrumbList\",\"@id\":\"https:\\\/\\\/medivon.net\\\/es\\\/produkt\\\/medivon-luna-colchoneta-de-masaje-vibracion-y-masaje-shiatsu\\\/#breadcrumb\",\"itemListElement\":[{\"@type\":\"ListItem\",\"position\":1,\"name\":\"Speichern\",\"item\":\"https:\\\/\\\/medivon.net\\\/speichern\\\/\"},{\"@type\":\"ListItem\",\"position\":2,\"name\":\"Medivon Luna colchoneta de masaje, vibraci\u00f3n y masaje shiatsu\"}]},{\"@type\":\"WebSite\",\"@id\":\"https:\\\/\\\/medivon.net\\\/es\\\/#website\",\"url\":\"https:\\\/\\\/medivon.net\\\/es\\\/\",\"name\":\"Medivon\",\"description\":\"\",\"potentialAction\":[{\"@type\":\"SearchAction\",\"target\":{\"@type\":\"EntryPoint\",\"urlTemplate\":\"https:\\\/\\\/medivon.net\\\/es\\\/?s={search_term_string}\"},\"query-input\":{\"@type\":\"PropertyValueSpecification\",\"valueRequired\":true,\"valueName\":\"search_term_string\"}}],\"inLanguage\":\"es\"}]}<\/script>\n<!-- \/ Yoast SEO plugin. -->","yoast_head_json":{"title":"Medivon Luna colchoneta de masaje, vibraci\u00f3n y masaje shiatsu - Medivon","robots":{"index":"index","follow":"follow","max-snippet":"max-snippet:-1","max-image-preview":"max-image-preview:large","max-video-preview":"max-video-preview:-1"},"canonical":"https:\/\/medivon.net\/es\/produkt\/medivon-luna-colchoneta-de-masaje-vibracion-y-masaje-shiatsu\/","og_locale":"es_ES","og_type":"article","og_title":"Medivon Luna colchoneta de masaje, vibraci\u00f3n y masaje shiatsu - Medivon","og_description":"masaje shiatsu  masaje por vibraci\u00f3n  temporizador  8 cabezales de masaje  funci\u00f3n de calentamiento  control de cualquier zona de masaje  niveles de vibraci\u00f3n ajustables  masaje de cuello y cabeza con altura regulable  reduce la tensi\u00f3n muscular  material agradable al tacto  mando a distancia c\u00f3modo  bolsa de viaje  superficie acolchada elegante y f\u00e1cil de limpiar  correas de sujeci\u00f3n","og_url":"https:\/\/medivon.net\/es\/produkt\/medivon-luna-colchoneta-de-masaje-vibracion-y-masaje-shiatsu\/","og_site_name":"Medivon","article_modified_time":"2025-11-20T12:40:43+00:00","og_image":[{"width":1200,"height":1200,"url":"https:\/\/medivon.net\/wp-content\/uploads\/2023\/06\/medivon-luna-white-mata-masujaca-shiatsu-prod-002.jpg","type":"image\/jpeg"}],"twitter_card":"summary_large_image","twitter_misc":{"Tiempo de lectura":"4 minutos"},"schema":{"@context":"https:\/\/schema.org","@graph":[{"@type":"WebPage","@id":"https:\/\/medivon.net\/es\/produkt\/medivon-luna-colchoneta-de-masaje-vibracion-y-masaje-shiatsu\/","url":"https:\/\/medivon.net\/es\/produkt\/medivon-luna-colchoneta-de-masaje-vibracion-y-masaje-shiatsu\/","name":"Medivon Luna colchoneta de masaje, vibraci\u00f3n y masaje shiatsu - Medivon","isPartOf":{"@id":"https:\/\/medivon.net\/es\/#website"},"primaryImageOfPage":{"@id":"https:\/\/medivon.net\/es\/produkt\/medivon-luna-colchoneta-de-masaje-vibracion-y-masaje-shiatsu\/#primaryimage"},"image":{"@id":"https:\/\/medivon.net\/es\/produkt\/medivon-luna-colchoneta-de-masaje-vibracion-y-masaje-shiatsu\/#primaryimage"},"thumbnailUrl":"https:\/\/medivon.net\/wp-content\/uploads\/2023\/06\/medivon-luna-white-mata-masujaca-shiatsu-prod-002.jpg","datePublished":"2023-06-15T06:58:27+00:00","dateModified":"2025-11-20T12:40:43+00:00","breadcrumb":{"@id":"https:\/\/medivon.net\/es\/produkt\/medivon-luna-colchoneta-de-masaje-vibracion-y-masaje-shiatsu\/#breadcrumb"},"inLanguage":"es","potentialAction":[{"@type":"ReadAction","target":["https:\/\/medivon.net\/es\/produkt\/medivon-luna-colchoneta-de-masaje-vibracion-y-masaje-shiatsu\/"]}]},{"@type":"ImageObject","inLanguage":"es","@id":"https:\/\/medivon.net\/es\/produkt\/medivon-luna-colchoneta-de-masaje-vibracion-y-masaje-shiatsu\/#primaryimage","url":"https:\/\/medivon.net\/wp-content\/uploads\/2023\/06\/medivon-luna-white-mata-masujaca-shiatsu-prod-002.jpg","contentUrl":"https:\/\/medivon.net\/wp-content\/uploads\/2023\/06\/medivon-luna-white-mata-masujaca-shiatsu-prod-002.jpg","width":1200,"height":1200},{"@type":"BreadcrumbList","@id":"https:\/\/medivon.net\/es\/produkt\/medivon-luna-colchoneta-de-masaje-vibracion-y-masaje-shiatsu\/#breadcrumb","itemListElement":[{"@type":"ListItem","position":1,"name":"Speichern","item":"https:\/\/medivon.net\/speichern\/"},{"@type":"ListItem","position":2,"name":"Medivon Luna colchoneta de masaje, vibraci\u00f3n y masaje shiatsu"}]},{"@type":"WebSite","@id":"https:\/\/medivon.net\/es\/#website","url":"https:\/\/medivon.net\/es\/","name":"Medivon","description":"","potentialAction":[{"@type":"SearchAction","target":{"@type":"EntryPoint","urlTemplate":"https:\/\/medivon.net\/es\/?s={search_term_string}"},"query-input":{"@type":"PropertyValueSpecification","valueRequired":true,"valueName":"search_term_string"}}],"inLanguage":"es"}]}},"_links":{"self":[{"href":"https:\/\/medivon.net\/es\/wp-json\/wp\/v2\/product\/365044","targetHints":{"allow":["GET"]}}],"collection":[{"href":"https:\/\/medivon.net\/es\/wp-json\/wp\/v2\/product"}],"about":[{"href":"https:\/\/medivon.net\/es\/wp-json\/wp\/v2\/types\/product"}],"replies":[{"embeddable":true,"href":"https:\/\/medivon.net\/es\/wp-json\/wp\/v2\/comments?post=365044"}],"version-history":[{"count":2,"href":"https:\/\/medivon.net\/es\/wp-json\/wp\/v2\/product\/365044\/revisions"}],"predecessor-version":[{"id":366108,"href":"https:\/\/medivon.net\/es\/wp-json\/wp\/v2\/product\/365044\/revisions\/366108"}],"wp:featuredmedia":[{"embeddable":true,"href":"https:\/\/medivon.net\/es\/wp-json\/wp\/v2\/media\/365045"}],"wp:attachment":[{"href":"https:\/\/medivon.net\/es\/wp-json\/wp\/v2\/media?parent=365044"}],"wp:term":[{"taxonomy":"product_brand","embeddable":true,"href":"https:\/\/medivon.net\/es\/wp-json\/wp\/v2\/product_brand?post=365044"},{"taxonomy":"product_cat","embeddable":true,"href":"https:\/\/medivon.net\/es\/wp-json\/wp\/v2\/product_cat?post=365044"},{"taxonomy":"product_tag","embeddable":true,"href":"https:\/\/medivon.net\/es\/wp-json\/wp\/v2\/product_tag?post=365044"}],"curies":[{"name":"wp","href":"https:\/\/api.w.org\/{rel}","templated":true}]}}