{"id":364923,"date":"2020-09-29T11:59:07","date_gmt":"2020-09-29T09:59:07","guid":{"rendered":"https:\/\/medivon.net\/produkt\/medivon-pure-complete-pro-masajeador-de-pies-shiatsu\/"},"modified":"2025-11-20T14:26:56","modified_gmt":"2025-11-20T13:26:56","slug":"medivon-pure-complete-pro-masajeador-de-pies-shiatsu","status":"publish","type":"product","link":"https:\/\/medivon.net\/es\/produkt\/medivon-pure-complete-pro-masajeador-de-pies-shiatsu\/","title":{"rendered":"Medivon Pure Complete PRO masajeador de pies Shiatsu"},"content":{"rendered":"<div class=\"row\"  id=\"row-623863390\">\n\n\t<div id=\"col-767781461\" class=\"col small-12 large-12\"  >\n\t\t\t\t<div class=\"col-inner\"  >\n\t\t\t\n\t\t\t\n<div class=\"video video-fit mb hidden\" style=\"padding-top:56.25%;\"><p><iframe loading=\"lazy\" title=\"Medivon Pure Complete PRO Shiatsu Fu\u00dfmassageger\u00e4t\" width=\"1020\" height=\"574\" src=\"https:\/\/www.youtube.com\/embed\/r-SFmyD8Oqk?feature=oembed\" frameborder=\"0\" allow=\"accelerometer; autoplay; clipboard-write; encrypted-media; gyroscope; picture-in-picture; web-share\" referrerpolicy=\"strict-origin-when-cross-origin\" allowfullscreen><\/iframe><\/p>\n<\/div>\n\t\t<\/div>\n\t\t\t\t\t<\/div>\n\n\t\n<\/div>\n<div class=\"row\"  id=\"row-197800528\">\n\n\t<div id=\"col-788054671\" class=\"col small-12 large-12\"  >\n\t\t\t\t<div class=\"col-inner\"  >\n\t\t\t\n\t\t\t\n\n\t\t<\/div>\n\t\t\t\t\t<\/div>\n\n\t\n<\/div>\n<div class=\"row align-middle align-center\"  id=\"row-1933087962\">\n\n<\/div>\n\n\n\t<section class=\"section dark\" id=\"section_1224458494\">\n\t\t<div class=\"section-bg fill\" >\n\t\t\t\t\t\t\t\t\t<div class=\"section-bg-overlay absolute fill\"><\/div>\n\t\t\t\n\n\t\t<\/div>\n\n\t\t\n\n\t\t<div class=\"section-content relative\">\n\t\t\t\n<div class=\"row align-center\"  id=\"row-599986068\">\n\n\t<div id=\"col-28405719\" class=\"col medium-9 small-12 large-9\"  >\n\t\t\t\t<div class=\"col-inner text-center\"  >\n\t\t\t\n\t\t\t\n<h5>MASAJE TRADICIONAL<\/h5>\n<h1><strong>T\u00e9cnica de masaje moderna<\/strong><\/h1>\n<p>\u00a1EL MASAJEADOR DE PIES M\u00c1S MODERNO DEL MERCADO! La salud empieza por los pies. Una breve sesi\u00f3n con el masajeador de pies Pure Complet PRO te permitir\u00e1 sentir los efectos beneficiosos del masaje. El dispositivo cuenta con las formas de masaje m\u00e1s eficaces y modernas, que <strong>estimulan de inmediato<\/strong> tu vitalidad y te dan energ\u00eda para actuar. Dos c\u00e1maras independientes ejercen presi\u00f3n sobre todas las partes del pie (tobillos, empeine, dedos, arco plantar y talones), liberan la tensi\u00f3n de las capas profundas de la musculatura y estimulan la circulaci\u00f3n sangu\u00ednea.<\/p>\n\t\t<\/div>\n\t\t\t\t\n<style>\n#col-28405719 > .col-inner {\n  padding: 0px 20px 0px 20px;\n}\n@media (min-width:550px) {\n  #col-28405719 > .col-inner {\n    padding: 40px 20px 0px 20px;\n  }\n}\n<\/style>\n\t<\/div>\n\n\t\n\n\t<div id=\"col-468126597\" class=\"col small-12 large-12\"  >\n\t\t\t\t<div class=\"col-inner\"  >\n\t\t\t\n\t\t\t\n<div class=\"video video-fit mb\" style=\"padding-top:56.25%;\"><p><iframe loading=\"lazy\" title=\"Medivon Pure Complete PRO \u2013 Masajeador Shiatsu para pies\" width=\"1020\" height=\"574\" src=\"https:\/\/www.youtube.com\/embed\/rDXnyjP5wxk?feature=oembed\" frameborder=\"0\" allow=\"accelerometer; autoplay; clipboard-write; encrypted-media; gyroscope; picture-in-picture; web-share\" referrerpolicy=\"strict-origin-when-cross-origin\" allowfullscreen><\/iframe><\/p>\n<\/div>\n\t\t<\/div>\n\t\t\t\t\t<\/div>\n\n\t\n\n\t<div id=\"col-1714657449\" class=\"col medium-9 small-12 large-9\"  >\n\t\t\t\t<div class=\"col-inner text-center\"  >\n\t\t\t\n\t\t\t\n<h2>ALIVIO PARA LA MUSCULATURA<\/h2>\n<h1><strong>Solo 15 minutos al d\u00eda<\/strong><\/h1>\n<p>Es suficiente para apreciar esta maravillosa forma de terapia de pies, que alivia la tensi\u00f3n y el dolor de los m\u00fasculos sobrecargados. Despu\u00e9s de un d\u00eda agotador no hay nada mejor que estimular la circulaci\u00f3n y disfrutar de un suave masaje. El uso del masajeador de pies Pure Complet PRO ofrece<b> <\/b>muchas ventajas. <strong>Tiene un efecto positivo en los pies, ya que<\/strong> estimula<b> la circulaci\u00f3n sangu\u00ednea y la microcirculaci\u00f3n de la piel, afloja los m\u00fasculos tensos, regenera y revitaliza, y ayuda a combatir el estr\u00e9s y la fatiga. <\/b><\/p>\n\t\t<\/div>\n\t\t\t\t\n<style>\n#col-1714657449 > .col-inner {\n  padding: 0px 20px 0px 20px;\n}\n<\/style>\n\t<\/div>\n\n\t\n<\/div>\n\t\t<\/div>\n\n\t\t\n<style>\n#section_1224458494 {\n  padding-top: 30px;\n  padding-bottom: 30px;\n}\n#section_1224458494 .section-bg-overlay {\n  background-color: rgba(0, 0, 0, 0.5);\n}\n<\/style>\n\t<\/section>\n\t\n\n\t<section class=\"section\" id=\"section_845397170\">\n\t\t<div class=\"section-bg fill\" >\n\t\t\t\t\t\t\t\t\t\n\t\t\t\n\n\t\t<\/div>\n\n\t\t\n\n\t\t<div class=\"section-content relative\">\n\t\t\t\n<div class=\"row row-collapse row-full-width align-middle\"  id=\"row-1488411781\">\n\n\t<div id=\"col-543570452\" class=\"col medium-6 small-12 large-6\"  >\n\t\t\t\t<div class=\"col-inner\"  >\n\t\t\t\n\t\t\t\n\t<div class=\"img has-hover x md-x lg-x y md-y lg-y\" id=\"image_1215183159\">\n\t\t\t\t\t\t\t\t<div class=\"img-inner image-glow box-shadow-2 dark\" >\n\t\t\t\t\t\t\t\t\t\n\t\t\t\t\t<\/div>\n\t\t\t\t\t\t\t\t\n<style>\n#image_1215183159 {\n  width: 100%;\n}\n<\/style>\n\t<\/div>\n\t\n\t\t<\/div>\n\t\t\t\t\t<\/div>\n\n\t\n\n\t<div id=\"col-394903376\" class=\"col medium-6 small-12 large-6\"  >\n\t\t\t\t<div class=\"col-inner text-center\"  >\n\t\t\t\n\t<div class=\"is-border\"\n\t\tstyle=\"border-color:rgb(0, 0, 0);border-radius:50px;border-width:0px 5px 0px 0px;\">\n\t<\/div>\n\t\t\t\n<h2>COMODIDAD DE USO<\/h2>\n<h1><strong>Imprescindible en cualquier oficina y en casa<\/strong><\/h1>\n<p>\u00bfTambi\u00e9n te molestan las largas horas sin moverte frente a la pantalla del ordenador? \u00bfSufres dolor en los pies y las piernas y quieres sentir un alivio inmediato y relajarte por completo? Con el masajeador podr\u00e1s aprovechar el tiempo en el escritorio y descargar los pies y la espalda cansados.<\/p>\n\t\t<\/div>\n\t\t\t\t\n<style>\n#col-394903376 > .col-inner {\n  padding: 5% 5% 5% 5%;\n  max-width: 520px;\n}\n<\/style>\n\t<\/div>\n\n\t\n<\/div>\n<div class=\"row row-collapse row-full-width align-middle\"  id=\"row-431513222\">\n\n\t<div id=\"col-1237671842\" class=\"col medium-6 small-12 large-6\"  >\n\t\t\t\t<div class=\"col-inner text-center\"  >\n\t\t\t\n\t<div class=\"is-border\"\n\t\tstyle=\"border-color:rgb(0, 0, 0);border-radius:50px;border-width:0px 0px 0px 5px;\">\n\t<\/div>\n\t\t\t\n<h2>AJUSTE PERFECTO<\/h2>\n<h1><strong>Nueva tecnolog\u00eda<\/strong><\/h1>\n<p>El masajeador Pure Complet PRO utiliza cabezales de masaje de la m\u00e1s alta calidad con funci\u00f3n de calentamiento para relajar a\u00fan m\u00e1s la musculatura de los pies. Tres tipos de masaje \u2014Shiatsu, aire y rodillos\u2014 y dos funciones adicionales, junto con la tecnolog\u00eda Soft-Touch, masajean con precisi\u00f3n los pies cansados y sobrecargados. Todo el conjunto est\u00e1 fabricado con un material suave y agradable al tacto.<\/p>\n\t\t<\/div>\n\t\t\t\t\n<style>\n#col-1237671842 > .col-inner {\n  padding: 5% 5% 5% 5%;\n  max-width: 520px;\n}\n<\/style>\n\t<\/div>\n\n\t\n\n\t<div id=\"col-450007937\" class=\"col medium-6 small-12 large-6 small-col-first\"  >\n\t\t\t\t<div class=\"col-inner\"  >\n\t\t\t\n\t\t\t\n\t<div class=\"img has-hover x md-x lg-x y md-y lg-y\" id=\"image_1734327796\">\n\t\t\t\t\t\t\t\t<div class=\"img-inner image-glow dark\" >\n\t\t\t\t\t\t\t\t\t\n\t\t\t\t\t<\/div>\n\t\t\t\t\t\t\t\t\n<style>\n#image_1734327796 {\n  width: 100%;\n}\n<\/style>\n\t<\/div>\n\t\n\t\t<\/div>\n\t\t\t\t\t<\/div>\n\n\t\n<\/div>\n\t\t<\/div>\n\n\t\t\n<style>\n#section_845397170 {\n  padding-top: 30px;\n  padding-bottom: 30px;\n}\n<\/style>\n\t<\/section>\n\t\n\n\t<section class=\"section\" id=\"section_1792979524\">\n\t\t<div class=\"section-bg fill\" >\n\t\t\t\t\t\t\t\t\t\n\t\t\t\n\n\t\t<\/div>\n\n\t\t\n\n\t\t<div class=\"section-content relative\">\n\t\t\t\n<div class=\"row align-center\"  id=\"row-1903838195\">\n\n\t<div id=\"col-1166555094\" class=\"col medium-9 small-12 large-9\"  >\n\t\t\t\t<div class=\"col-inner text-center\"  >\n\t\t\t\n\t\t\t\n<h2>B\u00c1LSAMO PARA LA MENTE<\/h2>\n<h1><strong>Dile adi\u00f3s al estr\u00e9s<\/strong><\/h1>\n<p>Todo el mundo sabe que el estr\u00e9s influye negativamente en todos los aspectos de nuestra vida. Con el uso sistem\u00e1tico de Pure Complet PRO podr\u00e1s eliminarlo de tu vida para siempre. El material suave, combinado con el calor reconfortante que emiten los cabezales, relaja tu cuerpo y lo lleva a un estado de ligera felicidad.<\/p>\n\t\t<\/div>\n\t\t\t\t\n<style>\n#col-1166555094 > .col-inner {\n  padding: 40px 0px 0px 0px;\n}\n<\/style>\n\t<\/div>\n\n\t\n<\/div>\n<div class=\"row row-collapse row-full-width\"  id=\"row-690498936\">\n\n\t<div id=\"col-1380768208\" class=\"col medium-6 small-12 large-6\"  >\n\t\t\t\t<div class=\"col-inner\"  >\n\t\t\t\n\t\t\t\n\t<div class=\"img has-hover x md-x lg-x y md-y lg-y\" id=\"image_1594054060\">\n\t\t\t\t\t\t\t\t<div class=\"img-inner image-glow box-shadow-2 dark\" >\n\t\t\t\t\t\t\t\t\t\n\t\t\t\t\t<\/div>\n\t\t\t\t\t\t\t\t\n<style>\n#image_1594054060 {\n  width: 100%;\n}\n<\/style>\n\t<\/div>\n\t\n\t\t<\/div>\n\t\t\t\t\t<\/div>\n\n\t\n\n\t<div id=\"col-69924448\" class=\"col medium-6 small-12 large-6\"  >\n\t\t\t\t<div class=\"col-inner\"  >\n\t\t\t\n\t\t\t\n\t<div class=\"img has-hover x md-x lg-x y md-y lg-y\" id=\"image_1828751803\">\n\t\t\t\t\t\t\t\t<div class=\"img-inner image-glow box-shadow-2 dark\" >\n\t\t\t\t\t\t\t\t\t\n\t\t\t\t\t<\/div>\n\t\t\t\t\t\t\t\t\n<style>\n#image_1828751803 {\n  width: 100%;\n}\n<\/style>\n\t<\/div>\n\t\n\t\t<\/div>\n\t\t\t\t\t<\/div>\n\n\t\n\n<style>\n#row-690498936 > .col > .col-inner {\n  padding: 30px 0px 30px 0px;\n}\n<\/style>\n<\/div>\n<div class=\"row align-center\"  id=\"row-1305914425\">\n\n\t<div id=\"col-80273531\" class=\"col medium-9 small-12 large-9\"  >\n\t\t\t\t<div class=\"col-inner text-center\"  >\n\t\t\t\n\t\t\t\n<h2>TERAPEUTA EN CASA: \u00a1MASAJE PROFESIONAL SIEMPRE A TU ALCANCE!<\/h2>\n<h1><strong>Alivio para las molestias m\u00e1s habituales<\/strong><\/h1>\n<p>Los productos Medivon gozan de una excelente reputaci\u00f3n por aliviar r\u00e1pidamente el dolor y las molestias en zonas como el cuello, la espalda y la regi\u00f3n lumbar. Te sentir\u00e1s como despu\u00e9s de una visita a un fisioterapeuta profesional.<\/p>\n\t\t<\/div>\n\t\t\t\t\t<\/div>\n\n\t\n<\/div>\n\t\t<\/div>\n\n\t\t\n<style>\n#section_1792979524 {\n  padding-top: 30px;\n  padding-bottom: 30px;\n}\n<\/style>\n\t<\/section>\n\t\n<div class=\"row\"  id=\"row-2079053866\">\n\n\t<div id=\"col-1894403409\" class=\"col medium-6 small-12 large-6\"  >\n\t\t\t\t<div class=\"col-inner\"  >\n\t\t\t\n\t\t\t\n<h1><strong>\u2b50\ufe0f \u00bfPOR QU\u00c9 MEDIVON?<\/strong><\/h1>\n<ul>\n<li>Nuestros dispositivos se utilizan <strong>no solo en casa<\/strong>, sino tambi\u00e9n en<br \/>\nsalones de belleza profesionales,<\/li>\n<li>est\u00e1n fabricados con <strong>materiales de muy alta calidad<\/strong>, lo que los hace mucho m\u00e1s duraderos, resistentes a los da\u00f1os y con un aspecto muy s\u00f3lido y exclusivo,<\/li>\n<li>los dispositivos cuentan con certificaciones que avalan su seguridad de uso,<\/li>\n<li>se presentan en una elegante caja premium<strong> de dise\u00f1o moderno<\/strong>. Si\u00e9ntete<br \/>\nespecial o reg\u00e1lalos a una persona querida,<\/li>\n<li>gracias al uso de tecnolog\u00eda de \u00faltima generaci\u00f3n y de<br \/>\n<span data-text-color=\"success\">componentes mejorados, ofrecen un efecto de cuidado hasta varias veces superior al de<\/span><br \/>\n<span data-text-color=\"success\">dispositivos convencionales de aspecto similar.<\/span><\/li>\n<\/ul>\n<p>&nbsp;<\/p>\n\t\t<\/div>\n\t\t\t\t\t<\/div>\n\n\t\n\n\t<div id=\"col-952687052\" class=\"col medium-6 small-12 large-6\"  >\n\t\t\t\t<div class=\"col-inner\"  >\n\t\t\t\n\t\t\t\n\t<div class=\"img has-hover x md-x lg-x y md-y lg-y\" id=\"image_1314411905\">\n\t\t\t\t\t\t\t\t<div class=\"img-inner dark\" >\n\t\t\t\t\t\t\t\t\t\n\t\t\t\t\t<\/div>\n\t\t\t\t\t\t\t\t\n<style>\n#image_1314411905 {\n  width: 100%;\n}\n<\/style>\n\t<\/div>\n\t\n\t\t<\/div>\n\t\t\t\t\t<\/div>\n\n\t\n<\/div>\n","protected":false},"excerpt":{"rendered":"<ul>\n<li>Tecnolog\u00eda Soft-Touch<\/li>\n<li>Masaje Shiatsu<\/li>\n<li>Masaje de aire<\/li>\n<li>Modo de rascado de pies<\/li>\n<li>Masaje con rodillos<\/li>\n<li>Funci\u00f3n de calentamiento<\/li>\n<li>Reduce la sensaci\u00f3n de pies cansados<\/li>\n<li>Relaja perfectamente<\/li>\n<li>Perfecto para casa y oficina<\/li>\n<li>Mejora eficazmente la circulaci\u00f3n<\/li>\n<\/ul>\n<p>En el set: adaptador de corriente, manual de instrucciones.<\/p>\n","protected":false},"featured_media":364926,"comment_status":"open","ping_status":"closed","template":"","meta":{"_acf_changed":false,"_glsr_average":0,"_glsr_ranking":0,"_glsr_reviews":0,"footnotes":""},"product_brand":[],"product_cat":[1099,1011],"product_tag":[],"class_list":{"0":"post-364923","1":"product","2":"type-product","3":"status-publish","4":"has-post-thumbnail","6":"product_cat-masaje-shiatsu","7":"product_cat-masajeadores-de-pies","9":"first","10":"instock","11":"taxable","12":"shipping-taxable","13":"purchasable","14":"product-type-simple"},"acf":[],"yoast_head":"<!-- This site is optimized with the Yoast SEO plugin v27.4 - https:\/\/yoast.com\/product\/yoast-seo-wordpress\/ -->\n<title>Medivon Pure Complete PRO masajeador de pies Shiatsu - Medivon<\/title>\n<meta name=\"robots\" content=\"index, follow, max-snippet:-1, max-image-preview:large, max-video-preview:-1\" \/>\n<link rel=\"canonical\" href=\"https:\/\/medivon.net\/es\/produkt\/medivon-pure-complete-pro-masajeador-de-pies-shiatsu\/\" \/>\n<meta property=\"og:locale\" content=\"es_ES\" \/>\n<meta property=\"og:type\" content=\"article\" \/>\n<meta property=\"og:title\" content=\"Medivon Pure Complete PRO masajeador de pies Shiatsu - Medivon\" \/>\n<meta property=\"og:description\" content=\"Tecnolog\u00eda Soft-Touch  Masaje Shiatsu  Masaje de aire  Modo de rascado de pies  Masaje con rodillos  Funci\u00f3n de calentamiento  Reduce la sensaci\u00f3n de pies cansados  Relaja perfectamente  Perfecto para casa y oficina  Mejora eficazmente la circulaci\u00f3n  En el set: adaptador de corriente, manual de instrucciones.\" \/>\n<meta property=\"og:url\" content=\"https:\/\/medivon.net\/es\/produkt\/medivon-pure-complete-pro-masajeador-de-pies-shiatsu\/\" \/>\n<meta property=\"og:site_name\" content=\"Medivon\" \/>\n<meta property=\"article:modified_time\" content=\"2025-11-20T13:26:56+00:00\" \/>\n<meta property=\"og:image\" content=\"https:\/\/medivon.net\/wp-content\/uploads\/2020\/09\/pure-complete-pro-001.jpg\" \/>\n\t<meta property=\"og:image:width\" content=\"1200\" \/>\n\t<meta property=\"og:image:height\" content=\"1200\" \/>\n\t<meta property=\"og:image:type\" content=\"image\/jpeg\" \/>\n<meta name=\"twitter:card\" content=\"summary_large_image\" \/>\n<meta name=\"twitter:label1\" content=\"Tiempo de lectura\" \/>\n\t<meta name=\"twitter:data1\" content=\"5 minutos\" \/>\n<script type=\"application\/ld+json\" class=\"yoast-schema-graph\">{\"@context\":\"https:\\\/\\\/schema.org\",\"@graph\":[{\"@type\":\"WebPage\",\"@id\":\"https:\\\/\\\/medivon.net\\\/es\\\/produkt\\\/medivon-pure-complete-pro-masajeador-de-pies-shiatsu\\\/\",\"url\":\"https:\\\/\\\/medivon.net\\\/es\\\/produkt\\\/medivon-pure-complete-pro-masajeador-de-pies-shiatsu\\\/\",\"name\":\"Medivon Pure Complete PRO masajeador de pies Shiatsu - Medivon\",\"isPartOf\":{\"@id\":\"https:\\\/\\\/medivon.net\\\/es\\\/#website\"},\"primaryImageOfPage\":{\"@id\":\"https:\\\/\\\/medivon.net\\\/es\\\/produkt\\\/medivon-pure-complete-pro-masajeador-de-pies-shiatsu\\\/#primaryimage\"},\"image\":{\"@id\":\"https:\\\/\\\/medivon.net\\\/es\\\/produkt\\\/medivon-pure-complete-pro-masajeador-de-pies-shiatsu\\\/#primaryimage\"},\"thumbnailUrl\":\"https:\\\/\\\/medivon.net\\\/wp-content\\\/uploads\\\/2020\\\/09\\\/pure-complete-pro-001.jpg\",\"datePublished\":\"2020-09-29T09:59:07+00:00\",\"dateModified\":\"2025-11-20T13:26:56+00:00\",\"breadcrumb\":{\"@id\":\"https:\\\/\\\/medivon.net\\\/es\\\/produkt\\\/medivon-pure-complete-pro-masajeador-de-pies-shiatsu\\\/#breadcrumb\"},\"inLanguage\":\"es\",\"potentialAction\":[{\"@type\":\"ReadAction\",\"target\":[\"https:\\\/\\\/medivon.net\\\/es\\\/produkt\\\/medivon-pure-complete-pro-masajeador-de-pies-shiatsu\\\/\"]}]},{\"@type\":\"ImageObject\",\"inLanguage\":\"es\",\"@id\":\"https:\\\/\\\/medivon.net\\\/es\\\/produkt\\\/medivon-pure-complete-pro-masajeador-de-pies-shiatsu\\\/#primaryimage\",\"url\":\"https:\\\/\\\/medivon.net\\\/wp-content\\\/uploads\\\/2020\\\/09\\\/pure-complete-pro-001.jpg\",\"contentUrl\":\"https:\\\/\\\/medivon.net\\\/wp-content\\\/uploads\\\/2020\\\/09\\\/pure-complete-pro-001.jpg\",\"width\":1200,\"height\":1200},{\"@type\":\"BreadcrumbList\",\"@id\":\"https:\\\/\\\/medivon.net\\\/es\\\/produkt\\\/medivon-pure-complete-pro-masajeador-de-pies-shiatsu\\\/#breadcrumb\",\"itemListElement\":[{\"@type\":\"ListItem\",\"position\":1,\"name\":\"Speichern\",\"item\":\"https:\\\/\\\/medivon.net\\\/speichern\\\/\"},{\"@type\":\"ListItem\",\"position\":2,\"name\":\"Medivon Pure Complete PRO masajeador de pies Shiatsu\"}]},{\"@type\":\"WebSite\",\"@id\":\"https:\\\/\\\/medivon.net\\\/es\\\/#website\",\"url\":\"https:\\\/\\\/medivon.net\\\/es\\\/\",\"name\":\"Medivon\",\"description\":\"\",\"potentialAction\":[{\"@type\":\"SearchAction\",\"target\":{\"@type\":\"EntryPoint\",\"urlTemplate\":\"https:\\\/\\\/medivon.net\\\/es\\\/?s={search_term_string}\"},\"query-input\":{\"@type\":\"PropertyValueSpecification\",\"valueRequired\":true,\"valueName\":\"search_term_string\"}}],\"inLanguage\":\"es\"}]}<\/script>\n<!-- \/ Yoast SEO plugin. -->","yoast_head_json":{"title":"Medivon Pure Complete PRO masajeador de pies Shiatsu - Medivon","robots":{"index":"index","follow":"follow","max-snippet":"max-snippet:-1","max-image-preview":"max-image-preview:large","max-video-preview":"max-video-preview:-1"},"canonical":"https:\/\/medivon.net\/es\/produkt\/medivon-pure-complete-pro-masajeador-de-pies-shiatsu\/","og_locale":"es_ES","og_type":"article","og_title":"Medivon Pure Complete PRO masajeador de pies Shiatsu - Medivon","og_description":"Tecnolog\u00eda Soft-Touch  Masaje Shiatsu  Masaje de aire  Modo de rascado de pies  Masaje con rodillos  Funci\u00f3n de calentamiento  Reduce la sensaci\u00f3n de pies cansados  Relaja perfectamente  Perfecto para casa y oficina  Mejora eficazmente la circulaci\u00f3n  En el set: adaptador de corriente, manual de instrucciones.","og_url":"https:\/\/medivon.net\/es\/produkt\/medivon-pure-complete-pro-masajeador-de-pies-shiatsu\/","og_site_name":"Medivon","article_modified_time":"2025-11-20T13:26:56+00:00","og_image":[{"width":1200,"height":1200,"url":"https:\/\/medivon.net\/wp-content\/uploads\/2020\/09\/pure-complete-pro-001.jpg","type":"image\/jpeg"}],"twitter_card":"summary_large_image","twitter_misc":{"Tiempo de lectura":"5 minutos"},"schema":{"@context":"https:\/\/schema.org","@graph":[{"@type":"WebPage","@id":"https:\/\/medivon.net\/es\/produkt\/medivon-pure-complete-pro-masajeador-de-pies-shiatsu\/","url":"https:\/\/medivon.net\/es\/produkt\/medivon-pure-complete-pro-masajeador-de-pies-shiatsu\/","name":"Medivon Pure Complete PRO masajeador de pies Shiatsu - Medivon","isPartOf":{"@id":"https:\/\/medivon.net\/es\/#website"},"primaryImageOfPage":{"@id":"https:\/\/medivon.net\/es\/produkt\/medivon-pure-complete-pro-masajeador-de-pies-shiatsu\/#primaryimage"},"image":{"@id":"https:\/\/medivon.net\/es\/produkt\/medivon-pure-complete-pro-masajeador-de-pies-shiatsu\/#primaryimage"},"thumbnailUrl":"https:\/\/medivon.net\/wp-content\/uploads\/2020\/09\/pure-complete-pro-001.jpg","datePublished":"2020-09-29T09:59:07+00:00","dateModified":"2025-11-20T13:26:56+00:00","breadcrumb":{"@id":"https:\/\/medivon.net\/es\/produkt\/medivon-pure-complete-pro-masajeador-de-pies-shiatsu\/#breadcrumb"},"inLanguage":"es","potentialAction":[{"@type":"ReadAction","target":["https:\/\/medivon.net\/es\/produkt\/medivon-pure-complete-pro-masajeador-de-pies-shiatsu\/"]}]},{"@type":"ImageObject","inLanguage":"es","@id":"https:\/\/medivon.net\/es\/produkt\/medivon-pure-complete-pro-masajeador-de-pies-shiatsu\/#primaryimage","url":"https:\/\/medivon.net\/wp-content\/uploads\/2020\/09\/pure-complete-pro-001.jpg","contentUrl":"https:\/\/medivon.net\/wp-content\/uploads\/2020\/09\/pure-complete-pro-001.jpg","width":1200,"height":1200},{"@type":"BreadcrumbList","@id":"https:\/\/medivon.net\/es\/produkt\/medivon-pure-complete-pro-masajeador-de-pies-shiatsu\/#breadcrumb","itemListElement":[{"@type":"ListItem","position":1,"name":"Speichern","item":"https:\/\/medivon.net\/speichern\/"},{"@type":"ListItem","position":2,"name":"Medivon Pure Complete PRO masajeador de pies Shiatsu"}]},{"@type":"WebSite","@id":"https:\/\/medivon.net\/es\/#website","url":"https:\/\/medivon.net\/es\/","name":"Medivon","description":"","potentialAction":[{"@type":"SearchAction","target":{"@type":"EntryPoint","urlTemplate":"https:\/\/medivon.net\/es\/?s={search_term_string}"},"query-input":{"@type":"PropertyValueSpecification","valueRequired":true,"valueName":"search_term_string"}}],"inLanguage":"es"}]}},"_links":{"self":[{"href":"https:\/\/medivon.net\/es\/wp-json\/wp\/v2\/product\/364923","targetHints":{"allow":["GET"]}}],"collection":[{"href":"https:\/\/medivon.net\/es\/wp-json\/wp\/v2\/product"}],"about":[{"href":"https:\/\/medivon.net\/es\/wp-json\/wp\/v2\/types\/product"}],"replies":[{"embeddable":true,"href":"https:\/\/medivon.net\/es\/wp-json\/wp\/v2\/comments?post=364923"}],"version-history":[{"count":3,"href":"https:\/\/medivon.net\/es\/wp-json\/wp\/v2\/product\/364923\/revisions"}],"predecessor-version":[{"id":366127,"href":"https:\/\/medivon.net\/es\/wp-json\/wp\/v2\/product\/364923\/revisions\/366127"}],"wp:featuredmedia":[{"embeddable":true,"href":"https:\/\/medivon.net\/es\/wp-json\/wp\/v2\/media\/364926"}],"wp:attachment":[{"href":"https:\/\/medivon.net\/es\/wp-json\/wp\/v2\/media?parent=364923"}],"wp:term":[{"taxonomy":"product_brand","embeddable":true,"href":"https:\/\/medivon.net\/es\/wp-json\/wp\/v2\/product_brand?post=364923"},{"taxonomy":"product_cat","embeddable":true,"href":"https:\/\/medivon.net\/es\/wp-json\/wp\/v2\/product_cat?post=364923"},{"taxonomy":"product_tag","embeddable":true,"href":"https:\/\/medivon.net\/es\/wp-json\/wp\/v2\/product_tag?post=364923"}],"curies":[{"name":"wp","href":"https:\/\/api.w.org\/{rel}","templated":true}]}}