{"id":364889,"date":"2023-11-24T09:42:47","date_gmt":"2023-11-24T08:42:47","guid":{"rendered":"https:\/\/medivon.net\/produkt\/medivon-collar-grand-masajeador-de-cuello-masajeador-shiatsu-con-calor\/"},"modified":"2025-11-20T13:44:50","modified_gmt":"2025-11-20T12:44:50","slug":"medivon-collar-grand-masajeador-de-cuello-masajeador-shiatsu-con-calor","status":"publish","type":"product","link":"https:\/\/medivon.net\/es\/produkt\/medivon-collar-grand-masajeador-de-cuello-masajeador-shiatsu-con-calor\/","title":{"rendered":"Medivon Collar Grand masajeador de cuello, masajeador Shiatsu con calor"},"content":{"rendered":"\n\t<section class=\"section\" id=\"section_2027337735\">\n\t\t<div class=\"section-bg fill\" >\n\t\t\t\t\t\t\t\t\t\n\t\t\t\n\n\t\t<\/div>\n\n\t\t\n\n\t\t<div class=\"section-content relative\">\n\t\t\t\n<div class=\"row\"  id=\"row-154265970\">\n\n\t<div id=\"col-1422858490\" class=\"col small-12 large-12\"  >\n\t\t\t\t<div class=\"col-inner\"  >\n\t\t\t\n\t\t\t\n<div class=\"video video-fit mb\" style=\"padding-top:56.25%;\"><p><iframe loading=\"lazy\" title=\"Medivon Collar Grand masajeador de cuello, masajeador Shiatsu con calor\" width=\"1020\" height=\"574\" src=\"https:\/\/www.youtube.com\/embed\/uIRbsEWGNAY?feature=oembed\" frameborder=\"0\" allow=\"accelerometer; autoplay; clipboard-write; encrypted-media; gyroscope; picture-in-picture; web-share\" referrerpolicy=\"strict-origin-when-cross-origin\" allowfullscreen><\/iframe><\/p>\n<\/div>\n\t\t<\/div>\n\t\t\t\t\t<\/div>\n\n\t\n<\/div>\n\t\t<\/div>\n\n\t\t\n<style>\n#section_2027337735 {\n  padding-top: 0px;\n  padding-bottom: 0px;\n}\n<\/style>\n\t<\/section>\n\t\n\n\t<section class=\"section\" id=\"section_1777843368\">\n\t\t<div class=\"section-bg fill\" >\n\t\t\t\t\t\t\t\t\t\n\t\t\t\n\n\t\t<\/div>\n\n\t\t\n\n\t\t<div class=\"section-content relative\">\n\t\t\t\n<div class=\"row\"  id=\"row-937717842\">\n\n\t<div id=\"col-2067399769\" class=\"col small-12 large-12\"  >\n\t\t\t\t<div class=\"col-inner\"  >\n\t\t\t\n\t\t\t\n\t<div class=\"img has-hover x md-x lg-x y md-y lg-y\" id=\"image_929466719\">\n\t\t\t\t\t\t\t\t<div class=\"img-inner dark\" >\n\t\t\t\t\t\t\t\t\t\n\t\t\t\t\t<\/div>\n\t\t\t\t\t\t\t\t\n<style>\n#image_929466719 {\n  width: 100%;\n}\n<\/style>\n\t<\/div>\n\t\n\t\t<\/div>\n\t\t\t\t\t<\/div>\n\n\t\n<\/div>\n<div class=\"row align-middle align-center\"  id=\"row-1338261853\">\n\n\t<div id=\"col-1851616204\" class=\"col medium-8 small-12 large-8\"  >\n\t\t\t\t<div class=\"col-inner\"  >\n\t\t\t\n\t\t\t\n<h1 style=\"text-align: center;\">Lujo al alcance de la mano<\/h1>\n<p style=\"text-align: center;\">Disfrute con el collar de masaje Collar Grand de Medivon de un nivel de lujo y comodidad nunca antes alcanzado. Dise\u00f1ado para quienes <strong>desean disfrutar de la m\u00e1xima calidad de relajaci\u00f3n en su propio hogar.<\/strong><\/p>\n\t\t<\/div>\n\t\t\t\t\t<\/div>\n\n\t\n<\/div>\n<div class=\"row\"  id=\"row-642963778\">\n\n\t<div id=\"col-1648416672\" class=\"col small-12 large-12\"  >\n\t\t\t\t<div class=\"col-inner\"  >\n\t\t\t\n\t\t\t\n<div class=\"row\"  id=\"row-579706475\">\n\n\t<div id=\"col-486847455\" class=\"col small-12 large-12\"  >\n\t\t\t\t<div class=\"col-inner\"  >\n\t\t\t\n\t\t\t\n\t<div class=\"img has-hover x md-x lg-x y md-y lg-y\" id=\"image_1083261281\">\n\t\t\t\t\t\t\t\t<div class=\"img-inner dark\" >\n\t\t\t\t\t\t\t\t\t\n\t\t\t\t\t<\/div>\n\t\t\t\t\t\t\t\t\n<style>\n#image_1083261281 {\n  width: 100%;\n}\n<\/style>\n\t<\/div>\n\t\n\t\t<\/div>\n\t\t\t\t\t<\/div>\n\n\t\n<\/div>\n<div class=\"row align-middle align-center\"  id=\"row-1432933635\">\n\n\t<div id=\"col-1081537407\" class=\"col medium-8 small-12 large-8\"  >\n\t\t\t\t<div class=\"col-inner\"  >\n\t\t\t\n\t\t\t\n<h1 style=\"text-align: center;\">Tecnolog\u00edas de masaje avanzadas<\/h1>\n<p style=\"text-align: center;\">El collar Collar Grand<strong> est\u00e1 equipado con una avanzada tecnolog\u00eda de masaje Shiatsu y dos cabezales para masaje profundo.<\/strong> De este modo no solo ofrece una relajaci\u00f3n profunda, sino que tambi\u00e9n alivia de forma eficaz las tensiones musculares y ayuda a combatir el dolor de cabeza y de cuello.<\/p>\n\t\t<\/div>\n\t\t\t\t\t<\/div>\n\n\t\n<\/div>\n<div class=\"row\"  id=\"row-739047459\">\n\n\t<div id=\"col-1438649759\" class=\"col small-12 large-12\"  >\n\t\t\t\t<div class=\"col-inner\"  >\n\t\t\t\n\t\t\t\n\t<div class=\"img has-hover x md-x lg-x y md-y lg-y\" id=\"image_2095691208\">\n\t\t\t\t\t\t\t\t<div class=\"img-inner dark\" >\n\t\t\t\t\t\t\t\t\t\n\t\t\t\t\t<\/div>\n\t\t\t\t\t\t\t\t\n<style>\n#image_2095691208 {\n  width: 100%;\n}\n<\/style>\n\t<\/div>\n\t\n\t\t<\/div>\n\t\t\t\t\t<\/div>\n\n\t\n<\/div>\n\t\t<\/div>\n\t\t\t\t\t<\/div>\n\n\t\n<\/div>\n<div class=\"row align-middle align-center\"  id=\"row-1281776771\">\n\n\t<div id=\"col-2104446581\" class=\"col medium-8 small-12 large-8\"  >\n\t\t\t\t<div class=\"col-inner\"  >\n\t\t\t\n\t\t\t\n<h1 style=\"text-align: center;\">Tu terapia personalizada<\/h1>\n<p style=\"text-align: center;\">Disfruta del control total sobre la intensidad del masaje gracias a <strong>la velocidad ajustable, la funci\u00f3n de calentamiento y el control de presi\u00f3n.<\/strong> El dise\u00f1o inal\u00e1mbrico permite utilizar el dispositivo c\u00f3modamente en cualquier lugar. Adem\u00e1s, el collar dispone de <strong>la funci\u00f3n de m\u00fasica por Bluetooth<\/strong>, que potencia a\u00fan m\u00e1s la sensaci\u00f3n de relajaci\u00f3n.<\/p>\n\t\t<\/div>\n\t\t\t\t\t<\/div>\n\n\t\n<\/div>\n<div class=\"row\"  id=\"row-1127568596\">\n\n\t<div id=\"col-1733217191\" class=\"col small-12 large-12\"  >\n\t\t\t\t<div class=\"col-inner\"  >\n\t\t\t\n\t\t\t\n\t<div class=\"img has-hover x md-x lg-x y md-y lg-y\" id=\"image_2120939727\">\n\t\t\t\t\t\t\t\t<div class=\"img-inner dark\" >\n\t\t\t\t\t\t\t\t\t\n\t\t\t\t\t<\/div>\n\t\t\t\t\t\t\t\t\n<style>\n#image_2120939727 {\n  width: 100%;\n}\n<\/style>\n\t<\/div>\n\t\n\t\t<\/div>\n\t\t\t\t\t<\/div>\n\n\t\n<\/div>\n<div class=\"row align-middle align-center\"  id=\"row-95289579\">\n\n\t<div id=\"col-950195867\" class=\"col medium-8 small-12 large-8\"  >\n\t\t\t\t<div class=\"col-inner\"  >\n\t\t\t\n\t\t\t\n<h1 style=\"text-align: center;\">Beneficios para la salud<\/h1>\n<p style=\"text-align: center;\">Las avanzadas tecnolog\u00edas de masaje del collar Collar Grand contribuyen <strong>a mejorar la circulaci\u00f3n sangu\u00ednea, fortalecer la musculatura del cuello y calmar y relajar el sistema nervioso.<\/strong> El uso regular del dispositivo favorece el sue\u00f1o al reducir el estr\u00e9s y las tensiones.<\/p>\n\t\t<\/div>\n\t\t\t\t\t<\/div>\n\n\t\n<\/div>\n<div class=\"row\"  id=\"row-1759678824\">\n\n\t<div id=\"col-2540276\" class=\"col small-12 large-12\"  >\n\t\t\t\t<div class=\"col-inner\"  >\n\t\t\t\n\t\t\t\n\t<div class=\"img has-hover x md-x lg-x y md-y lg-y\" id=\"image_788704045\">\n\t\t\t\t\t\t\t\t<div class=\"img-inner dark\" >\n\t\t\t\t\t\t\t\t\t\n\t\t\t\t\t<\/div>\n\t\t\t\t\t\t\t\t\n<style>\n#image_788704045 {\n  width: 100%;\n}\n<\/style>\n\t<\/div>\n\t\n\t\t<\/div>\n\t\t\t\t\t<\/div>\n\n\t\n<\/div>\n<div class=\"row align-middle align-center\"  id=\"row-118907639\">\n\n\t<div id=\"col-776630781\" class=\"col medium-8 small-12 large-8\"  >\n\t\t\t\t<div class=\"col-inner\"  >\n\t\t\t\n\t\t\t\n<h1 style=\"text-align: center;\">Tu spa personal<\/h1>\n<div class=\"flex flex-grow flex-col max-w-full gap-3 gizmo:gap-0\">\n<div class=\"min-h-&#091;20px&#093; text-message flex flex-col items-start gap-3 whitespace-pre-wrap break-words &#091;.text-message+&amp;&#093;:mt-5 overflow-x-auto\" data-message-author-role=\"assistant\" data-message-id=\"36037258-e71f-493d-ae10-263d57d00cd5\">\n<div class=\"markdown prose w-full break-words dark:prose-invert light\">\n<p style=\"text-align: center;\">El collar Collar Grand es un s\u00edmbolo de lujo que se fusiona con la m\u00e1xima calidad de fabricaci\u00f3n.<strong> Su funcionamiento ultrasilencioso<\/strong> permite utilizar el dispositivo a cualquier hora del d\u00eda o de la noche, garantizando discreci\u00f3n y plena satisfacci\u00f3n.<\/p>\n<\/div>\n<\/div>\n<\/div>\n\t\t<\/div>\n\t\t\t\t\t<\/div>\n\n\t\n<\/div>\n<div class=\"row\"  id=\"row-692623218\">\n\n\t<div id=\"col-1045016231\" class=\"col small-12 large-12\"  >\n\t\t\t\t<div class=\"col-inner\"  >\n\t\t\t\n\t\t\t\n\t<div class=\"img has-hover x md-x lg-x y md-y lg-y\" id=\"image_1355372889\">\n\t\t\t\t\t\t\t\t<div class=\"img-inner dark\" >\n\t\t\t\t\t\t\t\t\t\n\t\t\t\t\t<\/div>\n\t\t\t\t\t\t\t\t\n<style>\n#image_1355372889 {\n  width: 100%;\n}\n<\/style>\n\t<\/div>\n\t\n\t\t<\/div>\n\t\t\t\t\t<\/div>\n\n\t\n<\/div>\n<div class=\"row align-middle align-center\"  id=\"row-1295899820\">\n\n\t<div id=\"col-1210706579\" class=\"col medium-8 small-12 large-8\"  >\n\t\t\t\t<div class=\"col-inner\"  >\n\t\t\t\n\t\t\t\n<h1 style=\"text-align: center;\">Dise\u00f1o inal\u00e1mbrico<\/h1>\n<p style=\"text-align: center;\">El dise\u00f1o inal\u00e1mbrico del collar Collar Grand <strong>permite una libertad de movimiento sin restricciones y el uso del dispositivo en cualquier lugar.<\/strong> As\u00ed podr\u00e1s disfrutar del lujo de un masaje profesional est\u00e9s donde est\u00e9s.<\/p>\n\t\t<\/div>\n\t\t\t\t\t<\/div>\n\n\t\n<\/div>\n<div class=\"row\"  id=\"row-657437047\">\n\n\t<div id=\"col-1813297500\" class=\"col small-12 large-12\"  >\n\t\t\t\t<div class=\"col-inner\"  >\n\t\t\t\n\t\t\t\n\t<div class=\"img has-hover x md-x lg-x y md-y lg-y\" id=\"image_2046909608\">\n\t\t\t\t\t\t\t\t<div class=\"img-inner dark\" >\n\t\t\t\t\t\t\t\t\t\n\t\t\t\t\t<\/div>\n\t\t\t\t\t\t\t\t\n<style>\n#image_2046909608 {\n  width: 100%;\n}\n<\/style>\n\t<\/div>\n\t\n\t\t<\/div>\n\t\t\t\t\t<\/div>\n\n\t\n<\/div>\n\t\t<\/div>\n\n\t\t\n<style>\n#section_1777843368 {\n  padding-top: 30px;\n  padding-bottom: 30px;\n}\n<\/style>\n\t<\/section>\n\t\n<div class=\"row align-middle align-center\"  id=\"row-977224525\">\n\n\t<div id=\"col-1738349681\" class=\"col medium-6 small-12 large-6\"  >\n\t\t\t\t<div class=\"col-inner\"  >\n\t\t\t\n\t\t\t\n<h1><strong>\u2b50\ufe0f \u00bfPOR QU\u00c9 MEDIVON?<\/strong><\/h1>\n<ul>\n<li>Nuestros dispositivos se utilizan <strong>no solo en casa<\/strong>, sino tambi\u00e9n en<br \/>\ncentros de belleza profesionales,<\/li>\n<li>fabricados con materiales de <strong>alt\u00edsima calidad<\/strong>, lo que los hace mucho m\u00e1s duraderos, resistentes a los da\u00f1os y con un aspecto muy s\u00f3lido y exclusivo,<\/li>\n<li>los dispositivos cuentan con certificaciones que avalan su seguridad de uso,<\/li>\n<li>se presentan en una elegante caja premium<strong> de dise\u00f1o moderno<\/strong>. Si\u00e9ntase especial o reg\u00e1leselos a alguien cercano,<\/li>\n<li>gracias al uso de tecnolog\u00eda de \u00faltima generaci\u00f3n y de <span data-text-color=\"success\">componentes mejorados, ofrecen un efecto de cuidado hasta varias veces superior al de <\/span><span data-text-color=\"success\">dispositivos convencionales de aspecto similar.<\/span><\/li>\n<\/ul>\n\t\t<\/div>\n\t\t\t\t\n<style>\n#col-1738349681 > .col-inner {\n  padding: 5% 5% 5% 5%;\n}\n<\/style>\n\t<\/div>\n\n\t\n\n\t<div id=\"col-1669433234\" class=\"col medium-6 small-12 large-6\"  >\n\t\t\t\t<div class=\"col-inner text-center\"  >\n\t\t\t\n\t\t\t\n\t<div class=\"img has-hover x md-x lg-x y md-y lg-y\" id=\"image_452621677\">\n\t\t\t\t\t\t\t\t<div class=\"img-inner dark\" >\n\t\t\t<img loading=\"lazy\" decoding=\"async\" width=\"1020\" height=\"1020\" src=\"https:\/\/medivon.net\/wp-content\/uploads\/2023\/11\/Collar-Grand-Medivon-kolnierz-slider-02.jpg\" class=\"attachment-large size-large\" alt=\"\" srcset=\"https:\/\/medivon.net\/wp-content\/uploads\/2023\/11\/Collar-Grand-Medivon-kolnierz-slider-02.jpg 1200w, https:\/\/medivon.net\/wp-content\/uploads\/2023\/11\/Collar-Grand-Medivon-kolnierz-slider-02-640x640.jpg 640w, https:\/\/medivon.net\/wp-content\/uploads\/2023\/11\/Collar-Grand-Medivon-kolnierz-slider-02-320x320.jpg 320w, https:\/\/medivon.net\/wp-content\/uploads\/2023\/11\/Collar-Grand-Medivon-kolnierz-slider-02-768x768.jpg 768w, https:\/\/medivon.net\/wp-content\/uploads\/2023\/11\/Collar-Grand-Medivon-kolnierz-slider-02-247x247.jpg 247w, https:\/\/medivon.net\/wp-content\/uploads\/2023\/11\/Collar-Grand-Medivon-kolnierz-slider-02-510x510.jpg 510w, https:\/\/medivon.net\/wp-content\/uploads\/2023\/11\/Collar-Grand-Medivon-kolnierz-slider-02-100x100.jpg 100w\" sizes=\"auto, (max-width: 1020px) 100vw, 1020px\" \/>\t\t\t\t\t\t\n\t\t\t\t\t<\/div>\n\t\t\t\t\t\t\t\t\n<style>\n#image_452621677 {\n  width: 96%;\n}\n<\/style>\n\t<\/div>\n\t\n\t\t<\/div>\n\t\t\t\t\t<\/div>\n\n\t\n<\/div>\n","protected":false},"excerpt":{"rendered":"<ul>\n<li>Funci\u00f3n de calentamiento<\/li>\n<li>Control de presi\u00f3n<\/li>\n<li>Masaje Shiatsu<\/li>\n<li>2 cabezales para masaje profundo<\/li>\n<li>Ultrasilencioso<\/li>\n<li>Velocidad ajustable<\/li>\n<li>Alivia las tensiones musculares<\/li>\n<li>Reduce el dolor de cabeza y cuello<\/li>\n<li>Funci\u00f3n de m\u00fasica por Bluetooth<\/li>\n<li>Mejora la circulaci\u00f3n sangu\u00ednea<\/li>\n<li>Fortalece la musculatura del cuello<\/li>\n<li>Calma y relaja el sistema nervioso<\/li>\n<li>Dise\u00f1o inal\u00e1mbrico<\/li>\n<li>Ayuda a conciliar el sue\u00f1o<\/li>\n<\/ul>\n","protected":false},"featured_media":364890,"comment_status":"open","ping_status":"closed","template":"","meta":{"_acf_changed":false,"_glsr_average":0,"_glsr_ranking":0,"_glsr_reviews":0,"footnotes":""},"product_brand":[],"product_cat":[1012,1090],"product_tag":[],"class_list":{"0":"post-364889","1":"product","2":"type-product","3":"status-publish","4":"has-post-thumbnail","6":"product_cat-masaje","7":"product_cat-masajeador-de-nuca-y-cuello","9":"first","10":"instock","11":"taxable","12":"shipping-taxable","13":"purchasable","14":"product-type-simple"},"acf":[],"yoast_head":"<!-- This site is optimized with the Yoast SEO plugin v27.6 - https:\/\/yoast.com\/product\/yoast-seo-wordpress\/ -->\n<title>Medivon Collar Grand masajeador de cuello, masajeador Shiatsu con calor - Medivon<\/title>\n<meta name=\"robots\" content=\"index, follow, max-snippet:-1, max-image-preview:large, max-video-preview:-1\" \/>\n<link rel=\"canonical\" href=\"https:\/\/medivon.net\/es\/produkt\/medivon-collar-grand-masajeador-de-cuello-masajeador-shiatsu-con-calor\/\" \/>\n<meta property=\"og:locale\" content=\"es_ES\" \/>\n<meta property=\"og:type\" content=\"article\" \/>\n<meta property=\"og:title\" content=\"Medivon Collar Grand masajeador de cuello, masajeador Shiatsu con calor - Medivon\" \/>\n<meta property=\"og:description\" content=\"Funci\u00f3n de calentamiento  Control de presi\u00f3n  Masaje Shiatsu  2 cabezales para masaje profundo  Ultrasilencioso  Velocidad ajustable  Alivia las tensiones musculares  Reduce el dolor de cabeza y cuello  Funci\u00f3n de m\u00fasica por Bluetooth  Mejora la circulaci\u00f3n sangu\u00ednea  Fortalece la musculatura del cuello  Calma y relaja el sistema nervioso  Dise\u00f1o inal\u00e1mbrico  Ayuda a conciliar el sue\u00f1o\" \/>\n<meta property=\"og:url\" content=\"https:\/\/medivon.net\/es\/produkt\/medivon-collar-grand-masajeador-de-cuello-masajeador-shiatsu-con-calor\/\" \/>\n<meta property=\"og:site_name\" content=\"Medivon\" \/>\n<meta property=\"article:modified_time\" content=\"2025-11-20T12:44:50+00:00\" \/>\n<meta property=\"og:image\" content=\"https:\/\/medivon.net\/wp-content\/uploads\/2023\/11\/Collar-Grand-Medivon-kolnierz-slider-01.jpg\" \/>\n\t<meta property=\"og:image:width\" content=\"1200\" \/>\n\t<meta property=\"og:image:height\" content=\"1200\" \/>\n\t<meta property=\"og:image:type\" content=\"image\/jpeg\" \/>\n<meta name=\"twitter:card\" content=\"summary_large_image\" \/>\n<meta name=\"twitter:label1\" content=\"Tiempo de lectura\" \/>\n\t<meta name=\"twitter:data1\" content=\"3 minutos\" \/>\n<script type=\"application\/ld+json\" class=\"yoast-schema-graph\">{\"@context\":\"https:\\\/\\\/schema.org\",\"@graph\":[{\"@type\":\"WebPage\",\"@id\":\"https:\\\/\\\/medivon.net\\\/es\\\/produkt\\\/medivon-collar-grand-masajeador-de-cuello-masajeador-shiatsu-con-calor\\\/\",\"url\":\"https:\\\/\\\/medivon.net\\\/es\\\/produkt\\\/medivon-collar-grand-masajeador-de-cuello-masajeador-shiatsu-con-calor\\\/\",\"name\":\"Medivon Collar Grand masajeador de cuello, masajeador Shiatsu con calor - Medivon\",\"isPartOf\":{\"@id\":\"https:\\\/\\\/medivon.net\\\/es\\\/#website\"},\"primaryImageOfPage\":{\"@id\":\"https:\\\/\\\/medivon.net\\\/es\\\/produkt\\\/medivon-collar-grand-masajeador-de-cuello-masajeador-shiatsu-con-calor\\\/#primaryimage\"},\"image\":{\"@id\":\"https:\\\/\\\/medivon.net\\\/es\\\/produkt\\\/medivon-collar-grand-masajeador-de-cuello-masajeador-shiatsu-con-calor\\\/#primaryimage\"},\"thumbnailUrl\":\"https:\\\/\\\/medivon.net\\\/wp-content\\\/uploads\\\/2023\\\/11\\\/Collar-Grand-Medivon-kolnierz-slider-01.jpg\",\"datePublished\":\"2023-11-24T08:42:47+00:00\",\"dateModified\":\"2025-11-20T12:44:50+00:00\",\"breadcrumb\":{\"@id\":\"https:\\\/\\\/medivon.net\\\/es\\\/produkt\\\/medivon-collar-grand-masajeador-de-cuello-masajeador-shiatsu-con-calor\\\/#breadcrumb\"},\"inLanguage\":\"es\",\"potentialAction\":[{\"@type\":\"ReadAction\",\"target\":[\"https:\\\/\\\/medivon.net\\\/es\\\/produkt\\\/medivon-collar-grand-masajeador-de-cuello-masajeador-shiatsu-con-calor\\\/\"]}]},{\"@type\":\"ImageObject\",\"inLanguage\":\"es\",\"@id\":\"https:\\\/\\\/medivon.net\\\/es\\\/produkt\\\/medivon-collar-grand-masajeador-de-cuello-masajeador-shiatsu-con-calor\\\/#primaryimage\",\"url\":\"https:\\\/\\\/medivon.net\\\/wp-content\\\/uploads\\\/2023\\\/11\\\/Collar-Grand-Medivon-kolnierz-slider-01.jpg\",\"contentUrl\":\"https:\\\/\\\/medivon.net\\\/wp-content\\\/uploads\\\/2023\\\/11\\\/Collar-Grand-Medivon-kolnierz-slider-01.jpg\",\"width\":1200,\"height\":1200},{\"@type\":\"BreadcrumbList\",\"@id\":\"https:\\\/\\\/medivon.net\\\/es\\\/produkt\\\/medivon-collar-grand-masajeador-de-cuello-masajeador-shiatsu-con-calor\\\/#breadcrumb\",\"itemListElement\":[{\"@type\":\"ListItem\",\"position\":1,\"name\":\"Speichern\",\"item\":\"https:\\\/\\\/medivon.net\\\/speichern\\\/\"},{\"@type\":\"ListItem\",\"position\":2,\"name\":\"Medivon Collar Grand masajeador de cuello, masajeador Shiatsu con calor\"}]},{\"@type\":\"WebSite\",\"@id\":\"https:\\\/\\\/medivon.net\\\/es\\\/#website\",\"url\":\"https:\\\/\\\/medivon.net\\\/es\\\/\",\"name\":\"Medivon\",\"description\":\"\",\"potentialAction\":[{\"@type\":\"SearchAction\",\"target\":{\"@type\":\"EntryPoint\",\"urlTemplate\":\"https:\\\/\\\/medivon.net\\\/es\\\/?s={search_term_string}\"},\"query-input\":{\"@type\":\"PropertyValueSpecification\",\"valueRequired\":true,\"valueName\":\"search_term_string\"}}],\"inLanguage\":\"es\"}]}<\/script>\n<!-- \/ Yoast SEO plugin. -->","yoast_head_json":{"title":"Medivon Collar Grand masajeador de cuello, masajeador Shiatsu con calor - Medivon","robots":{"index":"index","follow":"follow","max-snippet":"max-snippet:-1","max-image-preview":"max-image-preview:large","max-video-preview":"max-video-preview:-1"},"canonical":"https:\/\/medivon.net\/es\/produkt\/medivon-collar-grand-masajeador-de-cuello-masajeador-shiatsu-con-calor\/","og_locale":"es_ES","og_type":"article","og_title":"Medivon Collar Grand masajeador de cuello, masajeador Shiatsu con calor - Medivon","og_description":"Funci\u00f3n de calentamiento  Control de presi\u00f3n  Masaje Shiatsu  2 cabezales para masaje profundo  Ultrasilencioso  Velocidad ajustable  Alivia las tensiones musculares  Reduce el dolor de cabeza y cuello  Funci\u00f3n de m\u00fasica por Bluetooth  Mejora la circulaci\u00f3n sangu\u00ednea  Fortalece la musculatura del cuello  Calma y relaja el sistema nervioso  Dise\u00f1o inal\u00e1mbrico  Ayuda a conciliar el sue\u00f1o","og_url":"https:\/\/medivon.net\/es\/produkt\/medivon-collar-grand-masajeador-de-cuello-masajeador-shiatsu-con-calor\/","og_site_name":"Medivon","article_modified_time":"2025-11-20T12:44:50+00:00","og_image":[{"width":1200,"height":1200,"url":"https:\/\/medivon.net\/wp-content\/uploads\/2023\/11\/Collar-Grand-Medivon-kolnierz-slider-01.jpg","type":"image\/jpeg"}],"twitter_card":"summary_large_image","twitter_misc":{"Tiempo de lectura":"3 minutos"},"schema":{"@context":"https:\/\/schema.org","@graph":[{"@type":"WebPage","@id":"https:\/\/medivon.net\/es\/produkt\/medivon-collar-grand-masajeador-de-cuello-masajeador-shiatsu-con-calor\/","url":"https:\/\/medivon.net\/es\/produkt\/medivon-collar-grand-masajeador-de-cuello-masajeador-shiatsu-con-calor\/","name":"Medivon Collar Grand masajeador de cuello, masajeador Shiatsu con calor - Medivon","isPartOf":{"@id":"https:\/\/medivon.net\/es\/#website"},"primaryImageOfPage":{"@id":"https:\/\/medivon.net\/es\/produkt\/medivon-collar-grand-masajeador-de-cuello-masajeador-shiatsu-con-calor\/#primaryimage"},"image":{"@id":"https:\/\/medivon.net\/es\/produkt\/medivon-collar-grand-masajeador-de-cuello-masajeador-shiatsu-con-calor\/#primaryimage"},"thumbnailUrl":"https:\/\/medivon.net\/wp-content\/uploads\/2023\/11\/Collar-Grand-Medivon-kolnierz-slider-01.jpg","datePublished":"2023-11-24T08:42:47+00:00","dateModified":"2025-11-20T12:44:50+00:00","breadcrumb":{"@id":"https:\/\/medivon.net\/es\/produkt\/medivon-collar-grand-masajeador-de-cuello-masajeador-shiatsu-con-calor\/#breadcrumb"},"inLanguage":"es","potentialAction":[{"@type":"ReadAction","target":["https:\/\/medivon.net\/es\/produkt\/medivon-collar-grand-masajeador-de-cuello-masajeador-shiatsu-con-calor\/"]}]},{"@type":"ImageObject","inLanguage":"es","@id":"https:\/\/medivon.net\/es\/produkt\/medivon-collar-grand-masajeador-de-cuello-masajeador-shiatsu-con-calor\/#primaryimage","url":"https:\/\/medivon.net\/wp-content\/uploads\/2023\/11\/Collar-Grand-Medivon-kolnierz-slider-01.jpg","contentUrl":"https:\/\/medivon.net\/wp-content\/uploads\/2023\/11\/Collar-Grand-Medivon-kolnierz-slider-01.jpg","width":1200,"height":1200},{"@type":"BreadcrumbList","@id":"https:\/\/medivon.net\/es\/produkt\/medivon-collar-grand-masajeador-de-cuello-masajeador-shiatsu-con-calor\/#breadcrumb","itemListElement":[{"@type":"ListItem","position":1,"name":"Speichern","item":"https:\/\/medivon.net\/speichern\/"},{"@type":"ListItem","position":2,"name":"Medivon Collar Grand masajeador de cuello, masajeador Shiatsu con calor"}]},{"@type":"WebSite","@id":"https:\/\/medivon.net\/es\/#website","url":"https:\/\/medivon.net\/es\/","name":"Medivon","description":"","potentialAction":[{"@type":"SearchAction","target":{"@type":"EntryPoint","urlTemplate":"https:\/\/medivon.net\/es\/?s={search_term_string}"},"query-input":{"@type":"PropertyValueSpecification","valueRequired":true,"valueName":"search_term_string"}}],"inLanguage":"es"}]}},"_links":{"self":[{"href":"https:\/\/medivon.net\/es\/wp-json\/wp\/v2\/product\/364889","targetHints":{"allow":["GET"]}}],"collection":[{"href":"https:\/\/medivon.net\/es\/wp-json\/wp\/v2\/product"}],"about":[{"href":"https:\/\/medivon.net\/es\/wp-json\/wp\/v2\/types\/product"}],"replies":[{"embeddable":true,"href":"https:\/\/medivon.net\/es\/wp-json\/wp\/v2\/comments?post=364889"}],"version-history":[{"count":2,"href":"https:\/\/medivon.net\/es\/wp-json\/wp\/v2\/product\/364889\/revisions"}],"predecessor-version":[{"id":366111,"href":"https:\/\/medivon.net\/es\/wp-json\/wp\/v2\/product\/364889\/revisions\/366111"}],"wp:featuredmedia":[{"embeddable":true,"href":"https:\/\/medivon.net\/es\/wp-json\/wp\/v2\/media\/364890"}],"wp:attachment":[{"href":"https:\/\/medivon.net\/es\/wp-json\/wp\/v2\/media?parent=364889"}],"wp:term":[{"taxonomy":"product_brand","embeddable":true,"href":"https:\/\/medivon.net\/es\/wp-json\/wp\/v2\/product_brand?post=364889"},{"taxonomy":"product_cat","embeddable":true,"href":"https:\/\/medivon.net\/es\/wp-json\/wp\/v2\/product_cat?post=364889"},{"taxonomy":"product_tag","embeddable":true,"href":"https:\/\/medivon.net\/es\/wp-json\/wp\/v2\/product_tag?post=364889"}],"curies":[{"name":"wp","href":"https:\/\/api.w.org\/{rel}","templated":true}]}}