{"id":364796,"date":"2023-06-15T08:58:28","date_gmt":"2023-06-15T06:58:28","guid":{"rendered":"https:\/\/medivon.net\/produkt\/medivon-perseus-masajeador-shiatsu-3-en-1-para-pies-piernas-pantorrillas-y-manos\/"},"modified":"2025-11-20T14:32:47","modified_gmt":"2025-11-20T13:32:47","slug":"medivon-perseus-masajeador-shiatsu-3-en-1-para-pies-piernas-pantorrillas-y-manos","status":"publish","type":"product","link":"https:\/\/medivon.net\/es\/produkt\/medivon-perseus-masajeador-shiatsu-3-en-1-para-pies-piernas-pantorrillas-y-manos\/","title":{"rendered":"Medivon Perseus &#8211; Masajeador Shiatsu 3 en 1 para pies (piernas), pantorrillas y manos"},"content":{"rendered":"<div class=\"row\"  id=\"row-1217182274\">\n\n\t<div id=\"col-1002654767\" class=\"col small-12 large-12\"  >\n\t\t\t\t<div class=\"col-inner\"  >\n\t\t\t\n\t\t\t\n<div class=\"video video-fit mb hidden\" style=\"padding-top:56.25%;\"><p><iframe loading=\"lazy\" title=\"Medivon Perseus - K\u00f6rpermassageger\u00e4t, Fu\u00df- und Wadenmassageger\u00e4t, Shiatsumassageger\u00e4t\" width=\"1020\" height=\"574\" src=\"https:\/\/www.youtube.com\/embed\/K-QLQSyM8pw?feature=oembed\" frameborder=\"0\" allow=\"accelerometer; autoplay; clipboard-write; encrypted-media; gyroscope; picture-in-picture; web-share\" referrerpolicy=\"strict-origin-when-cross-origin\" allowfullscreen><\/iframe><\/p>\n<\/div>\n\t\t<\/div>\n\t\t\t\t\t<\/div>\n\n\t\n<\/div>\n<div class=\"row\"  id=\"row-1741521894\">\n\n\t<div id=\"col-913857292\" class=\"col small-12 large-12\"  >\n\t\t\t\t<div class=\"col-inner\"  >\n\t\t\t\n\t\t\t\n\t<div class=\"img has-hover x md-x lg-x y md-y lg-y\" id=\"image_1470347442\">\n\t\t\t\t\t\t\t\t<div class=\"img-inner dark\" >\n\t\t\t\t\t\t\t\t\t\n\t\t\t\t\t<\/div>\n\t\t\t\t\t\t\t\t\n<style>\n#image_1470347442 {\n  width: 100%;\n}\n<\/style>\n\t<\/div>\n\t\n\t\t<\/div>\n\t\t\t\t\t<\/div>\n\n\t\n<\/div>\n\n\t<section class=\"section\" id=\"section_177908853\">\n\t\t<div class=\"section-bg fill\" >\n\t\t\t\t\t\t\t\t\t\n\t\t\t\n\n\t\t<\/div>\n\n\t\t\n\n\t\t<div class=\"section-content relative\">\n\t\t\t\n<div class=\"row\"  id=\"row-2048477481\">\n\n\t<div id=\"col-1848653394\" class=\"col small-12 large-12\"  >\n\t\t\t\t<div class=\"col-inner\"  >\n\t\t\t\n\t\t\t\n\n\t\t<\/div>\n\t\t\t\t\t<\/div>\n\n\t\n<\/div>\n<div class=\"row align-center\"  id=\"row-1093109653\">\n\n\t<div id=\"col-125269582\" class=\"col medium-10 small-12 large-10\"  >\n\t\t\t\t<div class=\"col-inner\"  >\n\t\t\t\n\t\t\t\n\t<div id=\"gap-666096698\" class=\"gap-element clearfix\" style=\"display:block; height:auto;\">\n\t\t\n<style>\n#gap-666096698 {\n  padding-top: 30px;\n}\n<\/style>\n\t<\/div>\n\t\n<div class=\"flex flex-grow flex-col gap-3\">\n<div class=\"min-h-&#091;20px&#093; flex flex-col items-start gap-4 whitespace-pre-wrap break-words\">\n<div class=\"markdown prose w-full break-words dark:prose-invert light\">\n<h1 style=\"text-align: center;\">Comodidad y alivio para sus pies<\/h1>\n<p style=\"text-align: center;\">Desp\u00eddase de los pies doloridos y cansados con Medivon Perseus. Este aparato especial para masaje de pies utiliza las antiguas t\u00e9cnicas del masaje Shiatsu para penetrar profundamente en los m\u00fasculos de sus pies y relajarlos. <strong>Notar\u00e1 de inmediato el efecto terap\u00e9utico, ya que el dolor y las molestias disminuyen.<\/strong> Cada punto de presi\u00f3n de sus pies se trata cuidadosamente para ofrecerle el m\u00e1ximo alivio y relajaci\u00f3n.<\/p>\n<\/div>\n<\/div>\n<\/div>\n<div class=\"flex justify-between lg:block\">\n<div class=\"text-gray-400 flex self-end lg:self-center justify-center mt-2 gap-2 md:gap-3 lg:gap-1 lg:absolute lg:top-0 lg:translate-x-full lg:right-0 lg:mt-0 lg:pl-2 visible\"><\/div>\n<\/div>\n<p>&nbsp;<\/p>\n\t\t<\/div>\n\t\t\t\t\t<\/div>\n\n\t\n<\/div>\n<div class=\"row\"  id=\"row-1250814368\">\n\n\t<div id=\"col-1507264132\" class=\"col small-12 large-12\"  >\n\t\t\t\t<div class=\"col-inner\"  >\n\t\t\t\n\t\t\t\n\t<div class=\"img has-hover x md-x lg-x y md-y lg-y\" id=\"image_2085832559\">\n\t\t\t\t\t\t\t\t<div class=\"img-inner dark\" >\n\t\t\t\t\t\t\t\t\t\n\t\t\t\t\t<\/div>\n\t\t\t\t\t\t\t\t\n<style>\n#image_2085832559 {\n  width: 100%;\n}\n<\/style>\n\t<\/div>\n\t\n\t\t<\/div>\n\t\t\t\t\t<\/div>\n\n\t\n<\/div>\n<div class=\"row align-center\"  id=\"row-953416011\">\n\n\t<div id=\"col-1625950119\" class=\"col medium-10 small-12 large-10\"  >\n\t\t\t\t<div class=\"col-inner\"  >\n\t\t\t\n\t\t\t\n<div class=\"flex flex-grow flex-col gap-3\">\n<div class=\"min-h-&#091;20px&#093; flex flex-col items-start gap-4 whitespace-pre-wrap break-words\">\n<div class=\"markdown prose w-full break-words dark:prose-invert light\">\n<h1 style=\"text-align: center;\">Relajaci\u00f3n multidireccional para sus pies<\/h1>\n<p style=\"text-align: center;\">Con Medivon Perseus experimentar\u00e1 una relajaci\u00f3n multidireccional. <strong>Gracias a varios cabezales de masaje que giran en distintas direcciones, este dispositivo puede masajear sus pies desde todos los \u00e1ngulos<\/strong>. Tanto si padece fascitis plantar como si solo quiere aliviar sus pies despu\u00e9s de un largo d\u00eda, el masaje multidireccional ofrece una terapia calmante que va m\u00e1s all\u00e1 de los masajes de pies tradicionales.<\/p>\n<\/div>\n<\/div>\n<\/div>\n<p>&nbsp;<\/p>\n\t\t<\/div>\n\t\t\t\t\t<\/div>\n\n\t\n<\/div>\n<div class=\"row align-middle\"  id=\"row-515936191\">\n\n\t<div id=\"col-156701272\" class=\"col medium-6 small-12 large-6\"  >\n\t\t\t\t<div class=\"col-inner\"  >\n\t\t\t\n\t\t\t\n\t<div class=\"img has-hover x md-x lg-x y md-y lg-y\" id=\"image_909752221\">\n\t\t\t\t\t\t\t\t<div class=\"img-inner dark\" >\n\t\t\t\t\t\t\t\t\t\n\t\t\t\t\t<\/div>\n\t\t\t\t\t\t\t\t\n<style>\n#image_909752221 {\n  width: 100%;\n}\n<\/style>\n\t<\/div>\n\t\n\t\t<\/div>\n\t\t\t\t\t<\/div>\n\n\t\n\n\t<div id=\"col-1325000744\" class=\"col medium-6 small-12 large-6\"  >\n\t\t\t\t<div class=\"col-inner\"  >\n\t\t\t\n\t\t\t\n<div class=\"flex flex-grow flex-col gap-3\">\n<div class=\"min-h-&#091;20px&#093; flex flex-col items-start gap-4 whitespace-pre-wrap break-words\">\n<div class=\"markdown prose w-full break-words dark:prose-invert light\">\n<h1 style=\"text-align: left;\">Relajaci\u00f3n profunda y efecto calmante y c\u00e1lido<\/h1>\n<p style=\"text-align: left;\">Medivon Perseus no solo ofrece un masaje Shiatsu en profundidad, sino tambi\u00e9n una funci\u00f3n de calor que proporciona un confort y una relajaci\u00f3n adicionales. <strong>El calor ayuda a aflojar los m\u00fasculos y a estimular la circulaci\u00f3n sangu\u00ednea, lo que contribuye a aliviar el dolor muscular y las tensiones.<\/strong> Disfrute de la agradable sensaci\u00f3n de un masaje c\u00e1lido siempre que lo necesite.<\/p>\n<\/div>\n<\/div>\n<\/div>\n<p>&nbsp;<\/p>\n\t\t<\/div>\n\t\t\t\t\t<\/div>\n\n\t\n<\/div>\n<div class=\"row\"  id=\"row-1663657085\">\n\n\t<div id=\"col-1224789812\" class=\"col small-12 large-12\"  >\n\t\t\t\t<div class=\"col-inner\"  >\n\t\t\t\n\t\t\t\n<div class=\"video video-fit mb\" style=\"padding-top:56.25%;\"><p><iframe loading=\"lazy\" title=\"Medivon Perseus \u2013 Dispositivo de masaje Shiatsu 3 en 1 para pies\" width=\"1020\" height=\"574\" src=\"https:\/\/www.youtube.com\/embed\/CEtyvE2EIVs?feature=oembed\" frameborder=\"0\" allow=\"accelerometer; autoplay; clipboard-write; encrypted-media; gyroscope; picture-in-picture; web-share\" referrerpolicy=\"strict-origin-when-cross-origin\" allowfullscreen><\/iframe><\/p>\n<\/div>\n\t\t<\/div>\n\t\t\t\t\t<\/div>\n\n\t\n<\/div>\n\t<div id=\"gap-250936676\" class=\"gap-element clearfix\" style=\"display:block; height:auto;\">\n\t\t\n<style>\n#gap-250936676 {\n  padding-top: 30px;\n}\n<\/style>\n\t<\/div>\n\t\n<div class=\"row\"  id=\"row-10756920\">\n\n\t<div id=\"col-966686429\" class=\"col medium-6 small-12 large-6\"  >\n\t\t\t\t<div class=\"col-inner\"  >\n\t\t\t\n\t\t\t\n\n\t\t<\/div>\n\t\t\t\t\t<\/div>\n\n\t\n\n\t<div id=\"col-1620058983\" class=\"col medium-6 small-12 large-6\"  >\n\t\t\t\t<div class=\"col-inner\"  >\n\t\t\t\n\t\t\t\n<div class=\"flex flex-grow flex-col gap-3\">\n<div class=\"min-h-&#091;20px&#093; flex flex-col items-start gap-4 whitespace-pre-wrap break-words\">\n<div class=\"markdown prose w-full break-words dark:prose-invert light\">\n<h1 style=\"text-align: left;\">Soporte multifuncional para su cuerpo<\/h1>\n<p style=\"text-align: left;\">Pero Medivon Perseus no est\u00e1 pensado solo para sus pies. Tambi\u00e9n es una herramienta eficaz para masajear las pantorrillas y otras partes del cuerpo.<strong> Ayuda a relajar la musculatura, reducir las tensiones y estimular la circulaci\u00f3n<\/strong>. Gracias a sus ajustes personalizables puede adaptar la intensidad y la duraci\u00f3n del masaje a sus preferencias. Utilice Medivon Perseus para aumentar su bienestar y relajar sus m\u00fasculos.<\/p>\n<\/div>\n<\/div>\n<\/div>\n<div class=\"row show-for-small\"  id=\"row-910972347\">\n\n\t<div id=\"col-1881953001\" class=\"col small-12 large-12\"  >\n\t\t\t\t<div class=\"col-inner\"  >\n\t\t\t\n\t\t\t\n\t<div class=\"img has-hover x md-x lg-x y md-y lg-y\" id=\"image_1852507463\">\n\t\t\t\t\t\t\t\t<div class=\"img-inner dark\" style=\"margin:0px 0px -72px 0px;\">\n\t\t\t\t\t\t\t\t\t\n\t\t\t\t\t<\/div>\n\t\t\t\t\t\t\t\t\n<style>\n#image_1852507463 {\n  width: 100%;\n}\n<\/style>\n\t<\/div>\n\t\n\t\t<\/div>\n\t\t\t\t\t<\/div>\n\n\t\n<\/div>\n\t\t<\/div>\n\t\t\t\t\t<\/div>\n\n\t\n<\/div>\n<div class=\"row hide-for-medium\"  id=\"row-1328164291\">\n\n\t<div id=\"col-2000359003\" class=\"col small-12 large-12\"  >\n\t\t\t\t<div class=\"col-inner\"  >\n\t\t\t\n\t\t\t\n\t<div class=\"img has-hover x md-x lg-x y md-y lg-y\" id=\"image_894204335\">\n\t\t\t\t\t\t\t\t<div class=\"img-inner dark\" >\n\t\t\t\t\t\t\t\t\t\n\t\t\t\t\t<\/div>\n\t\t\t\t\t\t\t\t\n<style>\n#image_894204335 {\n  width: 100%;\n}\n<\/style>\n\t<\/div>\n\t\n\t\t<\/div>\n\t\t\t\t\t<\/div>\n\n\t\n<\/div>\n<div class=\"row align-center\"  id=\"row-1637416232\">\n\n\t<div id=\"col-389438680\" class=\"col medium-10 small-12 large-10\"  >\n\t\t\t\t<div class=\"col-inner\"  >\n\t\t\t\n\t\t\t\n<div class=\"row show-for-small\"  id=\"row-1038798755\">\n\n\t<div id=\"col-1491115172\" class=\"col small-12 large-12\"  >\n\t\t\t\t<div class=\"col-inner\"  >\n\t\t\t\n\t\t\t\n\t<div class=\"img has-hover x md-x lg-x y md-y lg-y\" id=\"image_343137891\">\n\t\t\t\t\t\t\t\t<div class=\"img-inner dark\" >\n\t\t\t\t\t\t\t\t\t\n\t\t\t\t\t<\/div>\n\t\t\t\t\t\t\t\t\n<style>\n#image_343137891 {\n  width: 100%;\n}\n<\/style>\n\t<\/div>\n\t\n\t\t<\/div>\n\t\t\t\t\t<\/div>\n\n\t\n<\/div>\n\t<div id=\"gap-148300220\" class=\"gap-element clearfix\" style=\"display:block; height:auto;\">\n\t\t\n<style>\n#gap-148300220 {\n  padding-top: 30px;\n}\n<\/style>\n\t<\/div>\n\t\n<div class=\"flex flex-grow flex-col gap-3\">\n<div class=\"min-h-&#091;20px&#093; flex flex-col items-start gap-4 whitespace-pre-wrap break-words\">\n<div class=\"markdown prose w-full break-words dark:prose-invert light\">\n<h1 style=\"text-align: center;\">Ideal para todos<\/h1>\n<p style=\"text-align: center;\">Tanto si es un deportista que busca recuperarse despu\u00e9s de un entrenamiento intenso como si simplemente desea relajarse tras una larga jornada de trabajo, Medivon Perseus es el dispositivo ideal para usted. <strong>Es f\u00e1cil de usar y puede aplicarse en distintas partes del cuerpo para aliviar el dolor y las molestias.<\/strong> Gracias a su elegante dise\u00f1o y a su manejo sencillo, Medivon Perseus es el regalo perfecto para cualquier persona de su entorno que necesite un extra de confort y relajaci\u00f3n.<\/p>\n<\/div>\n<\/div>\n<\/div>\n<p>&nbsp;<\/p>\n\t\t<\/div>\n\t\t\t\t\t<\/div>\n\n\t\n<\/div>\n<div class=\"row\"  id=\"row-222491920\">\n\n\t<div id=\"col-1626268294\" class=\"col small-12 large-12\"  >\n\t\t\t\t<div class=\"col-inner\"  >\n\t\t\t\n\t\t\t\n\t<div class=\"img has-hover x md-x lg-x y md-y lg-y\" id=\"image_1352757391\">\n\t\t\t\t\t\t\t\t<div class=\"img-inner dark\" >\n\t\t\t\t\t\t\t\t\t\n\t\t\t\t\t<\/div>\n\t\t\t\t\t\t\t\t\n<style>\n#image_1352757391 {\n  width: 100%;\n}\n<\/style>\n\t<\/div>\n\t\n\t\t<\/div>\n\t\t\t\t\t<\/div>\n\n\t\n<\/div>\n<div class=\"row\"  id=\"row-253617244\">\n\n\t<div id=\"col-1981512488\" class=\"col small-12 large-12\"  >\n\t\t\t\t<div class=\"col-inner\"  >\n\t\t\t\n\t\t\t\n<div class=\"video video-fit mb\" style=\"padding-top:56.25%;\"><p><iframe loading=\"lazy\" title=\"Medivon Perseus - K\u00f6rpermassageger\u00e4t, Fu\u00df- und Wadenmassageger\u00e4t, Shiatsumassageger\u00e4t\" width=\"1020\" height=\"574\" src=\"https:\/\/www.youtube.com\/embed\/8_xpk_keyaE?feature=oembed\" frameborder=\"0\" allow=\"accelerometer; autoplay; clipboard-write; encrypted-media; gyroscope; picture-in-picture; web-share\" referrerpolicy=\"strict-origin-when-cross-origin\" allowfullscreen><\/iframe><\/p>\n<\/div>\n\t\t<\/div>\n\t\t\t\t\t<\/div>\n\n\t\n<\/div>\n<div class=\"row align-middle align-center\"  id=\"row-1345275442\">\n\n\t<div id=\"col-1412049911\" class=\"col medium-6 small-12 large-6\"  >\n\t\t\t\t<div class=\"col-inner\"  >\n\t\t\t\n\t\t\t\n<h1><strong>\u2b50\ufe0f \u00bfPOR QU\u00c9 MEDIVON?<\/strong><\/h1>\n<ul>\n<li>Nuestros dispositivos se utilizan <strong>no solo en casa<\/strong>, sino tambi\u00e9n en<br \/>\nsalones de belleza profesionales,<\/li>\n<li>fabricados con <strong>materiales de alta calidad<\/strong>, lo que los hace mucho m\u00e1s duraderos, resistentes a los da\u00f1os y con un aspecto muy s\u00f3lido y exclusivo,<\/li>\n<li>los dispositivos cuentan con certificaci\u00f3n, lo que los hace seguros para su salud,<\/li>\n<li>una elegante caja pr\u00e9mium<strong> con un dise\u00f1o moderno<\/strong>. Si\u00e9ntase<br \/>\nespecial o reg\u00e1lela a una persona querida,<\/li>\n<li>gracias al uso de la tecnolog\u00eda m\u00e1s avanzada y de componentes mejorados,<br \/>\n<span data-text-color=\"success\">ofrecen una eficacia de cuidado hasta varias veces superior a la de<\/span><br \/>\n<span data-text-color=\"success\">los dispositivos convencionales de aspecto similar.<\/span><\/li>\n<\/ul>\n\t\t<\/div>\n\t\t\t\t\t<\/div>\n\n\t\n\n\t<div id=\"col-1754971929\" class=\"col medium-6 small-12 large-6\"  >\n\t\t\t\t<div class=\"col-inner text-right\"  >\n\t\t\t\n\t\t\t\n\t<div class=\"img has-hover x md-x lg-x y md-y lg-y\" id=\"image_418397744\">\n\t\t\t\t\t\t\t\t<div class=\"img-inner dark\" >\n\t\t\t<img loading=\"lazy\" decoding=\"async\" width=\"1200\" height=\"1200\" src=\"https:\/\/medivon.net\/wp-content\/uploads\/2023\/06\/medivon-perseus-5.jpg\" class=\"attachment-original size-original\" alt=\"\" srcset=\"https:\/\/medivon.net\/wp-content\/uploads\/2023\/06\/medivon-perseus-5.jpg 1200w, https:\/\/medivon.net\/wp-content\/uploads\/2023\/06\/medivon-perseus-5-640x640.jpg 640w, https:\/\/medivon.net\/wp-content\/uploads\/2023\/06\/medivon-perseus-5-320x320.jpg 320w, https:\/\/medivon.net\/wp-content\/uploads\/2023\/06\/medivon-perseus-5-768x768.jpg 768w, https:\/\/medivon.net\/wp-content\/uploads\/2023\/06\/medivon-perseus-5-247x247.jpg 247w, https:\/\/medivon.net\/wp-content\/uploads\/2023\/06\/medivon-perseus-5-510x510.jpg 510w, https:\/\/medivon.net\/wp-content\/uploads\/2023\/06\/medivon-perseus-5-100x100.jpg 100w\" sizes=\"auto, (max-width: 1200px) 100vw, 1200px\" \/>\t\t\t\t\t\t\n\t\t\t\t\t<\/div>\n\t\t\t\t\t\t\t\t\n<style>\n#image_418397744 {\n  width: 86%;\n}\n<\/style>\n\t<\/div>\n\t\n\t\t<\/div>\n\t\t\t\t\t<\/div>\n\n\t\n<\/div>\n\t\t<\/div>\n\n\t\t\n<style>\n#section_177908853 {\n  padding-top: 30px;\n  padding-bottom: 30px;\n}\n<\/style>\n\t<\/section>\n\t\n","protected":false},"excerpt":{"rendered":"<ul>\n<li>Masajes para pies, pantorrillas y manos<\/li>\n<li>Tecnolog\u00eda Soft-Touch<\/li>\n<li>Masaje Shiatsu<\/li>\n<li>Masaje de aire 3D<\/li>\n<li>Modo rascador para pies<\/li>\n<li>Masaje de rodillos<\/li>\n<li>Modo de calentamiento<\/li>\n<li>Relajaci\u00f3n perfecta<\/li>\n<li>Ideal para casa y oficina<\/li>\n<li>Reduce eficazmente la fatiga de los pies<\/li>\n<li>Favorece de forma \u00f3ptima la circulaci\u00f3n sangu\u00ednea<\/li>\n<li>Temporizador integrado<\/li>\n<li>3 niveles de intensidad<\/li>\n<\/ul>\n","protected":false},"featured_media":364797,"comment_status":"open","ping_status":"closed","template":"","meta":{"_acf_changed":false,"_glsr_average":0,"_glsr_ranking":0,"_glsr_reviews":0,"footnotes":""},"product_brand":[],"product_cat":[1012,1088,1011],"product_tag":[],"class_list":{"0":"post-364796","1":"product","2":"type-product","3":"status-publish","4":"has-post-thumbnail","6":"product_cat-masaje","7":"product_cat-masajeadores-de-piernas","8":"product_cat-masajeadores-de-pies","10":"first","11":"instock","12":"taxable","13":"shipping-taxable","14":"purchasable","15":"product-type-simple"},"acf":[],"yoast_head":"<!-- This site is optimized with the Yoast SEO plugin v27.4 - https:\/\/yoast.com\/product\/yoast-seo-wordpress\/ -->\n<title>Medivon Perseus - Masajeador Shiatsu 3 en 1 para pies (piernas), pantorrillas y manos - Medivon<\/title>\n<meta name=\"robots\" content=\"index, follow, max-snippet:-1, max-image-preview:large, max-video-preview:-1\" \/>\n<link rel=\"canonical\" href=\"https:\/\/medivon.net\/es\/produkt\/medivon-perseus-masajeador-shiatsu-3-en-1-para-pies-piernas-pantorrillas-y-manos\/\" \/>\n<meta property=\"og:locale\" content=\"es_ES\" \/>\n<meta property=\"og:type\" content=\"article\" \/>\n<meta property=\"og:title\" content=\"Medivon Perseus - Masajeador Shiatsu 3 en 1 para pies (piernas), pantorrillas y manos - Medivon\" \/>\n<meta property=\"og:description\" content=\"Masajes para pies, pantorrillas y manos  Tecnolog\u00eda Soft-Touch  Masaje Shiatsu  Masaje de aire 3D  Modo rascador para pies  Masaje de rodillos  Modo de calentamiento  Relajaci\u00f3n perfecta  Ideal para casa y oficina  Reduce eficazmente la fatiga de los pies  Favorece de forma \u00f3ptima la circulaci\u00f3n sangu\u00ednea  Temporizador integrado  3 niveles de intensidad\" \/>\n<meta property=\"og:url\" content=\"https:\/\/medivon.net\/es\/produkt\/medivon-perseus-masajeador-shiatsu-3-en-1-para-pies-piernas-pantorrillas-y-manos\/\" \/>\n<meta property=\"og:site_name\" content=\"Medivon\" \/>\n<meta property=\"article:modified_time\" content=\"2025-11-20T13:32:47+00:00\" \/>\n<meta property=\"og:image\" content=\"https:\/\/medivon.net\/wp-content\/uploads\/2023\/06\/medivon-perseus-1.jpg\" \/>\n\t<meta property=\"og:image:width\" content=\"1200\" \/>\n\t<meta property=\"og:image:height\" content=\"1200\" \/>\n\t<meta property=\"og:image:type\" content=\"image\/jpeg\" \/>\n<meta name=\"twitter:card\" content=\"summary_large_image\" \/>\n<meta name=\"twitter:label1\" content=\"Tiempo de lectura\" \/>\n\t<meta name=\"twitter:data1\" content=\"3 minutos\" \/>\n<script type=\"application\/ld+json\" class=\"yoast-schema-graph\">{\"@context\":\"https:\\\/\\\/schema.org\",\"@graph\":[{\"@type\":\"WebPage\",\"@id\":\"https:\\\/\\\/medivon.net\\\/es\\\/produkt\\\/medivon-perseus-masajeador-shiatsu-3-en-1-para-pies-piernas-pantorrillas-y-manos\\\/\",\"url\":\"https:\\\/\\\/medivon.net\\\/es\\\/produkt\\\/medivon-perseus-masajeador-shiatsu-3-en-1-para-pies-piernas-pantorrillas-y-manos\\\/\",\"name\":\"Medivon Perseus - Masajeador Shiatsu 3 en 1 para pies (piernas), pantorrillas y manos - Medivon\",\"isPartOf\":{\"@id\":\"https:\\\/\\\/medivon.net\\\/es\\\/#website\"},\"primaryImageOfPage\":{\"@id\":\"https:\\\/\\\/medivon.net\\\/es\\\/produkt\\\/medivon-perseus-masajeador-shiatsu-3-en-1-para-pies-piernas-pantorrillas-y-manos\\\/#primaryimage\"},\"image\":{\"@id\":\"https:\\\/\\\/medivon.net\\\/es\\\/produkt\\\/medivon-perseus-masajeador-shiatsu-3-en-1-para-pies-piernas-pantorrillas-y-manos\\\/#primaryimage\"},\"thumbnailUrl\":\"https:\\\/\\\/medivon.net\\\/wp-content\\\/uploads\\\/2023\\\/06\\\/medivon-perseus-1.jpg\",\"datePublished\":\"2023-06-15T06:58:28+00:00\",\"dateModified\":\"2025-11-20T13:32:47+00:00\",\"breadcrumb\":{\"@id\":\"https:\\\/\\\/medivon.net\\\/es\\\/produkt\\\/medivon-perseus-masajeador-shiatsu-3-en-1-para-pies-piernas-pantorrillas-y-manos\\\/#breadcrumb\"},\"inLanguage\":\"es\",\"potentialAction\":[{\"@type\":\"ReadAction\",\"target\":[\"https:\\\/\\\/medivon.net\\\/es\\\/produkt\\\/medivon-perseus-masajeador-shiatsu-3-en-1-para-pies-piernas-pantorrillas-y-manos\\\/\"]}]},{\"@type\":\"ImageObject\",\"inLanguage\":\"es\",\"@id\":\"https:\\\/\\\/medivon.net\\\/es\\\/produkt\\\/medivon-perseus-masajeador-shiatsu-3-en-1-para-pies-piernas-pantorrillas-y-manos\\\/#primaryimage\",\"url\":\"https:\\\/\\\/medivon.net\\\/wp-content\\\/uploads\\\/2023\\\/06\\\/medivon-perseus-1.jpg\",\"contentUrl\":\"https:\\\/\\\/medivon.net\\\/wp-content\\\/uploads\\\/2023\\\/06\\\/medivon-perseus-1.jpg\",\"width\":1200,\"height\":1200},{\"@type\":\"BreadcrumbList\",\"@id\":\"https:\\\/\\\/medivon.net\\\/es\\\/produkt\\\/medivon-perseus-masajeador-shiatsu-3-en-1-para-pies-piernas-pantorrillas-y-manos\\\/#breadcrumb\",\"itemListElement\":[{\"@type\":\"ListItem\",\"position\":1,\"name\":\"Speichern\",\"item\":\"https:\\\/\\\/medivon.net\\\/speichern\\\/\"},{\"@type\":\"ListItem\",\"position\":2,\"name\":\"Medivon Perseus &#8211; Masajeador Shiatsu 3 en 1 para pies (piernas), pantorrillas y manos\"}]},{\"@type\":\"WebSite\",\"@id\":\"https:\\\/\\\/medivon.net\\\/es\\\/#website\",\"url\":\"https:\\\/\\\/medivon.net\\\/es\\\/\",\"name\":\"Medivon\",\"description\":\"\",\"potentialAction\":[{\"@type\":\"SearchAction\",\"target\":{\"@type\":\"EntryPoint\",\"urlTemplate\":\"https:\\\/\\\/medivon.net\\\/es\\\/?s={search_term_string}\"},\"query-input\":{\"@type\":\"PropertyValueSpecification\",\"valueRequired\":true,\"valueName\":\"search_term_string\"}}],\"inLanguage\":\"es\"}]}<\/script>\n<!-- \/ Yoast SEO plugin. -->","yoast_head_json":{"title":"Medivon Perseus - Masajeador Shiatsu 3 en 1 para pies (piernas), pantorrillas y manos - Medivon","robots":{"index":"index","follow":"follow","max-snippet":"max-snippet:-1","max-image-preview":"max-image-preview:large","max-video-preview":"max-video-preview:-1"},"canonical":"https:\/\/medivon.net\/es\/produkt\/medivon-perseus-masajeador-shiatsu-3-en-1-para-pies-piernas-pantorrillas-y-manos\/","og_locale":"es_ES","og_type":"article","og_title":"Medivon Perseus - Masajeador Shiatsu 3 en 1 para pies (piernas), pantorrillas y manos - Medivon","og_description":"Masajes para pies, pantorrillas y manos  Tecnolog\u00eda Soft-Touch  Masaje Shiatsu  Masaje de aire 3D  Modo rascador para pies  Masaje de rodillos  Modo de calentamiento  Relajaci\u00f3n perfecta  Ideal para casa y oficina  Reduce eficazmente la fatiga de los pies  Favorece de forma \u00f3ptima la circulaci\u00f3n sangu\u00ednea  Temporizador integrado  3 niveles de intensidad","og_url":"https:\/\/medivon.net\/es\/produkt\/medivon-perseus-masajeador-shiatsu-3-en-1-para-pies-piernas-pantorrillas-y-manos\/","og_site_name":"Medivon","article_modified_time":"2025-11-20T13:32:47+00:00","og_image":[{"width":1200,"height":1200,"url":"https:\/\/medivon.net\/wp-content\/uploads\/2023\/06\/medivon-perseus-1.jpg","type":"image\/jpeg"}],"twitter_card":"summary_large_image","twitter_misc":{"Tiempo de lectura":"3 minutos"},"schema":{"@context":"https:\/\/schema.org","@graph":[{"@type":"WebPage","@id":"https:\/\/medivon.net\/es\/produkt\/medivon-perseus-masajeador-shiatsu-3-en-1-para-pies-piernas-pantorrillas-y-manos\/","url":"https:\/\/medivon.net\/es\/produkt\/medivon-perseus-masajeador-shiatsu-3-en-1-para-pies-piernas-pantorrillas-y-manos\/","name":"Medivon Perseus - Masajeador Shiatsu 3 en 1 para pies (piernas), pantorrillas y manos - Medivon","isPartOf":{"@id":"https:\/\/medivon.net\/es\/#website"},"primaryImageOfPage":{"@id":"https:\/\/medivon.net\/es\/produkt\/medivon-perseus-masajeador-shiatsu-3-en-1-para-pies-piernas-pantorrillas-y-manos\/#primaryimage"},"image":{"@id":"https:\/\/medivon.net\/es\/produkt\/medivon-perseus-masajeador-shiatsu-3-en-1-para-pies-piernas-pantorrillas-y-manos\/#primaryimage"},"thumbnailUrl":"https:\/\/medivon.net\/wp-content\/uploads\/2023\/06\/medivon-perseus-1.jpg","datePublished":"2023-06-15T06:58:28+00:00","dateModified":"2025-11-20T13:32:47+00:00","breadcrumb":{"@id":"https:\/\/medivon.net\/es\/produkt\/medivon-perseus-masajeador-shiatsu-3-en-1-para-pies-piernas-pantorrillas-y-manos\/#breadcrumb"},"inLanguage":"es","potentialAction":[{"@type":"ReadAction","target":["https:\/\/medivon.net\/es\/produkt\/medivon-perseus-masajeador-shiatsu-3-en-1-para-pies-piernas-pantorrillas-y-manos\/"]}]},{"@type":"ImageObject","inLanguage":"es","@id":"https:\/\/medivon.net\/es\/produkt\/medivon-perseus-masajeador-shiatsu-3-en-1-para-pies-piernas-pantorrillas-y-manos\/#primaryimage","url":"https:\/\/medivon.net\/wp-content\/uploads\/2023\/06\/medivon-perseus-1.jpg","contentUrl":"https:\/\/medivon.net\/wp-content\/uploads\/2023\/06\/medivon-perseus-1.jpg","width":1200,"height":1200},{"@type":"BreadcrumbList","@id":"https:\/\/medivon.net\/es\/produkt\/medivon-perseus-masajeador-shiatsu-3-en-1-para-pies-piernas-pantorrillas-y-manos\/#breadcrumb","itemListElement":[{"@type":"ListItem","position":1,"name":"Speichern","item":"https:\/\/medivon.net\/speichern\/"},{"@type":"ListItem","position":2,"name":"Medivon Perseus &#8211; Masajeador Shiatsu 3 en 1 para pies (piernas), pantorrillas y manos"}]},{"@type":"WebSite","@id":"https:\/\/medivon.net\/es\/#website","url":"https:\/\/medivon.net\/es\/","name":"Medivon","description":"","potentialAction":[{"@type":"SearchAction","target":{"@type":"EntryPoint","urlTemplate":"https:\/\/medivon.net\/es\/?s={search_term_string}"},"query-input":{"@type":"PropertyValueSpecification","valueRequired":true,"valueName":"search_term_string"}}],"inLanguage":"es"}]}},"_links":{"self":[{"href":"https:\/\/medivon.net\/es\/wp-json\/wp\/v2\/product\/364796","targetHints":{"allow":["GET"]}}],"collection":[{"href":"https:\/\/medivon.net\/es\/wp-json\/wp\/v2\/product"}],"about":[{"href":"https:\/\/medivon.net\/es\/wp-json\/wp\/v2\/types\/product"}],"replies":[{"embeddable":true,"href":"https:\/\/medivon.net\/es\/wp-json\/wp\/v2\/comments?post=364796"}],"version-history":[{"count":2,"href":"https:\/\/medivon.net\/es\/wp-json\/wp\/v2\/product\/364796\/revisions"}],"predecessor-version":[{"id":366136,"href":"https:\/\/medivon.net\/es\/wp-json\/wp\/v2\/product\/364796\/revisions\/366136"}],"wp:featuredmedia":[{"embeddable":true,"href":"https:\/\/medivon.net\/es\/wp-json\/wp\/v2\/media\/364797"}],"wp:attachment":[{"href":"https:\/\/medivon.net\/es\/wp-json\/wp\/v2\/media?parent=364796"}],"wp:term":[{"taxonomy":"product_brand","embeddable":true,"href":"https:\/\/medivon.net\/es\/wp-json\/wp\/v2\/product_brand?post=364796"},{"taxonomy":"product_cat","embeddable":true,"href":"https:\/\/medivon.net\/es\/wp-json\/wp\/v2\/product_cat?post=364796"},{"taxonomy":"product_tag","embeddable":true,"href":"https:\/\/medivon.net\/es\/wp-json\/wp\/v2\/product_tag?post=364796"}],"curies":[{"name":"wp","href":"https:\/\/api.w.org\/{rel}","templated":true}]}}