{"id":364436,"date":"2020-09-29T11:37:04","date_gmt":"2020-09-29T09:37:04","guid":{"rendered":"https:\/\/medivon.net\/produkt\/colchoneta-de-masaje-medivon-cosy-vibra-colchoneta-de-masaje-por-vibracion\/"},"modified":"2026-01-21T15:44:50","modified_gmt":"2026-01-21T14:44:50","slug":"colchoneta-de-masaje-medivon-cosy-vibra-colchoneta-de-masaje-por-vibracion","status":"publish","type":"product","link":"https:\/\/medivon.net\/es\/produkt\/colchoneta-de-masaje-medivon-cosy-vibra-colchoneta-de-masaje-por-vibracion\/","title":{"rendered":"Colchoneta de masaje Medivon Cosy Vibra, colchoneta de masaje por vibraci\u00f3n"},"content":{"rendered":"<div class=\"row\"  id=\"row-1153629402\">\n\n\t<div id=\"col-374720836\" class=\"col small-12 large-12\"  >\n\t\t\t\t<div class=\"col-inner\"  >\n\t\t\t\n\t\t\t\n<div class=\"video video-fit mb hidden\" style=\"padding-top:56.25%;\"><p><iframe loading=\"lazy\" title=\"Medivon Cosy Vibra Massagematte\" width=\"1020\" height=\"574\" src=\"https:\/\/www.youtube.com\/embed\/cN7F48C2XQA?feature=oembed\" frameborder=\"0\" allow=\"accelerometer; autoplay; clipboard-write; encrypted-media; gyroscope; picture-in-picture; web-share\" referrerpolicy=\"strict-origin-when-cross-origin\" allowfullscreen><\/iframe><\/p>\n<\/div>\n\t\t<\/div>\n\t\t\t\t\t<\/div>\n\n\t\n<\/div>\n<div class=\"row\"  id=\"row-1826647638\">\n\n\t<div id=\"col-2094220819\" class=\"col small-12 large-12\"  >\n\t\t\t\t<div class=\"col-inner\"  >\n\t\t\t\n\t\t\t\n\n\t\t<\/div>\n\t\t\t\t\t<\/div>\n\n\t\n<\/div>\n\n\t<section class=\"section dark\" id=\"section_1233099755\">\n\t\t<div class=\"section-bg fill\" >\n\t\t\t\t\t\t\t\t\t<div class=\"section-bg-overlay absolute fill\"><\/div>\n\t\t\t\n\n\t\t<\/div>\n\n\t\t\n\n\t\t<div class=\"section-content relative\">\n\t\t\t\n<div class=\"row align-center\"  id=\"row-1228542121\">\n\n\t<div id=\"col-1542868297\" class=\"col medium-9 small-12 large-9\"  >\n\t\t\t\t<div class=\"col-inner text-center\"  >\n\t\t\t\n\t\t\t\n<h3>AJUSTE PERFECTO<\/h3>\n<h1><strong>Tecnolog\u00eda moderna, 4 zonas de masaje, 5 modos de funcionamiento<\/strong><\/h1>\n<p>La colchoneta de masaje Cosy Vibra utiliza cabezales de masaje de la m\u00e1s alta calidad con funci\u00f3n de calor (la almohada alcanza su temperatura m\u00e1xima de 60 grados despu\u00e9s de aproximadamente 7 minutos para relajar mejor los m\u00fasculos de todo el cuerpo). La colchoneta masajea con precisi\u00f3n la parte superior e inferior de la espalda, los gl\u00fateos, los muslos y las pantorrillas.<strong>4 zonas de masaje:\u00a0<\/strong><\/p>\n<ul>\n<li style=\"text-align: left;\">Masaje de cuello \/ parte superior de la espalda,<\/li>\n<li style=\"text-align: left;\">Masaje de la parte media de la espalda,<\/li>\n<li style=\"text-align: left;\">Masaje de la parte inferior de la espalda \/ zona lumbar, masaje de piernas \/ muslos.<\/li>\n<\/ul>\n<p><strong>5 modos \/ funciones:\u00a0<\/strong>\u00a0M1, M2, M3, M4, M5<\/p>\n\t\t<\/div>\n\t\t\t\t\n<style>\n#col-1542868297 > .col-inner {\n  padding: 10px 20px 0px 20px;\n}\n@media (min-width:550px) {\n  #col-1542868297 > .col-inner {\n    padding: 60px 20px 0px 20px;\n  }\n}\n<\/style>\n\t<\/div>\n\n\t\n\n\t<div id=\"col-1068931994\" class=\"col small-12 large-12\"  >\n\t\t\t\t<div class=\"col-inner\"  >\n\t\t\t\n\t\t\t\n\t<div class=\"img has-hover hidden x md-x lg-x y md-y lg-y\" id=\"image_975846738\">\n\t\t\t\t\t\t\t\t<div class=\"img-inner image-glow dark\" >\n\t\t\t\t\t\t\t\t\t\n\t\t\t\t\t<\/div>\n\t\t\t\t\t\t\t\t\n<style>\n#image_975846738 {\n  width: 100%;\n}\n<\/style>\n\t<\/div>\n\t\n<div class=\"video video-fit mb\" style=\"padding-top:56.25%;\"><p><iframe loading=\"lazy\" title=\"Medivon Cosy Vibra Massagematte\" width=\"1020\" height=\"574\" src=\"https:\/\/www.youtube.com\/embed\/X2-eMRXwyXk?feature=oembed\" frameborder=\"0\" allow=\"accelerometer; autoplay; clipboard-write; encrypted-media; gyroscope; picture-in-picture; web-share\" referrerpolicy=\"strict-origin-when-cross-origin\" allowfullscreen><\/iframe><\/p>\n<\/div>\n\t\t<\/div>\n\t\t\t\t\t<\/div>\n\n\t\n\n\t<div id=\"col-1201349650\" class=\"col medium-9 small-12 large-9\"  >\n\t\t\t\t<div class=\"col-inner text-center\"  >\n\t\t\t\n\t\t\t\n<h3>UNA ACCI\u00d3N CURATIVA<\/h3>\n<h1><strong>Masaje vibratorio beneficioso<\/strong><\/h1>\n<p>Las frecuencias de vibraci\u00f3n correctamente seleccionadas de Cosy Vibra aliviar\u00e1n r\u00e1pidamente su dolor de cabeza o de articulaciones. Solo 15 minutos de masaje al d\u00eda eliminar\u00e1n la migra\u00f1a y mejorar\u00e1n la circulaci\u00f3n sangu\u00ednea de las c\u00e9lulas de la piel. La superficie de masaje completa relajar\u00e1 profundamente todo su cuerpo.<\/p>\n\t\t<\/div>\n\t\t\t\t\n<style>\n#col-1201349650 > .col-inner {\n  padding: 0px 20px 0px 20px;\n}\n<\/style>\n\t<\/div>\n\n\t\n<\/div>\n\t\t<\/div>\n\n\t\t\n<style>\n#section_1233099755 {\n  padding-top: 30px;\n  padding-bottom: 30px;\n}\n#section_1233099755 .section-bg-overlay {\n  background-color: rgba(0,0,0,.5);\n}\n<\/style>\n\t<\/section>\n\t\n\n\t<section class=\"section\" id=\"section_1094757401\">\n\t\t<div class=\"section-bg fill\" >\n\t\t\t\t\t\t\t\t\t\n\t\t\t\n\n\t\t<\/div>\n\n\t\t\n\n\t\t<div class=\"section-content relative\">\n\t\t\t\n<div class=\"row row-collapse row-full-width align-middle\"  id=\"row-1957692363\">\n\n\t<div id=\"col-582565919\" class=\"col medium-6 small-12 large-6\"  >\n\t\t\t\t<div class=\"col-inner\"  >\n\t\t\t\n\t\t\t\n\t<div class=\"img has-hover x md-x lg-x y md-y lg-y\" id=\"image_1671409000\">\n\t\t\t\t\t\t\t\t<div class=\"img-inner image-glow dark\" >\n\t\t\t\t\t\t\t\t\t\n\t\t\t\t\t<\/div>\n\t\t\t\t\t\t\t\t\n<style>\n#image_1671409000 {\n  width: 100%;\n}\n<\/style>\n\t<\/div>\n\t\n\t\t<\/div>\n\t\t\t\t\t<\/div>\n\n\t\n\n\t<div id=\"col-279251516\" class=\"col medium-6 small-12 large-6\"  >\n\t\t\t\t<div class=\"col-inner text-center\"  >\n\t\t\t\n\t<div class=\"is-border\"\n\t\tstyle=\"border-color:rgba(0, 0, 0, 0.8);border-radius:50px;border-width:0px 5px 0px 0px;\">\n\t<\/div>\n\t\t\t\n<h3>CONSTRUCCI\u00d3N FLEXIBLE<\/h3>\n<h1><strong>Apto para tumbarse<\/strong><\/h1>\n<p>La estructura de la colchoneta es muy flexible y permite su uso en diferentes posiciones. T\u00fambese en el sof\u00e1 viendo la tele o si\u00e9ntese en su sill\u00f3n favorito. La superficie de masaje completa de Cosy Vibra le permite un masaje completo sin cambiar de posici\u00f3n.<\/p>\n\t\t<\/div>\n\t\t\t\t\n<style>\n#col-279251516 > .col-inner {\n  padding: 5% 5% 5% 5%;\n  max-width: 520px;\n}\n<\/style>\n\t<\/div>\n\n\t\n<\/div>\n<div class=\"row row-collapse row-full-width align-middle\"  id=\"row-1155227761\">\n\n\t<div id=\"col-2075416749\" class=\"col medium-6 small-12 large-6\"  >\n\t\t\t\t<div class=\"col-inner text-center\"  >\n\t\t\t\n\t<div class=\"is-border\"\n\t\tstyle=\"border-color:rgba(0, 0, 0, 0.8);border-radius:50px;border-width:0px 0px 0px 5px;\">\n\t<\/div>\n\t\t\t\n<h3>REGENERACI\u00d3N MUSCULAR<\/h3>\n<h1><strong>Recuperar la movilidad<\/strong><\/h1>\n<p>Las frecuencias de vibraci\u00f3n correctamente seleccionadas de Cosy Vibra aliviar\u00e1n r\u00e1pidamente su dolor de cabeza o de articulaciones. Solo 15 minutos de masaje al d\u00eda eliminar\u00e1n la migra\u00f1a y mejorar\u00e1n la circulaci\u00f3n sangu\u00ednea de las c\u00e9lulas de la piel. La superficie de masaje completa relajar\u00e1 profundamente todo su cuerpo. La funcionalidad se ha ampliado con una opci\u00f3n de calentamiento, que permite una r\u00e1pida regeneraci\u00f3n despu\u00e9s del esfuerzo f\u00edsico y hace desaparecer las inflamaciones leves en pocos instantes. Tambi\u00e9n recuperar\u00e1 y mejorar\u00e1 su movilidad.<\/p>\n\t\t<\/div>\n\t\t\t\t\n<style>\n#col-2075416749 > .col-inner {\n  padding: 5% 5% 5% 5%;\n  max-width: 520px;\n}\n<\/style>\n\t<\/div>\n\n\t\n\n\t<div id=\"col-1214601769\" class=\"col medium-6 small-12 large-6 small-col-first\"  >\n\t\t\t\t<div class=\"col-inner\"  >\n\t\t\t\n\t\t\t\n\t<div class=\"img has-hover x md-x lg-x y md-y lg-y\" id=\"image_1442370006\">\n\t\t\t\t\t\t\t\t<div class=\"img-inner image-glow dark\" >\n\t\t\t\t\t\t\t\t\t\n\t\t\t\t\t<\/div>\n\t\t\t\t\t\t\t\t\n<style>\n#image_1442370006 {\n  width: 100%;\n}\n<\/style>\n\t<\/div>\n\t\n\t\t<\/div>\n\t\t\t\t\t<\/div>\n\n\t\n<\/div>\n\t\t<\/div>\n\n\t\t\n<style>\n#section_1094757401 {\n  padding-top: 30px;\n  padding-bottom: 30px;\n}\n<\/style>\n\t<\/section>\n\t\n\n\t<section class=\"section\" id=\"section_387780061\">\n\t\t<div class=\"section-bg fill\" >\n\t\t\t\t\t\t\t\t\t\n\t\t\t\n\n\t\t<\/div>\n\n\t\t\n\n\t\t<div class=\"section-content relative\">\n\t\t\t\n<div class=\"row align-center\"  id=\"row-456927874\">\n\n\t<div id=\"col-1378519382\" class=\"col medium-9 small-12 large-9\"  >\n\t\t\t\t<div class=\"col-inner text-center\"  >\n\t\t\t\n\t\t\t\n<div id=\"row-1696724315\" class=\"row align-center\">\n<div id=\"col-1836845739\" class=\"col medium-9 small-12 large-9\">\n<div class=\"col-inner text-center\">\n<h3>EN LA OFICINA, EN CASA O DE VIAJE<\/h3>\n<h1><strong>Ligero y f\u00e1cil de usar<\/strong><\/h1>\n<p>Cozy Vibra es ideal como regalo para mujeres y hombres de todas las edades. El dispositivo es ligero, manejable y muy intuitivo de usar. La bolsa de almacenamiento incluida en el set le permite transportar f\u00e1cilmente el masajeador y evitar suciedad innecesaria. Ya sea en la oficina, en casa o de viaje.<\/p>\n<\/div>\n<\/div>\n<\/div>\n\t\t<\/div>\n\t\t\t\t\t<\/div>\n\n\t\n<\/div>\n<div class=\"row align-center\"  id=\"row-2106719418\">\n\n\t<div id=\"col-56214908\" class=\"col medium-9 small-12 large-9\"  >\n\t\t\t\t<div class=\"col-inner text-center\"  >\n\t\t\t\n\t\t\t\n<h3>INTUICI\u00d3N<\/h3>\n<h1><strong>Mando a distancia<\/strong><\/h1>\n<p>El uso de la colchoneta es muy f\u00e1cil. Gracias al mando a distancia intuitivo, es f\u00e1cil de usar incluso para personas mayores. El dispositivo tiene un mando a distancia incorporado. Gracias a esto, puede ajustar el modo de masaje a su gusto con un dedo. \u00bfQuiere m\u00e1s masaje? Con la funci\u00f3n de temporizador, puede prolongar su tiempo de relajaci\u00f3n todo el tiempo que necesite.<\/p>\n\t\t<\/div>\n\t\t\t\t\n<style>\n#col-56214908 > .col-inner {\n  padding: 40px 0px 0px 0px;\n}\n<\/style>\n\t<\/div>\n\n\t\n\n\t<div id=\"col-1165307978\" class=\"col small-12 large-12\"  >\n\t\t\t\t<div class=\"col-inner text-center\"  >\n\t\t\t\n\t\t\t\n\t<div class=\"img has-hover x md-x lg-x y md-y lg-y\" id=\"image_1620478614\">\n\t\t\t\t\t\t\t\t<div class=\"img-inner image-glow dark\" >\n\t\t\t\t\t\t\t\t\t\n\t\t\t\t\t<\/div>\n\t\t\t\t\t\t\t\t\n<style>\n#image_1620478614 {\n  width: 100%;\n}\n@media (min-width:550px) {\n  #image_1620478614 {\n    width: 80%;\n  }\n}\n<\/style>\n\t<\/div>\n\t\n\t\t<\/div>\n\t\t\t\t\t<\/div>\n\n\t\n\n\t<div id=\"col-1365087968\" class=\"col medium-6 small-12 large-6\"  >\n\t\t\t\t<div class=\"col-inner text-center\"  >\n\t\t\t\n\t\t\t\n<h3><span class=\"\">ALIVIO PARA LOS M\u00daSCULOS<\/span><\/h3>\n<h1><strong>Solo 15 minutos al d\u00eda<\/strong><\/h1>\n<p>Eso es suficiente para apreciar esta maravillosa forma de terapia para todo el cuerpo, que alivia la tensi\u00f3n y el dolor de los m\u00fasculos tensos. No hay mejor manera de relajarse que estimular la circulaci\u00f3n sangu\u00ednea y proporcionar un masaje suave.<\/p>\n\t\t<\/div>\n\t\t\t\t\t<\/div>\n\n\t\n\n\t<div id=\"col-30558570\" class=\"col medium-6 small-12 large-6\"  >\n\t\t\t\t<div class=\"col-inner text-center\"  >\n\t\t\t\n\t\t\t\n<h3><span class=\"goog-text-highlight\">B\u00c1LSAMO MENTAL<\/span><\/h3>\n<h1><strong>Diga no al estr\u00e9s<\/strong><\/h1>\n<p>Todo el mundo sabe que el estr\u00e9s afecta negativamente a todos los aspectos de nuestra vida. Con el uso sistem\u00e1tico de Cosy Vibra, lo eliminar\u00e1 de su vida para siempre. El material suave combinado con el calor reconfortante que emana de los cabezales relajar\u00e1 su cuerpo y lo llevar\u00e1 a un estado de ligera felicidad.<\/p>\n\t\t<\/div>\n\t\t\t\t\t<\/div>\n\n\t\n<\/div>\n\t\t<\/div>\n\n\t\t\n<style>\n#section_387780061 {\n  padding-top: 30px;\n  padding-bottom: 30px;\n}\n<\/style>\n\t<\/section>\n\t\n<div class=\"row align-middle\"  id=\"row-1190810015\">\n\n\t<div id=\"col-323855195\" class=\"col medium-6 small-12 large-6\"  >\n\t\t\t\t<div class=\"col-inner\"  >\n\t\t\t\n\t\t\t\n<h1><span class=\"x4k7w5x x1h91t0o x1h9r5lt xv2umb2 x1beo9mf xaigb6o x12ejxvf x3igimt xarpa2k xedcshv x1lytzrv x1t2pt76 x7ja8zs x1qrby5j x1jfb8zj\"><strong><img decoding=\"async\" class=\"an1\" src=\"https:\/\/fonts.gstatic.com\/s\/e\/notoemoji\/15.0\/2b50\/32.png\" alt=\"\u2b50\" data-emoji=\"\u2b50\" aria-label=\"\u2b50\" \/> \u00bfPOR QU\u00c9 MEDIVON?<\/strong> <\/span><\/h1>\n<ul>\n<li><span class=\"x4k7w5x x1h91t0o x1h9r5lt xv2umb2 x1beo9mf xaigb6o x12ejxvf x3igimt xarpa2k xedcshv x1lytzrv x1t2pt76 x7ja8zs x1qrby5j x1jfb8zj\">Nuestros dispositivos se utilizan<strong> no solo en casa<\/strong>, sino tambi\u00e9n en salones de masaje profesionales, <\/span><\/li>\n<li><span class=\"x4k7w5x x1h91t0o x1h9r5lt xv2umb2 x1beo9mf xaigb6o x12ejxvf x3igimt xarpa2k xedcshv x1lytzrv x1t2pt76 x7ja8zs x1qrby5j x1jfb8zj\">fabricados con materiales de <strong>muy alta calidad<\/strong>, lo que los hace mucho m\u00e1s duraderos, no se da\u00f1an y tienen un aspecto muy s\u00f3lido y \u00fanico, <\/span><\/li>\n<li><span class=\"x4k7w5x x1h91t0o x1h9r5lt xv2umb2 x1beo9mf xaigb6o x12ejxvf x3igimt xarpa2k xedcshv x1lytzrv x1t2pt76 x7ja8zs x1qrby5j x1jfb8zj\">los dispositivos est\u00e1n certificados, lo que los hace seguros para su salud, <\/span><\/li>\n<li><span class=\"x4k7w5x x1h91t0o x1h9r5lt xv2umb2 x1beo9mf xaigb6o x12ejxvf x3igimt xarpa2k xedcshv x1lytzrv x1t2pt76 x7ja8zs x1qrby5j x1jfb8zj\">una elegante caja premium con un <strong>dise\u00f1o moderno<\/strong>. Si\u00e9ntase especial o reg\u00e1lelo a un ser querido, <\/span><\/li>\n<li><span class=\"x4k7w5x x1h91t0o x1h9r5lt xv2umb2 x1beo9mf xaigb6o x12ejxvf x3igimt xarpa2k xedcshv x1lytzrv x1t2pt76 x7ja8zs x1qrby5j x1jfb8zj\">gracias al uso de la tecnolog\u00eda m\u00e1s moderna y componentes mejorados, <span data-text-color=\"success\">un efecto hasta varias veces mayor que en dispositivos m\u00e1s baratos y de apariencia similar.<\/span><\/span><\/li>\n<\/ul>\n\t\t<\/div>\n\t\t\t\t\t<\/div>\n\n\t\n\n\t<div id=\"col-1692034668\" class=\"col medium-6 small-12 large-6\"  >\n\t\t\t\t<div class=\"col-inner\"  >\n\t\t\t\n\t\t\t\n\t<div class=\"img has-hover x md-x lg-x y md-y lg-y\" id=\"image_586437384\">\n\t\t\t\t\t\t\t\t<div class=\"img-inner dark\" >\n\t\t\t\t\t\t\t\t\t\n\t\t\t\t\t<\/div>\n\t\t\t\t\t\t\t\t\n<style>\n#image_586437384 {\n  width: 100%;\n}\n<\/style>\n\t<\/div>\n\t\n\t\t<\/div>\n\t\t\t\t\t<\/div>\n\n\t\n<\/div>\n","protected":false},"excerpt":{"rendered":"<ul>\n<li>Masaje por vibraci\u00f3n<\/li>\n<li>apto para tumbarse, gran superficie de masaje<\/li>\n<li>con calefacci\u00f3n<\/li>\n<li>5 modos de funcionamiento y 4 zonas de masaje<\/li>\n<li>3 niveles de intensidad<\/li>\n<li>temporizador de 15 minutos incorporado<\/li>\n<li>12 cabezales de masaje<\/li>\n<li>Hogar \/ Oficina<\/li>\n<li>Dimensiones: <strong>175 cm x 57 cm<\/strong><\/li>\n<\/ul>\n<p>Incluido en el paquete: <strong>Fuente de alimentaci\u00f3n, manual.<\/strong><\/p>\n","protected":false},"featured_media":364440,"comment_status":"open","ping_status":"closed","template":"","meta":{"_acf_changed":false,"_glsr_average":0,"_glsr_ranking":0,"_glsr_reviews":0,"footnotes":""},"product_brand":[],"product_cat":[1084,1086,1085,1012],"product_tag":[],"class_list":{"0":"post-364436","1":"product","2":"type-product","3":"status-publish","4":"has-post-thumbnail","6":"product_cat-colchonetas-curativas","7":"product_cat-colchonetas-de-masaje","8":"product_cat-colchonetas-de-rehabilitacion-shiatsu","9":"product_cat-masaje","11":"first","12":"instock","13":"taxable","14":"shipping-taxable","15":"purchasable","16":"product-type-simple"},"acf":[],"yoast_head":"<!-- This site is optimized with the Yoast SEO plugin v27.4 - https:\/\/yoast.com\/product\/yoast-seo-wordpress\/ -->\n<title>Colchoneta de masaje Medivon Cosy Vibra, colchoneta de masaje por vibraci\u00f3n - Medivon<\/title>\n<meta name=\"robots\" content=\"index, follow, max-snippet:-1, max-image-preview:large, max-video-preview:-1\" \/>\n<link rel=\"canonical\" href=\"https:\/\/medivon.net\/es\/produkt\/colchoneta-de-masaje-medivon-cosy-vibra-colchoneta-de-masaje-por-vibracion\/\" \/>\n<meta property=\"og:locale\" content=\"es_ES\" \/>\n<meta property=\"og:type\" content=\"article\" \/>\n<meta property=\"og:title\" content=\"Colchoneta de masaje Medivon Cosy Vibra, colchoneta de masaje por vibraci\u00f3n - Medivon\" \/>\n<meta property=\"og:description\" content=\"Masaje por vibraci\u00f3n  apto para tumbarse, gran superficie de masaje  con calefacci\u00f3n  5 modos de funcionamiento y 4 zonas de masaje  3 niveles de intensidad  temporizador de 15 minutos incorporado  12 cabezales de masaje  Hogar \/ Oficina  Dimensiones: 175 cm x 57 cm  Incluido en el paquete: Fuente de alimentaci\u00f3n, manual.\" \/>\n<meta property=\"og:url\" content=\"https:\/\/medivon.net\/es\/produkt\/colchoneta-de-masaje-medivon-cosy-vibra-colchoneta-de-masaje-por-vibracion\/\" \/>\n<meta property=\"og:site_name\" content=\"Medivon\" \/>\n<meta property=\"article:modified_time\" content=\"2026-01-21T14:44:50+00:00\" \/>\n<meta property=\"og:image\" content=\"https:\/\/medivon.net\/wp-content\/uploads\/2020\/09\/cosy-vibra-001.jpg\" \/>\n\t<meta property=\"og:image:width\" content=\"1200\" \/>\n\t<meta property=\"og:image:height\" content=\"1200\" \/>\n\t<meta property=\"og:image:type\" content=\"image\/jpeg\" \/>\n<meta name=\"twitter:card\" content=\"summary_large_image\" \/>\n<meta name=\"twitter:label1\" content=\"Tiempo de lectura\" \/>\n\t<meta name=\"twitter:data1\" content=\"5 minutos\" \/>\n<script type=\"application\/ld+json\" class=\"yoast-schema-graph\">{\"@context\":\"https:\\\/\\\/schema.org\",\"@graph\":[{\"@type\":\"WebPage\",\"@id\":\"https:\\\/\\\/medivon.net\\\/es\\\/produkt\\\/colchoneta-de-masaje-medivon-cosy-vibra-colchoneta-de-masaje-por-vibracion\\\/\",\"url\":\"https:\\\/\\\/medivon.net\\\/es\\\/produkt\\\/colchoneta-de-masaje-medivon-cosy-vibra-colchoneta-de-masaje-por-vibracion\\\/\",\"name\":\"Colchoneta de masaje Medivon Cosy Vibra, colchoneta de masaje por vibraci\u00f3n - Medivon\",\"isPartOf\":{\"@id\":\"https:\\\/\\\/medivon.net\\\/es\\\/#website\"},\"primaryImageOfPage\":{\"@id\":\"https:\\\/\\\/medivon.net\\\/es\\\/produkt\\\/colchoneta-de-masaje-medivon-cosy-vibra-colchoneta-de-masaje-por-vibracion\\\/#primaryimage\"},\"image\":{\"@id\":\"https:\\\/\\\/medivon.net\\\/es\\\/produkt\\\/colchoneta-de-masaje-medivon-cosy-vibra-colchoneta-de-masaje-por-vibracion\\\/#primaryimage\"},\"thumbnailUrl\":\"https:\\\/\\\/medivon.net\\\/wp-content\\\/uploads\\\/2020\\\/09\\\/cosy-vibra-001.jpg\",\"datePublished\":\"2020-09-29T09:37:04+00:00\",\"dateModified\":\"2026-01-21T14:44:50+00:00\",\"breadcrumb\":{\"@id\":\"https:\\\/\\\/medivon.net\\\/es\\\/produkt\\\/colchoneta-de-masaje-medivon-cosy-vibra-colchoneta-de-masaje-por-vibracion\\\/#breadcrumb\"},\"inLanguage\":\"es\",\"potentialAction\":[{\"@type\":\"ReadAction\",\"target\":[\"https:\\\/\\\/medivon.net\\\/es\\\/produkt\\\/colchoneta-de-masaje-medivon-cosy-vibra-colchoneta-de-masaje-por-vibracion\\\/\"]}]},{\"@type\":\"ImageObject\",\"inLanguage\":\"es\",\"@id\":\"https:\\\/\\\/medivon.net\\\/es\\\/produkt\\\/colchoneta-de-masaje-medivon-cosy-vibra-colchoneta-de-masaje-por-vibracion\\\/#primaryimage\",\"url\":\"https:\\\/\\\/medivon.net\\\/wp-content\\\/uploads\\\/2020\\\/09\\\/cosy-vibra-001.jpg\",\"contentUrl\":\"https:\\\/\\\/medivon.net\\\/wp-content\\\/uploads\\\/2020\\\/09\\\/cosy-vibra-001.jpg\",\"width\":1200,\"height\":1200},{\"@type\":\"BreadcrumbList\",\"@id\":\"https:\\\/\\\/medivon.net\\\/es\\\/produkt\\\/colchoneta-de-masaje-medivon-cosy-vibra-colchoneta-de-masaje-por-vibracion\\\/#breadcrumb\",\"itemListElement\":[{\"@type\":\"ListItem\",\"position\":1,\"name\":\"Speichern\",\"item\":\"https:\\\/\\\/medivon.net\\\/speichern\\\/\"},{\"@type\":\"ListItem\",\"position\":2,\"name\":\"Colchoneta de masaje Medivon Cosy Vibra, colchoneta de masaje por vibraci\u00f3n\"}]},{\"@type\":\"WebSite\",\"@id\":\"https:\\\/\\\/medivon.net\\\/es\\\/#website\",\"url\":\"https:\\\/\\\/medivon.net\\\/es\\\/\",\"name\":\"Medivon\",\"description\":\"\",\"potentialAction\":[{\"@type\":\"SearchAction\",\"target\":{\"@type\":\"EntryPoint\",\"urlTemplate\":\"https:\\\/\\\/medivon.net\\\/es\\\/?s={search_term_string}\"},\"query-input\":{\"@type\":\"PropertyValueSpecification\",\"valueRequired\":true,\"valueName\":\"search_term_string\"}}],\"inLanguage\":\"es\"}]}<\/script>\n<!-- \/ Yoast SEO plugin. -->","yoast_head_json":{"title":"Colchoneta de masaje Medivon Cosy Vibra, colchoneta de masaje por vibraci\u00f3n - Medivon","robots":{"index":"index","follow":"follow","max-snippet":"max-snippet:-1","max-image-preview":"max-image-preview:large","max-video-preview":"max-video-preview:-1"},"canonical":"https:\/\/medivon.net\/es\/produkt\/colchoneta-de-masaje-medivon-cosy-vibra-colchoneta-de-masaje-por-vibracion\/","og_locale":"es_ES","og_type":"article","og_title":"Colchoneta de masaje Medivon Cosy Vibra, colchoneta de masaje por vibraci\u00f3n - Medivon","og_description":"Masaje por vibraci\u00f3n  apto para tumbarse, gran superficie de masaje  con calefacci\u00f3n  5 modos de funcionamiento y 4 zonas de masaje  3 niveles de intensidad  temporizador de 15 minutos incorporado  12 cabezales de masaje  Hogar \/ Oficina  Dimensiones: 175 cm x 57 cm  Incluido en el paquete: Fuente de alimentaci\u00f3n, manual.","og_url":"https:\/\/medivon.net\/es\/produkt\/colchoneta-de-masaje-medivon-cosy-vibra-colchoneta-de-masaje-por-vibracion\/","og_site_name":"Medivon","article_modified_time":"2026-01-21T14:44:50+00:00","og_image":[{"width":1200,"height":1200,"url":"https:\/\/medivon.net\/wp-content\/uploads\/2020\/09\/cosy-vibra-001.jpg","type":"image\/jpeg"}],"twitter_card":"summary_large_image","twitter_misc":{"Tiempo de lectura":"5 minutos"},"schema":{"@context":"https:\/\/schema.org","@graph":[{"@type":"WebPage","@id":"https:\/\/medivon.net\/es\/produkt\/colchoneta-de-masaje-medivon-cosy-vibra-colchoneta-de-masaje-por-vibracion\/","url":"https:\/\/medivon.net\/es\/produkt\/colchoneta-de-masaje-medivon-cosy-vibra-colchoneta-de-masaje-por-vibracion\/","name":"Colchoneta de masaje Medivon Cosy Vibra, colchoneta de masaje por vibraci\u00f3n - Medivon","isPartOf":{"@id":"https:\/\/medivon.net\/es\/#website"},"primaryImageOfPage":{"@id":"https:\/\/medivon.net\/es\/produkt\/colchoneta-de-masaje-medivon-cosy-vibra-colchoneta-de-masaje-por-vibracion\/#primaryimage"},"image":{"@id":"https:\/\/medivon.net\/es\/produkt\/colchoneta-de-masaje-medivon-cosy-vibra-colchoneta-de-masaje-por-vibracion\/#primaryimage"},"thumbnailUrl":"https:\/\/medivon.net\/wp-content\/uploads\/2020\/09\/cosy-vibra-001.jpg","datePublished":"2020-09-29T09:37:04+00:00","dateModified":"2026-01-21T14:44:50+00:00","breadcrumb":{"@id":"https:\/\/medivon.net\/es\/produkt\/colchoneta-de-masaje-medivon-cosy-vibra-colchoneta-de-masaje-por-vibracion\/#breadcrumb"},"inLanguage":"es","potentialAction":[{"@type":"ReadAction","target":["https:\/\/medivon.net\/es\/produkt\/colchoneta-de-masaje-medivon-cosy-vibra-colchoneta-de-masaje-por-vibracion\/"]}]},{"@type":"ImageObject","inLanguage":"es","@id":"https:\/\/medivon.net\/es\/produkt\/colchoneta-de-masaje-medivon-cosy-vibra-colchoneta-de-masaje-por-vibracion\/#primaryimage","url":"https:\/\/medivon.net\/wp-content\/uploads\/2020\/09\/cosy-vibra-001.jpg","contentUrl":"https:\/\/medivon.net\/wp-content\/uploads\/2020\/09\/cosy-vibra-001.jpg","width":1200,"height":1200},{"@type":"BreadcrumbList","@id":"https:\/\/medivon.net\/es\/produkt\/colchoneta-de-masaje-medivon-cosy-vibra-colchoneta-de-masaje-por-vibracion\/#breadcrumb","itemListElement":[{"@type":"ListItem","position":1,"name":"Speichern","item":"https:\/\/medivon.net\/speichern\/"},{"@type":"ListItem","position":2,"name":"Colchoneta de masaje Medivon Cosy Vibra, colchoneta de masaje por vibraci\u00f3n"}]},{"@type":"WebSite","@id":"https:\/\/medivon.net\/es\/#website","url":"https:\/\/medivon.net\/es\/","name":"Medivon","description":"","potentialAction":[{"@type":"SearchAction","target":{"@type":"EntryPoint","urlTemplate":"https:\/\/medivon.net\/es\/?s={search_term_string}"},"query-input":{"@type":"PropertyValueSpecification","valueRequired":true,"valueName":"search_term_string"}}],"inLanguage":"es"}]}},"_links":{"self":[{"href":"https:\/\/medivon.net\/es\/wp-json\/wp\/v2\/product\/364436","targetHints":{"allow":["GET"]}}],"collection":[{"href":"https:\/\/medivon.net\/es\/wp-json\/wp\/v2\/product"}],"about":[{"href":"https:\/\/medivon.net\/es\/wp-json\/wp\/v2\/types\/product"}],"replies":[{"embeddable":true,"href":"https:\/\/medivon.net\/es\/wp-json\/wp\/v2\/comments?post=364436"}],"version-history":[{"count":2,"href":"https:\/\/medivon.net\/es\/wp-json\/wp\/v2\/product\/364436\/revisions"}],"predecessor-version":[{"id":366095,"href":"https:\/\/medivon.net\/es\/wp-json\/wp\/v2\/product\/364436\/revisions\/366095"}],"wp:featuredmedia":[{"embeddable":true,"href":"https:\/\/medivon.net\/es\/wp-json\/wp\/v2\/media\/364440"}],"wp:attachment":[{"href":"https:\/\/medivon.net\/es\/wp-json\/wp\/v2\/media?parent=364436"}],"wp:term":[{"taxonomy":"product_brand","embeddable":true,"href":"https:\/\/medivon.net\/es\/wp-json\/wp\/v2\/product_brand?post=364436"},{"taxonomy":"product_cat","embeddable":true,"href":"https:\/\/medivon.net\/es\/wp-json\/wp\/v2\/product_cat?post=364436"},{"taxonomy":"product_tag","embeddable":true,"href":"https:\/\/medivon.net\/es\/wp-json\/wp\/v2\/product_tag?post=364436"}],"curies":[{"name":"wp","href":"https:\/\/api.w.org\/{rel}","templated":true}]}}