{"id":366444,"date":"2024-09-06T11:11:35","date_gmt":"2024-09-06T09:11:35","guid":{"rendered":"https:\/\/medivon.net\/produkt\/medivon-hestia-massage-pillow\/"},"modified":"2025-11-25T14:39:24","modified_gmt":"2025-11-25T13:39:24","slug":"medivon-hestia-massage-pillow","status":"publish","type":"product","link":"https:\/\/medivon.net\/en\/produkt\/medivon-hestia-massage-pillow\/","title":{"rendered":"Medivon Hestia \u2013 massage pillow"},"content":{"rendered":"\n\t<section class=\"section\" id=\"section_1895730110\">\n\t\t<div class=\"section-bg fill\" >\n\t\t\t\t\t\t\t\t\t\n\t\t\t\n\n\t\t<\/div>\n\n\t\t\n\n\t\t<div class=\"section-content relative\">\n\t\t\t\n<div class=\"row\"  id=\"row-1325876710\">\n\n\t<div id=\"col-2008116577\" class=\"col small-12 large-12\"  >\n\t\t\t\t<div class=\"col-inner\"  >\n\t\t\t\n\t\t\t\n<div class=\"video video-fit mb\" style=\"padding-top:56.25%;\"><p><iframe loading=\"lazy\" title=\"Medivon Hestia \u2013 Massage pillow\" width=\"1020\" height=\"574\" src=\"https:\/\/www.youtube.com\/embed\/Cjkfs_GL5lg?feature=oembed\" frameborder=\"0\" allow=\"accelerometer; autoplay; clipboard-write; encrypted-media; gyroscope; picture-in-picture; web-share\" referrerpolicy=\"strict-origin-when-cross-origin\" allowfullscreen><\/iframe><\/p>\n<\/div>\n\t\t<\/div>\n\t\t\t\t\t<\/div>\n\n\t\n<\/div>\n\t\t<\/div>\n\n\t\t\n<style>\n#section_1895730110 {\n  padding-top: 30px;\n  padding-bottom: 30px;\n}\n<\/style>\n\t<\/section>\n\t\n\n  <div class=\"banner has-hover\" id=\"banner-931630362\">\n          <div class=\"banner-inner fill\">\n        <div class=\"banner-bg fill\" >\n            <img loading=\"lazy\" decoding=\"async\" width=\"1100\" height=\"400\" src=\"https:\/\/medivon.net\/wp-content\/uploads\/2024\/09\/Hesia-banner-en3.jpg\" class=\"bg attachment-original size-original\" alt=\"\" \/>                                    \n                    <\/div>\n\t\t\n        <div class=\"banner-layers container\">\n            <div class=\"fill banner-link\"><\/div>            \n        <\/div>\n      <\/div>\n\n              <div class=\"height-fix is-invisible\"><img loading=\"lazy\" decoding=\"async\" width=\"1100\" height=\"400\" src=\"https:\/\/medivon.net\/wp-content\/uploads\/2024\/09\/Hesia-banner-en3.jpg\" class=\"attachment-original size-original\" alt=\"\" srcset=\"https:\/\/medivon.net\/wp-content\/uploads\/2024\/09\/Hesia-banner-en3.jpg 1100w, https:\/\/medivon.net\/wp-content\/uploads\/2024\/09\/Hesia-banner-en3-640x233.jpg 640w, https:\/\/medivon.net\/wp-content\/uploads\/2024\/09\/Hesia-banner-en3-768x279.jpg 768w, https:\/\/medivon.net\/wp-content\/uploads\/2024\/09\/Hesia-banner-en3-510x185.jpg 510w\" sizes=\"auto, (max-width: 1100px) 100vw, 1100px\" \/><\/div>\n              <\/div>\n\n\n\t<div id=\"gap-885364202\" class=\"gap-element clearfix\" style=\"display:block; height:auto;\">\n\t\t\n<style>\n#gap-885364202 {\n  padding-top: 10px;\n}\n@media (min-width:550px) {\n  #gap-885364202 {\n    padding-top: 50px;\n  }\n}\n<\/style>\n\t<\/div>\n\t\n\t<div id=\"text-1848877051\" class=\"text\">\n\t\t\n<p style=\"text-align: center;\">Innovative force-control technology and Shiatsu massage<\/p>\n\t\t\n<style>\n#text-1848877051 {\n  font-size: 1.5rem;\n}\n<\/style>\n\t<\/div>\n\t\n<p style=\"text-align: center;\">Force Control, kombiniert mit der Shiatsu-Massage, sorgt f\u00fcr eine individuelle Anpassung an die Bed\u00fcrfnisse des K\u00f6rpers des Benutzers. Vier Massagek\u00f6pfe, die in zwei Richtungen arbeiten, ahmen die Techniken professioneller Masseure nach und bieten ein umfassendes therapeutisches Erlebnis, das nicht nur entspannt, sondern auch regeneriert. Der Medivon Hestia wurde entwickelt, um eine umfassende Therapie f\u00fcr verschiedene K\u00f6rperteile zu bieten, was ihn zum idealen Werkzeug f\u00fcr eine vielseitige Massage macht. Dank der M\u00f6glichkeit, den Arbeitsmodus und die Intensit\u00e4t anzupassen, passt sich das Ger\u00e4t effektiv den pers\u00f6nlichen Vorlieben der Benutzer an und bietet Linderung sowie eine Verbesserung der allgemeinen Gesundheit.<\/p>\n\t<div id=\"gap-324025178\" class=\"gap-element clearfix\" style=\"display:block; height:auto;\">\n\t\t\n<style>\n#gap-324025178 {\n  padding-top: 30px;\n}\n<\/style>\n\t<\/div>\n\t\n\n  <div class=\"banner has-hover\" id=\"banner-1875480347\">\n          <div class=\"banner-inner fill\">\n        <div class=\"banner-bg fill\" >\n            <img loading=\"lazy\" decoding=\"async\" width=\"1100\" height=\"400\" src=\"https:\/\/medivon.net\/wp-content\/uploads\/2024\/09\/Hesia-banner-en.jpg\" class=\"bg attachment-original size-original\" alt=\"\" \/>                                    \n                    <\/div>\n\t\t\n        <div class=\"banner-layers container\">\n            <div class=\"fill banner-link\"><\/div>            \n        <\/div>\n      <\/div>\n\n              <div class=\"height-fix is-invisible\"><img loading=\"lazy\" decoding=\"async\" width=\"1100\" height=\"400\" src=\"https:\/\/medivon.net\/wp-content\/uploads\/2024\/09\/Hesia-banner-en.jpg\" class=\"attachment-original size-original\" alt=\"\" srcset=\"https:\/\/medivon.net\/wp-content\/uploads\/2024\/09\/Hesia-banner-en.jpg 1100w, https:\/\/medivon.net\/wp-content\/uploads\/2024\/09\/Hesia-banner-en-640x233.jpg 640w, https:\/\/medivon.net\/wp-content\/uploads\/2024\/09\/Hesia-banner-en-768x279.jpg 768w, https:\/\/medivon.net\/wp-content\/uploads\/2024\/09\/Hesia-banner-en-510x185.jpg 510w\" sizes=\"auto, (max-width: 1100px) 100vw, 1100px\" \/><\/div>\n            \n<style>\n#banner-1875480347 .banner-bg img {\n  object-position: 30% 57%;\n}\n<\/style>\n  <\/div>\n\n\n\t<div id=\"gap-16988798\" class=\"gap-element clearfix\" style=\"display:block; height:auto;\">\n\t\t\n<style>\n#gap-16988798 {\n  padding-top: 10px;\n}\n@media (min-width:550px) {\n  #gap-16988798 {\n    padding-top: 50px;\n  }\n}\n<\/style>\n\t<\/div>\n\t\n\t<div id=\"text-1197635035\" class=\"text\">\n\t\t\n<p style=\"text-align: center;\">Health benefits and holistic effects on the body<\/p>\n\t\t\n<style>\n#text-1197635035 {\n  font-size: 1.5rem;\n}\n<\/style>\n\t<\/div>\n\t\n<p style=\"text-align: center;\">Die regelm\u00e4\u00dfige Anwendung von Massagen tr\u00e4gt zu einer erheblichen Verbesserung der Durchblutung und zur Reduzierung von Muskelverspannungen bei, was entscheidend f\u00fcr die Verbesserung der allgemeinen Gesundheit und des Wohlbefindens ist. Diese Vorteile f\u00fchren zu einer besseren Sauerstoffversorgung des K\u00f6rpers, einer schnelleren Beseitigung von Giftstoffen und einer Verbesserung der k\u00f6rperlichen und geistigen Verfassung, wodurch Stress nach einem anstrengenden Arbeitstag reduziert wird.<\/p>\n\t<div id=\"gap-1825516552\" class=\"gap-element clearfix\" style=\"display:block; height:auto;\">\n\t\t\n<style>\n#gap-1825516552 {\n  padding-top: 30px;\n}\n<\/style>\n\t<\/div>\n\t\n\n  <div class=\"banner has-hover\" id=\"banner-60112442\">\n          <div class=\"banner-inner fill\">\n        <div class=\"banner-bg fill\" >\n            <img loading=\"lazy\" decoding=\"async\" width=\"1100\" height=\"400\" src=\"https:\/\/medivon.net\/wp-content\/uploads\/2024\/09\/img3-1.jpg\" class=\"bg attachment-original size-original\" alt=\"\" \/>                                    \n                    <\/div>\n\t\t\n        <div class=\"banner-layers container\">\n            <div class=\"fill banner-link\"><\/div>            \n        <\/div>\n      <\/div>\n\n              <div class=\"height-fix is-invisible\"><img loading=\"lazy\" decoding=\"async\" width=\"1100\" height=\"400\" src=\"https:\/\/medivon.net\/wp-content\/uploads\/2024\/09\/img3-1.jpg\" class=\"attachment-original size-original\" alt=\"\" srcset=\"https:\/\/medivon.net\/wp-content\/uploads\/2024\/09\/img3-1.jpg 1100w, https:\/\/medivon.net\/wp-content\/uploads\/2024\/09\/img3-1-640x233.jpg 640w, https:\/\/medivon.net\/wp-content\/uploads\/2024\/09\/img3-1-768x279.jpg 768w, https:\/\/medivon.net\/wp-content\/uploads\/2024\/09\/img3-1-510x185.jpg 510w\" sizes=\"auto, (max-width: 1100px) 100vw, 1100px\" \/><\/div>\n            \n<style>\n#banner-60112442 .banner-bg img {\n  object-position: 2% 27%;\n}\n<\/style>\n  <\/div>\n\n\n\t<div id=\"gap-1194444904\" class=\"gap-element clearfix\" style=\"display:block; height:auto;\">\n\t\t\n<style>\n#gap-1194444904 {\n  padding-top: 10px;\n}\n@media (min-width:550px) {\n  #gap-1194444904 {\n    padding-top: 50px;\n  }\n}\n<\/style>\n\t<\/div>\n\t\n\t<div id=\"text-2298312078\" class=\"text\">\n\t\t\n<p style=\"text-align: center;\">Intuitive operation, mobility, and versatile use<\/p>\n\t\t\n<style>\n#text-2298312078 {\n  font-size: 1.5rem;\n}\n<\/style>\n\t<\/div>\n\t\n<p style=\"text-align: center;\">Die einfache und schnelle Bedienung, unterst\u00fctzt durch das kabellose Design, erm\u00f6glicht eine bequeme Nutzung des Ger\u00e4ts zu jeder Zeit und an jedem Ort. Dadurch wird der Massager zu einem unverzichtbaren Begleiter zu Hause, bei der Arbeit oder auf Reisen, der uneingeschr\u00e4nkten Zugang zu Entspannung und Therapie bietet. Wo auch immer du hingehst, du kannst ihn mitnehmen.<\/p>\n\t<div id=\"gap-1655588740\" class=\"gap-element clearfix\" style=\"display:block; height:auto;\">\n\t\t\n<style>\n#gap-1655588740 {\n  padding-top: 50px;\n}\n<\/style>\n\t<\/div>\n\t\n\n  <div class=\"banner has-hover\" id=\"banner-632858542\">\n          <div class=\"banner-inner fill\">\n        <div class=\"banner-bg fill\" >\n            <img loading=\"lazy\" decoding=\"async\" width=\"1100\" height=\"400\" src=\"https:\/\/medivon.net\/wp-content\/uploads\/2024\/09\/Hesia-banner-en2.jpg\" class=\"bg attachment-original size-original\" alt=\"\" \/>                                    \n                    <\/div>\n\t\t\n        <div class=\"banner-layers container\">\n            <div class=\"fill banner-link\"><\/div>            \n        <\/div>\n      <\/div>\n\n              <div class=\"height-fix is-invisible\"><img loading=\"lazy\" decoding=\"async\" width=\"1100\" height=\"400\" src=\"https:\/\/medivon.net\/wp-content\/uploads\/2024\/09\/Hesia-banner-en2.jpg\" class=\"attachment-original size-original\" alt=\"\" srcset=\"https:\/\/medivon.net\/wp-content\/uploads\/2024\/09\/Hesia-banner-en2.jpg 1100w, https:\/\/medivon.net\/wp-content\/uploads\/2024\/09\/Hesia-banner-en2-640x233.jpg 640w, https:\/\/medivon.net\/wp-content\/uploads\/2024\/09\/Hesia-banner-en2-768x279.jpg 768w, https:\/\/medivon.net\/wp-content\/uploads\/2024\/09\/Hesia-banner-en2-510x185.jpg 510w\" sizes=\"auto, (max-width: 1100px) 100vw, 1100px\" \/><\/div>\n            \n<style>\n#banner-632858542 .banner-bg img {\n  object-position: 0% 88%;\n}\n<\/style>\n  <\/div>\n\n\n\t<div id=\"gap-1328668507\" class=\"gap-element clearfix\" style=\"display:block; height:auto;\">\n\t\t\n<style>\n#gap-1328668507 {\n  padding-top: 10px;\n}\n@media (min-width:550px) {\n  #gap-1328668507 {\n    padding-top: 50px;\n  }\n}\n<\/style>\n\t<\/div>\n\t\n\t<div id=\"text-1779232094\" class=\"text\">\n\t\t\n<p style=\"text-align: center;\">Comfort and pleasure: heating function and high-quality materials<\/p>\n\t\t\n<style>\n#text-1779232094 {\n  font-size: 1.5rem;\n}\n<\/style>\n\t<\/div>\n\t\n<p style=\"text-align: center;\">Die Heizfunktion, kombiniert mit angenehmen Materialien, erh\u00f6ht den Komfortstandard und bietet nicht nur Linderung bei Schmerzen und M\u00fcdigkeit, sondern auch ein Gef\u00fchl von W\u00e4rme und Geborgenheit. Dies ist besonders an k\u00fchleren Tagen von Vorteil, wenn das Bed\u00fcrfnis nach W\u00e4rme noch st\u00e4rker sp\u00fcrbar ist.<\/p>\n\t<div id=\"gap-1614396401\" class=\"gap-element clearfix\" style=\"display:block; height:auto;\">\n\t\t\n<style>\n#gap-1614396401 {\n  padding-top: 50px;\n}\n<\/style>\n\t<\/div>\n\t\n\n  <div class=\"banner has-hover\" id=\"banner-463559633\">\n          <div class=\"banner-inner fill\">\n        <div class=\"banner-bg fill\" >\n            <img loading=\"lazy\" decoding=\"async\" width=\"1020\" height=\"371\" src=\"https:\/\/medivon.net\/wp-content\/uploads\/2024\/09\/img5-1.jpg\" class=\"bg attachment-large size-large\" alt=\"\" \/>                                    \n                    <\/div>\n\t\t\n        <div class=\"banner-layers container\">\n            <div class=\"fill banner-link\"><\/div>            \n        <\/div>\n      <\/div>\n\n              <div class=\"height-fix is-invisible\"><img loading=\"lazy\" decoding=\"async\" width=\"1020\" height=\"371\" src=\"https:\/\/medivon.net\/wp-content\/uploads\/2024\/09\/img5-1.jpg\" class=\"attachment-large size-large\" alt=\"\" srcset=\"https:\/\/medivon.net\/wp-content\/uploads\/2024\/09\/img5-1.jpg 1100w, https:\/\/medivon.net\/wp-content\/uploads\/2024\/09\/img5-1-640x233.jpg 640w, https:\/\/medivon.net\/wp-content\/uploads\/2024\/09\/img5-1-768x279.jpg 768w, https:\/\/medivon.net\/wp-content\/uploads\/2024\/09\/img5-1-510x185.jpg 510w\" sizes=\"auto, (max-width: 1020px) 100vw, 1020px\" \/><\/div>\n            \n<style>\n#banner-463559633 .banner-bg img {\n  object-position: 2% 42%;\n}\n<\/style>\n  <\/div>\n\n\n\t<div id=\"gap-836199366\" class=\"gap-element clearfix\" style=\"display:block; height:auto;\">\n\t\t\n<style>\n#gap-836199366 {\n  padding-top: 50px;\n}\n<\/style>\n\t<\/div>\n\t\n\t<div id=\"text-2644991473\" class=\"text\">\n\t\t\n<p style=\"text-align: center;\">Reliability and performance: powerful motor<\/p>\n\t\t\n<style>\n#text-2644991473 {\n  font-size: 1.5rem;\n}\n<\/style>\n\t<\/div>\n\t\n<p style=\"text-align: center;\">Die Grundlage f\u00fcr eine langanhaltende Nutzung und Wirksamkeit ist ein robuster Motor. Dies ist entscheidend, um eine kontinuierliche und effektive Massagebehandlung zu gew\u00e4hrleisten. Dank der soliden Konstruktion k\u00f6nnen die Benutzer eine tiefgehende Massage genie\u00dfen, ohne sich Sorgen \u00fcber Ausf\u00e4lle oder Leistungsverluste zu machen, was jede Sitzung genauso intensiv und effektiv macht.<\/p>\n\t<div id=\"gap-406253940\" class=\"gap-element clearfix\" style=\"display:block; height:auto;\">\n\t\t\n<style>\n#gap-406253940 {\n  padding-top: 50px;\n}\n<\/style>\n\t<\/div>\n\t\n\n  <div class=\"banner has-hover\" id=\"banner-1878117847\">\n          <div class=\"banner-inner fill\">\n        <div class=\"banner-bg fill\" >\n            <img loading=\"lazy\" decoding=\"async\" width=\"1020\" height=\"371\" src=\"https:\/\/medivon.net\/wp-content\/uploads\/2024\/09\/img6.jpg\" class=\"bg attachment-large size-large\" alt=\"\" \/>                                    \n                    <\/div>\n\t\t\n        <div class=\"banner-layers container\">\n            <div class=\"fill banner-link\"><\/div>            \n        <\/div>\n      <\/div>\n\n              <div class=\"height-fix is-invisible\"><img loading=\"lazy\" decoding=\"async\" width=\"1020\" height=\"371\" src=\"https:\/\/medivon.net\/wp-content\/uploads\/2024\/09\/img6.jpg\" class=\"attachment-large size-large\" alt=\"\" srcset=\"https:\/\/medivon.net\/wp-content\/uploads\/2024\/09\/img6.jpg 1100w, https:\/\/medivon.net\/wp-content\/uploads\/2024\/09\/img6-640x233.jpg 640w, https:\/\/medivon.net\/wp-content\/uploads\/2024\/09\/img6-768x279.jpg 768w, https:\/\/medivon.net\/wp-content\/uploads\/2024\/09\/img6-510x185.jpg 510w\" sizes=\"auto, (max-width: 1020px) 100vw, 1020px\" \/><\/div>\n            \n<style>\n#banner-1878117847 .banner-bg img {\n  object-position: 23% 100%;\n}\n<\/style>\n  <\/div>\n\n\n\t<div id=\"gap-732955144\" class=\"gap-element clearfix\" style=\"display:block; height:auto;\">\n\t\t\n<style>\n#gap-732955144 {\n  padding-top: 50px;\n}\n<\/style>\n\t<\/div>\n\t\n<div class=\"row align-middle align-center\"  id=\"row-799374466\">\n\n\t<div id=\"col-1035804248\" class=\"col medium-6 small-12 large-6\"  >\n\t\t\t\t<div class=\"col-inner\"  >\n\t\t\t\n\t\t\t\n<h1><strong>\u2b50\ufe0f WHY MEDIVON?<\/strong><\/h1>\n<ul>\n<li>Our devices are used not only<strong> at home <\/strong>but also in professional beauty salons.<\/li>\n<li>They are made from high-quality materials, which makes them far more durable, resistant to damage, and gives them a solid and uniquely premium appearance.<\/li>\n<li>All devices are certified, ensuring safe use for your health.<\/li>\n<li>They come in an elegant premium box with a modern design &#8211; perfect for treating yourself or gifting to someone special. <\/li>\n<li>Thanks to the use of the latest technology and upgraded components, they deliver up to several times better care performance compared to traditional, similar-looking devices.<\/li>\n<\/ul>\n\t\t<\/div>\n\t\t\t\t\n<style>\n#col-1035804248 > .col-inner {\n  padding: 5% 5% 5% 5%;\n}\n<\/style>\n\t<\/div>\n\n\t\n\n\t<div id=\"col-1918685765\" class=\"col medium-6 small-12 large-6\"  >\n\t\t\t\t<div class=\"col-inner text-center\"  >\n\t\t\t\n\t\t\t\n\t<div class=\"img has-hover x md-x lg-x y md-y lg-y\" id=\"image_1288961532\">\n\t\t\t\t\t\t\t\t<div class=\"img-inner dark\" >\n\t\t\t<img loading=\"lazy\" decoding=\"async\" width=\"725\" height=\"624\" src=\"https:\/\/medivon.net\/wp-content\/uploads\/2024\/09\/2-5.jpg\" class=\"attachment-large size-large\" alt=\"\" srcset=\"https:\/\/medivon.net\/wp-content\/uploads\/2024\/09\/2-5.jpg 725w, https:\/\/medivon.net\/wp-content\/uploads\/2024\/09\/2-5-640x551.jpg 640w, https:\/\/medivon.net\/wp-content\/uploads\/2024\/09\/2-5-510x439.jpg 510w\" sizes=\"auto, (max-width: 725px) 100vw, 725px\" \/>\t\t\t\t\t\t\n\t\t\t\t\t<\/div>\n\t\t\t\t\t\t\t\t\n<style>\n#image_1288961532 {\n  width: 96%;\n}\n<\/style>\n\t<\/div>\n\t\n\t\t<\/div>\n\t\t\t\t\t<\/div>\n\n\t\n<\/div>\n","protected":false},"excerpt":{"rendered":"<ul>\n<li>Wireless<\/li>\n<li>Heating function<\/li>\n<li>Force-control technology<\/li>\n<li>Shiatsu massage<\/li>\n<li>4 massage heads<\/li>\n<li>Powerful motor<\/li>\n<li>2 operating directions<\/li>\n<li>Reduces muscle tension<\/li>\n<li>Pleasant, soft material<\/li>\n<li>Easy and quick to use<\/li>\n<li>Improves blood circulation<\/li>\n<li>Ideal for a comprehensive massage of different body areas<\/li>\n<\/ul>\n","protected":false},"featured_media":359848,"comment_status":"open","ping_status":"closed","template":"","meta":{"_acf_changed":false,"_glsr_average":0,"_glsr_ranking":0,"_glsr_reviews":0,"footnotes":""},"product_brand":[],"product_cat":[700],"product_tag":[],"class_list":{"0":"post-366444","1":"product","2":"type-product","3":"status-publish","4":"has-post-thumbnail","6":"product_cat-massage-cushions","8":"first","9":"outofstock","10":"taxable","11":"shipping-taxable","12":"purchasable","13":"product-type-simple"},"acf":[],"yoast_head":"<!-- This site is optimized with the Yoast SEO plugin v27.6 - https:\/\/yoast.com\/product\/yoast-seo-wordpress\/ -->\n<title>Medivon Hestia \u2013 massage pillow - Medivon<\/title>\n<meta name=\"robots\" content=\"index, follow, max-snippet:-1, max-image-preview:large, max-video-preview:-1\" \/>\n<link rel=\"canonical\" href=\"https:\/\/medivon.net\/en\/produkt\/medivon-hestia-massage-pillow\/\" \/>\n<meta property=\"og:locale\" content=\"en_US\" \/>\n<meta property=\"og:type\" content=\"article\" \/>\n<meta property=\"og:title\" content=\"Medivon Hestia \u2013 massage pillow - Medivon\" \/>\n<meta property=\"og:description\" content=\"Wireless  Heating function  Force-control technology  Shiatsu massage  4 massage heads  Powerful motor  2 operating directions  Reduces muscle tension  Pleasant, soft material  Easy and quick to use  Improves blood circulation  Ideal for a comprehensive massage of different body areas\" \/>\n<meta property=\"og:url\" content=\"https:\/\/medivon.net\/en\/produkt\/medivon-hestia-massage-pillow\/\" \/>\n<meta property=\"og:site_name\" content=\"Medivon\" \/>\n<meta property=\"article:modified_time\" content=\"2025-11-25T13:39:24+00:00\" \/>\n<meta property=\"og:image\" content=\"https:\/\/medivon.net\/wp-content\/uploads\/2024\/09\/2-5.jpg\" \/>\n\t<meta property=\"og:image:width\" content=\"725\" \/>\n\t<meta property=\"og:image:height\" content=\"624\" \/>\n\t<meta property=\"og:image:type\" content=\"image\/jpeg\" \/>\n<meta name=\"twitter:card\" content=\"summary_large_image\" \/>\n<meta name=\"twitter:label1\" content=\"Est. reading time\" \/>\n\t<meta name=\"twitter:data1\" content=\"3 minutes\" \/>\n<script type=\"application\/ld+json\" class=\"yoast-schema-graph\">{\"@context\":\"https:\\\/\\\/schema.org\",\"@graph\":[{\"@type\":\"WebPage\",\"@id\":\"https:\\\/\\\/medivon.net\\\/en\\\/produkt\\\/medivon-hestia-massage-pillow\\\/\",\"url\":\"https:\\\/\\\/medivon.net\\\/en\\\/produkt\\\/medivon-hestia-massage-pillow\\\/\",\"name\":\"Medivon Hestia \u2013 massage pillow - Medivon\",\"isPartOf\":{\"@id\":\"https:\\\/\\\/medivon.net\\\/en\\\/#website\"},\"primaryImageOfPage\":{\"@id\":\"https:\\\/\\\/medivon.net\\\/en\\\/produkt\\\/medivon-hestia-massage-pillow\\\/#primaryimage\"},\"image\":{\"@id\":\"https:\\\/\\\/medivon.net\\\/en\\\/produkt\\\/medivon-hestia-massage-pillow\\\/#primaryimage\"},\"thumbnailUrl\":\"https:\\\/\\\/medivon.net\\\/wp-content\\\/uploads\\\/2024\\\/09\\\/2-5.jpg\",\"datePublished\":\"2024-09-06T09:11:35+00:00\",\"dateModified\":\"2025-11-25T13:39:24+00:00\",\"breadcrumb\":{\"@id\":\"https:\\\/\\\/medivon.net\\\/en\\\/produkt\\\/medivon-hestia-massage-pillow\\\/#breadcrumb\"},\"inLanguage\":\"en-US\",\"potentialAction\":[{\"@type\":\"ReadAction\",\"target\":[\"https:\\\/\\\/medivon.net\\\/en\\\/produkt\\\/medivon-hestia-massage-pillow\\\/\"]}]},{\"@type\":\"ImageObject\",\"inLanguage\":\"en-US\",\"@id\":\"https:\\\/\\\/medivon.net\\\/en\\\/produkt\\\/medivon-hestia-massage-pillow\\\/#primaryimage\",\"url\":\"https:\\\/\\\/medivon.net\\\/wp-content\\\/uploads\\\/2024\\\/09\\\/2-5.jpg\",\"contentUrl\":\"https:\\\/\\\/medivon.net\\\/wp-content\\\/uploads\\\/2024\\\/09\\\/2-5.jpg\",\"width\":725,\"height\":624},{\"@type\":\"BreadcrumbList\",\"@id\":\"https:\\\/\\\/medivon.net\\\/en\\\/produkt\\\/medivon-hestia-massage-pillow\\\/#breadcrumb\",\"itemListElement\":[{\"@type\":\"ListItem\",\"position\":1,\"name\":\"Speichern\",\"item\":\"https:\\\/\\\/medivon.net\\\/speichern\\\/\"},{\"@type\":\"ListItem\",\"position\":2,\"name\":\"Medivon Hestia \u2013 massage pillow\"}]},{\"@type\":\"WebSite\",\"@id\":\"https:\\\/\\\/medivon.net\\\/en\\\/#website\",\"url\":\"https:\\\/\\\/medivon.net\\\/en\\\/\",\"name\":\"Medivon\",\"description\":\"\",\"potentialAction\":[{\"@type\":\"SearchAction\",\"target\":{\"@type\":\"EntryPoint\",\"urlTemplate\":\"https:\\\/\\\/medivon.net\\\/en\\\/?s={search_term_string}\"},\"query-input\":{\"@type\":\"PropertyValueSpecification\",\"valueRequired\":true,\"valueName\":\"search_term_string\"}}],\"inLanguage\":\"en-US\"}]}<\/script>\n<!-- \/ Yoast SEO plugin. -->","yoast_head_json":{"title":"Medivon Hestia \u2013 massage pillow - Medivon","robots":{"index":"index","follow":"follow","max-snippet":"max-snippet:-1","max-image-preview":"max-image-preview:large","max-video-preview":"max-video-preview:-1"},"canonical":"https:\/\/medivon.net\/en\/produkt\/medivon-hestia-massage-pillow\/","og_locale":"en_US","og_type":"article","og_title":"Medivon Hestia \u2013 massage pillow - Medivon","og_description":"Wireless  Heating function  Force-control technology  Shiatsu massage  4 massage heads  Powerful motor  2 operating directions  Reduces muscle tension  Pleasant, soft material  Easy and quick to use  Improves blood circulation  Ideal for a comprehensive massage of different body areas","og_url":"https:\/\/medivon.net\/en\/produkt\/medivon-hestia-massage-pillow\/","og_site_name":"Medivon","article_modified_time":"2025-11-25T13:39:24+00:00","og_image":[{"width":725,"height":624,"url":"https:\/\/medivon.net\/wp-content\/uploads\/2024\/09\/2-5.jpg","type":"image\/jpeg"}],"twitter_card":"summary_large_image","twitter_misc":{"Est. reading time":"3 minutes"},"schema":{"@context":"https:\/\/schema.org","@graph":[{"@type":"WebPage","@id":"https:\/\/medivon.net\/en\/produkt\/medivon-hestia-massage-pillow\/","url":"https:\/\/medivon.net\/en\/produkt\/medivon-hestia-massage-pillow\/","name":"Medivon Hestia \u2013 massage pillow - Medivon","isPartOf":{"@id":"https:\/\/medivon.net\/en\/#website"},"primaryImageOfPage":{"@id":"https:\/\/medivon.net\/en\/produkt\/medivon-hestia-massage-pillow\/#primaryimage"},"image":{"@id":"https:\/\/medivon.net\/en\/produkt\/medivon-hestia-massage-pillow\/#primaryimage"},"thumbnailUrl":"https:\/\/medivon.net\/wp-content\/uploads\/2024\/09\/2-5.jpg","datePublished":"2024-09-06T09:11:35+00:00","dateModified":"2025-11-25T13:39:24+00:00","breadcrumb":{"@id":"https:\/\/medivon.net\/en\/produkt\/medivon-hestia-massage-pillow\/#breadcrumb"},"inLanguage":"en-US","potentialAction":[{"@type":"ReadAction","target":["https:\/\/medivon.net\/en\/produkt\/medivon-hestia-massage-pillow\/"]}]},{"@type":"ImageObject","inLanguage":"en-US","@id":"https:\/\/medivon.net\/en\/produkt\/medivon-hestia-massage-pillow\/#primaryimage","url":"https:\/\/medivon.net\/wp-content\/uploads\/2024\/09\/2-5.jpg","contentUrl":"https:\/\/medivon.net\/wp-content\/uploads\/2024\/09\/2-5.jpg","width":725,"height":624},{"@type":"BreadcrumbList","@id":"https:\/\/medivon.net\/en\/produkt\/medivon-hestia-massage-pillow\/#breadcrumb","itemListElement":[{"@type":"ListItem","position":1,"name":"Speichern","item":"https:\/\/medivon.net\/speichern\/"},{"@type":"ListItem","position":2,"name":"Medivon Hestia \u2013 massage pillow"}]},{"@type":"WebSite","@id":"https:\/\/medivon.net\/en\/#website","url":"https:\/\/medivon.net\/en\/","name":"Medivon","description":"","potentialAction":[{"@type":"SearchAction","target":{"@type":"EntryPoint","urlTemplate":"https:\/\/medivon.net\/en\/?s={search_term_string}"},"query-input":{"@type":"PropertyValueSpecification","valueRequired":true,"valueName":"search_term_string"}}],"inLanguage":"en-US"}]}},"_links":{"self":[{"href":"https:\/\/medivon.net\/en\/wp-json\/wp\/v2\/product\/366444","targetHints":{"allow":["GET"]}}],"collection":[{"href":"https:\/\/medivon.net\/en\/wp-json\/wp\/v2\/product"}],"about":[{"href":"https:\/\/medivon.net\/en\/wp-json\/wp\/v2\/types\/product"}],"replies":[{"embeddable":true,"href":"https:\/\/medivon.net\/en\/wp-json\/wp\/v2\/comments?post=366444"}],"version-history":[{"count":4,"href":"https:\/\/medivon.net\/en\/wp-json\/wp\/v2\/product\/366444\/revisions"}],"predecessor-version":[{"id":366458,"href":"https:\/\/medivon.net\/en\/wp-json\/wp\/v2\/product\/366444\/revisions\/366458"}],"wp:featuredmedia":[{"embeddable":true,"href":"https:\/\/medivon.net\/en\/wp-json\/wp\/v2\/media\/359848"}],"wp:attachment":[{"href":"https:\/\/medivon.net\/en\/wp-json\/wp\/v2\/media?parent=366444"}],"wp:term":[{"taxonomy":"product_brand","embeddable":true,"href":"https:\/\/medivon.net\/en\/wp-json\/wp\/v2\/product_brand?post=366444"},{"taxonomy":"product_cat","embeddable":true,"href":"https:\/\/medivon.net\/en\/wp-json\/wp\/v2\/product_cat?post=366444"},{"taxonomy":"product_tag","embeddable":true,"href":"https:\/\/medivon.net\/en\/wp-json\/wp\/v2\/product_tag?post=366444"}],"curies":[{"name":"wp","href":"https:\/\/api.w.org\/{rel}","templated":true}]}}