{"id":362053,"date":"2015-11-19T10:40:52","date_gmt":"2015-11-19T09:40:52","guid":{"rendered":"https:\/\/medivon.net\/indkoebskurv\/"},"modified":"2025-10-23T11:32:27","modified_gmt":"2025-10-23T09:32:27","slug":"indkoebskurv","status":"publish","type":"page","link":"https:\/\/medivon.net\/da\/indkoebskurv\/","title":{"rendered":"Indk\u00f8bskurv"},"content":{"rendered":"\n<div class=\"slider-wrapper relative hide-for-small\" id=\"slider-1916595468\" >\n    <div class=\"slider slider-nav-circle slider-nav-large slider-nav-light slider-style-normal\"\n        data-flickity-options='{\n            \"cellAlign\": \"center\",\n            \"imagesLoaded\": true,\n            \"lazyLoad\": 1,\n            \"freeScroll\": false,\n            \"wrapAround\": true,\n            \"autoPlay\": 6000,\n            \"pauseAutoPlayOnHover\" : true,\n            \"prevNextButtons\": false,\n            \"contain\" : true,\n            \"adaptiveHeight\" : true,\n            \"dragThreshold\" : 10,\n            \"percentPosition\": true,\n            \"pageDots\": false,\n            \"rightToLeft\": false,\n            \"draggable\": true,\n            \"selectedAttraction\": 0.1,\n            \"parallax\" : 0,\n            \"friction\": 0.6        }'\n        >\n        \n\n\n  <div class=\"banner has-hover\" id=\"banner-1969340605\">\n          <div class=\"banner-inner fill\">\n        <div class=\"banner-bg fill\" >\n            <img loading=\"lazy\" decoding=\"async\" width=\"2500\" height=\"313\" src=\"https:\/\/medivon.net\/wp-content\/uploads\/2024\/09\/baner-desktop-medivon-koszyk-01-net.jpg\" class=\"bg attachment-original size-original\" alt=\"\" \/>                                    \n                    <\/div>\n\t\t\n        <div class=\"banner-layers container\">\n            <div class=\"fill banner-link\"><\/div>            \n\n\t<div class=\"img has-hover x5 md-x5 lg-x5 y50 md-y50 lg-y50\" id=\"image_134469678\">\n\t\t\t\t\t\t<div data-animate=\"bounceIn\">\t\t<div class=\"img-inner dark\" >\n\t\t\t<img loading=\"lazy\" decoding=\"async\" width=\"817\" height=\"521\" src=\"https:\/\/medivon.net\/wp-content\/uploads\/2024\/09\/icon_medivon_quality-brand-trust_customer.jpg\" class=\"attachment-original size-original\" alt=\"\" srcset=\"https:\/\/medivon.net\/wp-content\/uploads\/2024\/09\/icon_medivon_quality-brand-trust_customer.jpg 817w, https:\/\/medivon.net\/wp-content\/uploads\/2024\/09\/icon_medivon_quality-brand-trust_customer-640x408.jpg 640w, https:\/\/medivon.net\/wp-content\/uploads\/2024\/09\/icon_medivon_quality-brand-trust_customer-768x490.jpg 768w, https:\/\/medivon.net\/wp-content\/uploads\/2024\/09\/icon_medivon_quality-brand-trust_customer-510x325.jpg 510w\" sizes=\"auto, (max-width: 817px) 100vw, 817px\" \/>\t\t\t\t\t\t\n\t\t\t\t\t<\/div>\n\t\t<\/div>\t\t\t\t\t\t\n<style>\n#image_134469678 {\n  width: 16%;\n}\n<\/style>\n\t<\/div>\n\t\n\n\t<div class=\"img has-hover x90 md-x90 lg-x90 y50 md-y50 lg-y50\" id=\"image_430585950\">\n\t\t\t\t\t\t\t\t<div class=\"img-inner dark\" >\n\t\t\t<img loading=\"lazy\" decoding=\"async\" width=\"2019\" height=\"202\" src=\"https:\/\/medivon.net\/wp-content\/uploads\/2024\/09\/napisy-medivon-net.png\" class=\"attachment-original size-original\" alt=\"\" srcset=\"https:\/\/medivon.net\/wp-content\/uploads\/2024\/09\/napisy-medivon-net.png 2019w, https:\/\/medivon.net\/wp-content\/uploads\/2024\/09\/napisy-medivon-net-640x64.png 640w, https:\/\/medivon.net\/wp-content\/uploads\/2024\/09\/napisy-medivon-net-1280x128.png 1280w, https:\/\/medivon.net\/wp-content\/uploads\/2024\/09\/napisy-medivon-net-768x77.png 768w, https:\/\/medivon.net\/wp-content\/uploads\/2024\/09\/napisy-medivon-net-1536x154.png 1536w, https:\/\/medivon.net\/wp-content\/uploads\/2024\/09\/napisy-medivon-net-510x51.png 510w\" sizes=\"auto, (max-width: 2019px) 100vw, 2019px\" \/>\t\t\t\t\t\t\n\t\t\t\t\t<\/div>\n\t\t\t\t\t\t\t\t\n<style>\n#image_430585950 {\n  width: 69%;\n}\n<\/style>\n\t<\/div>\n\t\n\n\n        <\/div>\n      <\/div>\n\n            \n<style>\n#banner-1969340605 {\n  padding-top: 150px;\n}\n<\/style>\n  <\/div>\n\n\n\n  <div class=\"banner has-hover\" id=\"banner-1883701448\">\n          <div class=\"banner-inner fill\">\n        <div class=\"banner-bg fill\" >\n            <img loading=\"lazy\" decoding=\"async\" width=\"2500\" height=\"313\" src=\"https:\/\/medivon.net\/wp-content\/uploads\/2024\/09\/test-medivon-koszyk-baner-08-0.jpg\" class=\"bg attachment-original size-original\" alt=\"\" \/>                                    \n                    <\/div>\n\t\t\n        <div class=\"banner-layers container\">\n            <div class=\"fill banner-link\"><\/div>            \n\n\t<div class=\"img has-hover x5 md-x5 lg-x5 y95 md-y95 lg-y95\" id=\"image_100370920\">\n\t\t\t\t\t\t<div data-animate=\"bounceIn\">\t\t<div class=\"img-inner dark\" >\n\t\t\t<img loading=\"lazy\" decoding=\"async\" width=\"1017\" height=\"517\" src=\"https:\/\/medivon.net\/wp-content\/uploads\/2024\/09\/quality-of-the-year_icon-ikona-i-diamons-forbes.png\" class=\"attachment-original size-original\" alt=\"\" srcset=\"https:\/\/medivon.net\/wp-content\/uploads\/2024\/09\/quality-of-the-year_icon-ikona-i-diamons-forbes.png 1017w, https:\/\/medivon.net\/wp-content\/uploads\/2024\/09\/quality-of-the-year_icon-ikona-i-diamons-forbes-640x325.png 640w, https:\/\/medivon.net\/wp-content\/uploads\/2024\/09\/quality-of-the-year_icon-ikona-i-diamons-forbes-768x390.png 768w, https:\/\/medivon.net\/wp-content\/uploads\/2024\/09\/quality-of-the-year_icon-ikona-i-diamons-forbes-510x259.png 510w\" sizes=\"auto, (max-width: 1017px) 100vw, 1017px\" \/>\t\t\t\t\t\t\n\t\t\t\t\t<\/div>\n\t\t<\/div>\t\t\t\t\t\t\n<style>\n#image_100370920 {\n  width: 22%;\n}\n<\/style>\n\t<\/div>\n\t\n\n   <div id=\"text-box-1294418741\" class=\"text-box banner-layer x75 md-x75 lg-x75 y50 md-y50 lg-y50 res-text\">\n                                <div class=\"text-box-content text dark\">\n              \n              <div class=\"text-inner text-center\">\n                  \n\n\t<div id=\"text-333761398\" class=\"text\">\n\t\t\n\n<p style=\"text-align: left;\"><strong>Medivon \u2013 din partner for dit helbred.<\/strong><\/p>\n<p style=\"text-align: left;\">Stol p\u00e5 kvalitet, bekr\u00e6ftet af certifikater.<\/p>\n\t\t\n<style>\n#text-333761398 {\n  font-size: 1.15rem;\n}\n<\/style>\n\t<\/div>\n\t\n\n              <\/div>\n           <\/div>\n                            \n<style>\n#text-box-1294418741 {\n  width: 46%;\n}\n#text-box-1294418741 .text-box-content {\n  font-size: 100%;\n}\n<\/style>\n    <\/div>\n \n\n        <\/div>\n      <\/div>\n\n            \n<style>\n#banner-1883701448 {\n  padding-top: 150px;\n}\n<\/style>\n  <\/div>\n\n\n\n     <\/div>\n\n     <div class=\"loading-spin dark large centered\"><\/div>\n\n\t<\/div>\n\n\n\n\t<section class=\"section show-for-small\" id=\"section_285550376\">\n\t\t<div class=\"section-bg fill\" >\n\t\t\t\t\t\t\t\t\t\n\t\t\t\n\n\t\t<\/div>\n\n\t\t\n\n\t\t<div class=\"section-content relative\">\n\t\t\t\n\n<div class=\"slider-wrapper relative\" id=\"slider-1344302764\" >\n    <div class=\"slider slider-nav-circle slider-nav-large slider-nav-light slider-style-normal\"\n        data-flickity-options='{\n            \"cellAlign\": \"center\",\n            \"imagesLoaded\": true,\n            \"lazyLoad\": 1,\n            \"freeScroll\": false,\n            \"wrapAround\": true,\n            \"autoPlay\": 6000,\n            \"pauseAutoPlayOnHover\" : true,\n            \"prevNextButtons\": false,\n            \"contain\" : true,\n            \"adaptiveHeight\" : true,\n            \"dragThreshold\" : 10,\n            \"percentPosition\": true,\n            \"pageDots\": false,\n            \"rightToLeft\": false,\n            \"draggable\": true,\n            \"selectedAttraction\": 0.1,\n            \"parallax\" : 0,\n            \"friction\": 0.6        }'\n        >\n        \n\n\t<div class=\"img has-hover x md-x lg-x y md-y lg-y\" id=\"image_812482373\">\n\t\t\t\t\t\t\t\t<div class=\"img-inner dark\" >\n\t\t\t<img loading=\"lazy\" decoding=\"async\" width=\"1600\" height=\"465\" src=\"https:\/\/medivon.net\/wp-content\/uploads\/2024\/09\/test-baner-koszyk-mobile-medivon-net.jpg\" class=\"attachment-original size-original\" alt=\"\" srcset=\"https:\/\/medivon.net\/wp-content\/uploads\/2024\/09\/test-baner-koszyk-mobile-medivon-net.jpg 1600w, https:\/\/medivon.net\/wp-content\/uploads\/2024\/09\/test-baner-koszyk-mobile-medivon-net-640x186.jpg 640w, https:\/\/medivon.net\/wp-content\/uploads\/2024\/09\/test-baner-koszyk-mobile-medivon-net-1280x372.jpg 1280w, https:\/\/medivon.net\/wp-content\/uploads\/2024\/09\/test-baner-koszyk-mobile-medivon-net-768x223.jpg 768w, https:\/\/medivon.net\/wp-content\/uploads\/2024\/09\/test-baner-koszyk-mobile-medivon-net-1536x446.jpg 1536w, https:\/\/medivon.net\/wp-content\/uploads\/2024\/09\/test-baner-koszyk-mobile-medivon-net-510x148.jpg 510w\" sizes=\"auto, (max-width: 1600px) 100vw, 1600px\" \/>\t\t\t\t\t\t\n\t\t\t\t\t<\/div>\n\t\t\t\t\t\t\t\t\n<style>\n#image_812482373 {\n  width: 100%;\n}\n<\/style>\n\t<\/div>\n\t\n\n\t<div class=\"img has-hover x md-x lg-x y md-y lg-y\" id=\"image_2131399039\">\n\t\t\t\t\t\t\t\t<div class=\"img-inner dark\" >\n\t\t\t<img loading=\"lazy\" decoding=\"async\" width=\"1600\" height=\"465\" src=\"https:\/\/medivon.net\/wp-content\/uploads\/2024\/09\/test-baner-koszyk-mobile-medivon-net_01.jpg\" class=\"attachment-original size-original\" alt=\"\" srcset=\"https:\/\/medivon.net\/wp-content\/uploads\/2024\/09\/test-baner-koszyk-mobile-medivon-net_01.jpg 1600w, https:\/\/medivon.net\/wp-content\/uploads\/2024\/09\/test-baner-koszyk-mobile-medivon-net_01-640x186.jpg 640w, https:\/\/medivon.net\/wp-content\/uploads\/2024\/09\/test-baner-koszyk-mobile-medivon-net_01-1280x372.jpg 1280w, https:\/\/medivon.net\/wp-content\/uploads\/2024\/09\/test-baner-koszyk-mobile-medivon-net_01-768x223.jpg 768w, https:\/\/medivon.net\/wp-content\/uploads\/2024\/09\/test-baner-koszyk-mobile-medivon-net_01-1536x446.jpg 1536w, https:\/\/medivon.net\/wp-content\/uploads\/2024\/09\/test-baner-koszyk-mobile-medivon-net_01-510x148.jpg 510w\" sizes=\"auto, (max-width: 1600px) 100vw, 1600px\" \/>\t\t\t\t\t\t\n\t\t\t\t\t<\/div>\n\t\t\t\t\t\t\t\t\n<style>\n#image_2131399039 {\n  width: 100%;\n}\n<\/style>\n\t<\/div>\n\t\n\n\n     <\/div>\n\n     <div class=\"loading-spin dark large centered\"><\/div>\n\n\t<\/div>\n\n\n\n\t\t<\/div>\n\n\t\t\n<style>\n#section_285550376 {\n  padding-top: 0px;\n  padding-bottom: 0px;\n}\n@media (min-width:550px) {\n  #section_285550376 {\n    padding-top: 0px;\n    padding-bottom: 0px;\n  }\n}\n<\/style>\n\t<\/section>\n\t\n\t<div id=\"gap-1659238017\" class=\"gap-element clearfix\" style=\"display:block; height:auto;\">\n\t\t\n<style>\n#gap-1659238017 {\n  padding-top: 10px;\n}\n<\/style>\n\t<\/div>\n\t\n\n\n\n<div class=\"container section-title-container\" style=\"margin-top:40px;\"><h3 class=\"section-title section-title-center\"><b aria-hidden=\"true\"><\/b><span class=\"section-title-main\" >Hvorfor kan det betale sig?<\/span><b aria-hidden=\"true\"><\/b><\/h3><\/div>\n\n<div class=\"row align-center\"  id=\"row-945074677\">\n\n\n\t<div id=\"col-237488399\" class=\"col medium-4 small-12 large-4\"  >\n\t\t\t\t<div class=\"col-inner\"  >\n\t\t\t\n\t\t\t\n\n\n\t\t<div class=\"icon-box featured-box icon-box-left text-left\"  >\n\t\t\t\t\t<div class=\"icon-box-img\" style=\"width: 50px\">\n\t\t\t\t<div class=\"icon\">\n\t\t\t\t\t<div class=\"icon-inner\" >\n\t\t\t\t\t\t<img loading=\"lazy\" decoding=\"async\" width=\"250\" height=\"228\" src=\"https:\/\/medivon.net\/wp-content\/uploads\/2022\/08\/check-circle.jpg\" class=\"attachment-medium size-medium\" alt=\"\" \/>\t\t\t\t\t<\/div>\n\t\t\t\t<\/div>\n\t\t\t<\/div>\n\t\t\t\t<div class=\"icon-box-text last-reset\">\n\t\t\t\t\t\t\t\t\t\n\n<p>Vi er en producent af medicinsk udstyr med over 10 \u00e5rs erfaring.<\/p>\n\n\t\t<\/div>\n\t<\/div>\n\t\n\t\n\n\t\t<\/div>\n\t\t\t\t\t<\/div>\n\n\t\n\n\t<div id=\"col-1975010763\" class=\"col medium-4 small-12 large-4\"  >\n\t\t\t\t<div class=\"col-inner\"  >\n\t\t\t\n\t\t\t\n\n\n\t\t<div class=\"icon-box featured-box icon-box-left text-left\"  >\n\t\t\t\t\t<div class=\"icon-box-img\" style=\"width: 50px\">\n\t\t\t\t<div class=\"icon\">\n\t\t\t\t\t<div class=\"icon-inner\" >\n\t\t\t\t\t\t<img loading=\"lazy\" decoding=\"async\" width=\"250\" height=\"228\" src=\"https:\/\/medivon.net\/wp-content\/uploads\/2022\/08\/check-circle.jpg\" class=\"attachment-medium size-medium\" alt=\"\" \/>\t\t\t\t\t<\/div>\n\t\t\t\t<\/div>\n\t\t\t<\/div>\n\t\t\t\t<div class=\"icon-box-text last-reset\">\n\t\t\t\t\t\t\t\t\t\n\n<p>Hundredtusinder af enheder solgt over hele verden.<\/p>\n\n\t\t<\/div>\n\t<\/div>\n\t\n\t\n\n\t\t<\/div>\n\t\t\t\t\t<\/div>\n\n\t\n\n\t<div id=\"col-451154940\" class=\"col medium-4 small-12 large-4\"  >\n\t\t\t\t<div class=\"col-inner\"  >\n\t\t\t\n\t\t\t\n\n\n\t\t<div class=\"icon-box featured-box icon-box-left text-left\"  >\n\t\t\t\t\t<div class=\"icon-box-img\" style=\"width: 50px\">\n\t\t\t\t<div class=\"icon\">\n\t\t\t\t\t<div class=\"icon-inner\" >\n\t\t\t\t\t\t<img loading=\"lazy\" decoding=\"async\" width=\"250\" height=\"228\" src=\"https:\/\/medivon.net\/wp-content\/uploads\/2022\/08\/check-circle.jpg\" class=\"attachment-medium size-medium\" alt=\"\" \/>\t\t\t\t\t<\/div>\n\t\t\t\t<\/div>\n\t\t\t<\/div>\n\t\t\t\t<div class=\"icon-box-text last-reset\">\n\t\t\t\t\t\t\t\t\t\n\n<p>Vi leverer til hospitaler, medicinske faciliteter, store statslige \u2026 (forts\u00e6ttes)<\/p>\n\n\t\t<\/div>\n\t<\/div>\n\t\n\t\n\n\t\t<\/div>\n\t\t\t\t\t<\/div>\n\n\t\n\n<\/div>\n\n","protected":false},"excerpt":{"rendered":"","protected":false},"author":1,"featured_media":0,"parent":0,"menu_order":0,"comment_status":"closed","ping_status":"closed","template":"","meta":{"_acf_changed":false,"_glsr_average":0,"_glsr_ranking":0,"_glsr_reviews":0,"footnotes":""},"class_list":["post-362053","page","type-page","status-publish","hentry"],"acf":[],"yoast_head":"<!-- This site is optimized with the Yoast SEO plugin v27.5 - https:\/\/yoast.com\/product\/yoast-seo-wordpress\/ -->\n<title>Indk\u00f8bskurv - Medivon - Twoje zdrowie jest najwa\u017cniejsze!<\/title>\n<meta name=\"robots\" content=\"noindex, nofollow\" \/>\n<meta property=\"og:locale\" content=\"da_DK\" \/>\n<meta property=\"og:type\" content=\"article\" \/>\n<meta property=\"og:title\" content=\"Indk\u00f8bskurv - Medivon - Twoje zdrowie jest najwa\u017cniejsze!\" \/>\n<meta property=\"og:url\" content=\"https:\/\/medivon.net\/da\/indkoebskurv\/\" \/>\n<meta property=\"og:site_name\" content=\"Medivon\" \/>\n<meta property=\"article:modified_time\" content=\"2025-10-23T09:32:27+00:00\" \/>\n<meta name=\"twitter:card\" content=\"summary_large_image\" \/>\n<meta name=\"twitter:label1\" content=\"Estimeret l\u00e6setid\" \/>\n\t<meta name=\"twitter:data1\" content=\"1 minut\" \/>\n<script type=\"application\/ld+json\" class=\"yoast-schema-graph\">{\"@context\":\"https:\\\/\\\/schema.org\",\"@graph\":[{\"@type\":\"WebPage\",\"@id\":\"https:\\\/\\\/medivon.net\\\/da\\\/indkoebskurv\\\/\",\"url\":\"https:\\\/\\\/medivon.net\\\/da\\\/indkoebskurv\\\/\",\"name\":\"Indk\u00f8bskurv - Medivon - Twoje zdrowie jest najwa\u017cniejsze!\",\"isPartOf\":{\"@id\":\"https:\\\/\\\/medivon.net\\\/da\\\/#website\"},\"datePublished\":\"2015-11-19T09:40:52+00:00\",\"dateModified\":\"2025-10-23T09:32:27+00:00\",\"inLanguage\":\"da-DK\",\"potentialAction\":[{\"@type\":\"ReadAction\",\"target\":[\"https:\\\/\\\/medivon.net\\\/da\\\/indkoebskurv\\\/\"]}]},{\"@type\":\"WebSite\",\"@id\":\"https:\\\/\\\/medivon.net\\\/da\\\/#website\",\"url\":\"https:\\\/\\\/medivon.net\\\/da\\\/\",\"name\":\"Medivon\",\"description\":\"\",\"potentialAction\":[{\"@type\":\"SearchAction\",\"target\":{\"@type\":\"EntryPoint\",\"urlTemplate\":\"https:\\\/\\\/medivon.net\\\/da\\\/?s={search_term_string}\"},\"query-input\":{\"@type\":\"PropertyValueSpecification\",\"valueRequired\":true,\"valueName\":\"search_term_string\"}}],\"inLanguage\":\"da-DK\"}]}<\/script>\n<!-- \/ Yoast SEO plugin. -->","yoast_head_json":{"title":"Indk\u00f8bskurv - Medivon - Twoje zdrowie jest najwa\u017cniejsze!","robots":{"index":"noindex","follow":"nofollow"},"og_locale":"da_DK","og_type":"article","og_title":"Indk\u00f8bskurv - Medivon - Twoje zdrowie jest najwa\u017cniejsze!","og_url":"https:\/\/medivon.net\/da\/indkoebskurv\/","og_site_name":"Medivon","article_modified_time":"2025-10-23T09:32:27+00:00","twitter_card":"summary_large_image","twitter_misc":{"Estimeret l\u00e6setid":"1 minut"},"schema":{"@context":"https:\/\/schema.org","@graph":[{"@type":"WebPage","@id":"https:\/\/medivon.net\/da\/indkoebskurv\/","url":"https:\/\/medivon.net\/da\/indkoebskurv\/","name":"Indk\u00f8bskurv - Medivon - Twoje zdrowie jest najwa\u017cniejsze!","isPartOf":{"@id":"https:\/\/medivon.net\/da\/#website"},"datePublished":"2015-11-19T09:40:52+00:00","dateModified":"2025-10-23T09:32:27+00:00","inLanguage":"da-DK","potentialAction":[{"@type":"ReadAction","target":["https:\/\/medivon.net\/da\/indkoebskurv\/"]}]},{"@type":"WebSite","@id":"https:\/\/medivon.net\/da\/#website","url":"https:\/\/medivon.net\/da\/","name":"Medivon","description":"","potentialAction":[{"@type":"SearchAction","target":{"@type":"EntryPoint","urlTemplate":"https:\/\/medivon.net\/da\/?s={search_term_string}"},"query-input":{"@type":"PropertyValueSpecification","valueRequired":true,"valueName":"search_term_string"}}],"inLanguage":"da-DK"}]}},"_links":{"self":[{"href":"https:\/\/medivon.net\/da\/wp-json\/wp\/v2\/pages\/362053","targetHints":{"allow":["GET"]}}],"collection":[{"href":"https:\/\/medivon.net\/da\/wp-json\/wp\/v2\/pages"}],"about":[{"href":"https:\/\/medivon.net\/da\/wp-json\/wp\/v2\/types\/page"}],"author":[{"embeddable":true,"href":"https:\/\/medivon.net\/da\/wp-json\/wp\/v2\/users\/1"}],"replies":[{"embeddable":true,"href":"https:\/\/medivon.net\/da\/wp-json\/wp\/v2\/comments?post=362053"}],"version-history":[{"count":2,"href":"https:\/\/medivon.net\/da\/wp-json\/wp\/v2\/pages\/362053\/revisions"}],"predecessor-version":[{"id":362055,"href":"https:\/\/medivon.net\/da\/wp-json\/wp\/v2\/pages\/362053\/revisions\/362055"}],"wp:attachment":[{"href":"https:\/\/medivon.net\/da\/wp-json\/wp\/v2\/media?parent=362053"}],"curies":[{"name":"wp","href":"https:\/\/api.w.org\/{rel}","templated":true}]}}