{"id":362114,"date":"2023-08-29T13:49:20","date_gmt":"2023-08-29T11:49:20","guid":{"rendered":"https:\/\/medivon.net\/doba-doruceni-a-moznosti-platby\/"},"modified":"2025-10-23T14:15:45","modified_gmt":"2025-10-23T12:15:45","slug":"doba-doruceni-a-moznosti-platby","status":"publish","type":"page","link":"https:\/\/medivon.net\/cs\/doba-doruceni-a-moznosti-platby\/","title":{"rendered":"Doba doru\u010den\u00ed a mo\u017enosti platby"},"content":{"rendered":"\n\n  <div class=\"banner has-hover hide-for-medium\" id=\"banner-698832659\">\n          <div class=\"banner-inner fill\">\n        <div class=\"banner-bg fill\" >\n            <img loading=\"lazy\" decoding=\"async\" width=\"1200\" height=\"530\" src=\"https:\/\/medivon.net\/wp-content\/uploads\/2023\/08\/medivon-baner-gun-tytan-pro.jpg\" class=\"bg attachment-original size-original\" alt=\"\" \/>                                    \n                    <\/div>\n\t\t\n        <div class=\"banner-layers container\">\n            <div class=\"fill banner-link\"><\/div>            \n\n   <div id=\"text-box-1353176449\" class=\"text-box banner-layer x5 md-x5 lg-x5 y15 md-y35 lg-y35 res-text\">\n                     <div data-animate=\"fadeInLeft\">           <div class=\"text-box-content text dark\">\n              \n              <div class=\"text-inner text-center\">\n                  \n\n\t<div id=\"text-217830216\" class=\"text\">\n\t\t\n\n<h3 class=\"uppercase\" style=\"text-align: left;\">Doru\u010den\u00ed do 24 hodin<\/h3>\n<p style=\"text-align: left;\">Pokud objedn\u00e1vku ode\u0161lete do 15:00, obdr\u017e\u00edte ji n\u00e1sleduj\u00edc\u00ed pracovn\u00ed den.<\/p>\n<p style=\"text-align: left;\"><strong>Odes\u00edl\u00e1me do 24 hodin.<\/strong><\/p>\n\t\t\n<style>\n#text-217830216 {\n  font-size: 0.75rem;\n  line-height: 2.1;\n  text-align: left;\n  color: rgb(0,0,0);\n}\n#text-217830216 > * {\n  color: rgb(0,0,0);\n}\n@media (min-width:550px) {\n  #text-217830216 {\n    font-size: 1.3rem;\n  }\n}\n<\/style>\n\t<\/div>\n\t\n\n              <\/div>\n           <\/div>\n       <\/div>                     \n<style>\n#text-box-1353176449 {\n  margin: 0px 0px 0px 0px;\n  width: 60%;\n}\n#text-box-1353176449 .text-box-content {\n  font-size: 20%;\n}\n@media (min-width:550px) {\n  #text-box-1353176449 {\n    width: 52%;\n  }\n}\n<\/style>\n    <\/div>\n \n\n        <\/div>\n      <\/div>\n\n            \n<style>\n#banner-698832659 {\n  padding-top: 542px;\n  background-color: rgb(255,255,255);\n}\n#banner-698832659 .banner-bg img {\n  object-position: 63% 59%;\n}\n@media (min-width:550px) {\n  #banner-698832659 {\n    padding-top: 546px;\n  }\n}\n<\/style>\n  <\/div>\n\n\n\n  <div class=\"banner has-hover show-for-small\" id=\"banner-9382430\">\n          <div class=\"banner-inner fill\">\n        <div class=\"banner-bg fill\" >\n            <img loading=\"lazy\" decoding=\"async\" width=\"1200\" height=\"530\" src=\"https:\/\/medivon.net\/wp-content\/uploads\/2023\/08\/medivon-baner-gun-tytan-pro.jpg\" class=\"bg attachment-original size-original\" alt=\"\" \/>                                    \n                    <\/div>\n\t\t\n        <div class=\"banner-layers container\">\n            <div class=\"fill banner-link\"><\/div>            \n\n   <div id=\"text-box-1273052915\" class=\"text-box banner-layer x5 md-x5 lg-x5 y15 md-y35 lg-y35 res-text\">\n                     <div data-animate=\"fadeInLeft\">           <div class=\"text-box-content text dark\">\n              \n              <div class=\"text-inner text-center\">\n                  \n\n\t<div id=\"text-1326180142\" class=\"text\">\n\t\t\n\n<h3 class=\"uppercase\" style=\"text-align: left;\">Doru\u010den\u00ed do 24 hodin<\/h3>\n<p style=\"text-align: left;\">Pokud objedn\u00e1vku ode\u0161lete do 15:00, obdr\u017e\u00edte ji n\u00e1sleduj\u00edc\u00ed pracovn\u00ed den.<\/p>\n\t\t\n<style>\n#text-1326180142 {\n  font-size: 0.75rem;\n  line-height: 2.1;\n  text-align: left;\n  color: rgb(0,0,0);\n}\n#text-1326180142 > * {\n  color: rgb(0,0,0);\n}\n@media (min-width:550px) {\n  #text-1326180142 {\n    font-size: 1.3rem;\n  }\n}\n<\/style>\n\t<\/div>\n\t\n\n              <\/div>\n           <\/div>\n       <\/div>                     \n<style>\n#text-box-1273052915 {\n  margin: 165px 0px 0px 0px;\n  width: 60%;\n}\n#text-box-1273052915 .text-box-content {\n  font-size: 20%;\n}\n@media (min-width:550px) {\n  #text-box-1273052915 {\n    width: 52%;\n  }\n}\n<\/style>\n    <\/div>\n \n\n        <\/div>\n      <\/div>\n\n            \n<style>\n#banner-9382430 {\n  padding-top: 542px;\n  background-color: rgb(255,255,255);\n}\n#banner-9382430 .banner-bg img {\n  object-position: 63% 59%;\n}\n@media (min-width:550px) {\n  #banner-9382430 {\n    padding-top: 546px;\n  }\n}\n<\/style>\n  <\/div>\n\n\n\n\t<section class=\"section\" id=\"section_1667918854\">\n\t\t<div class=\"section-bg fill\" >\n\t\t\t\t\t\t\t\t\t\n\t\t\t\n\n\t\t<\/div>\n\n\t\t\n\n\t\t<div class=\"section-content relative\">\n\t\t\t\n\n\t<div id=\"gap-426299993\" class=\"gap-element clearfix\" style=\"display:block; height:auto;\">\n\t\t\n<style>\n#gap-426299993 {\n  padding-top: 30px;\n}\n<\/style>\n\t<\/div>\n\t\n\n<div class=\"row\"  id=\"row-26113745\">\n\n\n\t<div id=\"col-346952355\" class=\"col small-12 large-12\"  >\n\t\t\t\t<div class=\"col-inner\"  >\n\t\t\t\n\t\t\t\n\n<div class=\"container section-title-container\" ><h1 class=\"section-title section-title-center\"><b aria-hidden=\"true\"><\/b><span class=\"section-title-main\" >Zp\u016fsob dopravy<\/span><b aria-hidden=\"true\"><\/b><\/h1><\/div>\n\n<div class=\"row\"  id=\"row-1550277264\">\n\n\n\t<div id=\"col-1607249541\" class=\"col small-12 large-12\"  >\n\t\t\t\t<div class=\"col-inner\"  >\n\t\t\t\n\t\t\t\n\n<div class=\"row row-collapse align-middle align-center\"  id=\"row-1767158864\">\n\n\n\t<div id=\"col-1916511582\" class=\"col medium-4 small-12 large-4\"  >\n\t\t\t\t<div class=\"col-inner text-center\"  >\n\t\t\t\n\t\t\t\n\n\t<div class=\"img has-hover x md-x lg-x y md-y lg-y\" id=\"image_1735666221\">\n\t\t\t\t\t\t\t\t<div class=\"img-inner dark\" >\n\t\t\t<img loading=\"lazy\" decoding=\"async\" width=\"1020\" height=\"532\" src=\"https:\/\/medivon.net\/wp-content\/uploads\/2023\/08\/ico_gls_logo-png.png\" class=\"attachment-large size-large\" alt=\"\" srcset=\"https:\/\/medivon.net\/wp-content\/uploads\/2023\/08\/ico_gls_logo-png.png 1152w, https:\/\/medivon.net\/wp-content\/uploads\/2023\/08\/ico_gls_logo-png-640x334.png 640w, https:\/\/medivon.net\/wp-content\/uploads\/2023\/08\/ico_gls_logo-png-768x401.png 768w, https:\/\/medivon.net\/wp-content\/uploads\/2023\/08\/ico_gls_logo-png-510x266.png 510w\" sizes=\"auto, (max-width: 1020px) 100vw, 1020px\" \/>\t\t\t\t\t\t\n\t\t\t\t\t<\/div>\n\t\t\t\t\t\t\t\t\n<style>\n#image_1735666221 {\n  width: 59%;\n}\n@media (min-width:550px) {\n  #image_1735666221 {\n    width: 60%;\n  }\n}\n<\/style>\n\t<\/div>\n\t\n\n\t<div id=\"gap-1530018879\" class=\"gap-element clearfix show-for-small\" style=\"display:block; height:auto;\">\n\t\t\n<style>\n#gap-1530018879 {\n  padding-top: 30px;\n}\n<\/style>\n\t<\/div>\n\t\n\n\n\t\t<\/div>\n\t\t\t\t\n<style>\n#col-1916511582 > .col-inner {\n  padding: 0px 0px 0px 0px;\n}\n@media (min-width:550px) {\n  #col-1916511582 > .col-inner {\n    padding: 62px 0px 0px 0px;\n  }\n}\n<\/style>\n\t<\/div>\n\n\t\n\n\t<div id=\"col-164734069\" class=\"col medium-4 small-12 large-4\"  >\n\t\t\t\t<div class=\"col-inner text-center\"  >\n\t\t\t\n\t\t\t\n\n\t<div class=\"img has-hover x md-x lg-x y md-y lg-y\" id=\"image_1856457809\">\n\t\t\t\t\t\t\t\t<div class=\"img-inner dark\" >\n\t\t\t<img loading=\"lazy\" decoding=\"async\" width=\"1020\" height=\"532\" src=\"https:\/\/medivon.net\/wp-content\/uploads\/2023\/08\/ico_dpd_logo-png.png\" class=\"attachment-large size-large\" alt=\"\" srcset=\"https:\/\/medivon.net\/wp-content\/uploads\/2023\/08\/ico_dpd_logo-png.png 1152w, https:\/\/medivon.net\/wp-content\/uploads\/2023\/08\/ico_dpd_logo-png-640x334.png 640w, https:\/\/medivon.net\/wp-content\/uploads\/2023\/08\/ico_dpd_logo-png-768x401.png 768w, https:\/\/medivon.net\/wp-content\/uploads\/2023\/08\/ico_dpd_logo-png-510x266.png 510w\" sizes=\"auto, (max-width: 1020px) 100vw, 1020px\" \/>\t\t\t\t\t\t\n\t\t\t\t\t<\/div>\n\t\t\t\t\t\t\t\t\n<style>\n#image_1856457809 {\n  width: 59%;\n}\n@media (min-width:550px) {\n  #image_1856457809 {\n    width: 60%;\n  }\n}\n<\/style>\n\t<\/div>\n\t\n\n\n\t\t<\/div>\n\t\t\t\t\n<style>\n#col-164734069 > .col-inner {\n  padding: 0px 0px 0px 0px;\n}\n@media (min-width:550px) {\n  #col-164734069 > .col-inner {\n    padding: 54px 0px 0px 0px;\n  }\n}\n<\/style>\n\t<\/div>\n\n\t\n\n\t<div id=\"col-1670617444\" class=\"col medium-4 small-12 large-4\"  >\n\t\t\t\t<div class=\"col-inner text-center\"  >\n\t\t\t\n\t\t\t\n\n\t<div id=\"gap-1279666748\" class=\"gap-element clearfix show-for-small\" style=\"display:block; height:auto;\">\n\t\t\n<style>\n#gap-1279666748 {\n  padding-top: 30px;\n}\n<\/style>\n\t<\/div>\n\t\n\n\t<div class=\"img has-hover x md-x lg-x y md-y lg-y\" id=\"image_980173338\">\n\t\t\t\t\t\t\t\t<div class=\"img-inner dark\" >\n\t\t\t<img loading=\"lazy\" decoding=\"async\" width=\"1020\" height=\"532\" src=\"https:\/\/medivon.net\/wp-content\/uploads\/2023\/08\/ico_ups_logo-png.png\" class=\"attachment-large size-large\" alt=\"\" srcset=\"https:\/\/medivon.net\/wp-content\/uploads\/2023\/08\/ico_ups_logo-png.png 1152w, https:\/\/medivon.net\/wp-content\/uploads\/2023\/08\/ico_ups_logo-png-640x334.png 640w, https:\/\/medivon.net\/wp-content\/uploads\/2023\/08\/ico_ups_logo-png-768x401.png 768w, https:\/\/medivon.net\/wp-content\/uploads\/2023\/08\/ico_ups_logo-png-510x266.png 510w\" sizes=\"auto, (max-width: 1020px) 100vw, 1020px\" \/>\t\t\t\t\t\t\n\t\t\t\t\t<\/div>\n\t\t\t\t\t\t\t\t\n<style>\n#image_980173338 {\n  width: 59%;\n}\n@media (min-width:550px) {\n  #image_980173338 {\n    width: 60%;\n  }\n}\n<\/style>\n\t<\/div>\n\t\n\n\n\t\t<\/div>\n\t\t\t\t\n<style>\n#col-1670617444 > .col-inner {\n  padding: 0px 0px 0px 0px;\n}\n@media (min-width:550px) {\n  #col-1670617444 > .col-inner {\n    padding: 49px 0px 0px 0px;\n  }\n}\n<\/style>\n\t<\/div>\n\n\t\n\n<\/div>\n\n\t\t<\/div>\n\t\t\t\t\t<\/div>\n\n\t\n\n<\/div>\n\n\t\t<\/div>\n\t\t\t\t\t<\/div>\n\n\t\n\n<\/div>\n\n\n\t\t<\/div>\n\n\t\t\n<style>\n#section_1667918854 {\n  padding-top: 0px;\n  padding-bottom: 0px;\n  background-color: rgb(245, 245, 245);\n}\n<\/style>\n\t<\/section>\n\t\n\n\n\n\t<section class=\"section\" id=\"section_1706123214\">\n\t\t<div class=\"section-bg fill\" >\n\t\t\t\t\t\t\t\t\t\n\t\t\t\n\n\t\t<\/div>\n\n\t\t\n\n\t\t<div class=\"section-content relative\">\n\t\t\t\n\n\t<div id=\"gap-1411165502\" class=\"gap-element clearfix\" style=\"display:block; height:auto;\">\n\t\t\n<style>\n#gap-1411165502 {\n  padding-top: 30px;\n}\n<\/style>\n\t<\/div>\n\t\n\n<div class=\"container section-title-container\" ><h1 class=\"section-title section-title-center\"><b aria-hidden=\"true\"><\/b><span class=\"section-title-main\" >Platebn\u00ed metody<\/span><b aria-hidden=\"true\"><\/b><\/h1><\/div>\n\n<div class=\"row row-collapse align-middle align-center\"  id=\"row-1375054472\">\n\n\n\t<div id=\"col-75828224\" class=\"col medium-4 small-12 large-4\"  >\n\t\t\t\t<div class=\"col-inner\"  >\n\t\t\t\n\t\t\t\n\n\n\t\t<div class=\"icon-box featured-box icon-box-center text-center\"  >\n\t\t\t\t\t<div class=\"icon-box-img\" style=\"width: 198px\">\n\t\t\t\t<div class=\"icon\">\n\t\t\t\t\t<div class=\"icon-inner\" >\n\t\t\t\t\t\t<img loading=\"lazy\" decoding=\"async\" width=\"640\" height=\"356\" src=\"https:\/\/medivon.net\/wp-content\/uploads\/2023\/05\/800px-Klarna_Payment_Badge-de-640x356.jpg\" class=\"attachment-medium size-medium\" alt=\"\" srcset=\"https:\/\/medivon.net\/wp-content\/uploads\/2023\/05\/800px-Klarna_Payment_Badge-de-640x356.jpg 640w, https:\/\/medivon.net\/wp-content\/uploads\/2023\/05\/800px-Klarna_Payment_Badge-de-768x427.jpg 768w, https:\/\/medivon.net\/wp-content\/uploads\/2023\/05\/800px-Klarna_Payment_Badge-de-510x284.jpg 510w, https:\/\/medivon.net\/wp-content\/uploads\/2023\/05\/800px-Klarna_Payment_Badge-de.jpg 800w\" sizes=\"auto, (max-width: 640px) 100vw, 640px\" \/>\t\t\t\t\t<\/div>\n\t\t\t\t<\/div>\n\t\t\t<\/div>\n\t\t\t\t<div class=\"icon-box-text last-reset\">\n\t\t\t\t\t\t\t\t\t\n\n<h4>N\u00e1kup na spl\u00e1tky<\/h4>\n\n\t\t<\/div>\n\t<\/div>\n\t\n\t\n\t<div id=\"gap-1797940809\" class=\"gap-element clearfix\" style=\"display:block; height:auto;\">\n\t\t\n<style>\n#gap-1797940809 {\n  padding-top: 30px;\n}\n<\/style>\n\t<\/div>\n\t\n\n\n\t\t<\/div>\n\t\t\t\t\t<\/div>\n\n\t\n\n\t<div id=\"col-437051979\" class=\"col medium-4 small-12 large-4\"  >\n\t\t\t\t<div class=\"col-inner\"  >\n\t\t\t\n\t\t\t\n\n\n\t\t<div class=\"icon-box featured-box icon-box-center text-center\"  >\n\t\t\t\t\t<div class=\"icon-box-img\" style=\"width: 180px\">\n\t\t\t\t<div class=\"icon\">\n\t\t\t\t\t<div class=\"icon-inner\" >\n\t\t\t\t\t\t<img loading=\"lazy\" decoding=\"async\" width=\"337\" height=\"94\" src=\"https:\/\/medivon.net\/wp-content\/uploads\/2019\/06\/medivon-paypal.jpg\" class=\"attachment-medium size-medium\" alt=\"\" srcset=\"https:\/\/medivon.net\/wp-content\/uploads\/2019\/06\/medivon-paypal.jpg 337w, https:\/\/medivon.net\/wp-content\/uploads\/2019\/06\/medivon-paypal-250x70.jpg 250w\" sizes=\"auto, (max-width: 337px) 100vw, 337px\" \/>\t\t\t\t\t<\/div>\n\t\t\t\t<\/div>\n\t\t\t<\/div>\n\t\t\t\t<div class=\"icon-box-text last-reset\">\n\t\t\t\t\t\t\t\t\t\n\n<h4>Platby PayPalem<\/h4>\n\n\t\t<\/div>\n\t<\/div>\n\t\n\t\n\n\t\t<\/div>\n\t\t\t\t\t<\/div>\n\n\t\n\n<\/div>\n\n\t\t<\/div>\n\n\t\t\n<style>\n#section_1706123214 {\n  padding-top: 0px;\n  padding-bottom: 0px;\n}\n@media (min-width:550px) {\n  #section_1706123214 {\n    padding-top: 0px;\n    padding-bottom: 0px;\n  }\n}\n<\/style>\n\t<\/section>\n\t\n\n","protected":false},"excerpt":{"rendered":"","protected":false},"author":5922,"featured_media":0,"parent":0,"menu_order":0,"comment_status":"closed","ping_status":"closed","template":"","meta":{"_acf_changed":false,"_glsr_average":0,"_glsr_ranking":0,"_glsr_reviews":0,"footnotes":""},"class_list":["post-362114","page","type-page","status-publish","hentry"],"acf":[],"yoast_head":"<!-- This site is optimized with the Yoast SEO plugin v27.4 - https:\/\/yoast.com\/product\/yoast-seo-wordpress\/ -->\n<title>Doba doru\u010den\u00ed a mo\u017enosti platby - Medivon - Twoje zdrowie jest najwa\u017cniejsze!<\/title>\n<meta name=\"robots\" content=\"index, follow, max-snippet:-1, max-image-preview:large, max-video-preview:-1\" \/>\n<link rel=\"canonical\" href=\"https:\/\/medivon.net\/cs\/doba-doruceni-a-moznosti-platby\/\" \/>\n<meta property=\"og:locale\" content=\"cs_CZ\" \/>\n<meta property=\"og:type\" content=\"article\" \/>\n<meta property=\"og:title\" content=\"Doba doru\u010den\u00ed a mo\u017enosti platby - Medivon - Twoje zdrowie jest najwa\u017cniejsze!\" \/>\n<meta property=\"og:url\" content=\"https:\/\/medivon.net\/cs\/doba-doruceni-a-moznosti-platby\/\" \/>\n<meta property=\"og:site_name\" content=\"Medivon\" \/>\n<meta property=\"article:modified_time\" content=\"2025-10-23T12:15:45+00:00\" \/>\n<meta name=\"twitter:card\" content=\"summary_large_image\" \/>\n<meta name=\"twitter:label1\" content=\"Odhadovan\u00e1 doba \u010dten\u00ed\" \/>\n\t<meta name=\"twitter:data1\" content=\"3 minuty\" \/>\n<script type=\"application\/ld+json\" class=\"yoast-schema-graph\">{\"@context\":\"https:\\\/\\\/schema.org\",\"@graph\":[{\"@type\":\"WebPage\",\"@id\":\"https:\\\/\\\/medivon.net\\\/cs\\\/doba-doruceni-a-moznosti-platby\\\/\",\"url\":\"https:\\\/\\\/medivon.net\\\/cs\\\/doba-doruceni-a-moznosti-platby\\\/\",\"name\":\"Doba doru\u010den\u00ed a mo\u017enosti platby - Medivon - Twoje zdrowie jest najwa\u017cniejsze!\",\"isPartOf\":{\"@id\":\"https:\\\/\\\/medivon.net\\\/cs\\\/#website\"},\"datePublished\":\"2023-08-29T11:49:20+00:00\",\"dateModified\":\"2025-10-23T12:15:45+00:00\",\"inLanguage\":\"cs\",\"potentialAction\":[{\"@type\":\"ReadAction\",\"target\":[\"https:\\\/\\\/medivon.net\\\/cs\\\/doba-doruceni-a-moznosti-platby\\\/\"]}]},{\"@type\":\"WebSite\",\"@id\":\"https:\\\/\\\/medivon.net\\\/cs\\\/#website\",\"url\":\"https:\\\/\\\/medivon.net\\\/cs\\\/\",\"name\":\"Medivon\",\"description\":\"\",\"potentialAction\":[{\"@type\":\"SearchAction\",\"target\":{\"@type\":\"EntryPoint\",\"urlTemplate\":\"https:\\\/\\\/medivon.net\\\/cs\\\/?s={search_term_string}\"},\"query-input\":{\"@type\":\"PropertyValueSpecification\",\"valueRequired\":true,\"valueName\":\"search_term_string\"}}],\"inLanguage\":\"cs\"}]}<\/script>\n<!-- \/ Yoast SEO plugin. -->","yoast_head_json":{"title":"Doba doru\u010den\u00ed a mo\u017enosti platby - Medivon - Twoje zdrowie jest najwa\u017cniejsze!","robots":{"index":"index","follow":"follow","max-snippet":"max-snippet:-1","max-image-preview":"max-image-preview:large","max-video-preview":"max-video-preview:-1"},"canonical":"https:\/\/medivon.net\/cs\/doba-doruceni-a-moznosti-platby\/","og_locale":"cs_CZ","og_type":"article","og_title":"Doba doru\u010den\u00ed a mo\u017enosti platby - Medivon - Twoje zdrowie jest najwa\u017cniejsze!","og_url":"https:\/\/medivon.net\/cs\/doba-doruceni-a-moznosti-platby\/","og_site_name":"Medivon","article_modified_time":"2025-10-23T12:15:45+00:00","twitter_card":"summary_large_image","twitter_misc":{"Odhadovan\u00e1 doba \u010dten\u00ed":"3 minuty"},"schema":{"@context":"https:\/\/schema.org","@graph":[{"@type":"WebPage","@id":"https:\/\/medivon.net\/cs\/doba-doruceni-a-moznosti-platby\/","url":"https:\/\/medivon.net\/cs\/doba-doruceni-a-moznosti-platby\/","name":"Doba doru\u010den\u00ed a mo\u017enosti platby - Medivon - Twoje zdrowie jest najwa\u017cniejsze!","isPartOf":{"@id":"https:\/\/medivon.net\/cs\/#website"},"datePublished":"2023-08-29T11:49:20+00:00","dateModified":"2025-10-23T12:15:45+00:00","inLanguage":"cs","potentialAction":[{"@type":"ReadAction","target":["https:\/\/medivon.net\/cs\/doba-doruceni-a-moznosti-platby\/"]}]},{"@type":"WebSite","@id":"https:\/\/medivon.net\/cs\/#website","url":"https:\/\/medivon.net\/cs\/","name":"Medivon","description":"","potentialAction":[{"@type":"SearchAction","target":{"@type":"EntryPoint","urlTemplate":"https:\/\/medivon.net\/cs\/?s={search_term_string}"},"query-input":{"@type":"PropertyValueSpecification","valueRequired":true,"valueName":"search_term_string"}}],"inLanguage":"cs"}]}},"_links":{"self":[{"href":"https:\/\/medivon.net\/cs\/wp-json\/wp\/v2\/pages\/362114","targetHints":{"allow":["GET"]}}],"collection":[{"href":"https:\/\/medivon.net\/cs\/wp-json\/wp\/v2\/pages"}],"about":[{"href":"https:\/\/medivon.net\/cs\/wp-json\/wp\/v2\/types\/page"}],"author":[{"embeddable":true,"href":"https:\/\/medivon.net\/cs\/wp-json\/wp\/v2\/users\/5922"}],"replies":[{"embeddable":true,"href":"https:\/\/medivon.net\/cs\/wp-json\/wp\/v2\/comments?post=362114"}],"version-history":[{"count":2,"href":"https:\/\/medivon.net\/cs\/wp-json\/wp\/v2\/pages\/362114\/revisions"}],"predecessor-version":[{"id":362116,"href":"https:\/\/medivon.net\/cs\/wp-json\/wp\/v2\/pages\/362114\/revisions\/362116"}],"wp:attachment":[{"href":"https:\/\/medivon.net\/cs\/wp-json\/wp\/v2\/media?parent=362114"}],"curies":[{"name":"wp","href":"https:\/\/api.w.org\/{rel}","templated":true}]}}