{"id":362090,"date":"2015-11-19T10:40:52","date_gmt":"2015-11-19T09:40:52","guid":{"rendered":"https:\/\/medivon.net\/prikaz\/"},"modified":"2025-10-24T08:47:16","modified_gmt":"2025-10-24T06:47:16","slug":"prikaz","status":"publish","type":"page","link":"https:\/\/medivon.net\/cs\/prikaz\/","title":{"rendered":"P\u0159\u00edkaz"},"content":{"rendered":"\n\n  <div class=\"banner has-hover hide-for-small\" id=\"banner-1226226957\">\n          <div class=\"banner-inner fill\">\n        <div class=\"banner-bg fill\" >\n            <img loading=\"lazy\" decoding=\"async\" width=\"1800\" height=\"223\" src=\"https:\/\/medivon.net\/wp-content\/uploads\/2024\/09\/checkout-best-top-ochrona-kupujacego-medivon.jpg\" class=\"bg attachment-original size-original\" alt=\"\" \/>                                    \n                    <\/div>\n\t\t\n        <div class=\"banner-layers container\">\n            <div class=\"fill banner-link\"><\/div>            \n\n   <div id=\"text-box-2102003007\" class=\"text-box banner-layer x15 md-x15 lg-x15 y10 md-y10 lg-y10 res-text\">\n                                <div class=\"text-box-content text dark\">\n              \n              <div class=\"text-inner text-center\">\n                  \n\n\t<div id=\"text-1775698928\" class=\"text\">\n\t\t\n\n<p><strong>OCHRANA KUPUJ\u00cdC\u00cdHO A\u017d DO 2500 EUR<\/strong><\/p>\n\t\t\n<style>\n#text-1775698928 {\n  font-size: 1.35rem;\n  text-align: left;\n  color: rgb(0, 0, 0);\n}\n#text-1775698928 > * {\n  color: rgb(0, 0, 0);\n}\n<\/style>\n\t<\/div>\n\t\n\n              <\/div>\n           <\/div>\n                            \n<style>\n#text-box-2102003007 {\n  width: 24%;\n}\n#text-box-2102003007 .text-box-content {\n  font-size: 100%;\n}\n<\/style>\n    <\/div>\n \n\t<div class=\"img has-hover x5 md-x5 lg-x5 y50 md-y50 lg-y50\" id=\"image_931415832\">\n\t\t\t\t\t\t\t\t<div class=\"img-inner dark\" >\n\t\t\t<img loading=\"lazy\" decoding=\"async\" width=\"160\" height=\"188\" src=\"https:\/\/medivon.net\/wp-content\/uploads\/2023\/10\/@2xtrustmark-header.png\" class=\"attachment-original size-original\" alt=\"\" \/>\t\t\t\t\t\t\n\t\t\t\t\t<\/div>\n\t\t\t\t\t\t\t\t\n<style>\n#image_931415832 {\n  width: 8%;\n}\n<\/style>\n\t<\/div>\n\t\n\n\n        <\/div>\n      <\/div>\n\n            \n<style>\n#banner-1226226957 {\n  padding-top: 151px;\n}\n<\/style>\n  <\/div>\n\n\n\n  <div class=\"banner has-hover show-for-small\" id=\"banner-288142361\">\n          <div class=\"banner-inner fill\">\n        <div class=\"banner-bg fill\" >\n            <img loading=\"lazy\" decoding=\"async\" width=\"1800\" height=\"223\" src=\"https:\/\/medivon.net\/wp-content\/uploads\/2024\/09\/checkout-best-top-ochrona-kupujacego-medivon.jpg\" class=\"bg attachment-original size-original\" alt=\"\" \/>                                    \n                    <\/div>\n\t\t\n        <div class=\"banner-layers container\">\n            <div class=\"fill banner-link\"><\/div>            \n\n   <div id=\"text-box-1002111073\" class=\"text-box banner-layer x85 md-x15 lg-x15 y50 md-y10 lg-y10 res-text\">\n                                <div class=\"text-box-content text dark\">\n              \n              <div class=\"text-inner text-center\">\n                  \n\n\t<div id=\"text-3465936625\" class=\"text\">\n\t\t\n\n<p><strong>OCHRANA KUPUJ\u00cdC\u00cdHO A\u017d DO 2500 EUR<\/strong><\/p>\n\t\t\n<style>\n#text-3465936625 {\n  font-size: 0.85rem;\n  text-align: left;\n  color: rgb(0, 0, 0);\n}\n#text-3465936625 > * {\n  color: rgb(0, 0, 0);\n}\n@media (min-width:550px) {\n  #text-3465936625 {\n    font-size: 1.35rem;\n  }\n}\n<\/style>\n\t<\/div>\n\t\n\n              <\/div>\n           <\/div>\n                            \n<style>\n#text-box-1002111073 .text-box-content {\n  background-color: rgba(255, 255, 255, 0.599);\n  font-size: 100%;\n}\n#text-box-1002111073 .text-inner {\n  padding: 5% 5% 5% 5%;\n}\n#text-box-1002111073 {\n  width: 59%;\n}\n@media (min-width:550px) {\n  #text-box-1002111073 {\n    width: 24%;\n  }\n}\n<\/style>\n    <\/div>\n \n\t<div class=\"img has-hover x5 md-x5 lg-x5 y50 md-y50 lg-y50\" id=\"image_1542550573\">\n\t\t\t\t\t\t\t\t<div class=\"img-inner dark\" >\n\t\t\t<img loading=\"lazy\" decoding=\"async\" width=\"160\" height=\"188\" src=\"https:\/\/medivon.net\/wp-content\/uploads\/2023\/10\/@2xtrustmark-header.png\" class=\"attachment-original size-original\" alt=\"\" \/>\t\t\t\t\t\t\n\t\t\t\t\t<\/div>\n\t\t\t\t\t\t\t\t\n<style>\n#image_1542550573 {\n  width: 18%;\n}\n@media (min-width:550px) {\n  #image_1542550573 {\n    width: 8%;\n  }\n}\n<\/style>\n\t<\/div>\n\t\n\n\n        <\/div>\n      <\/div>\n\n            \n<style>\n#banner-288142361 {\n  padding-top: 94px;\n}\n#banner-288142361 .banner-bg img {\n  object-position: 85% 0%;\n}\n@media (min-width:550px) {\n  #banner-288142361 {\n    padding-top: 151px;\n  }\n}\n<\/style>\n  <\/div>\n\n\n<div class=\"woocommerce\"><\/div>\n\n\n\t<section class=\"section show-for-small\" id=\"section_907455333\">\n\t\t<div class=\"section-bg fill\" >\n\t\t\t\t\t\t\t\t\t\n\t\t\t\n\n\t\t<\/div>\n\n\t\t\n\n\t\t<div class=\"section-content relative\">\n\t\t\t\n\n<div class=\"row align-center\"  id=\"row-167265956\">\n\n\n\t<div id=\"col-316673790\" class=\"col small-12 large-12\"  >\n\t\t\t\t<div class=\"col-inner\"  >\n\t\t\t\n\t\t\t\n\n\n\t\t<div class=\"icon-box featured-box icon-box-center text-center\"  >\n\t\t\t\t\t<div class=\"icon-box-img\" style=\"width: 72px\">\n\t\t\t\t<div class=\"icon\">\n\t\t\t\t\t<div class=\"icon-inner\" >\n\t\t\t\t\t\t<img loading=\"lazy\" decoding=\"async\" width=\"640\" height=\"455\" src=\"https:\/\/medivon.net\/wp-content\/uploads\/2024\/10\/SSL_icon-640x455.png\" class=\"attachment-medium size-medium\" alt=\"\" srcset=\"https:\/\/medivon.net\/wp-content\/uploads\/2024\/10\/SSL_icon-640x455.png 640w, https:\/\/medivon.net\/wp-content\/uploads\/2024\/10\/SSL_icon-510x363.png 510w, https:\/\/medivon.net\/wp-content\/uploads\/2024\/10\/SSL_icon.png 657w\" sizes=\"auto, (max-width: 640px) 100vw, 640px\" \/>\t\t\t\t\t<\/div>\n\t\t\t\t<\/div>\n\t\t\t<\/div>\n\t\t\t\t<div class=\"icon-box-text last-reset\">\n\t\t\t\t\t\t\t\t\t\n\n\t<div id=\"text-841138280\" class=\"text\">\n\t\t\n\n<p><strong>100% Bezpe\u010dn\u00e9 platby<\/strong><\/p>\n<p>\u0160ifrov\u00e1n\u00ed SSL<\/p>\n\t\t\n<style>\n#text-841138280 {\n  line-height: 1;\n  color: rgb(0, 0, 0);\n}\n#text-841138280 > * {\n  color: rgb(0, 0, 0);\n}\n<\/style>\n\t<\/div>\n\t\n\n\t\t<\/div>\n\t<\/div>\n\t\n\t\n\n\t\t<\/div>\n\t\t\t\t\n<style>\n#col-316673790 > .col-inner {\n  padding: 0px 5% 0px 5%;\n}\n<\/style>\n\t<\/div>\n\n\t\n\n\t<div id=\"col-1112581773\" class=\"col small-12 large-12\"  >\n\t\t\t\t<div class=\"col-inner\"  >\n\t\t\t\n\t\t\t\n\n\n\t\t<div class=\"icon-box featured-box icon-box-center text-center\"  >\n\t\t\t\t\t<div class=\"icon-box-img\" style=\"width: 135px\">\n\t\t\t\t<div class=\"icon\">\n\t\t\t\t\t<div class=\"icon-inner\" >\n\t\t\t\t\t\t<img loading=\"lazy\" decoding=\"async\" width=\"640\" height=\"327\" src=\"https:\/\/medivon.net\/wp-content\/uploads\/2024\/10\/puchar_ikona-wielokrotnie-nagradzany-sklep-640x327.jpg\" class=\"attachment-medium size-medium\" alt=\"\" srcset=\"https:\/\/medivon.net\/wp-content\/uploads\/2024\/10\/puchar_ikona-wielokrotnie-nagradzany-sklep-640x327.jpg 640w, https:\/\/medivon.net\/wp-content\/uploads\/2024\/10\/puchar_ikona-wielokrotnie-nagradzany-sklep-768x392.jpg 768w, https:\/\/medivon.net\/wp-content\/uploads\/2024\/10\/puchar_ikona-wielokrotnie-nagradzany-sklep-510x261.jpg 510w, https:\/\/medivon.net\/wp-content\/uploads\/2024\/10\/puchar_ikona-wielokrotnie-nagradzany-sklep.jpg 908w\" sizes=\"auto, (max-width: 640px) 100vw, 640px\" \/>\t\t\t\t\t<\/div>\n\t\t\t\t<\/div>\n\t\t\t<\/div>\n\t\t\t\t<div class=\"icon-box-text last-reset\">\n\t\t\t\t\t\t\t\t\t\n\n\t<div id=\"text-2087765403\" class=\"text\">\n\t\t\n\n<p><strong>Oce\u0148ovan\u00fd obchod<\/strong><\/p>\n\t\t\n<style>\n#text-2087765403 {\n  color: rgb(0, 0, 0);\n}\n#text-2087765403 > * {\n  color: rgb(0, 0, 0);\n}\n<\/style>\n\t<\/div>\n\t\n\n\t\t<\/div>\n\t<\/div>\n\t\n\t\n\n\t\t<\/div>\n\t\t\t\t\n<style>\n#col-1112581773 > .col-inner {\n  padding: 0px 5% 0px 5%;\n}\n<\/style>\n\t<\/div>\n\n\t\n\n<\/div>\n\n\t\t<\/div>\n\n\t\t\n<style>\n#section_907455333 {\n  padding-top: 21px;\n  padding-bottom: 21px;\n  background-color: rgb(255, 255, 255);\n}\n@media (min-width:550px) {\n  #section_907455333 {\n    padding-top: 30px;\n    padding-bottom: 30px;\n  }\n}\n<\/style>\n\t<\/section>\n\t\n\n  <div class=\"banner has-hover hide-for-small\" id=\"banner-318860900\">\n          <div class=\"banner-inner fill\">\n        <div class=\"banner-bg fill\" >\n            <img loading=\"lazy\" decoding=\"async\" width=\"2500\" height=\"142\" src=\"https:\/\/medivon.net\/wp-content\/uploads\/2025\/10\/baner-bezpieczenstwo-SSL-medivon-i-beautifly-cz-net-01.jpg\" class=\"bg attachment-original size-original\" alt=\"\" \/>                                    \n                    <\/div>\n\t\t\n        <div class=\"banner-layers container\">\n            <div class=\"fill banner-link\"><\/div>            \n\n   <div id=\"text-box-1917721483\" class=\"text-box banner-layer hidden x15 md-x15 lg-x15 y50 md-y50 lg-y50 res-text\">\n                                <div class=\"text-box-content text dark\">\n              \n              <div class=\"text-inner text-left\">\n                  \n\n\t<div id=\"text-3527282314\" class=\"text\">\n\t\t\n\n<p><strong>OCHRANA KUPUJ\u00cdC\u00cdHO A\u017d DO 10 000 PLN<br><\/strong><\/p>\n\t\t\n<style>\n#text-3527282314 {\n  font-size: 1.65rem;\n  color: rgb(0, 0, 0);\n}\n#text-3527282314 > * {\n  color: rgb(0, 0, 0);\n}\n<\/style>\n\t<\/div>\n\t\n\n              <\/div>\n           <\/div>\n                            \n<style>\n#text-box-1917721483 {\n  width: 25%;\n}\n#text-box-1917721483 .text-box-content {\n  font-size: 100%;\n}\n<\/style>\n    <\/div>\n \n\t<div class=\"img has-hover hidden x5 md-x5 lg-x5 y90 md-y90 lg-y90\" id=\"image_1438143734\">\n\t\t\t\t\t\t\t\t<div class=\"img-inner dark\" >\n\t\t\t<img loading=\"lazy\" decoding=\"async\" width=\"280\" height=\"280\" src=\"https:\/\/medivon.net\/wp-content\/uploads\/2019\/07\/masaz-shiatsu-czym-jest-i-co-warto-wiedziec-280x280.jpg\" class=\"attachment-original size-original\" alt=\"\" srcset=\"https:\/\/medivon.net\/wp-content\/uploads\/2019\/07\/masaz-shiatsu-czym-jest-i-co-warto-wiedziec-280x280.jpg 280w, https:\/\/medivon.net\/wp-content\/uploads\/2019\/07\/masaz-shiatsu-czym-jest-i-co-warto-wiedziec-280x280-247x247.jpg 247w, https:\/\/medivon.net\/wp-content\/uploads\/2019\/07\/masaz-shiatsu-czym-jest-i-co-warto-wiedziec-280x280-100x100.jpg 100w, https:\/\/medivon.net\/wp-content\/uploads\/2019\/07\/masaz-shiatsu-czym-jest-i-co-warto-wiedziec-280x280-250x250.jpg 250w\" sizes=\"auto, (max-width: 280px) 100vw, 280px\" \/>\t\t\t\t\t\t\n\t\t\t\t\t<\/div>\n\t\t\t\t\t\t\t\t\n<style>\n#image_1438143734 {\n  width: 7%;\n}\n<\/style>\n\t<\/div>\n\t\n\n\n        <\/div>\n      <\/div>\n\n            \n<style>\n#banner-318860900 {\n  padding-top: 66px;\n}\n<\/style>\n  <\/div>\n\n\n\n","protected":false},"excerpt":{"rendered":"","protected":false},"author":1,"featured_media":0,"parent":0,"menu_order":0,"comment_status":"closed","ping_status":"closed","template":"","meta":{"_acf_changed":false,"_glsr_average":0,"_glsr_ranking":0,"_glsr_reviews":0,"footnotes":""},"class_list":["post-362090","page","type-page","status-publish","hentry"],"acf":[],"yoast_head":"<!-- This site is optimized with the Yoast SEO plugin v27.4 - https:\/\/yoast.com\/product\/yoast-seo-wordpress\/ -->\n<title>P\u0159\u00edkaz - Medivon - Twoje zdrowie jest najwa\u017cniejsze!<\/title>\n<meta name=\"robots\" content=\"index, follow, max-snippet:-1, max-image-preview:large, max-video-preview:-1\" \/>\n<link rel=\"canonical\" href=\"https:\/\/medivon.net\/cs\/prikaz\/\" \/>\n<meta property=\"og:locale\" content=\"cs_CZ\" \/>\n<meta property=\"og:type\" content=\"article\" \/>\n<meta property=\"og:title\" content=\"P\u0159\u00edkaz - Medivon - Twoje zdrowie jest najwa\u017cniejsze!\" \/>\n<meta property=\"og:url\" content=\"https:\/\/medivon.net\/cs\/prikaz\/\" \/>\n<meta property=\"og:site_name\" content=\"Medivon\" \/>\n<meta property=\"article:modified_time\" content=\"2025-10-24T06:47:16+00:00\" \/>\n<meta name=\"twitter:card\" content=\"summary_large_image\" \/>\n<meta name=\"twitter:label1\" content=\"Odhadovan\u00e1 doba \u010dten\u00ed\" \/>\n\t<meta name=\"twitter:data1\" content=\"1 minuta\" \/>\n<script type=\"application\/ld+json\" class=\"yoast-schema-graph\">{\"@context\":\"https:\\\/\\\/schema.org\",\"@graph\":[{\"@type\":\"WebPage\",\"@id\":\"https:\\\/\\\/medivon.net\\\/cs\\\/prikaz\\\/\",\"url\":\"https:\\\/\\\/medivon.net\\\/cs\\\/prikaz\\\/\",\"name\":\"P\u0159\u00edkaz - Medivon - Twoje zdrowie jest najwa\u017cniejsze!\",\"isPartOf\":{\"@id\":\"https:\\\/\\\/medivon.net\\\/cs\\\/#website\"},\"datePublished\":\"2015-11-19T09:40:52+00:00\",\"dateModified\":\"2025-10-24T06:47:16+00:00\",\"inLanguage\":\"cs\",\"potentialAction\":[{\"@type\":\"ReadAction\",\"target\":[\"https:\\\/\\\/medivon.net\\\/cs\\\/prikaz\\\/\"]}]},{\"@type\":\"WebSite\",\"@id\":\"https:\\\/\\\/medivon.net\\\/cs\\\/#website\",\"url\":\"https:\\\/\\\/medivon.net\\\/cs\\\/\",\"name\":\"Medivon\",\"description\":\"\",\"potentialAction\":[{\"@type\":\"SearchAction\",\"target\":{\"@type\":\"EntryPoint\",\"urlTemplate\":\"https:\\\/\\\/medivon.net\\\/cs\\\/?s={search_term_string}\"},\"query-input\":{\"@type\":\"PropertyValueSpecification\",\"valueRequired\":true,\"valueName\":\"search_term_string\"}}],\"inLanguage\":\"cs\"}]}<\/script>\n<!-- \/ Yoast SEO plugin. -->","yoast_head_json":{"title":"P\u0159\u00edkaz - Medivon - Twoje zdrowie jest najwa\u017cniejsze!","robots":{"index":"index","follow":"follow","max-snippet":"max-snippet:-1","max-image-preview":"max-image-preview:large","max-video-preview":"max-video-preview:-1"},"canonical":"https:\/\/medivon.net\/cs\/prikaz\/","og_locale":"cs_CZ","og_type":"article","og_title":"P\u0159\u00edkaz - Medivon - Twoje zdrowie jest najwa\u017cniejsze!","og_url":"https:\/\/medivon.net\/cs\/prikaz\/","og_site_name":"Medivon","article_modified_time":"2025-10-24T06:47:16+00:00","twitter_card":"summary_large_image","twitter_misc":{"Odhadovan\u00e1 doba \u010dten\u00ed":"1 minuta"},"schema":{"@context":"https:\/\/schema.org","@graph":[{"@type":"WebPage","@id":"https:\/\/medivon.net\/cs\/prikaz\/","url":"https:\/\/medivon.net\/cs\/prikaz\/","name":"P\u0159\u00edkaz - Medivon - Twoje zdrowie jest najwa\u017cniejsze!","isPartOf":{"@id":"https:\/\/medivon.net\/cs\/#website"},"datePublished":"2015-11-19T09:40:52+00:00","dateModified":"2025-10-24T06:47:16+00:00","inLanguage":"cs","potentialAction":[{"@type":"ReadAction","target":["https:\/\/medivon.net\/cs\/prikaz\/"]}]},{"@type":"WebSite","@id":"https:\/\/medivon.net\/cs\/#website","url":"https:\/\/medivon.net\/cs\/","name":"Medivon","description":"","potentialAction":[{"@type":"SearchAction","target":{"@type":"EntryPoint","urlTemplate":"https:\/\/medivon.net\/cs\/?s={search_term_string}"},"query-input":{"@type":"PropertyValueSpecification","valueRequired":true,"valueName":"search_term_string"}}],"inLanguage":"cs"}]}},"_links":{"self":[{"href":"https:\/\/medivon.net\/cs\/wp-json\/wp\/v2\/pages\/362090","targetHints":{"allow":["GET"]}}],"collection":[{"href":"https:\/\/medivon.net\/cs\/wp-json\/wp\/v2\/pages"}],"about":[{"href":"https:\/\/medivon.net\/cs\/wp-json\/wp\/v2\/types\/page"}],"author":[{"embeddable":true,"href":"https:\/\/medivon.net\/cs\/wp-json\/wp\/v2\/users\/1"}],"replies":[{"embeddable":true,"href":"https:\/\/medivon.net\/cs\/wp-json\/wp\/v2\/comments?post=362090"}],"version-history":[{"count":3,"href":"https:\/\/medivon.net\/cs\/wp-json\/wp\/v2\/pages\/362090\/revisions"}],"predecessor-version":[{"id":362162,"href":"https:\/\/medivon.net\/cs\/wp-json\/wp\/v2\/pages\/362090\/revisions\/362162"}],"wp:attachment":[{"href":"https:\/\/medivon.net\/cs\/wp-json\/wp\/v2\/media?parent=362090"}],"curies":[{"name":"wp","href":"https:\/\/api.w.org\/{rel}","templated":true}]}}