{"id":362048,"date":"2015-11-19T10:40:52","date_gmt":"2015-11-19T09:40:52","guid":{"rendered":"https:\/\/medivon.net\/nakupni-kosik\/"},"modified":"2025-10-24T11:30:21","modified_gmt":"2025-10-24T09:30:21","slug":"nakupni-kosik","status":"publish","type":"page","link":"https:\/\/medivon.net\/cs\/nakupni-kosik\/","title":{"rendered":"N\u00e1kupn\u00ed ko\u0161\u00edk"},"content":{"rendered":"\n<div class=\"slider-wrapper relative hide-for-small\" id=\"slider-25785914\" >\n    <div class=\"slider slider-nav-circle slider-nav-large slider-nav-light slider-style-normal\"\n        data-flickity-options='{\n            \"cellAlign\": \"center\",\n            \"imagesLoaded\": true,\n            \"lazyLoad\": 1,\n            \"freeScroll\": false,\n            \"wrapAround\": true,\n            \"autoPlay\": 6000,\n            \"pauseAutoPlayOnHover\" : true,\n            \"prevNextButtons\": false,\n            \"contain\" : true,\n            \"adaptiveHeight\" : true,\n            \"dragThreshold\" : 10,\n            \"percentPosition\": true,\n            \"pageDots\": false,\n            \"rightToLeft\": false,\n            \"draggable\": true,\n            \"selectedAttraction\": 0.1,\n            \"parallax\" : 0,\n            \"friction\": 0.6        }'\n        >\n        \n\n\n  <div class=\"banner has-hover\" id=\"banner-744463653\">\n          <div class=\"banner-inner fill\">\n        <div class=\"banner-bg fill\" >\n            <img loading=\"lazy\" decoding=\"async\" width=\"2500\" height=\"313\" src=\"https:\/\/medivon.net\/wp-content\/uploads\/2024\/09\/baner-desktop-medivon-koszyk-01-net.jpg\" class=\"bg attachment-original size-original\" alt=\"\" \/>                                    \n                    <\/div>\n\t\t\n        <div class=\"banner-layers container\">\n            <div class=\"fill banner-link\"><\/div>            \n\n\t<div class=\"img has-hover x5 md-x5 lg-x5 y50 md-y50 lg-y50\" id=\"image_1687190228\">\n\t\t\t\t\t\t<div data-animate=\"bounceIn\">\t\t<div class=\"img-inner dark\" >\n\t\t\t<img loading=\"lazy\" decoding=\"async\" width=\"817\" height=\"521\" src=\"https:\/\/medivon.net\/wp-content\/uploads\/2024\/09\/icon_medivon_quality-brand-trust_customer.jpg\" class=\"attachment-original size-original\" alt=\"\" srcset=\"https:\/\/medivon.net\/wp-content\/uploads\/2024\/09\/icon_medivon_quality-brand-trust_customer.jpg 817w, https:\/\/medivon.net\/wp-content\/uploads\/2024\/09\/icon_medivon_quality-brand-trust_customer-640x408.jpg 640w, https:\/\/medivon.net\/wp-content\/uploads\/2024\/09\/icon_medivon_quality-brand-trust_customer-768x490.jpg 768w, https:\/\/medivon.net\/wp-content\/uploads\/2024\/09\/icon_medivon_quality-brand-trust_customer-510x325.jpg 510w\" sizes=\"auto, (max-width: 817px) 100vw, 817px\" \/>\t\t\t\t\t\t\n\t\t\t\t\t<\/div>\n\t\t<\/div>\t\t\t\t\t\t\n<style>\n#image_1687190228 {\n  width: 16%;\n}\n<\/style>\n\t<\/div>\n\t\n\n\t<div class=\"img has-hover x90 md-x90 lg-x90 y50 md-y50 lg-y50\" id=\"image_689169560\">\n\t\t\t\t\t\t\t\t<div class=\"img-inner dark\" >\n\t\t\t<img loading=\"lazy\" decoding=\"async\" width=\"2019\" height=\"202\" src=\"https:\/\/medivon.net\/wp-content\/uploads\/2025\/10\/napisy-medivon-cz-banner.png\" class=\"attachment-original size-original\" alt=\"\" srcset=\"https:\/\/medivon.net\/wp-content\/uploads\/2025\/10\/napisy-medivon-cz-banner.png 2019w, https:\/\/medivon.net\/wp-content\/uploads\/2025\/10\/napisy-medivon-cz-banner-640x64.png 640w, https:\/\/medivon.net\/wp-content\/uploads\/2025\/10\/napisy-medivon-cz-banner-1280x128.png 1280w, https:\/\/medivon.net\/wp-content\/uploads\/2025\/10\/napisy-medivon-cz-banner-768x77.png 768w, https:\/\/medivon.net\/wp-content\/uploads\/2025\/10\/napisy-medivon-cz-banner-1536x154.png 1536w, https:\/\/medivon.net\/wp-content\/uploads\/2025\/10\/napisy-medivon-cz-banner-510x51.png 510w\" sizes=\"auto, (max-width: 2019px) 100vw, 2019px\" \/>\t\t\t\t\t\t\n\t\t\t\t\t<\/div>\n\t\t\t\t\t\t\t\t\n<style>\n#image_689169560 {\n  width: 69%;\n}\n<\/style>\n\t<\/div>\n\t\n\n\n        <\/div>\n      <\/div>\n\n            \n<style>\n#banner-744463653 {\n  padding-top: 150px;\n}\n<\/style>\n  <\/div>\n\n\n\n  <div class=\"banner has-hover\" id=\"banner-1893284510\">\n          <div class=\"banner-inner fill\">\n        <div class=\"banner-bg fill\" >\n            <img loading=\"lazy\" decoding=\"async\" width=\"2500\" height=\"313\" src=\"https:\/\/medivon.net\/wp-content\/uploads\/2024\/09\/test-medivon-koszyk-baner-08-0.jpg\" class=\"bg attachment-original size-original\" alt=\"\" \/>                                    \n                    <\/div>\n\t\t\n        <div class=\"banner-layers container\">\n            <div class=\"fill banner-link\"><\/div>            \n\n\t<div class=\"img has-hover x5 md-x5 lg-x5 y95 md-y95 lg-y95\" id=\"image_200135899\">\n\t\t\t\t\t\t<div data-animate=\"bounceIn\">\t\t<div class=\"img-inner dark\" >\n\t\t\t<img loading=\"lazy\" decoding=\"async\" width=\"1017\" height=\"517\" src=\"https:\/\/medivon.net\/wp-content\/uploads\/2024\/09\/quality-of-the-year_icon-ikona-i-diamons-forbes.png\" class=\"attachment-original size-original\" alt=\"\" srcset=\"https:\/\/medivon.net\/wp-content\/uploads\/2024\/09\/quality-of-the-year_icon-ikona-i-diamons-forbes.png 1017w, https:\/\/medivon.net\/wp-content\/uploads\/2024\/09\/quality-of-the-year_icon-ikona-i-diamons-forbes-640x325.png 640w, https:\/\/medivon.net\/wp-content\/uploads\/2024\/09\/quality-of-the-year_icon-ikona-i-diamons-forbes-768x390.png 768w, https:\/\/medivon.net\/wp-content\/uploads\/2024\/09\/quality-of-the-year_icon-ikona-i-diamons-forbes-510x259.png 510w\" sizes=\"auto, (max-width: 1017px) 100vw, 1017px\" \/>\t\t\t\t\t\t\n\t\t\t\t\t<\/div>\n\t\t<\/div>\t\t\t\t\t\t\n<style>\n#image_200135899 {\n  width: 22%;\n}\n<\/style>\n\t<\/div>\n\t\n\n   <div id=\"text-box-1079088324\" class=\"text-box banner-layer x75 md-x75 lg-x75 y50 md-y50 lg-y50 res-text\">\n                                <div class=\"text-box-content text dark\">\n              \n              <div class=\"text-inner text-center\">\n                  \n\n\t<div id=\"text-1434261498\" class=\"text\">\n\t\t\n\n<p style=\"text-align: left;\"><strong>Medivon \u2013 v\u00e1\u0161 partner pro va\u0161e zdrav\u00ed.<\/strong><\/p>\n<p style=\"text-align: left;\">Spolehn\u011bte se na kvalitu potvrzenou certifik\u00e1ty.<\/p>\n\t\t\n<style>\n#text-1434261498 {\n  font-size: 1.15rem;\n}\n<\/style>\n\t<\/div>\n\t\n\n              <\/div>\n           <\/div>\n                            \n<style>\n#text-box-1079088324 {\n  width: 46%;\n}\n#text-box-1079088324 .text-box-content {\n  font-size: 100%;\n}\n<\/style>\n    <\/div>\n \n\n        <\/div>\n      <\/div>\n\n            \n<style>\n#banner-1893284510 {\n  padding-top: 150px;\n}\n<\/style>\n  <\/div>\n\n\n\n     <\/div>\n\n     <div class=\"loading-spin dark large centered\"><\/div>\n\n\t<\/div>\n\n\n\n\t<section class=\"section show-for-small\" id=\"section_1346798979\">\n\t\t<div class=\"section-bg fill\" >\n\t\t\t\t\t\t\t\t\t\n\t\t\t\n\n\t\t<\/div>\n\n\t\t\n\n\t\t<div class=\"section-content relative\">\n\t\t\t\n\n<div class=\"slider-wrapper relative\" id=\"slider-1333370997\" >\n    <div class=\"slider slider-nav-circle slider-nav-large slider-nav-light slider-style-normal\"\n        data-flickity-options='{\n            \"cellAlign\": \"center\",\n            \"imagesLoaded\": true,\n            \"lazyLoad\": 1,\n            \"freeScroll\": false,\n            \"wrapAround\": true,\n            \"autoPlay\": 6000,\n            \"pauseAutoPlayOnHover\" : true,\n            \"prevNextButtons\": false,\n            \"contain\" : true,\n            \"adaptiveHeight\" : true,\n            \"dragThreshold\" : 10,\n            \"percentPosition\": true,\n            \"pageDots\": false,\n            \"rightToLeft\": false,\n            \"draggable\": true,\n            \"selectedAttraction\": 0.1,\n            \"parallax\" : 0,\n            \"friction\": 0.6        }'\n        >\n        \n\n\t<div class=\"img has-hover x md-x lg-x y md-y lg-y\" id=\"image_2023295250\">\n\t\t\t\t\t\t\t\t<div class=\"img-inner dark\" >\n\t\t\t<img loading=\"lazy\" decoding=\"async\" width=\"1600\" height=\"465\" src=\"https:\/\/medivon.net\/wp-content\/uploads\/2024\/09\/test-baner-koszyk-mobile-medivon-net.jpg\" class=\"attachment-original size-original\" alt=\"\" srcset=\"https:\/\/medivon.net\/wp-content\/uploads\/2024\/09\/test-baner-koszyk-mobile-medivon-net.jpg 1600w, https:\/\/medivon.net\/wp-content\/uploads\/2024\/09\/test-baner-koszyk-mobile-medivon-net-640x186.jpg 640w, https:\/\/medivon.net\/wp-content\/uploads\/2024\/09\/test-baner-koszyk-mobile-medivon-net-1280x372.jpg 1280w, https:\/\/medivon.net\/wp-content\/uploads\/2024\/09\/test-baner-koszyk-mobile-medivon-net-768x223.jpg 768w, https:\/\/medivon.net\/wp-content\/uploads\/2024\/09\/test-baner-koszyk-mobile-medivon-net-1536x446.jpg 1536w, https:\/\/medivon.net\/wp-content\/uploads\/2024\/09\/test-baner-koszyk-mobile-medivon-net-510x148.jpg 510w\" sizes=\"auto, (max-width: 1600px) 100vw, 1600px\" \/>\t\t\t\t\t\t\n\t\t\t\t\t<\/div>\n\t\t\t\t\t\t\t\t\n<style>\n#image_2023295250 {\n  width: 100%;\n}\n<\/style>\n\t<\/div>\n\t\n\n\t<div class=\"img has-hover x md-x lg-x y md-y lg-y\" id=\"image_1658021018\">\n\t\t\t\t\t\t\t\t<div class=\"img-inner dark\" >\n\t\t\t<img loading=\"lazy\" decoding=\"async\" width=\"1600\" height=\"465\" src=\"https:\/\/medivon.net\/wp-content\/uploads\/2024\/09\/test-baner-koszyk-mobile-medivon-net_01.jpg\" class=\"attachment-original size-original\" alt=\"\" srcset=\"https:\/\/medivon.net\/wp-content\/uploads\/2024\/09\/test-baner-koszyk-mobile-medivon-net_01.jpg 1600w, https:\/\/medivon.net\/wp-content\/uploads\/2024\/09\/test-baner-koszyk-mobile-medivon-net_01-640x186.jpg 640w, https:\/\/medivon.net\/wp-content\/uploads\/2024\/09\/test-baner-koszyk-mobile-medivon-net_01-1280x372.jpg 1280w, https:\/\/medivon.net\/wp-content\/uploads\/2024\/09\/test-baner-koszyk-mobile-medivon-net_01-768x223.jpg 768w, https:\/\/medivon.net\/wp-content\/uploads\/2024\/09\/test-baner-koszyk-mobile-medivon-net_01-1536x446.jpg 1536w, https:\/\/medivon.net\/wp-content\/uploads\/2024\/09\/test-baner-koszyk-mobile-medivon-net_01-510x148.jpg 510w\" sizes=\"auto, (max-width: 1600px) 100vw, 1600px\" \/>\t\t\t\t\t\t\n\t\t\t\t\t<\/div>\n\t\t\t\t\t\t\t\t\n<style>\n#image_1658021018 {\n  width: 100%;\n}\n<\/style>\n\t<\/div>\n\t\n\n\n     <\/div>\n\n     <div class=\"loading-spin dark large centered\"><\/div>\n\n\t<\/div>\n\n\n\n\t\t<\/div>\n\n\t\t\n<style>\n#section_1346798979 {\n  padding-top: 0px;\n  padding-bottom: 0px;\n}\n@media (min-width:550px) {\n  #section_1346798979 {\n    padding-top: 0px;\n    padding-bottom: 0px;\n  }\n}\n<\/style>\n\t<\/section>\n\t\n\t<div id=\"gap-344772236\" class=\"gap-element clearfix\" style=\"display:block; height:auto;\">\n\t\t\n<style>\n#gap-344772236 {\n  padding-top: 10px;\n}\n<\/style>\n\t<\/div>\n\t\n\n\n\n<div class=\"container section-title-container\" style=\"margin-top:40px;\"><h3 class=\"section-title section-title-center\"><b aria-hidden=\"true\"><\/b><span class=\"section-title-main\" >Pro\u010d se to vyplat\u00ed?<\/span><b aria-hidden=\"true\"><\/b><\/h3><\/div>\n\n<div class=\"row align-center\"  id=\"row-854740229\">\n\n\n\t<div id=\"col-1100523477\" class=\"col medium-4 small-12 large-4\"  >\n\t\t\t\t<div class=\"col-inner\"  >\n\t\t\t\n\t\t\t\n\n\n\t\t<div class=\"icon-box featured-box icon-box-left text-left\"  >\n\t\t\t\t\t<div class=\"icon-box-img\" style=\"width: 50px\">\n\t\t\t\t<div class=\"icon\">\n\t\t\t\t\t<div class=\"icon-inner\" >\n\t\t\t\t\t\t<img loading=\"lazy\" decoding=\"async\" width=\"250\" height=\"228\" src=\"https:\/\/medivon.net\/wp-content\/uploads\/2022\/08\/check-circle.jpg\" class=\"attachment-medium size-medium\" alt=\"\" \/>\t\t\t\t\t<\/div>\n\t\t\t\t<\/div>\n\t\t\t<\/div>\n\t\t\t\t<div class=\"icon-box-text last-reset\">\n\t\t\t\t\t\t\t\t\t\n\n<p>Jsme v\u00fdrobce zdravotnick\u00fdch za\u0159\u00edzen\u00ed s v\u00edce ne\u017e 10 lety zku\u0161enost\u00ed.<\/p>\n\n\t\t<\/div>\n\t<\/div>\n\t\n\t\n\n\t\t<\/div>\n\t\t\t\t\t<\/div>\n\n\t\n\n\t<div id=\"col-587100069\" class=\"col medium-4 small-12 large-4\"  >\n\t\t\t\t<div class=\"col-inner\"  >\n\t\t\t\n\t\t\t\n\n\n\t\t<div class=\"icon-box featured-box icon-box-left text-left\"  >\n\t\t\t\t\t<div class=\"icon-box-img\" style=\"width: 50px\">\n\t\t\t\t<div class=\"icon\">\n\t\t\t\t\t<div class=\"icon-inner\" >\n\t\t\t\t\t\t<img loading=\"lazy\" decoding=\"async\" width=\"250\" height=\"228\" src=\"https:\/\/medivon.net\/wp-content\/uploads\/2022\/08\/check-circle.jpg\" class=\"attachment-medium size-medium\" alt=\"\" \/>\t\t\t\t\t<\/div>\n\t\t\t\t<\/div>\n\t\t\t<\/div>\n\t\t\t\t<div class=\"icon-box-text last-reset\">\n\t\t\t\t\t\t\t\t\t\n\n<p>Stovky tis\u00edc prodan\u00fdch za\u0159\u00edzen\u00ed po cel\u00e9m sv\u011bt\u011b.<\/p>\n\n\t\t<\/div>\n\t<\/div>\n\t\n\t\n\n\t\t<\/div>\n\t\t\t\t\t<\/div>\n\n\t\n\n\t<div id=\"col-1531603113\" class=\"col medium-4 small-12 large-4\"  >\n\t\t\t\t<div class=\"col-inner\"  >\n\t\t\t\n\t\t\t\n\n\n\t\t<div class=\"icon-box featured-box icon-box-left text-left\"  >\n\t\t\t\t\t<div class=\"icon-box-img\" style=\"width: 50px\">\n\t\t\t\t<div class=\"icon\">\n\t\t\t\t\t<div class=\"icon-inner\" >\n\t\t\t\t\t\t<img loading=\"lazy\" decoding=\"async\" width=\"250\" height=\"228\" src=\"https:\/\/medivon.net\/wp-content\/uploads\/2022\/08\/check-circle.jpg\" class=\"attachment-medium size-medium\" alt=\"\" \/>\t\t\t\t\t<\/div>\n\t\t\t\t<\/div>\n\t\t\t<\/div>\n\t\t\t\t<div class=\"icon-box-text last-reset\">\n\t\t\t\t\t\t\t\t\t\n\n<p>Dod\u00e1v\u00e1me nemocnic\u00edm, zdravotnick\u00fdm za\u0159\u00edzen\u00edm a velk\u00fdm st\u00e1tn\u00edm instituc\u00edm.<\/p>\n\n\t\t<\/div>\n\t<\/div>\n\t\n\t\n\n\t\t<\/div>\n\t\t\t\t\t<\/div>\n\n\t\n\n<\/div>\n\n","protected":false},"excerpt":{"rendered":"","protected":false},"author":1,"featured_media":0,"parent":0,"menu_order":0,"comment_status":"closed","ping_status":"closed","template":"","meta":{"_acf_changed":false,"_glsr_average":0,"_glsr_ranking":0,"_glsr_reviews":0,"footnotes":""},"class_list":["post-362048","page","type-page","status-publish","hentry"],"acf":[],"yoast_head":"<!-- This site is optimized with the Yoast SEO plugin v27.4 - https:\/\/yoast.com\/product\/yoast-seo-wordpress\/ -->\n<title>N\u00e1kupn\u00ed ko\u0161\u00edk - Medivon - Twoje zdrowie jest najwa\u017cniejsze!<\/title>\n<meta name=\"robots\" content=\"noindex, nofollow\" \/>\n<meta property=\"og:locale\" content=\"cs_CZ\" \/>\n<meta property=\"og:type\" content=\"article\" \/>\n<meta property=\"og:title\" content=\"N\u00e1kupn\u00ed ko\u0161\u00edk - Medivon - Twoje zdrowie jest najwa\u017cniejsze!\" \/>\n<meta property=\"og:url\" content=\"https:\/\/medivon.net\/cs\/nakupni-kosik\/\" \/>\n<meta property=\"og:site_name\" content=\"Medivon\" \/>\n<meta property=\"article:modified_time\" content=\"2025-10-24T09:30:21+00:00\" \/>\n<meta name=\"twitter:card\" content=\"summary_large_image\" \/>\n<meta name=\"twitter:label1\" content=\"Odhadovan\u00e1 doba \u010dten\u00ed\" \/>\n\t<meta name=\"twitter:data1\" content=\"1 minuta\" \/>\n<script type=\"application\/ld+json\" class=\"yoast-schema-graph\">{\"@context\":\"https:\\\/\\\/schema.org\",\"@graph\":[{\"@type\":\"WebPage\",\"@id\":\"https:\\\/\\\/medivon.net\\\/cs\\\/nakupni-kosik\\\/\",\"url\":\"https:\\\/\\\/medivon.net\\\/cs\\\/nakupni-kosik\\\/\",\"name\":\"N\u00e1kupn\u00ed ko\u0161\u00edk - Medivon - Twoje zdrowie jest najwa\u017cniejsze!\",\"isPartOf\":{\"@id\":\"https:\\\/\\\/medivon.net\\\/cs\\\/#website\"},\"datePublished\":\"2015-11-19T09:40:52+00:00\",\"dateModified\":\"2025-10-24T09:30:21+00:00\",\"inLanguage\":\"cs\",\"potentialAction\":[{\"@type\":\"ReadAction\",\"target\":[\"https:\\\/\\\/medivon.net\\\/cs\\\/nakupni-kosik\\\/\"]}]},{\"@type\":\"WebSite\",\"@id\":\"https:\\\/\\\/medivon.net\\\/cs\\\/#website\",\"url\":\"https:\\\/\\\/medivon.net\\\/cs\\\/\",\"name\":\"Medivon\",\"description\":\"\",\"potentialAction\":[{\"@type\":\"SearchAction\",\"target\":{\"@type\":\"EntryPoint\",\"urlTemplate\":\"https:\\\/\\\/medivon.net\\\/cs\\\/?s={search_term_string}\"},\"query-input\":{\"@type\":\"PropertyValueSpecification\",\"valueRequired\":true,\"valueName\":\"search_term_string\"}}],\"inLanguage\":\"cs\"}]}<\/script>\n<!-- \/ Yoast SEO plugin. -->","yoast_head_json":{"title":"N\u00e1kupn\u00ed ko\u0161\u00edk - Medivon - Twoje zdrowie jest najwa\u017cniejsze!","robots":{"index":"noindex","follow":"nofollow"},"og_locale":"cs_CZ","og_type":"article","og_title":"N\u00e1kupn\u00ed ko\u0161\u00edk - Medivon - Twoje zdrowie jest najwa\u017cniejsze!","og_url":"https:\/\/medivon.net\/cs\/nakupni-kosik\/","og_site_name":"Medivon","article_modified_time":"2025-10-24T09:30:21+00:00","twitter_card":"summary_large_image","twitter_misc":{"Odhadovan\u00e1 doba \u010dten\u00ed":"1 minuta"},"schema":{"@context":"https:\/\/schema.org","@graph":[{"@type":"WebPage","@id":"https:\/\/medivon.net\/cs\/nakupni-kosik\/","url":"https:\/\/medivon.net\/cs\/nakupni-kosik\/","name":"N\u00e1kupn\u00ed ko\u0161\u00edk - Medivon - Twoje zdrowie jest najwa\u017cniejsze!","isPartOf":{"@id":"https:\/\/medivon.net\/cs\/#website"},"datePublished":"2015-11-19T09:40:52+00:00","dateModified":"2025-10-24T09:30:21+00:00","inLanguage":"cs","potentialAction":[{"@type":"ReadAction","target":["https:\/\/medivon.net\/cs\/nakupni-kosik\/"]}]},{"@type":"WebSite","@id":"https:\/\/medivon.net\/cs\/#website","url":"https:\/\/medivon.net\/cs\/","name":"Medivon","description":"","potentialAction":[{"@type":"SearchAction","target":{"@type":"EntryPoint","urlTemplate":"https:\/\/medivon.net\/cs\/?s={search_term_string}"},"query-input":{"@type":"PropertyValueSpecification","valueRequired":true,"valueName":"search_term_string"}}],"inLanguage":"cs"}]}},"_links":{"self":[{"href":"https:\/\/medivon.net\/cs\/wp-json\/wp\/v2\/pages\/362048","targetHints":{"allow":["GET"]}}],"collection":[{"href":"https:\/\/medivon.net\/cs\/wp-json\/wp\/v2\/pages"}],"about":[{"href":"https:\/\/medivon.net\/cs\/wp-json\/wp\/v2\/types\/page"}],"author":[{"embeddable":true,"href":"https:\/\/medivon.net\/cs\/wp-json\/wp\/v2\/users\/1"}],"replies":[{"embeddable":true,"href":"https:\/\/medivon.net\/cs\/wp-json\/wp\/v2\/comments?post=362048"}],"version-history":[{"count":5,"href":"https:\/\/medivon.net\/cs\/wp-json\/wp\/v2\/pages\/362048\/revisions"}],"predecessor-version":[{"id":362207,"href":"https:\/\/medivon.net\/cs\/wp-json\/wp\/v2\/pages\/362048\/revisions\/362207"}],"wp:attachment":[{"href":"https:\/\/medivon.net\/cs\/wp-json\/wp\/v2\/media?parent=362048"}],"curies":[{"name":"wp","href":"https:\/\/api.w.org\/{rel}","templated":true}]}}