{"id":362024,"date":"2023-08-29T12:50:25","date_gmt":"2023-08-29T10:50:25","guid":{"rendered":"https:\/\/medivon.net\/dotazy-reklamace-servis\/"},"modified":"2025-10-23T12:33:25","modified_gmt":"2025-10-23T10:33:25","slug":"dotazy-reklamace-servis","status":"publish","type":"page","link":"https:\/\/medivon.net\/cs\/dotazy-reklamace-servis\/","title":{"rendered":"Dotazy, reklamace, servis"},"content":{"rendered":"\n\n  <div class=\"banner has-hover hide-for-medium\" id=\"banner-487304209\">\n          <div class=\"banner-inner fill\">\n        <div class=\"banner-bg fill\" >\n            <img loading=\"lazy\" decoding=\"async\" width=\"1000\" height=\"554\" src=\"https:\/\/medivon.net\/wp-content\/uploads\/2023\/08\/medivon-zwroty-i-reklamacje-horizon-pro.jpg\" class=\"bg attachment-large size-large\" alt=\"\" \/>                                    \n                    <\/div>\n\t\t\n        <div class=\"banner-layers container\">\n            <div class=\"fill banner-link\"><\/div>            \n\n   <div id=\"text-box-1045648979\" class=\"text-box banner-layer x50 md-x50 lg-x50 y40 md-y50 lg-y50 res-text\">\n                                <div class=\"text-box-content text dark\">\n              \n              <div class=\"text-inner text-center\">\n                  \n\n\t<div id=\"text-3543239410\" class=\"text\">\n\t\t\n\n<h3 class=\"uppercase\">Reklamace a vr\u00e1cen\u00ed zbo\u017e\u00ed<\/h3>\n\t\t\n<style>\n#text-3543239410 {\n  font-size: 0.95rem;\n  line-height: 1.9;\n  text-align: center;\n  color: #333333;\n}\n#text-3543239410 > * {\n  color: #333333;\n}\n<\/style>\n\t<\/div>\n\t\n\n              <\/div>\n           <\/div>\n                            \n<style>\n#text-box-1045648979 {\n  margin: 0px 0px 0px 200px;\n  width: 97%;\n}\n#text-box-1045648979 .text-box-content {\n  font-size: 133%;\n}\n@media (min-width:550px) {\n  #text-box-1045648979 {\n    width: 60%;\n  }\n  #text-box-1045648979 .text-box-content {\n    font-size: 100%;\n  }\n}\n<\/style>\n    <\/div>\n \n\n        <\/div>\n      <\/div>\n\n            \n<style>\n#banner-487304209 {\n  padding-top: 235px;\n}\n#banner-487304209 .banner-bg img {\n  object-position: 42% 10%;\n}\n@media (min-width:550px) {\n  #banner-487304209 {\n    padding-top: 361px;\n  }\n}\n<\/style>\n  <\/div>\n\n\n\n  <div class=\"banner has-hover show-for-small\" id=\"banner-1034608442\">\n          <div class=\"banner-inner fill\">\n        <div class=\"banner-bg fill\" >\n            <img loading=\"lazy\" decoding=\"async\" width=\"1000\" height=\"554\" src=\"https:\/\/medivon.net\/wp-content\/uploads\/2023\/08\/medivon-zwroty-i-reklamacje-horizon-pro.jpg\" class=\"bg attachment-large size-large\" alt=\"\" \/>                                    \n                    <\/div>\n\t\t\n        <div class=\"banner-layers container\">\n            <div class=\"fill banner-link\"><\/div>            \n\n   <div id=\"text-box-511355066\" class=\"text-box banner-layer x50 md-x50 lg-x50 y40 md-y50 lg-y50 res-text\">\n                                <div class=\"text-box-content text dark\">\n              \n              <div class=\"text-inner text-center\">\n                  \n\n\t<div id=\"text-4023577863\" class=\"text\">\n\t\t\n\n<h4 class=\"uppercase\">Reklamace<\/h4>\n<h4 class=\"uppercase\">a<\/h4>\n<h4 class=\"uppercase\">Vr\u00e1cen\u00ed zbo\u017e\u00ed<br><br><\/h4>\n\t\t\n<style>\n#text-4023577863 {\n  font-size: 0.75rem;\n  line-height: 1.9;\n  text-align: center;\n  color: #333333;\n}\n#text-4023577863 > * {\n  color: #333333;\n}\n@media (min-width:550px) {\n  #text-4023577863 {\n    font-size: 0.95rem;\n  }\n}\n<\/style>\n\t<\/div>\n\t\n\n              <\/div>\n           <\/div>\n                            \n<style>\n#text-box-511355066 {\n  margin: -64px 0px 0px 53px;\n  width: 97%;\n}\n#text-box-511355066 .text-box-content {\n  font-size: 133%;\n}\n@media (min-width:550px) {\n  #text-box-511355066 {\n    margin: 0px 0px 0px 200px;\n    width: 60%;\n  }\n  #text-box-511355066 .text-box-content {\n    font-size: 100%;\n  }\n}\n<\/style>\n    <\/div>\n \n\n        <\/div>\n      <\/div>\n\n            \n<style>\n#banner-1034608442 {\n  padding-top: 235px;\n}\n#banner-1034608442 .banner-bg img {\n  object-position: 66% 15%;\n}\n@media (min-width:550px) {\n  #banner-1034608442 {\n    padding-top: 361px;\n  }\n}\n<\/style>\n  <\/div>\n\n\n\t<div id=\"gap-1765408951\" class=\"gap-element clearfix\" style=\"display:block; height:auto;\">\n\t\t\n<style>\n#gap-1765408951 {\n  padding-top: 30px;\n}\n<\/style>\n\t<\/div>\n\t\n\n\n\t<section class=\"section\" id=\"section_548322326\">\n\t\t<div class=\"section-bg fill\" >\n\t\t\t\t\t\t\t\t\t\n\t\t\t\n\n\t\t<\/div>\n\n\t\t\n\n\t\t<div class=\"section-content relative\">\n\t\t\t\n\n<div class=\"row row-collapse align-middle align-center\"  id=\"row-2043252426\">\n\n\n\t<div id=\"col-716225099\" class=\"col medium-5 small-12 large-5\"  >\n\t\t\t\t<div class=\"col-inner\"  >\n\t\t\t\n\t\t\t\n\n<h3>Odstoupen\u00ed od smlouvy (vr\u00e1cen\u00ed zbo\u017e\u00ed)<\/h3>\n<ol>\n<li>Spot\u0159ebitel m\u016f\u017ee od smlouvy odstoupit do 14 dn\u016f.<br> Odstoupen\u00ed od smlouvy uzav\u0159en\u00e9 na d\u00e1lku nebo mimo obchodn\u00ed prostory (t\u00fdk\u00e1 se spot\u0159ebitel\u016f).<\/li>\n<li>Vr\u00e1cen\u00e9 z\u00e1silky se nep\u0159ij\u00edmaj\u00ed na adrese, ze kter\u00e9 byly odesl\u00e1ny.<\/li>\n<\/ol>\n<p>V t\u00e9to z\u00e1le\u017eitosti pros\u00edm zas\u00edlejte informace na tuto adresu: info@medivon.net<\/p>\n\n\t\t<\/div>\n\t\t\t\t\t<\/div>\n\n\t\n\n\t<div id=\"col-377237993\" class=\"col hide-for-small medium-2 small-12 large-2\"  >\n\t\t\t\t<div class=\"col-inner\"  >\n\t\t\t\n\t\t\t\n\n\n\t\t<\/div>\n\t\t\t\t\t<\/div>\n\n\t\n\n\t<div id=\"col-1960396214\" class=\"col medium-5 small-12 large-5\"  >\n\t\t\t\t<div class=\"col-inner\"  >\n\t\t\t\n\t\t\t\n\n<h2>Reklamace<\/h2>\n<ol>\n<li>Reklamaci je t\u0159eba zaslat prod\u00e1vaj\u00edc\u00edmu p\u00edsemn\u011b nebo e-mailem na z\u00e1kaznick\u00fd servis.<\/li>\n<li>V reklamaci by m\u011bl u\u017eivatel uv\u00e9st sv\u00e9 jm\u00e9no, adresu a p\u0159edm\u011bt reklamace.<\/li>\n<li>Prod\u00e1vaj\u00edc\u00ed odpov\u00ed na obsah reklamace do 14 dn\u016f od jej\u00edho obdr\u017een\u00ed.<\/li>\n<\/ol>\n\n\t\t<\/div>\n\t\t\t\t\t<\/div>\n\n\t\n\n\n<\/div>\n\n\t\t<\/div>\n\n\t\t\n<style>\n#section_548322326 {\n  padding-top: 0px;\n  padding-bottom: 0px;\n}\n@media (min-width:550px) {\n  #section_548322326 {\n    padding-top: 30px;\n    padding-bottom: 30px;\n  }\n}\n<\/style>\n\t<\/section>\n\t\n\n","protected":false},"excerpt":{"rendered":"","protected":false},"author":5922,"featured_media":0,"parent":0,"menu_order":0,"comment_status":"closed","ping_status":"closed","template":"","meta":{"_acf_changed":false,"_glsr_average":0,"_glsr_ranking":0,"_glsr_reviews":0,"footnotes":""},"class_list":["post-362024","page","type-page","status-publish","hentry"],"acf":[],"yoast_head":"<!-- This site is optimized with the Yoast SEO plugin v27.4 - https:\/\/yoast.com\/product\/yoast-seo-wordpress\/ -->\n<title>Dotazy, reklamace, servis - Medivon - Twoje zdrowie jest najwa\u017cniejsze!<\/title>\n<meta name=\"robots\" content=\"index, follow, max-snippet:-1, max-image-preview:large, max-video-preview:-1\" \/>\n<link rel=\"canonical\" href=\"https:\/\/medivon.net\/cs\/dotazy-reklamace-servis\/\" \/>\n<meta property=\"og:locale\" content=\"cs_CZ\" \/>\n<meta property=\"og:type\" content=\"article\" \/>\n<meta property=\"og:title\" content=\"Dotazy, reklamace, servis - Medivon - Twoje zdrowie jest najwa\u017cniejsze!\" \/>\n<meta property=\"og:url\" content=\"https:\/\/medivon.net\/cs\/dotazy-reklamace-servis\/\" \/>\n<meta property=\"og:site_name\" content=\"Medivon\" \/>\n<meta property=\"article:modified_time\" content=\"2025-10-23T10:33:25+00:00\" \/>\n<meta name=\"twitter:card\" content=\"summary_large_image\" \/>\n<script type=\"application\/ld+json\" class=\"yoast-schema-graph\">{\"@context\":\"https:\\\/\\\/schema.org\",\"@graph\":[{\"@type\":\"WebPage\",\"@id\":\"https:\\\/\\\/medivon.net\\\/cs\\\/dotazy-reklamace-servis\\\/\",\"url\":\"https:\\\/\\\/medivon.net\\\/cs\\\/dotazy-reklamace-servis\\\/\",\"name\":\"Dotazy, reklamace, servis - Medivon - Twoje zdrowie jest najwa\u017cniejsze!\",\"isPartOf\":{\"@id\":\"https:\\\/\\\/medivon.net\\\/cs\\\/#website\"},\"datePublished\":\"2023-08-29T10:50:25+00:00\",\"dateModified\":\"2025-10-23T10:33:25+00:00\",\"inLanguage\":\"cs\",\"potentialAction\":[{\"@type\":\"ReadAction\",\"target\":[\"https:\\\/\\\/medivon.net\\\/cs\\\/dotazy-reklamace-servis\\\/\"]}]},{\"@type\":\"WebSite\",\"@id\":\"https:\\\/\\\/medivon.net\\\/cs\\\/#website\",\"url\":\"https:\\\/\\\/medivon.net\\\/cs\\\/\",\"name\":\"Medivon\",\"description\":\"\",\"potentialAction\":[{\"@type\":\"SearchAction\",\"target\":{\"@type\":\"EntryPoint\",\"urlTemplate\":\"https:\\\/\\\/medivon.net\\\/cs\\\/?s={search_term_string}\"},\"query-input\":{\"@type\":\"PropertyValueSpecification\",\"valueRequired\":true,\"valueName\":\"search_term_string\"}}],\"inLanguage\":\"cs\"}]}<\/script>\n<!-- \/ Yoast SEO plugin. -->","yoast_head_json":{"title":"Dotazy, reklamace, servis - Medivon - Twoje zdrowie jest najwa\u017cniejsze!","robots":{"index":"index","follow":"follow","max-snippet":"max-snippet:-1","max-image-preview":"max-image-preview:large","max-video-preview":"max-video-preview:-1"},"canonical":"https:\/\/medivon.net\/cs\/dotazy-reklamace-servis\/","og_locale":"cs_CZ","og_type":"article","og_title":"Dotazy, reklamace, servis - Medivon - Twoje zdrowie jest najwa\u017cniejsze!","og_url":"https:\/\/medivon.net\/cs\/dotazy-reklamace-servis\/","og_site_name":"Medivon","article_modified_time":"2025-10-23T10:33:25+00:00","twitter_card":"summary_large_image","schema":{"@context":"https:\/\/schema.org","@graph":[{"@type":"WebPage","@id":"https:\/\/medivon.net\/cs\/dotazy-reklamace-servis\/","url":"https:\/\/medivon.net\/cs\/dotazy-reklamace-servis\/","name":"Dotazy, reklamace, servis - Medivon - Twoje zdrowie jest najwa\u017cniejsze!","isPartOf":{"@id":"https:\/\/medivon.net\/cs\/#website"},"datePublished":"2023-08-29T10:50:25+00:00","dateModified":"2025-10-23T10:33:25+00:00","inLanguage":"cs","potentialAction":[{"@type":"ReadAction","target":["https:\/\/medivon.net\/cs\/dotazy-reklamace-servis\/"]}]},{"@type":"WebSite","@id":"https:\/\/medivon.net\/cs\/#website","url":"https:\/\/medivon.net\/cs\/","name":"Medivon","description":"","potentialAction":[{"@type":"SearchAction","target":{"@type":"EntryPoint","urlTemplate":"https:\/\/medivon.net\/cs\/?s={search_term_string}"},"query-input":{"@type":"PropertyValueSpecification","valueRequired":true,"valueName":"search_term_string"}}],"inLanguage":"cs"}]}},"_links":{"self":[{"href":"https:\/\/medivon.net\/cs\/wp-json\/wp\/v2\/pages\/362024","targetHints":{"allow":["GET"]}}],"collection":[{"href":"https:\/\/medivon.net\/cs\/wp-json\/wp\/v2\/pages"}],"about":[{"href":"https:\/\/medivon.net\/cs\/wp-json\/wp\/v2\/types\/page"}],"author":[{"embeddable":true,"href":"https:\/\/medivon.net\/cs\/wp-json\/wp\/v2\/users\/5922"}],"replies":[{"embeddable":true,"href":"https:\/\/medivon.net\/cs\/wp-json\/wp\/v2\/comments?post=362024"}],"version-history":[{"count":2,"href":"https:\/\/medivon.net\/cs\/wp-json\/wp\/v2\/pages\/362024\/revisions"}],"predecessor-version":[{"id":362026,"href":"https:\/\/medivon.net\/cs\/wp-json\/wp\/v2\/pages\/362024\/revisions\/362026"}],"wp:attachment":[{"href":"https:\/\/medivon.net\/cs\/wp-json\/wp\/v2\/media?parent=362024"}],"curies":[{"name":"wp","href":"https:\/\/api.w.org\/{rel}","templated":true}]}}